{"id":3055,"date":"2025-09-16T08:56:09","date_gmt":"2025-09-16T08:56:09","guid":{"rendered":"https:\/\/chemsfine.com\/newsite\/?post_type=product&#038;p=3055"},"modified":"2025-09-27T09:36:07","modified_gmt":"2025-09-27T09:36:07","slug":"soma-generisk","status":"publish","type":"product","link":"https:\/\/buy-prescriptionz.com\/sv\/produkt\/soma-generisk\/","title":{"rendered":"Soma generisk"},"content":{"rendered":"<h2>K\u00f6p Soma Generisk Online<\/h2>\n<p>K\u00f6p Soma online. Soma \u00e4r ett sm\u00e4rtstillande l\u00e4kemedel som anv\u00e4nds vid kontinuerlig behandling av sm\u00e4rta eller skador i skelettmuskulaturen. Patienter b\u00f6r anv\u00e4nda detta l\u00e4kemedel som ett muskelavslappnande medel tillsammans med fullst\u00e4ndig vila och fysioterapi f\u00f6r behandling av sm\u00e4rttillst\u00e5nd i musklerna. L\u00e4kemedlet fungerar genom att h\u00e4mma sm\u00e4rtupplevelserna i hj\u00e4rnan och nerverna. Missbruk av detta l\u00e4kemedel kan leda till sp\u00e4nningar och \u00f6verdosering; d\u00e4rf\u00f6r \u00e4r det viktigt att individer tar reda p\u00e5 det innan de k\u00f6per Soma online f\u00f6r anv\u00e4ndning. Soma \u00e4r ett muskelavslappnande medel som hindrar hj\u00e4rnan fr\u00e5n att ta emot sm\u00e4rtsignaler fr\u00e5n nerverna. Soma anv\u00e4nds f\u00f6r att behandla skelettmuskelsjukdomar, inklusive sm\u00e4rta eller skador, i samband med vila och fysioterapi. Eftersom de flesta skelettmuskelskador \u00e4r ganska kortvariga b\u00f6r Soma endast ges under korta perioder \u2013 upp till tv\u00e5 eller tre veckor \u2013 eftersom det finns f\u00e5 bevis f\u00f6r dess effekt vid anv\u00e4ndning under en l\u00e4ngre tid.<\/p>\n<h3>Doseringsinformation<\/h3>\n<p>250\u2013350 mg tas tre g\u00e5nger om dagen, inklusive f\u00f6re s\u00e4ngg\u00e5endet. Behandlingen kan p\u00e5g\u00e5 i upp till tv\u00e5 eller tre veckor.<\/p>\n<p>Anm\u00e4rkningar: -Detta l\u00e4kemedel b\u00f6r endast tas under korta perioder (upp till 2 eller 3 veckor) eftersom bevisen f\u00f6r l\u00e4ngre anv\u00e4ndning \u00e4r otillr\u00e4ckliga, och akuta, sm\u00e4rtsamma muskuloskeletala besv\u00e4r ofta l\u00e4ker snabbt.<\/p>\n<p>Anv\u00e4ndning: F\u00f6r att lindra sm\u00e4rta och lidande orsakat av sv\u00e5ra, olidliga muskuloskeletala besv\u00e4r<br \/>\n<strong><br \/>\nBiverkningar av soma<\/strong><\/p>\n<p>Om du har n\u00e5got av f\u00f6ljande symtom p\u00e5 en Soma-allergi: n\u00e4sselutslag; andningssv\u00e5righeter; svullnad i ansikte, l\u00e4ppar, tunga eller hals, s\u00f6k omedelbart l\u00e4karv\u00e5rd. Om du upplever n\u00e5got av f\u00f6ljande, sluta ta detta l\u00e4kemedel och kontakta din l\u00e4kare omedelbart:<\/p>\n<p>kramper under ett anfall; eller f\u00f6rh\u00f6jda serotoninniv\u00e5er i kroppen kan orsaka agitation, vanf\u00f6rest\u00e4llningar, feber, svettningar, frossa, ryckningar, muskelstelhet, bristande koordination, illam\u00e5ende, kr\u00e4kningar och diarr\u00e9.<\/p>\n<p>yrsel; eller huvudv\u00e4rk Soma Generic \u00e4r en p\u00e5litlig l\u00f6sning f\u00f6r muskelsm\u00e4rtlindring. F\u00f6r ett bekv\u00e4mt och p\u00e5litligt s\u00e4tt att k\u00f6pa Soma Generic, bes\u00f6k det b\u00e4sta apoteket, Buy-prescriptionz.com idag.<\/p>\n<h3>Receptbelagda finesser:<\/h3>\n<p>Personer som redan har tillst\u00e5nd som porfyri, lever- och njursjukdomar, andningsproblem som astma, KOL, epilepsi, kramper, en bristning eller bristning i magen, blockering i matsm\u00e4ltningsorganen, \u00f6verk\u00e4nslighet mot ibuprofen etc. Detta l\u00e4kemedel b\u00f6r aldrig anv\u00e4ndas av gravida kvinnor och ammande m\u00f6drar, inte heller av barn under 16 \u00e5r, eftersom det kan orsaka ett allvarligt l\u00e4kemedelsberoende eller abstinenssymptom hos barn under uppv\u00e4xt\u00e5ren. Detta l\u00e4kemedel kan orsaka en rad allvarliga samband med alkoholkonsumtion, vilket kan leda till \u00f6kad s\u00f6mnighet och d\u00f6dliga hj\u00e4rtattacker p\u00e5 grund av d\u00e5liga l\u00e4kemedelssamarbeten. Detta l\u00e4kemedel kan orsaka mild s\u00f6mnighet p\u00e5 egen hand, och det \u00e4r d\u00e4rf\u00f6r personer som anv\u00e4nder detta l\u00e4kemedel avr\u00e5ds fr\u00e5n att utf\u00f6ra ett arbete som kr\u00e4ver fokus, som att k\u00f6ra bil eller arbeta med utrustning.<\/p>\n<h3>Effekter och f\u00f6rsiktighets\u00e5tg\u00e4rder:<\/h3>\n<p>N\u00e4r individer k\u00f6per Soma online och b\u00f6rjar anv\u00e4nda det bara f\u00f6r sin skull, kan de uppleva n\u00e5gra av de vanliga symtomen som de flesta amat\u00f6rer upplever, s\u00e5som yrsel, hj\u00e4rnsm\u00e4rtor, l\u00e4ttja, illam\u00e5ende, uppst\u00f6tningar, magont, f\u00f6rlust av aptit, rodnad eller rodnad i huden och s\u00f6mnproblem. Verkliga biverkningar av att anv\u00e4nda detta l\u00e4kemedel \u00e4r \u00f6verk\u00e4nslighetsreaktioner med symtom som n\u00e4sselutslag, andningssv\u00e5righeter och svullnad i ansikte, l\u00e4ppar, hals eller tunga; serotoninsyndrom orsakas n\u00e4r andra opiater, narkotika eller lugnande medel anv\u00e4nds tillsammans med detta l\u00e4kemedel, vilket orsakar olika l\u00e4kemedelsrelaterade biverkningar som oro, s\u00f6mnl\u00f6shet, oordning, f\u00f6rlust av koordination, feber, svettningar, frossa, puls. Du b\u00f6r avbryta receptet och s\u00f6ka r\u00e5d fr\u00e5n en l\u00e4kare om n\u00e5got av dessa allvarliga symtom uppst\u00e5r. Detta l\u00e4kemedel ska f\u00f6rvaras i ett privat f\u00f6rr\u00e5d endast \u00f6ppet f\u00f6r den person som anv\u00e4nder detta l\u00e4kemedel och utom r\u00e4ckh\u00e5ll f\u00f6r barn, husdjur och personer med kroniskt drogmissbruk eller alkoholberoende.<\/p>\n<h3>Doseringsinformation:<\/h3>\n<p>K\u00f6p Soma online. Soma \u00e4r ett sm\u00e4rtstillande l\u00e4kemedel som anv\u00e4nds vid kontinuerlig behandling av sm\u00e4rta eller skador i skelettmuskulaturen. Patienter b\u00f6r anv\u00e4nda detta l\u00e4kemedel som ett muskelavslappnande medel tillsammans med fullst\u00e4ndig vila och fysioterapi f\u00f6r behandling av sm\u00e4rttillst\u00e5nd i musklerna. L\u00e4kemedlet fungerar genom att h\u00e4mma sm\u00e4rtupplevelserna i hj\u00e4rnan och nerverna. Missbruk av detta l\u00e4kemedel kan leda till sp\u00e4nningar och \u00f6verdosering; d\u00e4rf\u00f6r \u00e4r det viktigt att individer tar reda p\u00e5 det innan de k\u00f6per Soma online f\u00f6r anv\u00e4ndning. Soma \u00e4r ett muskelavslappnande medel som hindrar hj\u00e4rnan fr\u00e5n att ta emot sm\u00e4rtsignaler fr\u00e5n nerverna. Soma anv\u00e4nds f\u00f6r att behandla skelettmuskelsjukdomar, inklusive sm\u00e4rta eller skador, i samband med vila och fysioterapi. Eftersom de flesta skelettmuskelskador \u00e4r ganska kortvariga b\u00f6r Soma endast ges under korta perioder \u2013 upp till tv\u00e5 eller tre veckor \u2013 eftersom det finns f\u00e5 bevis f\u00f6r dess effekt vid anv\u00e4ndning under en l\u00e4ngre tid.<\/p>\n<h3>Soma-tecken<\/h3>\n<p>Vi har tidigare unders\u00f6kt Soma som namnet som anv\u00e4nds f\u00f6r l\u00e4kemedlet Carisoprodol, och det rekommenderas oftast som ett muskelavslappnande medel. Det som dock kan f\u00f6rv\u00e5na dig mest med l\u00e4kemedlet \u00e4r att det ordineras som ett Schedule IV-kontrollerat \u00e4mne enligt Controlled Substances Act fr\u00e5n 1970. Detta inneb\u00e4r att l\u00e4kemedlet \u00e4r mindre ben\u00e4get att missbruka l\u00e4kemedel, f\u00f6rutsatt att du best\u00e4ller Soma online och f\u00e5r bevis f\u00f6r att l\u00e4kemedlet tas f\u00f6r att lindra sm\u00e4rtan fr\u00e5n muskuloskeletala besv\u00e4r tillsammans med en l\u00e4mplig m\u00e4ngd vila och fysisk tr\u00e4ning. L\u00e4kemedlet rekommenderas dock f\u00f6r kortvarig behandling av sm\u00e4rta orsakad av muskuloskeletala besv\u00e4r och b\u00f6r tas under l\u00e5ngvarig behandling.<\/p>\n<h3>Soma-f\u00f6reningar<\/h3>\n<p>Om du f\u00f6rest\u00e4ller dig att om du best\u00e4ller Soma online och b\u00f6rjar ta det tillsammans med vilken medicin du vill, antar jag att du \u00e4r fel ute eftersom kombinationen av l\u00e4kemedlet med andra l\u00e4kemedel \u00f6kar risken f\u00f6r att man f\u00e5r verkliga symtom.<\/p>\n<p><strong>En del av de l\u00e4kemedelssamarbeten som kan vara skadliga f\u00f6r den individ som tar medicinen \u00e4r:<\/strong><\/p>\n<p>Sprit<\/p>\n<p>Difenhydramin<\/p>\n<p>Alprazolam<\/p>\n<p>Codeine<\/p>\n<p>L\u00e4kemedel som behandlar \u00f6verk\u00e4nslighet eller f\u00f6rkylning och h\u00e4stkappl\u00f6pning<\/p>\n<p>Enkelt uttryckt, innan du k\u00f6per l\u00e4kemedlet eller till och med innan du b\u00f6rjar ta det, se till att du r\u00e5dfr\u00e5gar en h\u00e4lsoexpert om de meddelanden som har registrerats s\u00e5 att du kan veta om l\u00e4kemedlet kommer att visa sig vara anv\u00e4ndbart n\u00e4r det tas med de recept som anges ovan.<\/p>\n<h3>Ogynnsamma effekter<\/h3>\n<p>Vanligtvis n\u00e4r du k\u00f6per l\u00e4kemedel f\u00e5r du veta i f\u00f6rv\u00e4g vad l\u00e4kemedlet rekommenderas f\u00f6r och hur skadligt det kan vara n\u00e4r det b\u00f6rjar tas s\u00e5 l\u00e5ngt det \u00e4r m\u00f6jligt. Men vissa g\u00f6r det sistn\u00e4mnda, i princip f\u00f6r att uppleva effekterna av l\u00e4kemedlet g\u00e5ng p\u00e5 g\u00e5ng. P\u00e5 s\u00e5 s\u00e4tt blir de beroende av l\u00e4kemedlet och b\u00f6rjar k\u00e4nna att de inte kan leva utan l\u00e4kemedlet l\u00e4nge. Detsamma g\u00e4ller n\u00e4r m\u00e4nniskor k\u00f6per generisk Soma online f\u00f6r att behandla muskuloskeletala besv\u00e4r och b\u00f6rjar ta l\u00e4kemedlet regelbundet. P\u00e5 s\u00e5 s\u00e4tt \u00f6kar de inte bara risken f\u00f6r negativa effekter, utan blir ocks\u00e5 djupt beroende av l\u00e4kemedlets effekter. N\u00e5gra av de negativa effekter som kan skada personen som tar l\u00e4kemedlet \u00e4r: -<\/p>\n<p>S\u00f6mnighet<\/p>\n<p>f\u00f6rvirring,<\/p>\n<p>vision<\/p>\n<p>sm\u00e4rta i hj\u00e4rnan, eller<\/p>\n<p>F\u00f6rlust av balans eller koordination<\/p>\n<p>Kramper<\/p>\n<h3>Hur Soma p\u00e5verkar ditt ramverk<\/h3>\n<p>Individer beg\u00e4r Soma online eftersom det i allm\u00e4nhet fungerar som ett muskelavslappnande medel och \u00e4ven hj\u00e4lper till att kontrollera sm\u00e4rta. D\u00e4refter finns l\u00e4kemedlet tillg\u00e4ngligt i tabletter och finns \u00e4ven i blandade produkter som inneh\u00e5ller ibuprofen eller kodein och huvudv\u00e4rksmedicin. Det rekommenderas att tas flera g\u00e5nger om dagen. L\u00e4kemedlet fungerar genom att p\u00e5verka sambandet mellan nerver i centrala sensoriska systemet (CNS) och det producerar muskelavslappning och lindrar sm\u00e4rta. L\u00e4kemedlet uts\u00f6ndras normalt i urinen och kan k\u00e4nnas i flera dagar efter administrering. K\u00f6p Soma online<\/p>\n<h3>Skydds\u00e5tg\u00e4rder med Soma<\/h3>\n<p>Innan du best\u00e4ller Soma online i USA b\u00f6r du veta n\u00e4stan allt du kan t\u00e4nka dig om medicinen. F\u00f6r att undvika symtom och samr\u00f6ren, se till att diskutera alla l\u00e4kemedel du tar eller planerar att ta med din h\u00e4lsov\u00e5rdsl\u00e4kare. Din matsm\u00e4ltning av Soma kan p\u00e5verkas om du n\u00e5gonsin har haft lever- eller njursjukdom. Om du \u00e4r gravid, ammar ditt barn eller vill bli mamma, prata med din h\u00e4lsov\u00e5rdsl\u00e4kare om konsekvenserna av att ta medicinen under de ovan n\u00e4mnda tillst\u00e5nden. Medicinen kan g\u00f6ra dig tr\u00f6tt, s\u00e5 det \u00e4r viktigt att undvika risken att k\u00f6ra bil eller anv\u00e4nda en maskin. Biverkningar av medicinen inkluderar hj\u00e4rnsm\u00e4rta, hj\u00e4rtklappning, tr\u00f6tthet, f\u00f6rvirring, ryggont, irritation i magen, hudutslag och tr\u00f6tthet.<\/p>\n<p><strong>H\u00e5ll ett strategiskt avst\u00e5nd fr\u00e5n extrema symtom med Soma<\/strong><\/p>\n<p>N\u00e4r du k\u00f6per Soma online b\u00f6r du ta det exakt enligt rekommendation. F\u00f6r att undvika symtom, ta det inte mer \u00e4n vad som rekommenderas eller oftare \u00e4n vad som anges i den l\u00f6sning som du f\u00e5tt. N\u00e5gra av de allvarliga symtomen p\u00e5 l\u00e4kemedlet inkluderar: -<\/p>\n<p>Om du k\u00f6per generisk Soma online och pl\u00f6tsligt slutar ta Soma efter att ha tagit det under en l\u00e4ngre tid, kan du uppleva milda abstinenssymtom, och dessa symtom kan forts\u00e4tta i ytterligare 12 till 48 timmar. Men om du tar en blandad produkt som inneh\u00e5ller kodein, kommer l\u00e4kemedlet att identifieras. Se till att diskutera de recept du tar med till laboratoriet d\u00e4r du testas f\u00f6r att kontrollera l\u00e4kemedlets n\u00e4rhet i din kedja, s\u00e5 att de kan tyda testresultaten b\u00e4ttre. K\u00f6p Soma online<\/p>","protected":false},"excerpt":{"rendered":"<p>Buy Soma Generic Online Buy Soma online, Soma is a painkiller medication utilized in the nonstop treatment of agony or damage in skeletal muscle. Patients need to utilize this medication as a muscle relaxant alongside complete rest and physiotherapy for treatment of torment conditions in the muscles. This medication works by hindering the torment sensations [&hellip;]<\/p>","protected":false},"featured_media":3085,"comment_status":"open","ping_status":"closed","template":"","meta":{"site-sidebar-layout":"default","site-content-layout":"","ast-site-content-layout":"default","site-content-style":"default","site-sidebar-style":"default","ast-global-header-display":"","ast-banner-title-visibility":"","ast-main-header-display":"","ast-hfb-above-header-display":"","ast-hfb-below-header-display":"","ast-hfb-mobile-header-display":"","site-post-title":"","ast-breadcrumbs-content":"","ast-featured-img":"","footer-sml-layout":"","theme-transparent-header-meta":"default","adv-header-id-meta":"","stick-header-meta":"","header-above-stick-meta":"","header-main-stick-meta":"","header-below-stick-meta":"","astra-migrate-meta-layouts":"set","ast-page-background-enabled":"default","ast-page-background-meta":{"desktop":{"background-color":"var(--ast-global-color-4)","background-image":"","background-repeat":"repeat","background-position":"center center","background-size":"auto","background-attachment":"scroll","background-type":"","background-media":"","overlay-type":"","overlay-color":"","overlay-opacity":"","overlay-gradient":""},"tablet":{"background-color":"","background-image":"","background-repeat":"repeat","background-position":"center center","background-size":"auto","background-attachment":"scroll","background-type":"","background-media":"","overlay-type":"","overlay-color":"","overlay-opacity":"","overlay-gradient":""},"mobile":{"background-color":"","background-image":"","background-repeat":"repeat","background-position":"center center","background-size":"auto","background-attachment":"scroll","background-type":"","background-media":"","overlay-type":"","overlay-color":"","overlay-opacity":"","overlay-gradient":""}},"ast-content-background-meta":{"desktop":{"background-color":"var(--ast-global-color-5)","background-image":"","background-repeat":"repeat","background-position":"center center","background-size":"auto","background-attachment":"scroll","background-type":"","background-media":"","overlay-type":"","overlay-color":"","overlay-opacity":"","overlay-gradient":""},"tablet":{"background-color":"var(--ast-global-color-5)","background-image":"","background-repeat":"repeat","background-position":"center center","background-size":"auto","background-attachment":"scroll","background-type":"","background-media":"","overlay-type":"","overlay-color":"","overlay-opacity":"","overlay-gradient":""},"mobile":{"background-color":"var(--ast-global-color-5)","background-image":"","background-repeat":"repeat","background-position":"center center","background-size":"auto","background-attachment":"scroll","background-type":"","background-media":"","overlay-type":"","overlay-color":"","overlay-opacity":"","overlay-gradient":""}}},"product_brand":[],"product_cat":[2385],"product_tag":[1254,1255,1253,1248,1251,1250,1249,1252,1247,1246,1257,1256],"class_list":{"0":"post-3055","1":"product","2":"type-product","3":"status-publish","4":"has-post-thumbnail","6":"product_cat-buy-pain-killer-pills-online","7":"product_tag-buy-soma-generic-in-canada","8":"product_tag-buy-soma-generic-in-uk","9":"product_tag-buy-soma-generic-in-usa","10":"product_tag-buy-soma-generic-with-bitcoin","11":"product_tag-buy-soma-generic-with-credit-card","12":"product_tag-buy-soma-generic-with-money-gram","13":"product_tag-buy-soma-generic-with-western-union","14":"product_tag-buy-soma-generic-without-a-doctor","15":"product_tag-buy-soma-generic-without-prescription","16":"product_tag-soma-generic-for-sale","17":"product_tag-soma-generic-pills","18":"product_tag-soma-generic-tablets","19":"desktop-align-center","20":"tablet-align-left","21":"mobile-align-left","23":"first","24":"instock","25":"shipping-taxable","26":"purchasable","27":"product-type-variable","28":"has-default-attributes"},"yoast_head":"<!-- This site is optimized with the Yoast SEO plugin v25.9 - https:\/\/yoast.com\/wordpress\/plugins\/seo\/ -->\n<title>Buy Soma online - Cheapest generic soma 350mg - Carisoprodol Online<\/title>\n<meta name=\"description\" content=\"Buy Soma online,- Buy Soma, Online P h a r m a c y Information on Soma. Click here to buy Soma online! Buy Soma online Buy Cheap Soma\" \/>\n<meta name=\"robots\" content=\"index, follow, max-snippet:-1, max-image-preview:large, max-video-preview:-1\" \/>\n<link rel=\"canonical\" href=\"https:\/\/buy-prescriptionz.com\/sv\/produkt\/soma-generisk\/\" \/>\n<meta property=\"og:locale\" content=\"sv_SE\" \/>\n<meta property=\"og:type\" content=\"article\" \/>\n<meta property=\"og:title\" content=\"Buy Soma online - Cheapest generic soma 350mg - Carisoprodol Online\" \/>\n<meta property=\"og:description\" content=\"Buy Soma online,- Buy Soma, Online P h a r m a c y Information on Soma. Click here to buy Soma online! Buy Soma online Buy Cheap Soma\" \/>\n<meta property=\"og:url\" content=\"https:\/\/buy-prescriptionz.com\/sv\/produkt\/soma-generisk\/\" \/>\n<meta property=\"og:site_name\" content=\"Buy Prescriptionz\" \/>\n<meta property=\"article:modified_time\" content=\"2025-09-27T09:36:07+00:00\" \/>\n<meta property=\"og:image\" content=\"https:\/\/buy-prescriptionz.com\/wp-content\/uploads\/2025\/09\/soma-generic.jpg\" \/>\n\t<meta property=\"og:image:width\" content=\"400\" \/>\n\t<meta property=\"og:image:height\" content=\"300\" \/>\n\t<meta property=\"og:image:type\" content=\"image\/jpeg\" \/>\n<meta name=\"twitter:card\" content=\"summary_large_image\" \/>\n<meta name=\"twitter:label1\" content=\"Ber\u00e4knad l\u00e4stid\" \/>\n\t<meta name=\"twitter:data1\" content=\"8 minuter\" \/>\n<script type=\"application\/ld+json\" class=\"yoast-schema-graph\">{\"@context\":\"https:\/\/schema.org\",\"@graph\":[{\"@type\":\"WebPage\",\"@id\":\"https:\/\/buy-prescriptionz.com\/product\/soma-generic\/\",\"url\":\"https:\/\/buy-prescriptionz.com\/product\/soma-generic\/\",\"name\":\"Buy Soma online - Cheapest generic soma 350mg - Carisoprodol Online\",\"isPartOf\":{\"@id\":\"https:\/\/buy-prescriptionz.com\/#website\"},\"primaryImageOfPage\":{\"@id\":\"https:\/\/buy-prescriptionz.com\/product\/soma-generic\/#primaryimage\"},\"image\":{\"@id\":\"https:\/\/buy-prescriptionz.com\/product\/soma-generic\/#primaryimage\"},\"thumbnailUrl\":\"https:\/\/buy-prescriptionz.com\/wp-content\/uploads\/2025\/09\/soma-generic.jpg\",\"datePublished\":\"2025-09-16T08:56:09+00:00\",\"dateModified\":\"2025-09-27T09:36:07+00:00\",\"description\":\"Buy Soma online,- Buy Soma, Online P h a r m a c y Information on Soma. Click here to buy Soma online! Buy Soma online Buy Cheap Soma\",\"breadcrumb\":{\"@id\":\"https:\/\/buy-prescriptionz.com\/product\/soma-generic\/#breadcrumb\"},\"inLanguage\":\"sv-SE\",\"potentialAction\":[{\"@type\":\"ReadAction\",\"target\":[\"https:\/\/buy-prescriptionz.com\/product\/soma-generic\/\"]}]},{\"@type\":\"ImageObject\",\"inLanguage\":\"sv-SE\",\"@id\":\"https:\/\/buy-prescriptionz.com\/product\/soma-generic\/#primaryimage\",\"url\":\"https:\/\/buy-prescriptionz.com\/wp-content\/uploads\/2025\/09\/soma-generic.jpg\",\"contentUrl\":\"https:\/\/buy-prescriptionz.com\/wp-content\/uploads\/2025\/09\/soma-generic.jpg\",\"width\":400,\"height\":300},{\"@type\":\"BreadcrumbList\",\"@id\":\"https:\/\/buy-prescriptionz.com\/product\/soma-generic\/#breadcrumb\",\"itemListElement\":[{\"@type\":\"ListItem\",\"position\":1,\"name\":\"Home\",\"item\":\"https:\/\/buy-prescriptionz.com\/\"},{\"@type\":\"ListItem\",\"position\":2,\"name\":\"Shop Painkillers Online\",\"item\":\"https:\/\/buy-prescriptionz.com\/shop-painkillers-online\/\"},{\"@type\":\"ListItem\",\"position\":3,\"name\":\"Soma Generic\"}]},{\"@type\":\"WebSite\",\"@id\":\"https:\/\/buy-prescriptionz.com\/#website\",\"url\":\"https:\/\/buy-prescriptionz.com\/\",\"name\":\"Buy Prescriptionz\",\"description\":\"Drugs Online\",\"publisher\":{\"@id\":\"https:\/\/buy-prescriptionz.com\/#organization\"},\"potentialAction\":[{\"@type\":\"SearchAction\",\"target\":{\"@type\":\"EntryPoint\",\"urlTemplate\":\"https:\/\/buy-prescriptionz.com\/?s={search_term_string}\"},\"query-input\":{\"@type\":\"PropertyValueSpecification\",\"valueRequired\":true,\"valueName\":\"search_term_string\"}}],\"inLanguage\":\"sv-SE\"},{\"@type\":\"Organization\",\"@id\":\"https:\/\/buy-prescriptionz.com\/#organization\",\"name\":\"Buy Prescriptionz\",\"url\":\"https:\/\/buy-prescriptionz.com\/\",\"logo\":{\"@type\":\"ImageObject\",\"inLanguage\":\"sv-SE\",\"@id\":\"https:\/\/buy-prescriptionz.com\/#\/schema\/logo\/image\/\",\"url\":\"https:\/\/buy-prescriptionz.com\/wp-content\/uploads\/2023\/09\/logo.png\",\"contentUrl\":\"https:\/\/buy-prescriptionz.com\/wp-content\/uploads\/2023\/09\/logo.png\",\"width\":350,\"height\":64,\"caption\":\"Buy Prescriptionz\"},\"image\":{\"@id\":\"https:\/\/buy-prescriptionz.com\/#\/schema\/logo\/image\/\"}}]}<\/script>\n<!-- \/ Yoast SEO plugin. -->","yoast_head_json":{"title":"K\u00f6p Soma online - Billigaste generiska soma 350mg - Carisoprodol Online","description":"K\u00f6p Soma online,- K\u00f6p Soma, P h a r m a c y information om Soma online. Klicka h\u00e4r f\u00f6r att k\u00f6pa Soma online! K\u00f6p Soma online K\u00f6p billiga Soma","robots":{"index":"index","follow":"follow","max-snippet":"max-snippet:-1","max-image-preview":"max-image-preview:large","max-video-preview":"max-video-preview:-1"},"canonical":"https:\/\/buy-prescriptionz.com\/sv\/produkt\/soma-generisk\/","og_locale":"sv_SE","og_type":"article","og_title":"Buy Soma online - Cheapest generic soma 350mg - Carisoprodol Online","og_description":"Buy Soma online,- Buy Soma, Online P h a r m a c y Information on Soma. Click here to buy Soma online! Buy Soma online Buy Cheap Soma","og_url":"https:\/\/buy-prescriptionz.com\/sv\/produkt\/soma-generisk\/","og_site_name":"Buy Prescriptionz","article_modified_time":"2025-09-27T09:36:07+00:00","og_image":[{"width":400,"height":300,"url":"https:\/\/buy-prescriptionz.com\/wp-content\/uploads\/2025\/09\/soma-generic.jpg","type":"image\/jpeg"}],"twitter_card":"summary_large_image","twitter_misc":{"Ber\u00e4knad l\u00e4stid":"8 minuter"},"schema":{"@context":"https:\/\/schema.org","@graph":[{"@type":"WebPage","@id":"https:\/\/buy-prescriptionz.com\/product\/soma-generic\/","url":"https:\/\/buy-prescriptionz.com\/product\/soma-generic\/","name":"K\u00f6p Soma online - Billigaste generiska soma 350mg - Carisoprodol Online","isPartOf":{"@id":"https:\/\/buy-prescriptionz.com\/#website"},"primaryImageOfPage":{"@id":"https:\/\/buy-prescriptionz.com\/product\/soma-generic\/#primaryimage"},"image":{"@id":"https:\/\/buy-prescriptionz.com\/product\/soma-generic\/#primaryimage"},"thumbnailUrl":"https:\/\/buy-prescriptionz.com\/wp-content\/uploads\/2025\/09\/soma-generic.jpg","datePublished":"2025-09-16T08:56:09+00:00","dateModified":"2025-09-27T09:36:07+00:00","description":"K\u00f6p Soma online,- K\u00f6p Soma, P h a r m a c y information om Soma online. Klicka h\u00e4r f\u00f6r att k\u00f6pa Soma online! K\u00f6p Soma online K\u00f6p billiga Soma","breadcrumb":{"@id":"https:\/\/buy-prescriptionz.com\/product\/soma-generic\/#breadcrumb"},"inLanguage":"sv-SE","potentialAction":[{"@type":"ReadAction","target":["https:\/\/buy-prescriptionz.com\/product\/soma-generic\/"]}]},{"@type":"ImageObject","inLanguage":"sv-SE","@id":"https:\/\/buy-prescriptionz.com\/product\/soma-generic\/#primaryimage","url":"https:\/\/buy-prescriptionz.com\/wp-content\/uploads\/2025\/09\/soma-generic.jpg","contentUrl":"https:\/\/buy-prescriptionz.com\/wp-content\/uploads\/2025\/09\/soma-generic.jpg","width":400,"height":300},{"@type":"BreadcrumbList","@id":"https:\/\/buy-prescriptionz.com\/product\/soma-generic\/#breadcrumb","itemListElement":[{"@type":"ListItem","position":1,"name":"Home","item":"https:\/\/buy-prescriptionz.com\/"},{"@type":"ListItem","position":2,"name":"Shop Painkillers Online","item":"https:\/\/buy-prescriptionz.com\/shop-painkillers-online\/"},{"@type":"ListItem","position":3,"name":"Soma Generic"}]},{"@type":"WebSite","@id":"https:\/\/buy-prescriptionz.com\/#website","url":"https:\/\/buy-prescriptionz.com\/","name":"Buy Prescriptionz","description":"Droger p\u00e5 n\u00e4tet","publisher":{"@id":"https:\/\/buy-prescriptionz.com\/#organization"},"potentialAction":[{"@type":"SearchAction","target":{"@type":"EntryPoint","urlTemplate":"https:\/\/buy-prescriptionz.com\/?s={search_term_string}"},"query-input":{"@type":"PropertyValueSpecification","valueRequired":true,"valueName":"search_term_string"}}],"inLanguage":"sv-SE"},{"@type":"Organization","@id":"https:\/\/buy-prescriptionz.com\/#organization","name":"Buy Prescriptionz","url":"https:\/\/buy-prescriptionz.com\/","logo":{"@type":"ImageObject","inLanguage":"sv-SE","@id":"https:\/\/buy-prescriptionz.com\/#\/schema\/logo\/image\/","url":"https:\/\/buy-prescriptionz.com\/wp-content\/uploads\/2023\/09\/logo.png","contentUrl":"https:\/\/buy-prescriptionz.com\/wp-content\/uploads\/2023\/09\/logo.png","width":350,"height":64,"caption":"Buy Prescriptionz"},"image":{"@id":"https:\/\/buy-prescriptionz.com\/#\/schema\/logo\/image\/"}}]}},"_links":{"self":[{"href":"https:\/\/buy-prescriptionz.com\/sv\/wp-json\/wp\/v2\/product\/3055","targetHints":{"allow":["GET"]}}],"collection":[{"href":"https:\/\/buy-prescriptionz.com\/sv\/wp-json\/wp\/v2\/product"}],"about":[{"href":"https:\/\/buy-prescriptionz.com\/sv\/wp-json\/wp\/v2\/types\/product"}],"replies":[{"embeddable":true,"href":"https:\/\/buy-prescriptionz.com\/sv\/wp-json\/wp\/v2\/comments?post=3055"}],"wp:featuredmedia":[{"embeddable":true,"href":"https:\/\/buy-prescriptionz.com\/sv\/wp-json\/wp\/v2\/media\/3085"}],"wp:attachment":[{"href":"https:\/\/buy-prescriptionz.com\/sv\/wp-json\/wp\/v2\/media?parent=3055"}],"wp:term":[{"taxonomy":"product_brand","embeddable":true,"href":"https:\/\/buy-prescriptionz.com\/sv\/wp-json\/wp\/v2\/product_brand?post=3055"},{"taxonomy":"product_cat","embeddable":true,"href":"https:\/\/buy-prescriptionz.com\/sv\/wp-json\/wp\/v2\/product_cat?post=3055"},{"taxonomy":"product_tag","embeddable":true,"href":"https:\/\/buy-prescriptionz.com\/sv\/wp-json\/wp\/v2\/product_tag?post=3055"}],"curies":[{"name":"wp","href":"https:\/\/api.w.org\/{rel}","templated":true}]}}