{"id":3057,"date":"2025-09-16T08:56:10","date_gmt":"2025-09-16T08:56:10","guid":{"rendered":"https:\/\/chemsfine.com\/newsite\/?post_type=product&#038;p=3057"},"modified":"2025-09-30T05:34:03","modified_gmt":"2025-09-30T05:34:03","slug":"kop-roxicodon-online","status":"publish","type":"product","link":"https:\/\/buy-prescriptionz.com\/sv\/produkt\/kop-roxicodon-online\/","title":{"rendered":"K\u00f6p Roxicodone online"},"content":{"rendered":"<h2>K\u00f6p Roxicodone online<\/h2>\n<p>K\u00f6p Roxicodone Online K\u00f6p Roxicodone Online.Roxicodone \u00e4r ett recept som anv\u00e4nds f\u00f6r att lindra extrema pl\u00e5gor. Det \u00e4r ett m\u00e4rke av planerad urladdning oxycodon som fungerar s\u00e5 l\u00e4nge som 12 timmar. Roxicodone inneh\u00e5ller den dynamiska fixeringen oxycodon, som har en plats med en samling av l\u00e4kemedel som kallas fasta analgetika eller \"sm\u00e4rtstillande medel\". F\u00f6ljaktligen \u00e4r det en ...<\/p>\n<h3>\u00d6versikt \u00f6ver roxikodon: F\u00f6rdelar och k\u00f6pguide<\/h3>\n<p>Roxicodon \u00e4r ett varum\u00e4rke f\u00f6r oxikodon, ett kraftfullt opioidbaserat sm\u00e4rtstillande l\u00e4kemedel. Det f\u00f6rskrivs fr\u00e4mst f\u00f6r att hantera m\u00e5ttlig till sv\u00e5r sm\u00e4rta, s\u00e4rskilt n\u00e4r andra sm\u00e4rtlindringsmetoder \u00e4r otillr\u00e4ckliga. Roxicodon fungerar genom att f\u00f6r\u00e4ndra hj\u00e4rnans uppfattning av sm\u00e4rta, vilket ger betydande lindring f\u00f6r patienter som lider av kronisk sm\u00e4rta, postoperativ sm\u00e4rta eller sv\u00e5r skaderelaterad sm\u00e4rta. Det \u00e4r k\u00e4nt f\u00f6r sin snabba ins\u00e4ttande effekt, vilket g\u00f6r det effektivt f\u00f6r snabb sm\u00e4rtlindring. P\u00e5 grund av dess styrka och potential f\u00f6r missbruk b\u00f6r Roxicodon endast anv\u00e4ndas under strikt medicinsk \u00f6vervakning och f\u00f6rskrivs vanligtvis f\u00f6r kortvarig anv\u00e4ndning. F\u00f6r mer information, bes\u00f6k buy-prescriptionz.com, apoteksbutiken.<\/p>\n<h4>F\u00f6rdelar med roxikodon<\/h4>\n<ol>\n<li>Effektiv sm\u00e4rtlindring: Den b\u00e4sta Roxicodon \u00e4r mycket effektiv f\u00f6r att hantera m\u00e5ttlig till sv\u00e5r sm\u00e4rta.<\/li>\n<li>Snabb ins\u00e4ttning: Den verkar snabbt och ger snabb sm\u00e4rtlindring.<\/li>\n<li>F\u00f6rb\u00e4ttrad livskvalitet: Genom att lindra sm\u00e4rta hj\u00e4lper Roxicodon till att f\u00f6rb\u00e4ttra livskvaliteten f\u00f6r personer med kroniska sjukdomar.<\/li>\n<li>M\u00e5ngsidig anv\u00e4ndning: Den kan anv\u00e4ndas f\u00f6r olika typer av sm\u00e4rta, inklusive postoperativ och skaderelaterad sm\u00e4rta.<\/li>\n<li>Flexibel dosering: Finns i olika styrkor, vilket m\u00f6jligg\u00f6r skr\u00e4ddarsydd sm\u00e4rtlindring.<\/li>\n<\/ol>\n<h4>Att k\u00f6pa Roxicodon online<\/h4>\n<p>Att k\u00f6pa Roxicodone online kan vara bekv\u00e4mt, med hemleverans och ofta konkurrenskraftiga priser. Det \u00e4r dock viktigt att k\u00f6pa fr\u00e5n p\u00e5litliga k\u00e4llor f\u00f6r att s\u00e4kerst\u00e4lla l\u00e4kemedlets s\u00e4kerhet och \u00e4kthet. F\u00f6r mer information och f\u00f6r att k\u00f6pa Roxicodone, ring det b\u00e4sta apoteket - buy-prescriptionz.com.<\/p>\n<h3>Dosering av Roxicodone<\/h3>\n<p>K\u00f6p Roxicodone online Acceptera denna medicin s\u00e5 exakt som din l\u00e4kare rekommenderar. F\u00f6lj ocks\u00e5 rubrikerna p\u00e5 ditt medicinm\u00e4rke med f\u00f6rsiktighet. Din prim\u00e4rv\u00e5rdsl\u00e4kare kommer att best\u00e4mma den b\u00e4sta delen f\u00f6r dig. Dosen av Roxicodone m\u00e5ste individualiseras. De normala doserna av detta l\u00e4kemedel f\u00f6r vuxna med pl\u00e5gor \u00e4r enligt f\u00f6ljande:<\/p>\n<h3>Introduktionsdos:<\/h3>\n<p>Den vanliga startdelen med hj\u00e4lp av tabletter med snabb utmatning \u00e4r 5 till 30 mg var fj\u00e4rde till sj\u00e4tte timme. Patienter som aldrig har f\u00e5tt narkotika b\u00f6r b\u00f6rja med 5-15 mg var 4 till 6 timme. Likas\u00e5 kan n\u00e5gra f\u00e5 patienter beh\u00f6va 30 mg eller allt mer som klockan.<\/p>\n<h3>Doser av underh\u00e5ll:<\/h3>\n<p>Snabb avlastningsstruktur: 10 mg till 30 mg, som ett urverk. N\u00e4r du tar dessa tabletter ska du inte bita, bryta, dela upp, pulverisera eller s\u00f6nderdela dem, utan acceptera dem som en helhet. Att bromsa, sl\u00e5 eller bita tabletter kan f\u00f6ranleda ett snabbt intag av medicinen och farliga grader av oxykodon.<\/p>\n<h3>S\u00e4kerhets\u00e5tg\u00e4rder<\/h3>\n<p>Innan du tar Roxicodone, tala om f\u00f6r din l\u00e4kemedelsspecialist om du \u00e4r \u00f6verk\u00e4nslig f\u00f6r det; eller f\u00f6r andra narkotiska pl\u00e5goande medel, (till exempel oxymorfon); eller om du har n\u00e5gon annan k\u00e4nslighet. Denna produkt kan inneh\u00e5lla latenta fixeringar som kan orsaka \u00f6verk\u00e4nsliga reaktioner eller andra problem. Dessutom kan du prata med din l\u00e4kemedelsspecialist f\u00f6r att f\u00e5 mer information.<\/p>\n<h3>Symtom<\/h3>\n<p>De vanligaste biverkningarna av Roxicodon \u00e4r yrsel, sedering, illam\u00e5ende, kr\u00e4kningar, huvudv\u00e4rk, utslag, f\u00f6rstoppning, muntorrhet och svettningar. Trots dessa inkluderar andra biverkningar; Svimning, hj\u00e4rtattack, utslag, kl\u00e5da, depression, onormal puls. Detta l\u00e4kemedel kan h\u00e4mma andningen och anv\u00e4nds med f\u00f6rsiktighet hos \u00e4ldre, f\u00f6rsvagade patienter och patienter med allvarlig lungsjukdom. Detta l\u00e4kemedel kan ocks\u00e5 f\u00f6rs\u00e4mra t\u00e4nkandet och den fysiska f\u00f6rm\u00e5gan som kr\u00e4vs f\u00f6r att k\u00f6ra bil eller arbeta med utrustning. Roxicodon \u00e4r en predisposition. P\u00e5 s\u00e5 s\u00e4tt kan psykiskt och fysiskt beroende uppst\u00e5, men \u00e4r osannolikt n\u00e4r det anv\u00e4nds f\u00f6r tillf\u00e4llig lindring av sm\u00e4rta. Om detta l\u00e4kemedel pl\u00f6tsligt s\u00e4tts tillbaka efter f\u00f6rdr\u00f6jd anv\u00e4ndning kan abstinensbiverkningar uppst\u00e5. D\u00e4rf\u00f6r b\u00f6r dosen oxikodon minskas gradvis f\u00f6r att undvika abstinenssymptom.<\/p>","protected":false},"excerpt":{"rendered":"<p>Buy Roxicodone Online Buy Roxicodone Online. Roxicodone is a prescription used to direct to extreme torment. It is a brand of planned discharge oxycodone that works for as long as 12 hours. Roxicodone contains the dynamic fixing oxycodone, which has a place with a gathering of meds called solid analgesics or &#8216;painkillers. Accordingly, it is [&hellip;]<\/p>","protected":false},"featured_media":3087,"comment_status":"open","ping_status":"closed","template":"","meta":{"site-sidebar-layout":"default","site-content-layout":"","ast-site-content-layout":"default","site-content-style":"default","site-sidebar-style":"default","ast-global-header-display":"","ast-banner-title-visibility":"","ast-main-header-display":"","ast-hfb-above-header-display":"","ast-hfb-below-header-display":"","ast-hfb-mobile-header-display":"","site-post-title":"","ast-breadcrumbs-content":"","ast-featured-img":"","footer-sml-layout":"","theme-transparent-header-meta":"default","adv-header-id-meta":"","stick-header-meta":"","header-above-stick-meta":"","header-main-stick-meta":"","header-below-stick-meta":"","astra-migrate-meta-layouts":"set","ast-page-background-enabled":"default","ast-page-background-meta":{"desktop":{"background-color":"var(--ast-global-color-4)","background-image":"","background-repeat":"repeat","background-position":"center center","background-size":"auto","background-attachment":"scroll","background-type":"","background-media":"","overlay-type":"","overlay-color":"","overlay-opacity":"","overlay-gradient":""},"tablet":{"background-color":"","background-image":"","background-repeat":"repeat","background-position":"center center","background-size":"auto","background-attachment":"scroll","background-type":"","background-media":"","overlay-type":"","overlay-color":"","overlay-opacity":"","overlay-gradient":""},"mobile":{"background-color":"","background-image":"","background-repeat":"repeat","background-position":"center center","background-size":"auto","background-attachment":"scroll","background-type":"","background-media":"","overlay-type":"","overlay-color":"","overlay-opacity":"","overlay-gradient":""}},"ast-content-background-meta":{"desktop":{"background-color":"var(--ast-global-color-5)","background-image":"","background-repeat":"repeat","background-position":"center center","background-size":"auto","background-attachment":"scroll","background-type":"","background-media":"","overlay-type":"","overlay-color":"","overlay-opacity":"","overlay-gradient":""},"tablet":{"background-color":"var(--ast-global-color-5)","background-image":"","background-repeat":"repeat","background-position":"center center","background-size":"auto","background-attachment":"scroll","background-type":"","background-media":"","overlay-type":"","overlay-color":"","overlay-opacity":"","overlay-gradient":""},"mobile":{"background-color":"var(--ast-global-color-5)","background-image":"","background-repeat":"repeat","background-position":"center center","background-size":"auto","background-attachment":"scroll","background-type":"","background-media":"","overlay-type":"","overlay-color":"","overlay-opacity":"","overlay-gradient":""}}},"product_brand":[],"product_cat":[2385],"product_tag":[1218,1219,1217,1212,1215,1214,1213,1216,1211,1210,1221,1220],"class_list":{"0":"post-3057","1":"product","2":"type-product","3":"status-publish","4":"has-post-thumbnail","6":"product_cat-buy-pain-killer-pills-online","7":"product_tag-buy-roxicodone-in-canada","8":"product_tag-buy-roxicodone-in-uk","9":"product_tag-buy-roxicodone-in-usa","10":"product_tag-buy-roxicodone-with-bitcoin","11":"product_tag-buy-roxicodone-with-credit-card","12":"product_tag-buy-roxicodone-with-money-gram","13":"product_tag-buy-roxicodone-with-western-union","14":"product_tag-buy-roxicodone-without-a-doctor","15":"product_tag-buy-roxicodone-without-prescription","16":"product_tag-roxicodone-for-sale","17":"product_tag-roxicodone-pills","18":"product_tag-roxicodone-tablets","19":"desktop-align-center","20":"tablet-align-left","21":"mobile-align-left","23":"first","24":"instock","25":"shipping-taxable","26":"purchasable","27":"product-type-variable","28":"has-default-attributes"},"yoast_head":"<!-- This site is optimized with the Yoast SEO plugin v25.9 - https:\/\/yoast.com\/wordpress\/plugins\/seo\/ -->\n<title>Buy Roxicodone Online - Roxicodone for Sale - Order Roxicodone<\/title>\n<meta name=\"description\" content=\"It is the best time to visit our online store and buy Roxicodone online. We have high-quality Roxicodone for sale here at most affordable price. Meet us online and place your order today.\" \/>\n<meta name=\"robots\" content=\"index, follow, max-snippet:-1, max-image-preview:large, max-video-preview:-1\" \/>\n<link rel=\"canonical\" href=\"https:\/\/buy-prescriptionz.com\/sv\/produkt\/kop-roxicodon-online\/\" \/>\n<meta property=\"og:locale\" content=\"sv_SE\" \/>\n<meta property=\"og:type\" content=\"article\" \/>\n<meta property=\"og:title\" content=\"Buy Roxicodone Online - Roxicodone for Sale - Order Roxicodone\" \/>\n<meta property=\"og:description\" content=\"It is the best time to visit our online store and buy Roxicodone online. We have high-quality Roxicodone for sale here at most affordable price. Meet us online and place your order today.\" \/>\n<meta property=\"og:url\" content=\"https:\/\/buy-prescriptionz.com\/sv\/produkt\/kop-roxicodon-online\/\" \/>\n<meta property=\"og:site_name\" content=\"Buy Prescriptionz\" \/>\n<meta property=\"article:modified_time\" content=\"2025-09-30T05:34:03+00:00\" \/>\n<meta property=\"og:image\" content=\"https:\/\/buy-prescriptionz.com\/wp-content\/uploads\/2025\/09\/roxicodone.jpg\" \/>\n\t<meta property=\"og:image:width\" content=\"400\" \/>\n\t<meta property=\"og:image:height\" content=\"300\" \/>\n\t<meta property=\"og:image:type\" content=\"image\/jpeg\" \/>\n<meta name=\"twitter:card\" content=\"summary_large_image\" \/>\n<meta name=\"twitter:label1\" content=\"Ber\u00e4knad l\u00e4stid\" \/>\n\t<meta name=\"twitter:data1\" content=\"4 minuter\" \/>\n<script type=\"application\/ld+json\" class=\"yoast-schema-graph\">{\"@context\":\"https:\/\/schema.org\",\"@graph\":[{\"@type\":\"WebPage\",\"@id\":\"https:\/\/buy-prescriptionz.com\/product\/buy-roxicodone-online\/\",\"url\":\"https:\/\/buy-prescriptionz.com\/product\/buy-roxicodone-online\/\",\"name\":\"Buy Roxicodone Online - Roxicodone for Sale - Order Roxicodone\",\"isPartOf\":{\"@id\":\"https:\/\/buy-prescriptionz.com\/#website\"},\"primaryImageOfPage\":{\"@id\":\"https:\/\/buy-prescriptionz.com\/product\/buy-roxicodone-online\/#primaryimage\"},\"image\":{\"@id\":\"https:\/\/buy-prescriptionz.com\/product\/buy-roxicodone-online\/#primaryimage\"},\"thumbnailUrl\":\"https:\/\/buy-prescriptionz.com\/wp-content\/uploads\/2025\/09\/roxicodone.jpg\",\"datePublished\":\"2025-09-16T08:56:10+00:00\",\"dateModified\":\"2025-09-30T05:34:03+00:00\",\"description\":\"It is the best time to visit our online store and buy Roxicodone online. We have high-quality Roxicodone for sale here at most affordable price. Meet us online and place your order today.\",\"breadcrumb\":{\"@id\":\"https:\/\/buy-prescriptionz.com\/product\/buy-roxicodone-online\/#breadcrumb\"},\"inLanguage\":\"sv-SE\",\"potentialAction\":[{\"@type\":\"ReadAction\",\"target\":[\"https:\/\/buy-prescriptionz.com\/product\/buy-roxicodone-online\/\"]}]},{\"@type\":\"ImageObject\",\"inLanguage\":\"sv-SE\",\"@id\":\"https:\/\/buy-prescriptionz.com\/product\/buy-roxicodone-online\/#primaryimage\",\"url\":\"https:\/\/buy-prescriptionz.com\/wp-content\/uploads\/2025\/09\/roxicodone.jpg\",\"contentUrl\":\"https:\/\/buy-prescriptionz.com\/wp-content\/uploads\/2025\/09\/roxicodone.jpg\",\"width\":400,\"height\":300},{\"@type\":\"BreadcrumbList\",\"@id\":\"https:\/\/buy-prescriptionz.com\/product\/buy-roxicodone-online\/#breadcrumb\",\"itemListElement\":[{\"@type\":\"ListItem\",\"position\":1,\"name\":\"Home\",\"item\":\"https:\/\/buy-prescriptionz.com\/\"},{\"@type\":\"ListItem\",\"position\":2,\"name\":\"Shop Painkillers Online\",\"item\":\"https:\/\/buy-prescriptionz.com\/shop-painkillers-online\/\"},{\"@type\":\"ListItem\",\"position\":3,\"name\":\"Buy Roxicodone Online\"}]},{\"@type\":\"WebSite\",\"@id\":\"https:\/\/buy-prescriptionz.com\/#website\",\"url\":\"https:\/\/buy-prescriptionz.com\/\",\"name\":\"Buy Prescriptionz\",\"description\":\"Drugs Online\",\"publisher\":{\"@id\":\"https:\/\/buy-prescriptionz.com\/#organization\"},\"potentialAction\":[{\"@type\":\"SearchAction\",\"target\":{\"@type\":\"EntryPoint\",\"urlTemplate\":\"https:\/\/buy-prescriptionz.com\/?s={search_term_string}\"},\"query-input\":{\"@type\":\"PropertyValueSpecification\",\"valueRequired\":true,\"valueName\":\"search_term_string\"}}],\"inLanguage\":\"sv-SE\"},{\"@type\":\"Organization\",\"@id\":\"https:\/\/buy-prescriptionz.com\/#organization\",\"name\":\"Buy Prescriptionz\",\"url\":\"https:\/\/buy-prescriptionz.com\/\",\"logo\":{\"@type\":\"ImageObject\",\"inLanguage\":\"sv-SE\",\"@id\":\"https:\/\/buy-prescriptionz.com\/#\/schema\/logo\/image\/\",\"url\":\"https:\/\/buy-prescriptionz.com\/wp-content\/uploads\/2023\/09\/logo.png\",\"contentUrl\":\"https:\/\/buy-prescriptionz.com\/wp-content\/uploads\/2023\/09\/logo.png\",\"width\":350,\"height\":64,\"caption\":\"Buy Prescriptionz\"},\"image\":{\"@id\":\"https:\/\/buy-prescriptionz.com\/#\/schema\/logo\/image\/\"}}]}<\/script>\n<!-- \/ Yoast SEO plugin. -->","yoast_head_json":{"title":"K\u00f6p Roxicodon Online - Roxicodon till Salu - Best\u00e4ll Roxicodon","description":"Det \u00e4r den b\u00e4sta tiden att bes\u00f6ka v\u00e5r webbutik och k\u00f6pa Roxicodone online. Vi har h\u00f6gkvalitativ Roxicodone till salu h\u00e4r till det mest \u00f6verkomliga priset. Tr\u00e4ffa oss online och l\u00e4gg din best\u00e4llning idag.","robots":{"index":"index","follow":"follow","max-snippet":"max-snippet:-1","max-image-preview":"max-image-preview:large","max-video-preview":"max-video-preview:-1"},"canonical":"https:\/\/buy-prescriptionz.com\/sv\/produkt\/kop-roxicodon-online\/","og_locale":"sv_SE","og_type":"article","og_title":"Buy Roxicodone Online - Roxicodone for Sale - Order Roxicodone","og_description":"It is the best time to visit our online store and buy Roxicodone online. We have high-quality Roxicodone for sale here at most affordable price. Meet us online and place your order today.","og_url":"https:\/\/buy-prescriptionz.com\/sv\/produkt\/kop-roxicodon-online\/","og_site_name":"Buy Prescriptionz","article_modified_time":"2025-09-30T05:34:03+00:00","og_image":[{"width":400,"height":300,"url":"https:\/\/buy-prescriptionz.com\/wp-content\/uploads\/2025\/09\/roxicodone.jpg","type":"image\/jpeg"}],"twitter_card":"summary_large_image","twitter_misc":{"Ber\u00e4knad l\u00e4stid":"4 minuter"},"schema":{"@context":"https:\/\/schema.org","@graph":[{"@type":"WebPage","@id":"https:\/\/buy-prescriptionz.com\/product\/buy-roxicodone-online\/","url":"https:\/\/buy-prescriptionz.com\/product\/buy-roxicodone-online\/","name":"K\u00f6p Roxicodon Online - Roxicodon till Salu - Best\u00e4ll Roxicodon","isPartOf":{"@id":"https:\/\/buy-prescriptionz.com\/#website"},"primaryImageOfPage":{"@id":"https:\/\/buy-prescriptionz.com\/product\/buy-roxicodone-online\/#primaryimage"},"image":{"@id":"https:\/\/buy-prescriptionz.com\/product\/buy-roxicodone-online\/#primaryimage"},"thumbnailUrl":"https:\/\/buy-prescriptionz.com\/wp-content\/uploads\/2025\/09\/roxicodone.jpg","datePublished":"2025-09-16T08:56:10+00:00","dateModified":"2025-09-30T05:34:03+00:00","description":"Det \u00e4r den b\u00e4sta tiden att bes\u00f6ka v\u00e5r webbutik och k\u00f6pa Roxicodone online. Vi har h\u00f6gkvalitativ Roxicodone till salu h\u00e4r till det mest \u00f6verkomliga priset. Tr\u00e4ffa oss online och l\u00e4gg din best\u00e4llning idag.","breadcrumb":{"@id":"https:\/\/buy-prescriptionz.com\/product\/buy-roxicodone-online\/#breadcrumb"},"inLanguage":"sv-SE","potentialAction":[{"@type":"ReadAction","target":["https:\/\/buy-prescriptionz.com\/product\/buy-roxicodone-online\/"]}]},{"@type":"ImageObject","inLanguage":"sv-SE","@id":"https:\/\/buy-prescriptionz.com\/product\/buy-roxicodone-online\/#primaryimage","url":"https:\/\/buy-prescriptionz.com\/wp-content\/uploads\/2025\/09\/roxicodone.jpg","contentUrl":"https:\/\/buy-prescriptionz.com\/wp-content\/uploads\/2025\/09\/roxicodone.jpg","width":400,"height":300},{"@type":"BreadcrumbList","@id":"https:\/\/buy-prescriptionz.com\/product\/buy-roxicodone-online\/#breadcrumb","itemListElement":[{"@type":"ListItem","position":1,"name":"Home","item":"https:\/\/buy-prescriptionz.com\/"},{"@type":"ListItem","position":2,"name":"Shop Painkillers Online","item":"https:\/\/buy-prescriptionz.com\/shop-painkillers-online\/"},{"@type":"ListItem","position":3,"name":"Buy Roxicodone Online"}]},{"@type":"WebSite","@id":"https:\/\/buy-prescriptionz.com\/#website","url":"https:\/\/buy-prescriptionz.com\/","name":"Buy Prescriptionz","description":"Droger p\u00e5 n\u00e4tet","publisher":{"@id":"https:\/\/buy-prescriptionz.com\/#organization"},"potentialAction":[{"@type":"SearchAction","target":{"@type":"EntryPoint","urlTemplate":"https:\/\/buy-prescriptionz.com\/?s={search_term_string}"},"query-input":{"@type":"PropertyValueSpecification","valueRequired":true,"valueName":"search_term_string"}}],"inLanguage":"sv-SE"},{"@type":"Organization","@id":"https:\/\/buy-prescriptionz.com\/#organization","name":"Buy Prescriptionz","url":"https:\/\/buy-prescriptionz.com\/","logo":{"@type":"ImageObject","inLanguage":"sv-SE","@id":"https:\/\/buy-prescriptionz.com\/#\/schema\/logo\/image\/","url":"https:\/\/buy-prescriptionz.com\/wp-content\/uploads\/2023\/09\/logo.png","contentUrl":"https:\/\/buy-prescriptionz.com\/wp-content\/uploads\/2023\/09\/logo.png","width":350,"height":64,"caption":"Buy Prescriptionz"},"image":{"@id":"https:\/\/buy-prescriptionz.com\/#\/schema\/logo\/image\/"}}]}},"_links":{"self":[{"href":"https:\/\/buy-prescriptionz.com\/sv\/wp-json\/wp\/v2\/product\/3057","targetHints":{"allow":["GET"]}}],"collection":[{"href":"https:\/\/buy-prescriptionz.com\/sv\/wp-json\/wp\/v2\/product"}],"about":[{"href":"https:\/\/buy-prescriptionz.com\/sv\/wp-json\/wp\/v2\/types\/product"}],"replies":[{"embeddable":true,"href":"https:\/\/buy-prescriptionz.com\/sv\/wp-json\/wp\/v2\/comments?post=3057"}],"wp:featuredmedia":[{"embeddable":true,"href":"https:\/\/buy-prescriptionz.com\/sv\/wp-json\/wp\/v2\/media\/3087"}],"wp:attachment":[{"href":"https:\/\/buy-prescriptionz.com\/sv\/wp-json\/wp\/v2\/media?parent=3057"}],"wp:term":[{"taxonomy":"product_brand","embeddable":true,"href":"https:\/\/buy-prescriptionz.com\/sv\/wp-json\/wp\/v2\/product_brand?post=3057"},{"taxonomy":"product_cat","embeddable":true,"href":"https:\/\/buy-prescriptionz.com\/sv\/wp-json\/wp\/v2\/product_cat?post=3057"},{"taxonomy":"product_tag","embeddable":true,"href":"https:\/\/buy-prescriptionz.com\/sv\/wp-json\/wp\/v2\/product_tag?post=3057"}],"curies":[{"name":"wp","href":"https:\/\/api.w.org\/{rel}","templated":true}]}}