{"id":3058,"date":"2025-09-16T08:56:10","date_gmt":"2025-09-16T08:56:10","guid":{"rendered":"https:\/\/chemsfine.com\/newsite\/?post_type=product&#038;p=3058"},"modified":"2025-09-25T12:45:43","modified_gmt":"2025-09-25T12:45:43","slug":"kop-ritalin-online","status":"publish","type":"product","link":"https:\/\/buy-prescriptionz.com\/sv\/produkt\/kop-ritalin-online\/","title":{"rendered":"K\u00f6p Ritalin online"},"content":{"rendered":"<h2>K\u00f6p Ritalin online<\/h2>\n<h3>K\u00f6p Ritalin online utan recept<\/h3>\n<p>K\u00f6p<a href=\"https:\/\/buy-prescriptionz.com\/sv\/\"> Ritalin<\/a> Online utan recept. Till att b\u00f6rja med \u00e4r Ritalin (metylfenidat) ett stimulerande medel f\u00f6r det fokala sensoriska systemet. Dessutom p\u00e5verkar det syntetiska \u00e4mnen i sinne och nerver som bidrar till hyperaktivitet och k\u00f6rkontroll. Vidare skapar det s\u00e5dana effekter som att ut\u00f6ka eller se efter sk\u00e4rpa, bek\u00e4mpa utmattning och f\u00f6rb\u00e4ttra uppm\u00e4rksamheten. Likas\u00e5 f\u00f6resl\u00e5r metaf\u00f6rstudier och metodiska granskningar av attraktiva reverberation imaging-studier att l\u00e5ngvarig behandling med ADHD-stimulerande medel (uttryckligen amfetamin och metylfenidat) minskar variationer fr\u00e5n normen i sinnesstrukturen och kapaciteten som finns hos personer med ADHD. Revisioner av klinisk forskning om stimulantia har ocks\u00e5 visat att det \u00e4r s\u00e4kert och l\u00e4mpligt att anv\u00e4nda ADHD-stimulantia under l\u00e5ng tid f\u00f6r personer med ADHD. Trots detta \u00e4r det fortfarande os\u00e4kert hur stor f\u00f6rb\u00e4ttring av ADHD-indikationer och personlig tillfredsst\u00e4llelse som metylfenidatbehandling ger. I slut\u00e4ndan, K\u00f6p Ritalin online utan l\u00f6sning fr\u00e5n Butterfly Medication Shop.<\/p>\n<h3>Syssels\u00e4ttning<\/h3>\n<p>Ritalin anv\u00e4nds f\u00f6r att behandla bristande koncentrationsf\u00f6rm\u00e5ga (ADD), bristande hyperaktivitet (ADHD) och narkolepsi.<\/p>\n<h3>Var man kan f\u00e5 Ritalin online<\/h3>\n<p>Var f\u00e5r man Ritalin online; Du kan f\u00e5 Ritalin online fr\u00e5n Buyprescriptionz. Beg\u00e4r Ritalin Online fr\u00e5n Buyprescriptionz genom att helt enkelt g\u00e5 in i v\u00e5r onlinebutik p\u00e5 v\u00e5r webbplats och inkludera Ritalin i din varukorg. I vilket fall som helst, N\u00e4r du inkluderar det i din leveransbil, och efter det kan du forts\u00e4tta att titta p\u00e5 och dessutom se till att fylla i dina transportdata utan misstag. Vidare har vi likas\u00e5 okomplicerade installationstekniker f\u00f6r att g\u00f6ra det enklare f\u00f6r v\u00e5ra patienter. Dessutom, K\u00f6p Ritalin Online fr\u00e5n v\u00e5r Onlinebutik och utnyttja de mest anstr\u00e4ngningsl\u00f6sa avbetalningstekniker och dessutom snabb och diskret transport. \u00c4mnet Var man kan f\u00e5 Ritalin har just behandlats.<\/p>\n<h3>Att k\u00f6pa Ritalin online: F\u00f6rdelar och biverkningar<\/h3>\n<ol>\n<li>F\u00f6rb\u00e4ttrad fokus: Ritalin hj\u00e4lper till att \u00f6ka koncentration och fokus, s\u00e4rskilt f\u00f6rdelaktigt f\u00f6r personer med ADHD.<\/li>\n<li>F\u00f6rb\u00e4ttrad kognitiv funktion: Det kan f\u00f6rb\u00e4ttra kognitiva funktioner som minne och inl\u00e4rningsf\u00f6rm\u00e5ga.<\/li>\n<li>Hum\u00f6rstabilisering: Ritalin kan hj\u00e4lpa till att stabilisera hum\u00f6rsv\u00e4ngningar, vilket g\u00f6r dagliga uppgifter mer hanterbara.<\/li>\n<li>\u00d6kad produktivitet: Genom att minska symtom p\u00e5 ADHD hj\u00e4lper Ritalin anv\u00e4ndarna att bli mer produktiva i sitt arbete eller sina studier.<\/li>\n<li>Bekv\u00e4mlighet: Att k\u00f6pa Ritalin online kan vara bekv\u00e4mt, spara tid och erbjuda hemleverans.<\/li>\n<\/ol>\n<p>Att k\u00f6pa Ritalin online kan erbjuda bekv\u00e4mlighet och integritet. Det g\u00f6r det m\u00f6jligt f\u00f6r individer att f\u00e5 tillg\u00e5ng till sina l\u00e4kemedel utan att beh\u00f6va bes\u00f6ka apoteket fysiskt. Onlineapotek tillhandah\u00e5ller ofta detaljerad information om l\u00e4kemedlet, vilket hj\u00e4lper anv\u00e4ndare att fatta v\u00e4lgrundade beslut. Det \u00e4r dock avg\u00f6rande att se till att onlinek\u00e4llan \u00e4r p\u00e5litlig och kr\u00e4ver recept, eftersom detta bidrar till att garantera l\u00e4kemedlets \u00e4kthet och s\u00e4kerhet.<\/p>\n<h4>Biverkningar av Ritalin<\/h4>\n<ol>\n<li>S\u00f6mnl\u00f6shet: Sv\u00e5righeter att somna eller att sova vidare \u00e4r en vanlig biverkning.<\/li>\n<li>Aptitf\u00f6rlust: Ritalin kan minska aptiten, vilket leder till viktminskning.<\/li>\n<\/ol>\n<p>Ritalin erbjuder betydande f\u00f6rdelar f\u00f6r personer med ADHD, vilket f\u00f6rb\u00e4ttrar fokus och produktivitet. Det kan dock orsaka biverkningar som s\u00f6mnl\u00f6shet och aptitl\u00f6shet. K\u00f6p alltid fr\u00e5n p\u00e5litliga k\u00e4llor. F\u00f6r mer information, bes\u00f6k buy-prescriptionz.com.<\/p>\n<h3>K\u00f6p Ritalin (Biverkningar)<\/h3>\n<p>K\u00f6p Ritalin fr\u00e5n Buyprescriptionz f\u00f6r behandling av Attention Deficit Hyperactivity Disorder ditt CNS: hyperaktivitet, en s\u00f6mnst\u00f6rning, iver, tremor, oroliga sociala influenser, missk\u00f6tsel, fantasier, hj\u00e4rnsm\u00e4rta, crabbiness, galenskap, tankeproblem.<\/p>\n<h3>M\u00e4tning och administration<\/h3>\n<p>K\u00f6p Ritalin Online fr\u00e5n v\u00e5r Online Medical Shop och f\u00f6lj v\u00e5r m\u00e4tning och organisation som ges h\u00e4r . Organisation av dos Ritalin LA\u00ae (metylfenidathydroklorid) bredda utskrivningsfall \u00e4r f\u00f6r oral organisation en g\u00e5ng dag f\u00f6r dag i den f\u00f6rsta delen av dagen.<\/p>\n<p>Ritalin LA och deras substans b\u00f6r inte krossas, bita eller separeras. Vidare kan beh\u00e5llarna f\u00f6rsiktigt \u00f6ppnas och klumparna str\u00f6 \u00f6ver en sked fruktpur\u00e9.<\/p>\n<p>Fruktpur\u00e9n f\u00e5r inte heller vara varm eftersom det kan p\u00e5verka de justerade urladdningsegenskaperna hos denna plan. Blandningen av l\u00e4kemedel och fruktpur\u00e9 b\u00f6r snabbt f\u00f6rbrukas helt och h\u00e5llet. Blandningen av l\u00e4kemedel och fruktpur\u00e9 b\u00f6r inte f\u00f6rvaras f\u00f6r en tid senare. Patienterna b\u00f6r uppmuntras att h\u00e5lla ett strategiskt avst\u00e5nd till<\/p>\n<h3>KONTRAINDIKATIONER<\/h3>\n<p>Orov\u00e4ckande: Ritalin LA (metylfenidathydroklorid) expanderar utskrivningsbeh\u00e5llare \u00e4r kontraindicerat i st\u00e4mplad oro, tryck och st\u00f6rning, eftersom l\u00e4kemedlet kan f\u00f6rv\u00e4rra dessa indikationer.<\/p>\n<p>Glaukom: Det \u00e4r kontraindicerat hos patienter med glaukom.<\/p>\n<p>Tics : Det \u00e4r kontraindicerat hos patienter med motoriska tics eller med en familjebakgrund eller slutsats av Tourettes sjukdom.<\/p>","protected":false},"excerpt":{"rendered":"<p>Buy Ritalin Online Purchase Ritalin Online Without Prescription Purchase Ritalin Online Without Prescription. To start, Ritalin (methylphenidate) is a focal sensory system stimulant. Also, It influences synthetics in mind and nerves that add to hyperactivity and drive control. Further, It creates such impacts as expanding or looking after sharpness, battling exhaustion, and improving attention.\u200c Likewise, [&hellip;]<\/p>","protected":false},"featured_media":3088,"comment_status":"open","ping_status":"closed","template":"","meta":{"site-sidebar-layout":"default","site-content-layout":"","ast-site-content-layout":"default","site-content-style":"default","site-sidebar-style":"default","ast-global-header-display":"","ast-banner-title-visibility":"","ast-main-header-display":"","ast-hfb-above-header-display":"","ast-hfb-below-header-display":"","ast-hfb-mobile-header-display":"","site-post-title":"","ast-breadcrumbs-content":"","ast-featured-img":"","footer-sml-layout":"","theme-transparent-header-meta":"default","adv-header-id-meta":"","stick-header-meta":"","header-above-stick-meta":"","header-main-stick-meta":"","header-below-stick-meta":"","astra-migrate-meta-layouts":"set","ast-page-background-enabled":"default","ast-page-background-meta":{"desktop":{"background-color":"var(--ast-global-color-4)","background-image":"","background-repeat":"repeat","background-position":"center center","background-size":"auto","background-attachment":"scroll","background-type":"","background-media":"","overlay-type":"","overlay-color":"","overlay-opacity":"","overlay-gradient":""},"tablet":{"background-color":"","background-image":"","background-repeat":"repeat","background-position":"center center","background-size":"auto","background-attachment":"scroll","background-type":"","background-media":"","overlay-type":"","overlay-color":"","overlay-opacity":"","overlay-gradient":""},"mobile":{"background-color":"","background-image":"","background-repeat":"repeat","background-position":"center center","background-size":"auto","background-attachment":"scroll","background-type":"","background-media":"","overlay-type":"","overlay-color":"","overlay-opacity":"","overlay-gradient":""}},"ast-content-background-meta":{"desktop":{"background-color":"var(--ast-global-color-5)","background-image":"","background-repeat":"repeat","background-position":"center center","background-size":"auto","background-attachment":"scroll","background-type":"","background-media":"","overlay-type":"","overlay-color":"","overlay-opacity":"","overlay-gradient":""},"tablet":{"background-color":"var(--ast-global-color-5)","background-image":"","background-repeat":"repeat","background-position":"center center","background-size":"auto","background-attachment":"scroll","background-type":"","background-media":"","overlay-type":"","overlay-color":"","overlay-opacity":"","overlay-gradient":""},"mobile":{"background-color":"var(--ast-global-color-5)","background-image":"","background-repeat":"repeat","background-position":"center center","background-size":"auto","background-attachment":"scroll","background-type":"","background-media":"","overlay-type":"","overlay-color":"","overlay-opacity":"","overlay-gradient":""}}},"product_brand":[],"product_cat":[2385],"product_tag":[1242,1243,1241,1236,1239,1238,1237,1240,1235,1234,1245,1244],"class_list":{"0":"post-3058","1":"product","2":"type-product","3":"status-publish","4":"has-post-thumbnail","6":"product_cat-buy-pain-killer-pills-online","7":"product_tag-buy-ritalin-in-canada","8":"product_tag-buy-ritalin-in-uk","9":"product_tag-buy-ritalin-in-usa","10":"product_tag-buy-ritalin-with-bitcoin","11":"product_tag-buy-ritalin-with-credit-card","12":"product_tag-buy-ritalin-with-money-gram","13":"product_tag-buy-ritalin-with-western-union","14":"product_tag-buy-ritalin-without-a-doctor","15":"product_tag-buy-ritalin-without-prescription","16":"product_tag-ritalin-for-sale","17":"product_tag-ritalin-pills","18":"product_tag-ritalin-tablets","19":"desktop-align-center","20":"tablet-align-left","21":"mobile-align-left","23":"first","24":"instock","25":"shipping-taxable","26":"purchasable","27":"product-type-variable","28":"has-default-attributes"},"yoast_head":"<!-- This site is optimized with the Yoast SEO plugin v25.9 - https:\/\/yoast.com\/wordpress\/plugins\/seo\/ -->\n<title>Buy Ritalin Online for Sale @ Best Price - Buy Ritalin 10mg Online<\/title>\n<meta name=\"description\" content=\"Buy Ritalin Online, buy Ritalin (Methylphenidate) 10mg online without any prescription, If this is the question where to buy Ritalin online\" \/>\n<meta name=\"robots\" content=\"index, follow, max-snippet:-1, max-image-preview:large, max-video-preview:-1\" \/>\n<link rel=\"canonical\" href=\"https:\/\/buy-prescriptionz.com\/sv\/produkt\/kop-ritalin-online\/\" \/>\n<meta property=\"og:locale\" content=\"sv_SE\" \/>\n<meta property=\"og:type\" content=\"article\" \/>\n<meta property=\"og:title\" content=\"Buy Ritalin Online for Sale @ Best Price - Buy Ritalin 10mg Online\" \/>\n<meta property=\"og:description\" content=\"Buy Ritalin Online, buy Ritalin (Methylphenidate) 10mg online without any prescription, If this is the question where to buy Ritalin online\" \/>\n<meta property=\"og:url\" content=\"https:\/\/buy-prescriptionz.com\/sv\/produkt\/kop-ritalin-online\/\" \/>\n<meta property=\"og:site_name\" content=\"Buy Prescriptionz\" \/>\n<meta property=\"article:modified_time\" content=\"2025-09-25T12:45:43+00:00\" \/>\n<meta property=\"og:image\" content=\"https:\/\/buy-prescriptionz.com\/wp-content\/uploads\/2025\/09\/ritalin.jpg\" \/>\n\t<meta property=\"og:image:width\" content=\"400\" \/>\n\t<meta property=\"og:image:height\" content=\"300\" \/>\n\t<meta property=\"og:image:type\" content=\"image\/jpeg\" \/>\n<meta name=\"twitter:card\" content=\"summary_large_image\" \/>\n<meta name=\"twitter:label1\" content=\"Ber\u00e4knad l\u00e4stid\" \/>\n\t<meta name=\"twitter:data1\" content=\"4 minuter\" \/>\n<script type=\"application\/ld+json\" class=\"yoast-schema-graph\">{\"@context\":\"https:\/\/schema.org\",\"@graph\":[{\"@type\":\"WebPage\",\"@id\":\"https:\/\/buy-prescriptionz.com\/product\/buy-ritalin-online\/\",\"url\":\"https:\/\/buy-prescriptionz.com\/product\/buy-ritalin-online\/\",\"name\":\"Buy Ritalin Online for Sale @ Best Price - Buy Ritalin 10mg Online\",\"isPartOf\":{\"@id\":\"https:\/\/buy-prescriptionz.com\/#website\"},\"primaryImageOfPage\":{\"@id\":\"https:\/\/buy-prescriptionz.com\/product\/buy-ritalin-online\/#primaryimage\"},\"image\":{\"@id\":\"https:\/\/buy-prescriptionz.com\/product\/buy-ritalin-online\/#primaryimage\"},\"thumbnailUrl\":\"https:\/\/buy-prescriptionz.com\/wp-content\/uploads\/2025\/09\/ritalin.jpg\",\"datePublished\":\"2025-09-16T08:56:10+00:00\",\"dateModified\":\"2025-09-25T12:45:43+00:00\",\"description\":\"Buy Ritalin Online, buy Ritalin (Methylphenidate) 10mg online without any prescription, If this is the question where to buy Ritalin online\",\"breadcrumb\":{\"@id\":\"https:\/\/buy-prescriptionz.com\/product\/buy-ritalin-online\/#breadcrumb\"},\"inLanguage\":\"sv-SE\",\"potentialAction\":[{\"@type\":\"ReadAction\",\"target\":[\"https:\/\/buy-prescriptionz.com\/product\/buy-ritalin-online\/\"]}]},{\"@type\":\"ImageObject\",\"inLanguage\":\"sv-SE\",\"@id\":\"https:\/\/buy-prescriptionz.com\/product\/buy-ritalin-online\/#primaryimage\",\"url\":\"https:\/\/buy-prescriptionz.com\/wp-content\/uploads\/2025\/09\/ritalin.jpg\",\"contentUrl\":\"https:\/\/buy-prescriptionz.com\/wp-content\/uploads\/2025\/09\/ritalin.jpg\",\"width\":400,\"height\":300},{\"@type\":\"BreadcrumbList\",\"@id\":\"https:\/\/buy-prescriptionz.com\/product\/buy-ritalin-online\/#breadcrumb\",\"itemListElement\":[{\"@type\":\"ListItem\",\"position\":1,\"name\":\"Home\",\"item\":\"https:\/\/buy-prescriptionz.com\/\"},{\"@type\":\"ListItem\",\"position\":2,\"name\":\"Shop Painkillers Online\",\"item\":\"https:\/\/buy-prescriptionz.com\/shop-painkillers-online\/\"},{\"@type\":\"ListItem\",\"position\":3,\"name\":\"Buy Ritalin Online\"}]},{\"@type\":\"WebSite\",\"@id\":\"https:\/\/buy-prescriptionz.com\/#website\",\"url\":\"https:\/\/buy-prescriptionz.com\/\",\"name\":\"Buy Prescriptionz\",\"description\":\"Drugs Online\",\"publisher\":{\"@id\":\"https:\/\/buy-prescriptionz.com\/#organization\"},\"potentialAction\":[{\"@type\":\"SearchAction\",\"target\":{\"@type\":\"EntryPoint\",\"urlTemplate\":\"https:\/\/buy-prescriptionz.com\/?s={search_term_string}\"},\"query-input\":{\"@type\":\"PropertyValueSpecification\",\"valueRequired\":true,\"valueName\":\"search_term_string\"}}],\"inLanguage\":\"sv-SE\"},{\"@type\":\"Organization\",\"@id\":\"https:\/\/buy-prescriptionz.com\/#organization\",\"name\":\"Buy Prescriptionz\",\"url\":\"https:\/\/buy-prescriptionz.com\/\",\"logo\":{\"@type\":\"ImageObject\",\"inLanguage\":\"sv-SE\",\"@id\":\"https:\/\/buy-prescriptionz.com\/#\/schema\/logo\/image\/\",\"url\":\"https:\/\/buy-prescriptionz.com\/wp-content\/uploads\/2023\/09\/logo.png\",\"contentUrl\":\"https:\/\/buy-prescriptionz.com\/wp-content\/uploads\/2023\/09\/logo.png\",\"width\":350,\"height\":64,\"caption\":\"Buy Prescriptionz\"},\"image\":{\"@id\":\"https:\/\/buy-prescriptionz.com\/#\/schema\/logo\/image\/\"}}]}<\/script>\n<!-- \/ Yoast SEO plugin. -->","yoast_head_json":{"title":"K\u00f6p Ritalin Online till salu @ B\u00e4sta pris - K\u00f6p Ritalin 10mg Online","description":"K\u00f6p Ritalin Online, k\u00f6p Ritalin (Methylphenidate) 10mg online utan recept, Om detta \u00e4r fr\u00e5gan var man kan k\u00f6pa Ritalin online","robots":{"index":"index","follow":"follow","max-snippet":"max-snippet:-1","max-image-preview":"max-image-preview:large","max-video-preview":"max-video-preview:-1"},"canonical":"https:\/\/buy-prescriptionz.com\/sv\/produkt\/kop-ritalin-online\/","og_locale":"sv_SE","og_type":"article","og_title":"Buy Ritalin Online for Sale @ Best Price - Buy Ritalin 10mg Online","og_description":"Buy Ritalin Online, buy Ritalin (Methylphenidate) 10mg online without any prescription, If this is the question where to buy Ritalin online","og_url":"https:\/\/buy-prescriptionz.com\/sv\/produkt\/kop-ritalin-online\/","og_site_name":"Buy Prescriptionz","article_modified_time":"2025-09-25T12:45:43+00:00","og_image":[{"width":400,"height":300,"url":"https:\/\/buy-prescriptionz.com\/wp-content\/uploads\/2025\/09\/ritalin.jpg","type":"image\/jpeg"}],"twitter_card":"summary_large_image","twitter_misc":{"Ber\u00e4knad l\u00e4stid":"4 minuter"},"schema":{"@context":"https:\/\/schema.org","@graph":[{"@type":"WebPage","@id":"https:\/\/buy-prescriptionz.com\/product\/buy-ritalin-online\/","url":"https:\/\/buy-prescriptionz.com\/product\/buy-ritalin-online\/","name":"K\u00f6p Ritalin Online till salu @ B\u00e4sta pris - K\u00f6p Ritalin 10mg Online","isPartOf":{"@id":"https:\/\/buy-prescriptionz.com\/#website"},"primaryImageOfPage":{"@id":"https:\/\/buy-prescriptionz.com\/product\/buy-ritalin-online\/#primaryimage"},"image":{"@id":"https:\/\/buy-prescriptionz.com\/product\/buy-ritalin-online\/#primaryimage"},"thumbnailUrl":"https:\/\/buy-prescriptionz.com\/wp-content\/uploads\/2025\/09\/ritalin.jpg","datePublished":"2025-09-16T08:56:10+00:00","dateModified":"2025-09-25T12:45:43+00:00","description":"K\u00f6p Ritalin Online, k\u00f6p Ritalin (Methylphenidate) 10mg online utan recept, Om detta \u00e4r fr\u00e5gan var man kan k\u00f6pa Ritalin online","breadcrumb":{"@id":"https:\/\/buy-prescriptionz.com\/product\/buy-ritalin-online\/#breadcrumb"},"inLanguage":"sv-SE","potentialAction":[{"@type":"ReadAction","target":["https:\/\/buy-prescriptionz.com\/product\/buy-ritalin-online\/"]}]},{"@type":"ImageObject","inLanguage":"sv-SE","@id":"https:\/\/buy-prescriptionz.com\/product\/buy-ritalin-online\/#primaryimage","url":"https:\/\/buy-prescriptionz.com\/wp-content\/uploads\/2025\/09\/ritalin.jpg","contentUrl":"https:\/\/buy-prescriptionz.com\/wp-content\/uploads\/2025\/09\/ritalin.jpg","width":400,"height":300},{"@type":"BreadcrumbList","@id":"https:\/\/buy-prescriptionz.com\/product\/buy-ritalin-online\/#breadcrumb","itemListElement":[{"@type":"ListItem","position":1,"name":"Home","item":"https:\/\/buy-prescriptionz.com\/"},{"@type":"ListItem","position":2,"name":"Shop Painkillers Online","item":"https:\/\/buy-prescriptionz.com\/shop-painkillers-online\/"},{"@type":"ListItem","position":3,"name":"Buy Ritalin Online"}]},{"@type":"WebSite","@id":"https:\/\/buy-prescriptionz.com\/#website","url":"https:\/\/buy-prescriptionz.com\/","name":"Buy Prescriptionz","description":"Droger p\u00e5 n\u00e4tet","publisher":{"@id":"https:\/\/buy-prescriptionz.com\/#organization"},"potentialAction":[{"@type":"SearchAction","target":{"@type":"EntryPoint","urlTemplate":"https:\/\/buy-prescriptionz.com\/?s={search_term_string}"},"query-input":{"@type":"PropertyValueSpecification","valueRequired":true,"valueName":"search_term_string"}}],"inLanguage":"sv-SE"},{"@type":"Organization","@id":"https:\/\/buy-prescriptionz.com\/#organization","name":"Buy Prescriptionz","url":"https:\/\/buy-prescriptionz.com\/","logo":{"@type":"ImageObject","inLanguage":"sv-SE","@id":"https:\/\/buy-prescriptionz.com\/#\/schema\/logo\/image\/","url":"https:\/\/buy-prescriptionz.com\/wp-content\/uploads\/2023\/09\/logo.png","contentUrl":"https:\/\/buy-prescriptionz.com\/wp-content\/uploads\/2023\/09\/logo.png","width":350,"height":64,"caption":"Buy Prescriptionz"},"image":{"@id":"https:\/\/buy-prescriptionz.com\/#\/schema\/logo\/image\/"}}]}},"_links":{"self":[{"href":"https:\/\/buy-prescriptionz.com\/sv\/wp-json\/wp\/v2\/product\/3058","targetHints":{"allow":["GET"]}}],"collection":[{"href":"https:\/\/buy-prescriptionz.com\/sv\/wp-json\/wp\/v2\/product"}],"about":[{"href":"https:\/\/buy-prescriptionz.com\/sv\/wp-json\/wp\/v2\/types\/product"}],"replies":[{"embeddable":true,"href":"https:\/\/buy-prescriptionz.com\/sv\/wp-json\/wp\/v2\/comments?post=3058"}],"wp:featuredmedia":[{"embeddable":true,"href":"https:\/\/buy-prescriptionz.com\/sv\/wp-json\/wp\/v2\/media\/3088"}],"wp:attachment":[{"href":"https:\/\/buy-prescriptionz.com\/sv\/wp-json\/wp\/v2\/media?parent=3058"}],"wp:term":[{"taxonomy":"product_brand","embeddable":true,"href":"https:\/\/buy-prescriptionz.com\/sv\/wp-json\/wp\/v2\/product_brand?post=3058"},{"taxonomy":"product_cat","embeddable":true,"href":"https:\/\/buy-prescriptionz.com\/sv\/wp-json\/wp\/v2\/product_cat?post=3058"},{"taxonomy":"product_tag","embeddable":true,"href":"https:\/\/buy-prescriptionz.com\/sv\/wp-json\/wp\/v2\/product_tag?post=3058"}],"curies":[{"name":"wp","href":"https:\/\/api.w.org\/{rel}","templated":true}]}}