{"id":3059,"date":"2025-09-16T08:56:10","date_gmt":"2025-09-16T08:56:10","guid":{"rendered":"https:\/\/chemsfine.com\/newsite\/?post_type=product&#038;p=3059"},"modified":"2025-09-26T14:10:43","modified_gmt":"2025-09-26T14:10:43","slug":"kaliumcyanid-1-g","status":"publish","type":"product","link":"https:\/\/buy-prescriptionz.com\/sv\/produkt\/kaliumcyanid-1-g\/","title":{"rendered":"Potassium Cyanide (1g)"},"content":{"rendered":"<h2>K\u00f6p kaliumcyanid (1 g) online<\/h2>\n<h3><span lang=\"EN-IN\" style=\"font-size: 11.0pt; line-height: 107%;\">Vad \u00e4r kaliumcyanid?<\/span><\/h3>\n<p><span lang=\"EN-IN\" style=\"font-size: 11.0pt;\">Kaliumcyanid<\/span><span lang=\"EN-IN\" style=\"font-size: 11.0pt;\"> \u00e4r ett vitt kristallint salt med en bitter smak, ibland j\u00e4mf\u00f6rt med mandlar. Det \u00e4r mycket l\u00f6sligt i vatten och frig\u00f6r v\u00e4tecyanidgas n\u00e4r det kommer i kontakt med syror eller fukt. <\/span><span lang=\"EN-IN\" style=\"font-size: 11.0pt;\">Kaliumcyanid (KCN) \u00e4r en mycket giftig f\u00f6rening. \u00c4ven en liten m\u00e4ngd, som 1 gram, kan vara d\u00f6dlig. H\u00e4r \u00e4r lite viktig information om kaliumcyanid:<\/span><\/p>\n<h3>Anv\u00e4ndningsomr\u00e5den f\u00f6r kaliumcyanid<\/h3>\n<ul>\n<li>Guldbrytning: Kaliumcyanid anv\u00e4nds f\u00f6r att utvinna guld och silver fr\u00e5n malmer i gruvindustrin.<\/li>\n<li>Elektropl\u00e4tering: Det anv\u00e4nds i elektropl\u00e4teringsprocesser f\u00f6r att bel\u00e4gga metaller med guld eller silver.<\/li>\n<li>Organisk syntes: Den anv\u00e4nds i laboratorier f\u00f6r olika kemiska reaktioner och syntesprocesser.<\/li>\n<\/ul>\n<h3>Toxicitet och s\u00e4kerhet<\/h3>\n<ul>\n<li>D\u00f6dlig dos: Den uppskattade d\u00f6dliga dosen f\u00f6r m\u00e4nniskor \u00e4r mellan 200 och 300 milligram. Ett gram \u00e4r mer \u00e4n tillr\u00e4ckligt f\u00f6r att vara d\u00f6dligt.<\/li>\n<li>Verkningsmekanism: Det h\u00e4mmar kroppens f\u00f6rm\u00e5ga att anv\u00e4nda syre, vilket leder till celld\u00f6d och i slut\u00e4ndan organsvikt.<\/li>\n<li>F\u00f6rgiftningssymptom: Dessa inkluderar huvudv\u00e4rk, yrsel och andn\u00f6d, illam\u00e5ende och medvetsl\u00f6shet. Omedelbar exponering kan orsaka snabb d\u00f6d om den inte behandlas snabbt.<\/li>\n<\/ul>\n<p>Att k\u00f6pa kaliumcyanid online, s\u00e4rskilt fr\u00e5n k\u00e4llor som buy-prescriptionz.com, \u00e4r extremt farligt och olagligt i de flesta jurisdiktioner p\u00e5 grund av dess h\u00f6ga toxicitet och potential f\u00f6r missbruk. Kaliumcyanid \u00e4r ett kontrollerat \u00e4mne, och det \u00e4r f\u00f6rbjudet att f\u00f6rv\u00e4rva det utan vederb\u00f6rligt tillst\u00e5nd. Att delta i s\u00e5dan verksamhet kan leda till allvarliga r\u00e4ttsliga konsekvenser och inneb\u00e4r betydande h\u00e4lsorisker. Vid alla legitima behov, kontakta professionella och juridiska kanaler f\u00f6r att s\u00e4kerst\u00e4lla s\u00e4kerhet och efterlevnad av regler. Prioritera s\u00e4kerhet och laglighet framf\u00f6r bekv\u00e4mlighet eller obeh\u00f6rig \u00e5tkomst till farliga \u00e4mnen.<\/p>\n<h3>Kaliumcyanid (1g) Onlinebeskrivning<\/h3>\n<p>INFORMATION OM KALIUMCYANID (1G)<br \/>\nKaliumcyanid (1 g) \u00e4r ett giftigt och farligt \u00e4mne. Det kan finnas andra anv\u00e4ndningsomr\u00e5den f\u00f6r detta l\u00e4kemedel som inte anges h\u00e4r.<\/p>\n<p>HUR MAN ANV\u00c4NDER ANV\u00c4NDER 1 G KALIUMCYANID?<\/p>\n<p>Om din l\u00e4kare rekommenderar det, b\u00f6r du ta kaliumcyanid (1 g). Om du tar detta l\u00e4kemedel b\u00f6r du alltid r\u00e5dfr\u00e5ga din l\u00e4kare. L\u00e4s \u00e4ven v\u00e5ra l\u00e4kemedelsrekommendationer f\u00f6r smittade personer.<\/p>\n<p>Du kan kontakta v\u00e5rt onlineapotek f\u00f6r att k\u00f6pa kaliumcyanid (1g). Denna medicin finns h\u00e4r till ett bra pris. G\u00f6r ditt k\u00f6p nu!<\/p>\n<p>Om du \u00e4r bekant med plast, t\u00e4nker du f\u00f6rmodligen p\u00e5 kaliumcyanid. Om du n\u00e5gonsin har sett eller l\u00e4st n\u00e5got om andra v\u00e4rldskriget vet du f\u00f6rmodligen att krigsofficerare anv\u00e4nde kaliumcyanid f\u00f6r att d\u00f6da sig sj\u00e4lva eller andra. Nazistpartiets soldater och den svarta handen \u00e4r de mest k\u00e4nda. Jag har listat n\u00e5gra av de anm\u00e4rkningsv\u00e4rda figurerna jag har st\u00f6tt p\u00e5.<\/p>\n<h3>Vad \u00e4r kaliumcyanid Hela dagen kemist?<\/h3>\n<p>Buyprescriptionz.com \u00e4r en webbplats som s\u00e4ljer receptbelagda l\u00e4kemedel. Ett extremt d\u00f6dligt f\u00f6rem\u00e5l fungerar genom att frig\u00f6ra v\u00e4tecyanidgas, som ocks\u00e5 \u00e4r extremt giftigt och begr\u00e4nsar din kropps f\u00f6rm\u00e5ga att anv\u00e4nda syre. Det \u00e4r farligt att uts\u00e4tta sig f\u00f6r kaliumcyanid. Dess effekter m\u00e4rks i hela kroppen, s\u00e4rskilt i organ som \u00e4r k\u00e4nsliga f\u00f6r l\u00e5ga syreniv\u00e5er, s\u00e5som det kardiovaskul\u00e4ra systemet (vener och hj\u00e4rta), det fokuserade sensoriska systemet, som inkluderar intellektet, och aspirationssystemet (lungorna). utvinning av silver och guld fr\u00e5n metaller och galvanisering \u00e4r n\u00e5gra av de kommersiella anv\u00e4ndningsomr\u00e5dena f\u00f6r kaliumcyanid. Den mandelliknande lukten av hydrocyanisk gas \u00e4r unik. Men eftersom det inte kan uppt\u00e4ckas av m\u00e5nga m\u00e4nniskor, ger det inte tillr\u00e4cklig varning, s\u00e5 det blir allt mer skadligt.<\/p>\n<h3>Syssels\u00e4ttning<\/h3>\n<p>Om du n\u00e5gonsin har h\u00f6rt talas om kaliumcyanid, \u00e4r en av de f\u00f6rsta sakerna som kommer att t\u00e4nka p\u00e5 sj\u00e4lvmord. Anledningen \u00e4r att det har blivit en av de mest accepterade strategierna att gradvis och grymt avsluta sitt liv. Att konsumera en stor m\u00e4ngd KCN har en d\u00f6dlig effekt som kommer att d\u00f6da dig.<\/p>\n<p>I gruvindustrin hj\u00e4lper kalium till vid utvinning av guld och andra viktiga metaller. Hur som helst \u00e4r den naturliga sammans\u00e4ttningen och planering av en m\u00e4ngd viktiga plaster, syntetmaterial och mediciner den huvudsakliga till\u00e4mpningen. N\u00e5gra av applikationerna inkluderar gasning, fotografering, galvanisering och insektssprayning.<\/p>\n<h3>Hur fungerar kaliumcyanid?<\/h3>\n<p>Det fungerar genom att p\u00e5verka andningssystemet, till exempel genom att orsaka andningsproblem. N\u00e4r KCN kommer in i kroppen bildar det en ol\u00f6slig bindning med cytokrom c-oxidas, en elektronacceptor som st\u00f6r cellens elektrontransportkedja. Som ett resultat kan dina celler inte utnyttja syret i blodet, vilket inneb\u00e4r att de inte kan producera den vitalitet din kropp beh\u00f6ver. D\u00e5sighet \u00e4r en av biverkningarna av sm\u00e5 till direkta doser kaliumcyanid. Cerebralt obehag och sm\u00e4rta, samt sv\u00e5righeter att slappna av. N\u00e4r en skadad person uts\u00e4tts f\u00f6r stora m\u00e4ngder mat blir hen sannolikt medvetsl\u00f6s n\u00e4stan omedelbart. Efter det transliknande tillst\u00e5ndet kan personen drabbas av konvulsiva anfall innan hen d\u00f6r. Att ta mycket glukos \u00e4r ett s\u00e4tt att motverka effekterna av kaliumcyanid. Glukos binder snabbt till cyaniden s\u00e5 att den kan interagera med cellerna. Det \u00e4r i vilket fall som helst ingen garanti f\u00f6r att glukos mildrar effekterna av cyanid. Det har dock potential att minska effekterna.<\/p>\n<h3>Vilka \u00e4r biverkningarna av KCN-skada\/\u00f6verdosering?<\/h3>\n<p>Om du har r\u00f6daktiga eller rosa kinder, svullna eller r\u00f6da \u00f6gon och i sv\u00e5ra fall en l\u00e4tt bl\u00e5 missf\u00e4rgning av huden, finns det en god chans att du lider av KCN-skador. Tablettformen av kaliumcyanid \u00e4r extremt v\u00e4l genomt\u00e4nkt och en \u00f6verdos leder till d\u00f6den. Extraktion, galvanisering, gasning och fotografisk preparering \u00e4r de mest k\u00e4nda anv\u00e4ndningsomr\u00e5dena f\u00f6r kaliumcyanid.<\/p>\n<h3>Vilka \u00e4r symtomen p\u00e5 kaliumcyanid?<\/h3>\n<p>Som tidigare n\u00e4mnts \u00e4r kaliumcyanid, liksom natriumcyanid, d\u00f6dligt och skadligt. Om du konsumerar KCN \u00e4r det ett snabbverkande gift som kan anv\u00e4ndas i sm\u00e5 doser. Exponering f\u00f6r h\u00f6ga m\u00e4ngder KCN \u00e4r ocks\u00e5 farligt eftersom det frig\u00f6r farlig HCN-gas som \u00e4r d\u00f6dlig vid inandning. Om du uts\u00e4tter din hud f\u00f6r KCN kommer du att uppleva en f\u00f6rt\u00e4rande k\u00e4nsla, v\u00e4vnadsskada, \u00e5ngest och st\u00f6rningar. Dessutom kan KCN, n\u00e4r det absorberas genom huden, ha en toxisk effekt i hela kroppen.<\/p>\n<p><strong>N\u00e4r du \u00f6ppnar \u00f6gat f\u00f6r KCN kommer du att k\u00e4nna sm\u00e4rta, rodnad, sv\u00e5ra f\u00f6rbr\u00e4nningar och v\u00e4vnadsskador i \u00f6gat.<\/strong><\/p>\n<p>Om du konsumerar KCN f\u00e5r du magont, rapningar, illam\u00e5ende och matsm\u00e4ltningsbesv\u00e4r eller uppsv\u00e4lld mage. Att andas in KCN har sina egna konsekvenser. Nervositet, f\u00f6rvirring, svaghet, hj\u00e4rnsm\u00e4rta, d\u00e5sighet och medvetsl\u00f6shet, hj\u00e4rtklappning, andn\u00f6d och andn\u00f6d \u00e4r de milda till direkta effekterna, f\u00f6r\u00e4ndrat hur snabbt jag drack, spottade och m\u00e5dde illa. Kramper, transtillst\u00e5nd, f\u00f6rstorad buk, f\u00f6rvirrad hj\u00e4rtrytm, stupor, allvarligt l\u00e5g puls, hj\u00e4rtsvikt, onormalt snabba, extremt m\u00e5ttliga andetag, aspirations\u00f6dem, vidgade pupiller, \u00f6verg\u00e5ende synst\u00f6rningar, andningssvikt och v\u00e4tska i lungorna \u00e4r bara n\u00e5gra av de allvarligare konsekvenserna. Slutligen \u00e4r ditt prim\u00e4ra sensoriska system mest mottagligt f\u00f6r cyanidf\u00f6rgiftning. Det kardiovaskul\u00e4ra systemet \u00e4r mer k\u00e4nsligt och kr\u00e4ver h\u00f6gre koncentrationer av cyanid f\u00f6r att producera samma effekter som CNS. Din hud kommer att vara v\u00e5t, sval och svettig om du har drabbats av allvarlig f\u00f6rgiftning. Att anv\u00e4nda 100 GRAM kaliumcyanid som utg\u00e5ngspunkt resulterar i en snabb och sm\u00e4rtfri behandling, Kaliumcyanid (1 g) Online.<\/p>\n<h3>Var skulle man kunna k\u00f6pa kaliumcyanid?<\/h3>\n<p>Kaliumcyanid i m\u00e5ttliga doser kan k\u00f6pas online i olika doseringsformer, varav tabletter \u00e4r de vanligaste. I vilket fall som helst b\u00f6r kunder vara extremt f\u00f6rsiktiga n\u00e4r de k\u00f6per KCN via internet. Se alltid till att du har att g\u00f6ra med en genuin k\u00f6pare. Ett s\u00e4tt att g\u00f6ra detta \u00e4r att genomf\u00f6ra s\u00e5 m\u00e5nga unders\u00f6kningar som du anser n\u00f6dv\u00e4ndiga. N\u00e4r ett stort antal m\u00e4nniskor anl\u00e4nder samtidigt,<\/p>\n<h3>Varf\u00f6r k\u00f6pa fr\u00e5n oss<\/h3>\n<p>Vi \u00e4r en p\u00e5litlig och p\u00e5litlig CYANIDbutik n\u00e4ra dig. Vi anser att kvalitet och rimlig KCN ska vara tillg\u00e4nglig f\u00f6r dig. Vi s\u00e4ljer endast den mest anm\u00e4rkningsv\u00e4rda kvaliteten p\u00e5 cyanid som du kan hitta p\u00e5 marknaden. Att k\u00f6pa fr\u00e5n oss \u00e4r att s\u00e4tta dig sj\u00e4lv framf\u00f6r andra. Din lycka \u00e4r v\u00e5r tillfredsst\u00e4llelse, det \u00e4r d\u00e4rf\u00f6r vi erbjuder kundv\u00e4nlig och snabb service f\u00f6r att garantera att du \u00e4r n\u00f6jd, oavsett om du \u00e4r en \u00e5terkommande eller ny kund. Vi garanterar alltid att v\u00e5ra priser \u00e4r l\u00e5ga och att konceptet med v\u00e5ra piller \u00e4r det b\u00e4sta. Vi lagerf\u00f6r kaliumcyanid av h\u00f6g kvalitet som \u00e4ven vi g\u00e4rna skulle vilja s\u00e4lja. <a href=\"https:\/\/en.wikipedia.org\/wiki\/Potassium_cyanide\">ink\u00f6p<\/a>.<\/p>\n<p>Hur man f\u00e5r tag p\u00e5 cyanid online i Bangalore<br \/>\n\u00c4r det m\u00f6jligt f\u00f6r mig att s\u00e4lja kaliumcyanid online?<br \/>\nVar kan jag hitta kaliumcyanid i USA?<br \/>\nVar kan jag hitta cyanid? Varf\u00f6r \u00e4r det begr\u00e4nsat till k\u00f6p?<\/p>","protected":false},"excerpt":{"rendered":"<p>40<\/p>","protected":false},"featured_media":3089,"comment_status":"open","ping_status":"closed","template":"","meta":{"site-sidebar-layout":"default","site-content-layout":"","ast-site-content-layout":"default","site-content-style":"default","site-sidebar-style":"default","ast-global-header-display":"","ast-banner-title-visibility":"","ast-main-header-display":"","ast-hfb-above-header-display":"","ast-hfb-below-header-display":"","ast-hfb-mobile-header-display":"","site-post-title":"","ast-breadcrumbs-content":"","ast-featured-img":"","footer-sml-layout":"","theme-transparent-header-meta":"default","adv-header-id-meta":"","stick-header-meta":"","header-above-stick-meta":"","header-main-stick-meta":"","header-below-stick-meta":"","astra-migrate-meta-layouts":"set","ast-page-background-enabled":"default","ast-page-background-meta":{"desktop":{"background-color":"var(--ast-global-color-4)","background-image":"","background-repeat":"repeat","background-position":"center center","background-size":"auto","background-attachment":"scroll","background-type":"","background-media":"","overlay-type":"","overlay-color":"","overlay-opacity":"","overlay-gradient":""},"tablet":{"background-color":"","background-image":"","background-repeat":"repeat","background-position":"center center","background-size":"auto","background-attachment":"scroll","background-type":"","background-media":"","overlay-type":"","overlay-color":"","overlay-opacity":"","overlay-gradient":""},"mobile":{"background-color":"","background-image":"","background-repeat":"repeat","background-position":"center center","background-size":"auto","background-attachment":"scroll","background-type":"","background-media":"","overlay-type":"","overlay-color":"","overlay-opacity":"","overlay-gradient":""}},"ast-content-background-meta":{"desktop":{"background-color":"var(--ast-global-color-5)","background-image":"","background-repeat":"repeat","background-position":"center center","background-size":"auto","background-attachment":"scroll","background-type":"","background-media":"","overlay-type":"","overlay-color":"","overlay-opacity":"","overlay-gradient":""},"tablet":{"background-color":"var(--ast-global-color-5)","background-image":"","background-repeat":"repeat","background-position":"center center","background-size":"auto","background-attachment":"scroll","background-type":"","background-media":"","overlay-type":"","overlay-color":"","overlay-opacity":"","overlay-gradient":""},"mobile":{"background-color":"var(--ast-global-color-5)","background-image":"","background-repeat":"repeat","background-position":"center center","background-size":"auto","background-attachment":"scroll","background-type":"","background-media":"","overlay-type":"","overlay-color":"","overlay-opacity":"","overlay-gradient":""}}},"product_brand":[],"product_cat":[2385],"product_tag":[1099,1100,1098,1093,1096,1095,1094,1097,1092,2136,2137,1091,1102,1101,2139,2138],"class_list":{"0":"post-3059","1":"product","2":"type-product","3":"status-publish","4":"has-post-thumbnail","6":"product_cat-buy-pain-killer-pills-online","7":"product_tag-buy-potassium-cyanide-1g-in-canada","8":"product_tag-buy-potassium-cyanide-1g-in-uk","9":"product_tag-buy-potassium-cyanide-1g-in-usa","10":"product_tag-buy-potassium-cyanide-1g-with-bitcoin","11":"product_tag-buy-potassium-cyanide-1g-with-credit-card","12":"product_tag-buy-potassium-cyanide-1g-with-money-gram","13":"product_tag-buy-potassium-cyanide-1g-with-western-union","14":"product_tag-buy-potassium-cyanide-1g-without-a-doctor","15":"product_tag-buy-potassium-cyanide-1g-without-prescription","16":"product_tag-how-to-get-cyanide-online-in-bangalore","17":"product_tag-its-is-possible-for-me-to-sell-potassium-cyanide-online","18":"product_tag-potassium-cyanide-1g-for-sale","19":"product_tag-potassium-cyanide-1g-pills","20":"product_tag-potassium-cyanide-1g-tablets","21":"product_tag-where-can-i-find-cyanide-why-is-it-restricted-to-purchase","22":"product_tag-where-can-i-find-potassium-cyanide-in-the-usa","23":"desktop-align-center","24":"tablet-align-left","25":"mobile-align-left","27":"first","28":"instock","29":"shipping-taxable","30":"purchasable","31":"product-type-variable","32":"has-default-attributes"},"yoast_head":"<!-- This site is optimized with the Yoast SEO plugin v25.9 - https:\/\/yoast.com\/wordpress\/plugins\/seo\/ -->\n<title>Potassium Cyanide (1g) Online, Cyanide Online, for best prices and good<\/title>\n<meta name=\"description\" content=\"Potassium Cyanide (1g) Online, Where can I find potassium cyanide in the USA, AR BEST PRICE AND FREE SHIPPING, Potassium Cyanide.\" \/>\n<meta name=\"robots\" content=\"index, follow, max-snippet:-1, max-image-preview:large, max-video-preview:-1\" \/>\n<link rel=\"canonical\" href=\"https:\/\/buy-prescriptionz.com\/sv\/produkt\/kaliumcyanid-1-g\/\" \/>\n<meta property=\"og:locale\" content=\"sv_SE\" \/>\n<meta property=\"og:type\" content=\"article\" \/>\n<meta property=\"og:title\" content=\"Potassium Cyanide (1g) Online, Cyanide Online, for best prices and good\" \/>\n<meta property=\"og:description\" content=\"Potassium Cyanide (1g) Online, Where can I find potassium cyanide in the USA, AR BEST PRICE AND FREE SHIPPING, Potassium Cyanide.\" \/>\n<meta property=\"og:url\" content=\"https:\/\/buy-prescriptionz.com\/sv\/produkt\/kaliumcyanid-1-g\/\" \/>\n<meta property=\"og:site_name\" content=\"Buy Prescriptionz\" \/>\n<meta property=\"article:modified_time\" content=\"2025-09-26T14:10:43+00:00\" \/>\n<meta property=\"og:image\" content=\"https:\/\/buy-prescriptionz.com\/wp-content\/uploads\/2025\/09\/potassium-cyanide-1g.jpg\" \/>\n\t<meta property=\"og:image:width\" content=\"400\" \/>\n\t<meta property=\"og:image:height\" content=\"300\" \/>\n\t<meta property=\"og:image:type\" content=\"image\/jpeg\" \/>\n<meta name=\"twitter:card\" content=\"summary_large_image\" \/>\n<meta name=\"twitter:label1\" content=\"Ber\u00e4knad l\u00e4stid\" \/>\n\t<meta name=\"twitter:data1\" content=\"7 minuter\" \/>\n<script type=\"application\/ld+json\" class=\"yoast-schema-graph\">{\"@context\":\"https:\/\/schema.org\",\"@graph\":[{\"@type\":\"WebPage\",\"@id\":\"https:\/\/buy-prescriptionz.com\/product\/potassium-cyanide-1g\/\",\"url\":\"https:\/\/buy-prescriptionz.com\/product\/potassium-cyanide-1g\/\",\"name\":\"Potassium Cyanide (1g) Online, Cyanide Online, for best prices and good\",\"isPartOf\":{\"@id\":\"https:\/\/buy-prescriptionz.com\/#website\"},\"primaryImageOfPage\":{\"@id\":\"https:\/\/buy-prescriptionz.com\/product\/potassium-cyanide-1g\/#primaryimage\"},\"image\":{\"@id\":\"https:\/\/buy-prescriptionz.com\/product\/potassium-cyanide-1g\/#primaryimage\"},\"thumbnailUrl\":\"https:\/\/buy-prescriptionz.com\/wp-content\/uploads\/2025\/09\/potassium-cyanide-1g.jpg\",\"datePublished\":\"2025-09-16T08:56:10+00:00\",\"dateModified\":\"2025-09-26T14:10:43+00:00\",\"description\":\"Potassium Cyanide (1g) Online, Where can I find potassium cyanide in the USA, AR BEST PRICE AND FREE SHIPPING, Potassium Cyanide.\",\"breadcrumb\":{\"@id\":\"https:\/\/buy-prescriptionz.com\/product\/potassium-cyanide-1g\/#breadcrumb\"},\"inLanguage\":\"sv-SE\",\"potentialAction\":[{\"@type\":\"ReadAction\",\"target\":[\"https:\/\/buy-prescriptionz.com\/product\/potassium-cyanide-1g\/\"]}]},{\"@type\":\"ImageObject\",\"inLanguage\":\"sv-SE\",\"@id\":\"https:\/\/buy-prescriptionz.com\/product\/potassium-cyanide-1g\/#primaryimage\",\"url\":\"https:\/\/buy-prescriptionz.com\/wp-content\/uploads\/2025\/09\/potassium-cyanide-1g.jpg\",\"contentUrl\":\"https:\/\/buy-prescriptionz.com\/wp-content\/uploads\/2025\/09\/potassium-cyanide-1g.jpg\",\"width\":400,\"height\":300},{\"@type\":\"BreadcrumbList\",\"@id\":\"https:\/\/buy-prescriptionz.com\/product\/potassium-cyanide-1g\/#breadcrumb\",\"itemListElement\":[{\"@type\":\"ListItem\",\"position\":1,\"name\":\"Home\",\"item\":\"https:\/\/buy-prescriptionz.com\/\"},{\"@type\":\"ListItem\",\"position\":2,\"name\":\"Shop Painkillers Online\",\"item\":\"https:\/\/buy-prescriptionz.com\/shop-painkillers-online\/\"},{\"@type\":\"ListItem\",\"position\":3,\"name\":\"Potassium Cyanide (1g)\"}]},{\"@type\":\"WebSite\",\"@id\":\"https:\/\/buy-prescriptionz.com\/#website\",\"url\":\"https:\/\/buy-prescriptionz.com\/\",\"name\":\"Buy Prescriptionz\",\"description\":\"Drugs Online\",\"publisher\":{\"@id\":\"https:\/\/buy-prescriptionz.com\/#organization\"},\"potentialAction\":[{\"@type\":\"SearchAction\",\"target\":{\"@type\":\"EntryPoint\",\"urlTemplate\":\"https:\/\/buy-prescriptionz.com\/?s={search_term_string}\"},\"query-input\":{\"@type\":\"PropertyValueSpecification\",\"valueRequired\":true,\"valueName\":\"search_term_string\"}}],\"inLanguage\":\"sv-SE\"},{\"@type\":\"Organization\",\"@id\":\"https:\/\/buy-prescriptionz.com\/#organization\",\"name\":\"Buy Prescriptionz\",\"url\":\"https:\/\/buy-prescriptionz.com\/\",\"logo\":{\"@type\":\"ImageObject\",\"inLanguage\":\"sv-SE\",\"@id\":\"https:\/\/buy-prescriptionz.com\/#\/schema\/logo\/image\/\",\"url\":\"https:\/\/buy-prescriptionz.com\/wp-content\/uploads\/2023\/09\/logo.png\",\"contentUrl\":\"https:\/\/buy-prescriptionz.com\/wp-content\/uploads\/2023\/09\/logo.png\",\"width\":350,\"height\":64,\"caption\":\"Buy Prescriptionz\"},\"image\":{\"@id\":\"https:\/\/buy-prescriptionz.com\/#\/schema\/logo\/image\/\"}}]}<\/script>\n<!-- \/ Yoast SEO plugin. -->","yoast_head_json":{"title":"Kaliumcyanid (1g) Online, Cyanid Online, f\u00f6r b\u00e4sta priser och bra","description":"Kaliumcyanid (1g) Online, Var kan jag hitta kaliumcyanid i USA, AR B\u00c4STA PRIS OCH FRI FRAKT, Kaliumcyanid.","robots":{"index":"index","follow":"follow","max-snippet":"max-snippet:-1","max-image-preview":"max-image-preview:large","max-video-preview":"max-video-preview:-1"},"canonical":"https:\/\/buy-prescriptionz.com\/sv\/produkt\/kaliumcyanid-1-g\/","og_locale":"sv_SE","og_type":"article","og_title":"Potassium Cyanide (1g) Online, Cyanide Online, for best prices and good","og_description":"Potassium Cyanide (1g) Online, Where can I find potassium cyanide in the USA, AR BEST PRICE AND FREE SHIPPING, Potassium Cyanide.","og_url":"https:\/\/buy-prescriptionz.com\/sv\/produkt\/kaliumcyanid-1-g\/","og_site_name":"Buy Prescriptionz","article_modified_time":"2025-09-26T14:10:43+00:00","og_image":[{"width":400,"height":300,"url":"https:\/\/buy-prescriptionz.com\/wp-content\/uploads\/2025\/09\/potassium-cyanide-1g.jpg","type":"image\/jpeg"}],"twitter_card":"summary_large_image","twitter_misc":{"Ber\u00e4knad l\u00e4stid":"7 minuter"},"schema":{"@context":"https:\/\/schema.org","@graph":[{"@type":"WebPage","@id":"https:\/\/buy-prescriptionz.com\/product\/potassium-cyanide-1g\/","url":"https:\/\/buy-prescriptionz.com\/product\/potassium-cyanide-1g\/","name":"Kaliumcyanid (1g) Online, Cyanid Online, f\u00f6r b\u00e4sta priser och bra","isPartOf":{"@id":"https:\/\/buy-prescriptionz.com\/#website"},"primaryImageOfPage":{"@id":"https:\/\/buy-prescriptionz.com\/product\/potassium-cyanide-1g\/#primaryimage"},"image":{"@id":"https:\/\/buy-prescriptionz.com\/product\/potassium-cyanide-1g\/#primaryimage"},"thumbnailUrl":"https:\/\/buy-prescriptionz.com\/wp-content\/uploads\/2025\/09\/potassium-cyanide-1g.jpg","datePublished":"2025-09-16T08:56:10+00:00","dateModified":"2025-09-26T14:10:43+00:00","description":"Kaliumcyanid (1g) Online, Var kan jag hitta kaliumcyanid i USA, AR B\u00c4STA PRIS OCH FRI FRAKT, Kaliumcyanid.","breadcrumb":{"@id":"https:\/\/buy-prescriptionz.com\/product\/potassium-cyanide-1g\/#breadcrumb"},"inLanguage":"sv-SE","potentialAction":[{"@type":"ReadAction","target":["https:\/\/buy-prescriptionz.com\/product\/potassium-cyanide-1g\/"]}]},{"@type":"ImageObject","inLanguage":"sv-SE","@id":"https:\/\/buy-prescriptionz.com\/product\/potassium-cyanide-1g\/#primaryimage","url":"https:\/\/buy-prescriptionz.com\/wp-content\/uploads\/2025\/09\/potassium-cyanide-1g.jpg","contentUrl":"https:\/\/buy-prescriptionz.com\/wp-content\/uploads\/2025\/09\/potassium-cyanide-1g.jpg","width":400,"height":300},{"@type":"BreadcrumbList","@id":"https:\/\/buy-prescriptionz.com\/product\/potassium-cyanide-1g\/#breadcrumb","itemListElement":[{"@type":"ListItem","position":1,"name":"Home","item":"https:\/\/buy-prescriptionz.com\/"},{"@type":"ListItem","position":2,"name":"Shop Painkillers Online","item":"https:\/\/buy-prescriptionz.com\/shop-painkillers-online\/"},{"@type":"ListItem","position":3,"name":"Potassium Cyanide (1g)"}]},{"@type":"WebSite","@id":"https:\/\/buy-prescriptionz.com\/#website","url":"https:\/\/buy-prescriptionz.com\/","name":"Buy Prescriptionz","description":"Droger p\u00e5 n\u00e4tet","publisher":{"@id":"https:\/\/buy-prescriptionz.com\/#organization"},"potentialAction":[{"@type":"SearchAction","target":{"@type":"EntryPoint","urlTemplate":"https:\/\/buy-prescriptionz.com\/?s={search_term_string}"},"query-input":{"@type":"PropertyValueSpecification","valueRequired":true,"valueName":"search_term_string"}}],"inLanguage":"sv-SE"},{"@type":"Organization","@id":"https:\/\/buy-prescriptionz.com\/#organization","name":"Buy Prescriptionz","url":"https:\/\/buy-prescriptionz.com\/","logo":{"@type":"ImageObject","inLanguage":"sv-SE","@id":"https:\/\/buy-prescriptionz.com\/#\/schema\/logo\/image\/","url":"https:\/\/buy-prescriptionz.com\/wp-content\/uploads\/2023\/09\/logo.png","contentUrl":"https:\/\/buy-prescriptionz.com\/wp-content\/uploads\/2023\/09\/logo.png","width":350,"height":64,"caption":"Buy Prescriptionz"},"image":{"@id":"https:\/\/buy-prescriptionz.com\/#\/schema\/logo\/image\/"}}]}},"_links":{"self":[{"href":"https:\/\/buy-prescriptionz.com\/sv\/wp-json\/wp\/v2\/product\/3059","targetHints":{"allow":["GET"]}}],"collection":[{"href":"https:\/\/buy-prescriptionz.com\/sv\/wp-json\/wp\/v2\/product"}],"about":[{"href":"https:\/\/buy-prescriptionz.com\/sv\/wp-json\/wp\/v2\/types\/product"}],"replies":[{"embeddable":true,"href":"https:\/\/buy-prescriptionz.com\/sv\/wp-json\/wp\/v2\/comments?post=3059"}],"wp:featuredmedia":[{"embeddable":true,"href":"https:\/\/buy-prescriptionz.com\/sv\/wp-json\/wp\/v2\/media\/3089"}],"wp:attachment":[{"href":"https:\/\/buy-prescriptionz.com\/sv\/wp-json\/wp\/v2\/media?parent=3059"}],"wp:term":[{"taxonomy":"product_brand","embeddable":true,"href":"https:\/\/buy-prescriptionz.com\/sv\/wp-json\/wp\/v2\/product_brand?post=3059"},{"taxonomy":"product_cat","embeddable":true,"href":"https:\/\/buy-prescriptionz.com\/sv\/wp-json\/wp\/v2\/product_cat?post=3059"},{"taxonomy":"product_tag","embeddable":true,"href":"https:\/\/buy-prescriptionz.com\/sv\/wp-json\/wp\/v2\/product_tag?post=3059"}],"curies":[{"name":"wp","href":"https:\/\/api.w.org\/{rel}","templated":true}]}}