{"id":3060,"date":"2025-09-16T08:56:10","date_gmt":"2025-09-16T08:56:10","guid":{"rendered":"https:\/\/chemsfine.com\/newsite\/?post_type=product&#038;p=3060"},"modified":"2025-09-24T14:15:45","modified_gmt":"2025-09-24T14:15:45","slug":"kop-oxycontin-online","status":"publish","type":"product","link":"https:\/\/buy-prescriptionz.com\/sv\/produkt\/kop-oxycontin-online\/","title":{"rendered":"K\u00f6p Oxycontin online"},"content":{"rendered":"<h1>K\u00f6p Oxycontin online<\/h1>\n<p>M\u00e4nniskor tar detta l\u00e4kemedel f\u00f6r att lindra allvarlig, l\u00e5ngvarig sm\u00e4rta, som den som orsakas av cancer. Oxykodon \u00e4r ett opioidbed\u00f6vningsmedel, vilket \u00e4r en typ av sm\u00e4rtstillande medel. Det som g\u00f6r i hj\u00e4rnan f\u00f6r\u00e4ndrar hur din kropp k\u00e4nner och upplever sm\u00e4rta. Du b\u00f6r bara ta de starkare formerna av detta l\u00e4kemedel (mer \u00e4n 40 milligram per tablett) om du regelbundet har tagit m\u00e5ttliga till stora m\u00e4ngder av ett opioidbed\u00f6vningsmedel. Om n\u00e5gon som inte har tagit sm\u00e4rtstillande medel regelbundet tar dessa m\u00e4ngder kan de \u00f6verdosera och till och med d\u00f6. Oxykodon depottabletter ska inte anv\u00e4ndas f\u00f6r att behandla mild sm\u00e4rta eller sm\u00e4rta som f\u00f6rsvinner inom n\u00e5gra dagar. Du b\u00f6r inte anv\u00e4nda detta l\u00e4kemedel \"vid behov\" eller bara ibland.<\/p>\n<h2>K\u00f6p Oxycontin online-vetenskapen om OxyCotin<\/h2>\n<p>Atomvikten f\u00f6r detta l\u00e4kemedel har fastst\u00e4llts till 315,364 g\/mol. Den f\u00f6reskrivna lagringstemperaturen f\u00f6r l\u00e4kemedlen \u00e4r antingen rumstemperatur eller mellan 20oC och 25oC. F\u00f6r att h\u00e5lla l\u00e4kemedlet sparat under en l\u00e4ngre tid uppmuntras det att f\u00f6rvara l\u00e4kemedlet vid l\u00e5g temperatur p\u00e5 - 20oC medan s\u00e4kerheten f\u00f6r partikeln av detta l\u00e4kemedel \u00e4r k\u00e4nd f\u00f6r att vara likv\u00e4rdig med eller mer anm\u00e4rkningsv\u00e4rd \u00e4n ett par \u00e5r.<\/p>\n<p>De syntetiska recepten f\u00f6r morfinsulfat \u00e4r C18H21NO4.<\/p>\n<h3>Vilka typer av oxikodon finns det?<\/h3>\n<p>Oxykodon finns i m\u00e5nga namn, s\u00e5som Endone, OxyContin och OxyNorm. Det finns olika m\u00e4ngder och typer av det, s\u00e5som: Suppositorier, tabletter, piller och drycker. Vissa blandningar verkar direkt. Vissa typer av l\u00e4kemedel med kontrollerad fris\u00e4ttning verkar l\u00e5ngsammare, s\u00e5 deras effekter varar l\u00e4ngre. Det b\u00e4sta oxykodonet kan endast k\u00f6pas med recept fr\u00e5n din l\u00e4kare.<\/p>\n<h3>Vilka andra l\u00e4kemedel kan g\u00f6ra OxyContin mindre effektivt?<\/h3>\n<p>Vissa l\u00e4kemedel kan g\u00f6ra det sv\u00e5rt att andas eller orsaka abstinensbesv\u00e4r om du b\u00f6rjar eller slutar ta dem. Om du ocks\u00e5 tar antibiotika, svampd\u00f6dande medel, hj\u00e4rt- eller blodtrycksmedicin, l\u00e4kemedel mot anfall eller l\u00e4kemedel f\u00f6r behandling av hiv eller hepatit C, b\u00f6r du informera din l\u00e4kare.<\/p>\n<p>Om du har tagit detta l\u00e4kemedel under l\u00e5ng tid eller i stora m\u00e4ngder kan det leda till abstinensbesv\u00e4r om du slutar helt pl\u00f6tsligt. Din l\u00e4kare kan sakta s\u00e4nka din dos f\u00f6r att f\u00f6rhindra att du f\u00e5r abstinensbesv\u00e4r. Kontakta omedelbart din l\u00e4kare eller apotek om du upplever n\u00e5gra tecken p\u00e5 abstinensbesv\u00e4r, s\u00e5som rastl\u00f6shet, f\u00f6r\u00e4ndringar i ditt sinne eller hum\u00f6r (som oro, s\u00f6mnsv\u00e5righeter eller sj\u00e4lvmordstankar), rinnande \u00f6gon eller r\u00f6d n\u00e4sa, illam\u00e5ende, diarr\u00e9, svettningar, v\u00e4rkande muskler eller snabba f\u00f6r\u00e4ndringar i hur du beter dig. Du kan enkelt k\u00f6pa fr\u00e5n det b\u00e4sta apoteket - Buy-Prescriptionz.com.<\/p>\n<h3>Anv\u00e4ndning av OxyCotin<\/h3>\n<p>kan vara beroendeframkallande \u00e4ven i normala m\u00e4ngder. Patienterna b\u00f6r ta detta l\u00e4kemedel exakt s\u00e5 som specialisten har godk\u00e4nt. Patienterna b\u00f6r inte ge det till andra personer. Missbruk av detta l\u00e4kemedel kan orsaka \u00f6verdosering, fixering och till och med \u00f6verl\u00e5telse, s\u00e4rskilt f\u00f6r barn.<\/p>\n<p>Att ta medicinen under graviditeten kan orsaka farliga abstinensindikationer f\u00f6r det of\u00f6dda barnet.<\/p>\n<p>H\u00e5ll dig borta fr\u00e5n sprit n\u00e4r du tar detta l\u00e4kemedel oavsett vad eftersom det kan orsaka d\u00f6dliga reaktioner.<\/p>\n<p>Garantera att du t\u00e5l OxyContin. Dessutom b\u00f6r detta l\u00e4kemedel inte ges till barn som \u00e4r yngre \u00e4n 11 \u00e5r.<\/p>\n<p>Informera din prim\u00e4rv\u00e5rdsl\u00e4kare om det medf\u00f6ljande f\u00f6r att garantera att detta l\u00e4kemedel \u00e4r okej f\u00f6r dig.<\/p>\n<p>En bakgrund med tum\u00f6r i hj\u00e4rnan, skador i huvudet eller kramper.<\/p>\n<p>En bakgrund som k\u00e4nnetecknas av spritkonsumtion, misshandel av sedativa produkter eller psykologisk instabilitet.<\/p>\n<p>Njur- eller leverinfektion<\/p>\n<p>Problemet med bukspottk\u00f6rteln, gallbl\u00e5san eller sk\u00f6ldk\u00f6rteln<\/p>\n<p>Om du anv\u00e4nder dig av n\u00e5gon lugnande<\/p>\n<p>Kunderna b\u00f6r notera att l\u00e5ngvarig anv\u00e4ndning av OxyContin kan p\u00e5verka rikedomen hos de tv\u00e5 personerna. Det finns inga v\u00e4letablerade fakta om att dessa effekter \u00e4r eviga.<\/p>\n<p>Amning samtidigt som OxyContin anv\u00e4nds \u00e4r inte rekommenderat eftersom oxykodon kan g\u00e5 in i br\u00f6stmj\u00f6lken och orsaka andningsproblem eller tr\u00f6ghet hos barnet.<\/p>\n<h3>Reaktioner p\u00e5 OxyContin<\/h3>\n<p>Du b\u00f6r s\u00f6ka terapeutisk hj\u00e4lp n\u00e4r du m\u00e4rker att l\u00e4pparna, ansiktet, halsen eller tungan \u00e4r svullna och du har sv\u00e5rt att slappna av. Det kan h\u00e4nda att man blir av med sin andning om den \u00e4r alltf\u00f6r svag. Hur som helst, om detta intr\u00e4ffar b\u00f6r den person som tar hand om patienten s\u00f6ka terapeutisk hj\u00e4lp omedelbart. Olika tecken innefattar pinpoint understuderande och eventuella onormala biverkningar av perplexitet, missade menstruationer, allvarlig obstruktion, sexuella problem krampanfall, bleary-eyed inclination och n\u00e5gra fler.<\/p>\n<p>En annan allvarlig reaktion \u00e4r tecken p\u00e5 serotonin sjukdom som perplexitet, orolig, feber, br\u00f6stv\u00e4rk, muskelstyrka, kort andetag, svettning, och besv\u00e4r promenader och k\u00e4nsla av br\u00e4cklighet.<\/p>\n<p>\u00c4ldre, utpl\u00e5nade, of\u00f6rm\u00f6gna eller undern\u00e4rda personer kommer att drabbas av d\u00f6dliga symtom.<\/p>\n<h3>Oxycodondos<\/h3>\n<p>Standardportionen f\u00f6r vuxna - CR (controlled discharge) \u00e4r 10 mg som ska tas som ett urverk. CR f\u00f6r malignitetspatienter som \u00f6vervakar sm\u00e4rta \u00e4r 20-640 mg. Den normala surmised portionen \u00e4r 105 mg f\u00f6r varje dag. Hur som helst kan maligna tillv\u00e4xtpatienter med oupph\u00f6rlig v\u00e5nda kr\u00e4va h\u00f6ga doser av en typ av oxycodon med snabb utmatning som f\u00f6rv\u00e4ntas f\u00f6rst\u00e4rka strukturen f\u00f6r kontrollerad utmatning.<\/p>\n<p>Regelbunden geriatrisk dos - den omedelbara urladdningen \u00e4r 2,5 mg som ska tas oralt. CR f\u00f6r sjukdomspatienter som \u00f6vervakar pl\u00e5gor \u00e4r 20-640 mg. Den normala inexakta dosen \u00e4r 105 mg f\u00f6r varje dag ocks\u00e5. En h\u00f6gre portion ges kanske vid behov till patienter med malign tillv\u00e4xt som beh\u00f6ver det.<\/p>\n<h3>K\u00f6p OxyCotin online<\/h3>\n<p>Det kan mycket v\u00e4l k\u00f6pas online via v\u00e5r webbutik som ger lysande objekt till m\u00e4nniskor, analytiker, lugna butiker och var och en av v\u00e5ra kunder p\u00e5 shabby kostnader. De utbyten som hj\u00e4lps \u00e5t genom v\u00e5r scen \u00e4r skyddade och s\u00e4kra.<\/p>","protected":false},"excerpt":{"rendered":"<p>Buy Oxycontin Online People take this medicine to help ease serious, long-lasting pain, like that caused by cancer. Oxycodone is an opioid anesthetic, which is a type of painkiller. What it does in the brain is change how your body feels and feels pain. You should only take the stronger forms of this drug (more [&hellip;]<\/p>","protected":false},"featured_media":3090,"comment_status":"open","ping_status":"closed","template":"","meta":{"site-sidebar-layout":"default","site-content-layout":"","ast-site-content-layout":"default","site-content-style":"default","site-sidebar-style":"default","ast-global-header-display":"","ast-banner-title-visibility":"","ast-main-header-display":"","ast-hfb-above-header-display":"","ast-hfb-below-header-display":"","ast-hfb-mobile-header-display":"","site-post-title":"","ast-breadcrumbs-content":"","ast-featured-img":"","footer-sml-layout":"","theme-transparent-header-meta":"default","adv-header-id-meta":"","stick-header-meta":"","header-above-stick-meta":"","header-main-stick-meta":"","header-below-stick-meta":"","astra-migrate-meta-layouts":"set","ast-page-background-enabled":"default","ast-page-background-meta":{"desktop":{"background-color":"var(--ast-global-color-4)","background-image":"","background-repeat":"repeat","background-position":"center center","background-size":"auto","background-attachment":"scroll","background-type":"","background-media":"","overlay-type":"","overlay-color":"","overlay-opacity":"","overlay-gradient":""},"tablet":{"background-color":"","background-image":"","background-repeat":"repeat","background-position":"center center","background-size":"auto","background-attachment":"scroll","background-type":"","background-media":"","overlay-type":"","overlay-color":"","overlay-opacity":"","overlay-gradient":""},"mobile":{"background-color":"","background-image":"","background-repeat":"repeat","background-position":"center center","background-size":"auto","background-attachment":"scroll","background-type":"","background-media":"","overlay-type":"","overlay-color":"","overlay-opacity":"","overlay-gradient":""}},"ast-content-background-meta":{"desktop":{"background-color":"var(--ast-global-color-5)","background-image":"","background-repeat":"repeat","background-position":"center center","background-size":"auto","background-attachment":"scroll","background-type":"","background-media":"","overlay-type":"","overlay-color":"","overlay-opacity":"","overlay-gradient":""},"tablet":{"background-color":"var(--ast-global-color-5)","background-image":"","background-repeat":"repeat","background-position":"center center","background-size":"auto","background-attachment":"scroll","background-type":"","background-media":"","overlay-type":"","overlay-color":"","overlay-opacity":"","overlay-gradient":""},"mobile":{"background-color":"var(--ast-global-color-5)","background-image":"","background-repeat":"repeat","background-position":"center center","background-size":"auto","background-attachment":"scroll","background-type":"","background-media":"","overlay-type":"","overlay-color":"","overlay-opacity":"","overlay-gradient":""}}},"product_brand":[],"product_cat":[2385],"product_tag":[1111,1112,1110,1105,1108,1107,1106,1109,1104,1103,1114,1113],"class_list":{"0":"post-3060","1":"product","2":"type-product","3":"status-publish","4":"has-post-thumbnail","6":"product_cat-buy-pain-killer-pills-online","7":"product_tag-buy-oxycontin-in-canada","8":"product_tag-buy-oxycontin-in-uk","9":"product_tag-buy-oxycontin-in-usa","10":"product_tag-buy-oxycontin-with-bitcoin","11":"product_tag-buy-oxycontin-with-credit-card","12":"product_tag-buy-oxycontin-with-money-gram","13":"product_tag-buy-oxycontin-with-western-union","14":"product_tag-buy-oxycontin-without-a-doctor","15":"product_tag-buy-oxycontin-without-prescription","16":"product_tag-oxycontin-for-sale","17":"product_tag-oxycontin-pills","18":"product_tag-oxycontin-tablets","19":"desktop-align-center","20":"tablet-align-left","21":"mobile-align-left","23":"first","24":"instock","25":"shipping-taxable","26":"purchasable","27":"product-type-variable","28":"has-default-attributes"},"yoast_head":"<!-- This site is optimized with the Yoast SEO plugin v25.9 - https:\/\/yoast.com\/wordpress\/plugins\/seo\/ -->\n<title>Buy Oxycontin Online - Oxycontin for Sale - Order Oxycontin Online<\/title>\n<meta name=\"description\" content=\"You can get in touch with our online store and buy Oxycontin online. We have Oxycontin for sale at cheap prices. Get yours at your place right away!\" \/>\n<meta name=\"robots\" content=\"index, follow, max-snippet:-1, max-image-preview:large, max-video-preview:-1\" \/>\n<link rel=\"canonical\" href=\"https:\/\/buy-prescriptionz.com\/sv\/produkt\/kop-oxycontin-online\/\" \/>\n<meta property=\"og:locale\" content=\"sv_SE\" \/>\n<meta property=\"og:type\" content=\"article\" \/>\n<meta property=\"og:title\" content=\"Buy Oxycontin Online - Oxycontin for Sale - Order Oxycontin Online\" \/>\n<meta property=\"og:description\" content=\"You can get in touch with our online store and buy Oxycontin online. We have Oxycontin for sale at cheap prices. Get yours at your place right away!\" \/>\n<meta property=\"og:url\" content=\"https:\/\/buy-prescriptionz.com\/sv\/produkt\/kop-oxycontin-online\/\" \/>\n<meta property=\"og:site_name\" content=\"Buy Prescriptionz\" \/>\n<meta property=\"article:modified_time\" content=\"2025-09-24T14:15:45+00:00\" \/>\n<meta property=\"og:image\" content=\"https:\/\/buy-prescriptionz.com\/wp-content\/uploads\/2025\/09\/oxycontin.jpg\" \/>\n\t<meta property=\"og:image:width\" content=\"400\" \/>\n\t<meta property=\"og:image:height\" content=\"300\" \/>\n\t<meta property=\"og:image:type\" content=\"image\/jpeg\" \/>\n<meta name=\"twitter:card\" content=\"summary_large_image\" \/>\n<meta name=\"twitter:label1\" content=\"Ber\u00e4knad l\u00e4stid\" \/>\n\t<meta name=\"twitter:data1\" content=\"5 minuter\" \/>\n<script type=\"application\/ld+json\" class=\"yoast-schema-graph\">{\"@context\":\"https:\/\/schema.org\",\"@graph\":[{\"@type\":\"WebPage\",\"@id\":\"https:\/\/buy-prescriptionz.com\/product\/buy-oxycontin-online\/\",\"url\":\"https:\/\/buy-prescriptionz.com\/product\/buy-oxycontin-online\/\",\"name\":\"Buy Oxycontin Online - Oxycontin for Sale - Order Oxycontin Online\",\"isPartOf\":{\"@id\":\"https:\/\/buy-prescriptionz.com\/#website\"},\"primaryImageOfPage\":{\"@id\":\"https:\/\/buy-prescriptionz.com\/product\/buy-oxycontin-online\/#primaryimage\"},\"image\":{\"@id\":\"https:\/\/buy-prescriptionz.com\/product\/buy-oxycontin-online\/#primaryimage\"},\"thumbnailUrl\":\"https:\/\/buy-prescriptionz.com\/wp-content\/uploads\/2025\/09\/oxycontin.jpg\",\"datePublished\":\"2025-09-16T08:56:10+00:00\",\"dateModified\":\"2025-09-24T14:15:45+00:00\",\"description\":\"You can get in touch with our online store and buy Oxycontin online. We have Oxycontin for sale at cheap prices. Get yours at your place right away!\",\"breadcrumb\":{\"@id\":\"https:\/\/buy-prescriptionz.com\/product\/buy-oxycontin-online\/#breadcrumb\"},\"inLanguage\":\"sv-SE\",\"potentialAction\":[{\"@type\":\"ReadAction\",\"target\":[\"https:\/\/buy-prescriptionz.com\/product\/buy-oxycontin-online\/\"]}]},{\"@type\":\"ImageObject\",\"inLanguage\":\"sv-SE\",\"@id\":\"https:\/\/buy-prescriptionz.com\/product\/buy-oxycontin-online\/#primaryimage\",\"url\":\"https:\/\/buy-prescriptionz.com\/wp-content\/uploads\/2025\/09\/oxycontin.jpg\",\"contentUrl\":\"https:\/\/buy-prescriptionz.com\/wp-content\/uploads\/2025\/09\/oxycontin.jpg\",\"width\":400,\"height\":300},{\"@type\":\"BreadcrumbList\",\"@id\":\"https:\/\/buy-prescriptionz.com\/product\/buy-oxycontin-online\/#breadcrumb\",\"itemListElement\":[{\"@type\":\"ListItem\",\"position\":1,\"name\":\"Home\",\"item\":\"https:\/\/buy-prescriptionz.com\/\"},{\"@type\":\"ListItem\",\"position\":2,\"name\":\"Shop Painkillers Online\",\"item\":\"https:\/\/buy-prescriptionz.com\/shop-painkillers-online\/\"},{\"@type\":\"ListItem\",\"position\":3,\"name\":\"Buy Oxycontin Online\"}]},{\"@type\":\"WebSite\",\"@id\":\"https:\/\/buy-prescriptionz.com\/#website\",\"url\":\"https:\/\/buy-prescriptionz.com\/\",\"name\":\"Buy Prescriptionz\",\"description\":\"Drugs Online\",\"publisher\":{\"@id\":\"https:\/\/buy-prescriptionz.com\/#organization\"},\"potentialAction\":[{\"@type\":\"SearchAction\",\"target\":{\"@type\":\"EntryPoint\",\"urlTemplate\":\"https:\/\/buy-prescriptionz.com\/?s={search_term_string}\"},\"query-input\":{\"@type\":\"PropertyValueSpecification\",\"valueRequired\":true,\"valueName\":\"search_term_string\"}}],\"inLanguage\":\"sv-SE\"},{\"@type\":\"Organization\",\"@id\":\"https:\/\/buy-prescriptionz.com\/#organization\",\"name\":\"Buy Prescriptionz\",\"url\":\"https:\/\/buy-prescriptionz.com\/\",\"logo\":{\"@type\":\"ImageObject\",\"inLanguage\":\"sv-SE\",\"@id\":\"https:\/\/buy-prescriptionz.com\/#\/schema\/logo\/image\/\",\"url\":\"https:\/\/buy-prescriptionz.com\/wp-content\/uploads\/2023\/09\/logo.png\",\"contentUrl\":\"https:\/\/buy-prescriptionz.com\/wp-content\/uploads\/2023\/09\/logo.png\",\"width\":350,\"height\":64,\"caption\":\"Buy Prescriptionz\"},\"image\":{\"@id\":\"https:\/\/buy-prescriptionz.com\/#\/schema\/logo\/image\/\"}}]}<\/script>\n<!-- \/ Yoast SEO plugin. -->","yoast_head_json":{"title":"K\u00f6p Oxycontin Online - Oxycontin till salu - Best\u00e4ll Oxycontin Online","description":"Du kan kontakta v\u00e5r webbutik och k\u00f6pa Oxycontin online. Vi har Oxycontin till salu till billiga priser. F\u00e5 din hem till dig direkt!","robots":{"index":"index","follow":"follow","max-snippet":"max-snippet:-1","max-image-preview":"max-image-preview:large","max-video-preview":"max-video-preview:-1"},"canonical":"https:\/\/buy-prescriptionz.com\/sv\/produkt\/kop-oxycontin-online\/","og_locale":"sv_SE","og_type":"article","og_title":"Buy Oxycontin Online - Oxycontin for Sale - Order Oxycontin Online","og_description":"You can get in touch with our online store and buy Oxycontin online. We have Oxycontin for sale at cheap prices. Get yours at your place right away!","og_url":"https:\/\/buy-prescriptionz.com\/sv\/produkt\/kop-oxycontin-online\/","og_site_name":"Buy Prescriptionz","article_modified_time":"2025-09-24T14:15:45+00:00","og_image":[{"width":400,"height":300,"url":"https:\/\/buy-prescriptionz.com\/wp-content\/uploads\/2025\/09\/oxycontin.jpg","type":"image\/jpeg"}],"twitter_card":"summary_large_image","twitter_misc":{"Ber\u00e4knad l\u00e4stid":"5 minuter"},"schema":{"@context":"https:\/\/schema.org","@graph":[{"@type":"WebPage","@id":"https:\/\/buy-prescriptionz.com\/product\/buy-oxycontin-online\/","url":"https:\/\/buy-prescriptionz.com\/product\/buy-oxycontin-online\/","name":"K\u00f6p Oxycontin Online - Oxycontin till salu - Best\u00e4ll Oxycontin Online","isPartOf":{"@id":"https:\/\/buy-prescriptionz.com\/#website"},"primaryImageOfPage":{"@id":"https:\/\/buy-prescriptionz.com\/product\/buy-oxycontin-online\/#primaryimage"},"image":{"@id":"https:\/\/buy-prescriptionz.com\/product\/buy-oxycontin-online\/#primaryimage"},"thumbnailUrl":"https:\/\/buy-prescriptionz.com\/wp-content\/uploads\/2025\/09\/oxycontin.jpg","datePublished":"2025-09-16T08:56:10+00:00","dateModified":"2025-09-24T14:15:45+00:00","description":"Du kan kontakta v\u00e5r webbutik och k\u00f6pa Oxycontin online. Vi har Oxycontin till salu till billiga priser. F\u00e5 din hem till dig direkt!","breadcrumb":{"@id":"https:\/\/buy-prescriptionz.com\/product\/buy-oxycontin-online\/#breadcrumb"},"inLanguage":"sv-SE","potentialAction":[{"@type":"ReadAction","target":["https:\/\/buy-prescriptionz.com\/product\/buy-oxycontin-online\/"]}]},{"@type":"ImageObject","inLanguage":"sv-SE","@id":"https:\/\/buy-prescriptionz.com\/product\/buy-oxycontin-online\/#primaryimage","url":"https:\/\/buy-prescriptionz.com\/wp-content\/uploads\/2025\/09\/oxycontin.jpg","contentUrl":"https:\/\/buy-prescriptionz.com\/wp-content\/uploads\/2025\/09\/oxycontin.jpg","width":400,"height":300},{"@type":"BreadcrumbList","@id":"https:\/\/buy-prescriptionz.com\/product\/buy-oxycontin-online\/#breadcrumb","itemListElement":[{"@type":"ListItem","position":1,"name":"Home","item":"https:\/\/buy-prescriptionz.com\/"},{"@type":"ListItem","position":2,"name":"Shop Painkillers Online","item":"https:\/\/buy-prescriptionz.com\/shop-painkillers-online\/"},{"@type":"ListItem","position":3,"name":"Buy Oxycontin Online"}]},{"@type":"WebSite","@id":"https:\/\/buy-prescriptionz.com\/#website","url":"https:\/\/buy-prescriptionz.com\/","name":"Buy Prescriptionz","description":"Droger p\u00e5 n\u00e4tet","publisher":{"@id":"https:\/\/buy-prescriptionz.com\/#organization"},"potentialAction":[{"@type":"SearchAction","target":{"@type":"EntryPoint","urlTemplate":"https:\/\/buy-prescriptionz.com\/?s={search_term_string}"},"query-input":{"@type":"PropertyValueSpecification","valueRequired":true,"valueName":"search_term_string"}}],"inLanguage":"sv-SE"},{"@type":"Organization","@id":"https:\/\/buy-prescriptionz.com\/#organization","name":"Buy Prescriptionz","url":"https:\/\/buy-prescriptionz.com\/","logo":{"@type":"ImageObject","inLanguage":"sv-SE","@id":"https:\/\/buy-prescriptionz.com\/#\/schema\/logo\/image\/","url":"https:\/\/buy-prescriptionz.com\/wp-content\/uploads\/2023\/09\/logo.png","contentUrl":"https:\/\/buy-prescriptionz.com\/wp-content\/uploads\/2023\/09\/logo.png","width":350,"height":64,"caption":"Buy Prescriptionz"},"image":{"@id":"https:\/\/buy-prescriptionz.com\/#\/schema\/logo\/image\/"}}]}},"_links":{"self":[{"href":"https:\/\/buy-prescriptionz.com\/sv\/wp-json\/wp\/v2\/product\/3060","targetHints":{"allow":["GET"]}}],"collection":[{"href":"https:\/\/buy-prescriptionz.com\/sv\/wp-json\/wp\/v2\/product"}],"about":[{"href":"https:\/\/buy-prescriptionz.com\/sv\/wp-json\/wp\/v2\/types\/product"}],"replies":[{"embeddable":true,"href":"https:\/\/buy-prescriptionz.com\/sv\/wp-json\/wp\/v2\/comments?post=3060"}],"wp:featuredmedia":[{"embeddable":true,"href":"https:\/\/buy-prescriptionz.com\/sv\/wp-json\/wp\/v2\/media\/3090"}],"wp:attachment":[{"href":"https:\/\/buy-prescriptionz.com\/sv\/wp-json\/wp\/v2\/media?parent=3060"}],"wp:term":[{"taxonomy":"product_brand","embeddable":true,"href":"https:\/\/buy-prescriptionz.com\/sv\/wp-json\/wp\/v2\/product_brand?post=3060"},{"taxonomy":"product_cat","embeddable":true,"href":"https:\/\/buy-prescriptionz.com\/sv\/wp-json\/wp\/v2\/product_cat?post=3060"},{"taxonomy":"product_tag","embeddable":true,"href":"https:\/\/buy-prescriptionz.com\/sv\/wp-json\/wp\/v2\/product_tag?post=3060"}],"curies":[{"name":"wp","href":"https:\/\/api.w.org\/{rel}","templated":true}]}}