{"id":3061,"date":"2025-09-16T08:56:10","date_gmt":"2025-09-16T08:56:10","guid":{"rendered":"https:\/\/chemsfine.com\/newsite\/?post_type=product&#038;p=3061"},"modified":"2025-09-24T14:12:05","modified_gmt":"2025-09-24T14:12:05","slug":"kop-oxycodon-apap-wattson-labs-online","status":"publish","type":"product","link":"https:\/\/buy-prescriptionz.com\/sv\/produkt\/kop-oxycodon-apap-wattson-labs-online\/","title":{"rendered":"K\u00f6p Oxycodone - Apap (Wattson Labs) online"},"content":{"rendered":"<h2>K\u00f6p Oxycodone - Apap (Wattson Labs) online<\/h2>\n<h3>K\u00f6p Oxycodone Online-K\u00f6p Oxycodone - Apap (Wattson Labs) Online<\/h3>\n<p>K\u00f6p Oxykodon \u2013 Apap (Wattson Labs) Online, K\u00f6p Oxykodon Online H\u00c4R fr\u00e5n det b\u00e4sta onlineapoteket. Altruism Pharmacy \u00e4r det b\u00e4sta onlineapoteket f\u00f6r att best\u00e4lla Oxykodon Online. Oxykodon \u00e4r ett semisyntetiskt narkotiskt medel blandat av tebain, en narkotisk alkaloid som finns i persisk vallmo, och en av de m\u00e5nga alkaloider som finns i opiumvallmo. Det \u00e4r ett relativt starkt narkotiskt sm\u00e4rtstillande l\u00e4kemedel (oralt vanligtvis 1,5 g\u00e5nger starkare \u00e4n morfin), oftast visat f\u00f6r lindring av m\u00e5ttlig till sv\u00e5r sm\u00e4rta. Oxykodon \u00e4r ett ren agonistnarkotikum vars prim\u00e4ra l\u00e4kande effekt \u00e4r sm\u00e4rtlindring. Andra personer fr\u00e5n den klass som kallas narkotiska agonister inkluderar substanser som morfin, hydromorfon, fentanyl, kodein och hydrokodon. Farmakologiska effekter av narkotiska agonister inkluderar \u00e5ngest, upprymdhet, k\u00e4nslor av avslappning, andningsdepression, obstruktion, mios och andf\u00e5ddhet, samt sm\u00e4rtlindring. Liksom alla of\u00f6rfalskade narkotiska agonistsm\u00e4rtstillande medel, \u00f6kar dosen. K\u00f6p Oxycodone \u2013 Apap (Wattson Labs) Online \u00a0sm\u00e4rtlindring, till skillnad fr\u00e5n med blandade agonister\/konkurrenter eller icke-narkotiska sm\u00e4rtstillande medel, d\u00e4r det finns en brist p\u00e5 sm\u00e4rtstillande effekter med \u00f6kande doser \u2014 k\u00f6p Oxycodone Online f\u00f6r lindring av din m\u00e5ttliga eller sv\u00e5ra sm\u00e4rta.<\/p>\n<h3>Att k\u00f6pa Oxycodone online lagligt<\/h3>\n<p>K\u00f6p Oxycodone \u2013 Apap (Wattson Labs) Online, Att k\u00f6pa Oxycodone Online lagligt \u00e4r m\u00f6jligt h\u00e4r p\u00e5 Buy-prescriptionz Online Store. K\u00f6p Oxycodone Online fr\u00e5n Buy-prescriptionz och din dos b\u00f6r v\u00e4gas mot sm\u00e4rtans sv\u00e5righetsgrad och patientens reaktion. Det kan ibland vara viktigt att \u00f6verskrida den rekommenderade dosen nedan.<\/p>\n<h3>Hur man tar oxikodon:<\/h3>\n<p>Varje g\u00e5ng du f\u00e5r en p\u00e5fyllning eller b\u00f6rjar ta oxikodon\/paracetamol, l\u00e4s l\u00e4kemedelsguiden som apotekspersonalen har gett dig. Kontakta din l\u00e4kare eller apotekspersonal om du har n\u00e5gra fr\u00e5gor.<\/p>\n<p>Ta detta l\u00e4kemedel oralt enligt l\u00e4karens ordination. Detta l\u00e4kemedel kan tas med eller utan m\u00e5ltider. Att ta detta l\u00e4kemedel i samband med m\u00e5ltider kan hj\u00e4lpa om du upplever illam\u00e5ende. F\u00e5 mer information om ytterligare strategier f\u00f6r att minska illam\u00e5ende fr\u00e5n din l\u00e4kare eller apotekspersonal (t.ex. att l\u00e4gga sig ner i ytterligare en till tv\u00e5 timmar med s\u00e5 lite huvudr\u00f6relser som m\u00f6jligt). Om din l\u00e4kare eller apotekspersonal tror att du har r\u00e5d, tala med apotekspersonalen eller l\u00e4karen.<\/p>\n<p>Om du tar oxikodon i flytande form, m\u00e4t den rekommenderade dosen exakt med ett farmaceutiskt m\u00e4tverktyg. En vanlig sked kanske inte ger dig r\u00e4tt dos, s\u00e5 undvik att anv\u00e4nda en s\u00e5dan. Ditt medicinska tillst\u00e5nd och din reaktion p\u00e5 behandlingen avg\u00f6r dosen. Ta aldrig mer l\u00e4kemedel \u00e4n vad som rekommenderas, ta det aldrig oftare och ta det aldrig l\u00e4ngre \u00e4n vad som rekommenderas. Sluta ta l\u00e4kemedlet enligt anvisningarna n\u00e4r du f\u00e5r andra instruktioner.<\/p>\n<h3>(M\u00e4tning och administration)<\/h3>\n<p>I fall av progressivt allvarlig pl\u00e5ga eller hos de patienter som har visat sig vara toleranta mot den sm\u00e4rtlindrande effekten av narkotika. Om sm\u00e4rtan \u00e4r konstant b\u00f6r den narkotiska sm\u00e4rtlindringen ges med vanliga mellanrum i en nonstop-kalender.<\/p>\n<h3>K\u00f6p Oxycodone piller online (M\u00f6jliga biverkningar)<\/h3>\n<p>Purchase Oxycodone Pills Online from Buy-prescriptionz Online store. This is the Best spot you can Buy Oxycodone Pills Online and have it conveyed to you in a couple of hours. Purchase Oxycodone Online from Our Pharmacy and furthermore know that it accompanies some symptoms, for example, ;<\/p>\n<p>Frysningar<\/p>\n<p>kallsvettningar<\/p>\n<p>F\u00f6rvirring<\/p>\n<p>besv\u00e4rlig eller jobbig avkoppling<\/p>\n<p>yrsel, svimning eller obehag n\u00e4r man pl\u00f6tsligt reser sig upp fr\u00e5n en liggande eller sittande st\u00e4llning<\/p>\n<p>feber<\/p>\n<p>K\u00e4nsla i br\u00f6stet.<\/p>\n<p>ryckande<\/p>\n<h3>Biverkningar av oxikodon<\/h3>\n<p>Det kan finnas symtom vid anv\u00e4ndning av oxikodon, inklusive yrsel, f\u00f6rstoppning, illam\u00e5ende eller s\u00f6mnighet. Efter att ha tagit detta l\u00e4kemedel en tid kan vissa av dessa biverkningar f\u00f6rsvinna. Kontakta apotekspersonalen eller l\u00e4karen omedelbart om n\u00e5gon av dessa biverkningar kvarst\u00e5r eller f\u00f6rv\u00e4rras. Konsumera kostfiber, f\u00e5 i dig tillr\u00e4ckligt med vatten och motionera f\u00f6r att undvika f\u00f6rstoppning. Dessutom kan du beh\u00f6va ta ett laxermedel. Ta reda p\u00e5 vilken typ av laxermedel som \u00e4r b\u00e4st f\u00f6r dig genom att fr\u00e5ga apotekspersonalen.<\/p>\n<p>N\u00e4r du reser dig fr\u00e5n sittande eller liggande st\u00e4llning, g\u00f6r det f\u00f6rsiktigt f\u00f6r att minska risken f\u00f6r yrsel och ostadighet. Kom ih\u00e5g att din l\u00e4kare har rekommenderat detta l\u00e4kemedel eftersom de tror att det kommer att hj\u00e4lpa dig mer \u00e4n det kommer att orsaka negativa biverkningar. M\u00e5nga anv\u00e4ndare av detta l\u00e4kemedel rapporterar inga signifikanta biverkningar.<\/p>\n<p>Du kan f\u00e5 det b\u00e4sta oxikodonet \u2013 APAP online p\u00e5 buy-prescriptionz.com. Detta l\u00e4kemedel f\u00f6rst\u00e4rker effekterna av oxikodon, ett kraftfullt sm\u00e4rtstillande medel, med paracetamol (APAP). P\u00e5 grund av dess potential f\u00f6r beroende och negativa konsekvenser \u00e4r det absolut n\u00f6dv\u00e4ndigt att detta l\u00e4kemedel anv\u00e4nds under medicinsk \u00f6vervakning. Att k\u00f6pa fr\u00e5n det b\u00e4sta apoteket garanterar att varan du f\u00e5r \u00e4r \u00e4kta. S\u00f6k alltid l\u00e4kare f\u00f6r att vara s\u00e4ker p\u00e5 att detta l\u00e4kemedel \u00e4r r\u00e4tt f\u00f6r dig, samt f\u00f6r att l\u00e4ra dig r\u00e4tt dos och eventuella risker.<\/p>\n<h3>KONTRAINDIKATIONER<\/h3>\n<p>K\u00f6p Oxycodone Online, men f\u00f6lj de medf\u00f6ljande kontraindikationerna. Tabletter b\u00f6r inte riktas till patienter med k\u00e4nd extrem k\u00e4nslighet f\u00f6r oxykodon, paracetamol eller n\u00e5gon annan del av denna produkt. Oxycodon \u00e4r kontraindicerat i alla omst\u00e4ndigheter d\u00e4r narkotiska l\u00e4kemedel \u00e4r kontraindicerade, vilket innefattar patienter med anm\u00e4rkningsv\u00e4rd andningsf\u00f6rtvivlan (i o\u00f6vervakade milj\u00f6er eller utan n\u00e4rvaro av \u00e5terupplivningsutrustning) och patienter med intensiv eller extrem bronkialastma eller hyperkarbonatism. Oxycodon \u00e4r kontraindicerat i samband med misst\u00e4nkt eller k\u00e4nd funktionshindrad ileus.  K\u00f6p Oxycodone - Apap (Wattson Labs) online<\/p>","protected":false},"excerpt":{"rendered":"<p>Buy Oxycodone &#8211; Apap (Wattson Labs) Online Purchase Oxycodone Online-Buy Oxycodone &#8211; Apap (Wattson Labs) Online Buy Oxycodone &#8211; Apap (Wattson Labs) Online, Purchase Oxycodone Online HERE from the Best Online Pharmacy. Altruism Pharmacy is the Best Online Pharmacy to Order Oxycodone Online. Oxycodone is a semisynthetic narcotic blended from thebaine, a narcotic alkaloid found [&hellip;]<\/p>","protected":false},"featured_media":3091,"comment_status":"open","ping_status":"closed","template":"","meta":{"site-sidebar-layout":"default","site-content-layout":"","ast-site-content-layout":"default","site-content-style":"default","site-sidebar-style":"default","ast-global-header-display":"","ast-banner-title-visibility":"","ast-main-header-display":"","ast-hfb-above-header-display":"","ast-hfb-below-header-display":"","ast-hfb-mobile-header-display":"","site-post-title":"","ast-breadcrumbs-content":"","ast-featured-img":"","footer-sml-layout":"","theme-transparent-header-meta":"default","adv-header-id-meta":"","stick-header-meta":"","header-above-stick-meta":"","header-main-stick-meta":"","header-below-stick-meta":"","astra-migrate-meta-layouts":"set","ast-page-background-enabled":"default","ast-page-background-meta":{"desktop":{"background-color":"var(--ast-global-color-4)","background-image":"","background-repeat":"repeat","background-position":"center center","background-size":"auto","background-attachment":"scroll","background-type":"","background-media":"","overlay-type":"","overlay-color":"","overlay-opacity":"","overlay-gradient":""},"tablet":{"background-color":"","background-image":"","background-repeat":"repeat","background-position":"center center","background-size":"auto","background-attachment":"scroll","background-type":"","background-media":"","overlay-type":"","overlay-color":"","overlay-opacity":"","overlay-gradient":""},"mobile":{"background-color":"","background-image":"","background-repeat":"repeat","background-position":"center center","background-size":"auto","background-attachment":"scroll","background-type":"","background-media":"","overlay-type":"","overlay-color":"","overlay-opacity":"","overlay-gradient":""}},"ast-content-background-meta":{"desktop":{"background-color":"var(--ast-global-color-5)","background-image":"","background-repeat":"repeat","background-position":"center center","background-size":"auto","background-attachment":"scroll","background-type":"","background-media":"","overlay-type":"","overlay-color":"","overlay-opacity":"","overlay-gradient":""},"tablet":{"background-color":"var(--ast-global-color-5)","background-image":"","background-repeat":"repeat","background-position":"center center","background-size":"auto","background-attachment":"scroll","background-type":"","background-media":"","overlay-type":"","overlay-color":"","overlay-opacity":"","overlay-gradient":""},"mobile":{"background-color":"var(--ast-global-color-5)","background-image":"","background-repeat":"repeat","background-position":"center center","background-size":"auto","background-attachment":"scroll","background-type":"","background-media":"","overlay-type":"","overlay-color":"","overlay-opacity":"","overlay-gradient":""}}},"product_brand":[],"product_cat":[2385],"product_tag":[1123,1124,1122,1117,1120,1119,1118,1121,1116,1115,1126,1125],"class_list":{"0":"post-3061","1":"product","2":"type-product","3":"status-publish","4":"has-post-thumbnail","6":"product_cat-buy-pain-killer-pills-online","7":"product_tag-buy-oxycodone-apap-wattson-labs-in-canada","8":"product_tag-buy-oxycodone-apap-wattson-labs-in-uk","9":"product_tag-buy-oxycodone-apap-wattson-labs-in-usa","10":"product_tag-buy-oxycodone-apap-wattson-labs-with-bitcoin","11":"product_tag-buy-oxycodone-apap-wattson-labs-with-credit-card","12":"product_tag-buy-oxycodone-apap-wattson-labs-with-money-gram","13":"product_tag-buy-oxycodone-apap-wattson-labs-with-western-union","14":"product_tag-buy-oxycodone-apap-wattson-labs-without-a-doctor","15":"product_tag-buy-oxycodone-apap-wattson-labs-without-prescription","16":"product_tag-oxycodone-apap-wattson-labs-for-sale","17":"product_tag-oxycodone-apap-wattson-labs-pills","18":"product_tag-oxycodone-apap-wattson-labs-tablets","19":"desktop-align-center","20":"tablet-align-left","21":"mobile-align-left","23":"first","24":"instock","25":"shipping-taxable","26":"purchasable","27":"product-type-variable","28":"has-default-attributes"},"yoast_head":"<!-- This site is optimized with the Yoast SEO plugin v25.9 - https:\/\/yoast.com\/wordpress\/plugins\/seo\/ -->\n<title>Buy Oxycodone Apap (Physicians Tc.) Online - Oxycodone Apap (Physicians Tc.) for Sale<\/title>\n<meta name=\"description\" content=\"We are the leading store available with Oxycodone for sale. If you wish to buy Oxycodone Apap (Physicians Tc.), contact us right away and get the order delivered. Order Now!\" \/>\n<meta name=\"robots\" content=\"index, follow, max-snippet:-1, max-image-preview:large, max-video-preview:-1\" \/>\n<link rel=\"canonical\" href=\"https:\/\/buy-prescriptionz.com\/sv\/produkt\/kop-oxycodon-apap-wattson-labs-online\/\" \/>\n<meta property=\"og:locale\" content=\"sv_SE\" \/>\n<meta property=\"og:type\" content=\"article\" \/>\n<meta property=\"og:title\" content=\"Buy Oxycodone Apap (Physicians Tc.) Online - Oxycodone Apap (Physicians Tc.) for Sale\" \/>\n<meta property=\"og:description\" content=\"We are the leading store available with Oxycodone for sale. If you wish to buy Oxycodone Apap (Physicians Tc.), contact us right away and get the order delivered. Order Now!\" \/>\n<meta property=\"og:url\" content=\"https:\/\/buy-prescriptionz.com\/sv\/produkt\/kop-oxycodon-apap-wattson-labs-online\/\" \/>\n<meta property=\"og:site_name\" content=\"Buy Prescriptionz\" \/>\n<meta property=\"article:modified_time\" content=\"2025-09-24T14:12:05+00:00\" \/>\n<meta property=\"og:image\" content=\"https:\/\/buy-prescriptionz.com\/wp-content\/uploads\/2025\/09\/oxycodone-apap-wattson-labs.jpg\" \/>\n\t<meta property=\"og:image:width\" content=\"400\" \/>\n\t<meta property=\"og:image:height\" content=\"300\" \/>\n\t<meta property=\"og:image:type\" content=\"image\/jpeg\" \/>\n<meta name=\"twitter:card\" content=\"summary_large_image\" \/>\n<meta name=\"twitter:label1\" content=\"Ber\u00e4knad l\u00e4stid\" \/>\n\t<meta name=\"twitter:data1\" content=\"5 minuter\" \/>\n<script type=\"application\/ld+json\" class=\"yoast-schema-graph\">{\"@context\":\"https:\/\/schema.org\",\"@graph\":[{\"@type\":\"WebPage\",\"@id\":\"https:\/\/buy-prescriptionz.com\/product\/buy-oxycodone-apap-wattson-labs-online\/\",\"url\":\"https:\/\/buy-prescriptionz.com\/product\/buy-oxycodone-apap-wattson-labs-online\/\",\"name\":\"Buy Oxycodone Apap (Physicians Tc.) Online - Oxycodone Apap (Physicians Tc.) for Sale\",\"isPartOf\":{\"@id\":\"https:\/\/buy-prescriptionz.com\/#website\"},\"primaryImageOfPage\":{\"@id\":\"https:\/\/buy-prescriptionz.com\/product\/buy-oxycodone-apap-wattson-labs-online\/#primaryimage\"},\"image\":{\"@id\":\"https:\/\/buy-prescriptionz.com\/product\/buy-oxycodone-apap-wattson-labs-online\/#primaryimage\"},\"thumbnailUrl\":\"https:\/\/buy-prescriptionz.com\/wp-content\/uploads\/2025\/09\/oxycodone-apap-wattson-labs.jpg\",\"datePublished\":\"2025-09-16T08:56:10+00:00\",\"dateModified\":\"2025-09-24T14:12:05+00:00\",\"description\":\"We are the leading store available with Oxycodone for sale. If you wish to buy Oxycodone Apap (Physicians Tc.), contact us right away and get the order delivered. Order Now!\",\"breadcrumb\":{\"@id\":\"https:\/\/buy-prescriptionz.com\/product\/buy-oxycodone-apap-wattson-labs-online\/#breadcrumb\"},\"inLanguage\":\"sv-SE\",\"potentialAction\":[{\"@type\":\"ReadAction\",\"target\":[\"https:\/\/buy-prescriptionz.com\/product\/buy-oxycodone-apap-wattson-labs-online\/\"]}]},{\"@type\":\"ImageObject\",\"inLanguage\":\"sv-SE\",\"@id\":\"https:\/\/buy-prescriptionz.com\/product\/buy-oxycodone-apap-wattson-labs-online\/#primaryimage\",\"url\":\"https:\/\/buy-prescriptionz.com\/wp-content\/uploads\/2025\/09\/oxycodone-apap-wattson-labs.jpg\",\"contentUrl\":\"https:\/\/buy-prescriptionz.com\/wp-content\/uploads\/2025\/09\/oxycodone-apap-wattson-labs.jpg\",\"width\":400,\"height\":300},{\"@type\":\"BreadcrumbList\",\"@id\":\"https:\/\/buy-prescriptionz.com\/product\/buy-oxycodone-apap-wattson-labs-online\/#breadcrumb\",\"itemListElement\":[{\"@type\":\"ListItem\",\"position\":1,\"name\":\"Home\",\"item\":\"https:\/\/buy-prescriptionz.com\/\"},{\"@type\":\"ListItem\",\"position\":2,\"name\":\"Shop Painkillers Online\",\"item\":\"https:\/\/buy-prescriptionz.com\/shop-painkillers-online\/\"},{\"@type\":\"ListItem\",\"position\":3,\"name\":\"Buy Oxycodone &#8211; Apap (Wattson Labs) Online\"}]},{\"@type\":\"WebSite\",\"@id\":\"https:\/\/buy-prescriptionz.com\/#website\",\"url\":\"https:\/\/buy-prescriptionz.com\/\",\"name\":\"Buy Prescriptionz\",\"description\":\"Drugs Online\",\"publisher\":{\"@id\":\"https:\/\/buy-prescriptionz.com\/#organization\"},\"potentialAction\":[{\"@type\":\"SearchAction\",\"target\":{\"@type\":\"EntryPoint\",\"urlTemplate\":\"https:\/\/buy-prescriptionz.com\/?s={search_term_string}\"},\"query-input\":{\"@type\":\"PropertyValueSpecification\",\"valueRequired\":true,\"valueName\":\"search_term_string\"}}],\"inLanguage\":\"sv-SE\"},{\"@type\":\"Organization\",\"@id\":\"https:\/\/buy-prescriptionz.com\/#organization\",\"name\":\"Buy Prescriptionz\",\"url\":\"https:\/\/buy-prescriptionz.com\/\",\"logo\":{\"@type\":\"ImageObject\",\"inLanguage\":\"sv-SE\",\"@id\":\"https:\/\/buy-prescriptionz.com\/#\/schema\/logo\/image\/\",\"url\":\"https:\/\/buy-prescriptionz.com\/wp-content\/uploads\/2023\/09\/logo.png\",\"contentUrl\":\"https:\/\/buy-prescriptionz.com\/wp-content\/uploads\/2023\/09\/logo.png\",\"width\":350,\"height\":64,\"caption\":\"Buy Prescriptionz\"},\"image\":{\"@id\":\"https:\/\/buy-prescriptionz.com\/#\/schema\/logo\/image\/\"}}]}<\/script>\n<!-- \/ Yoast SEO plugin. -->","yoast_head_json":{"title":"K\u00f6p Oxycodone Apap (Physicians Tc.) Online - Oxycodone Apap (Physicians Tc.) till salu","description":"Vi \u00e4r den ledande butiken f\u00f6r oxykodon till salu. Om du vill k\u00f6pa Oxycodone Apap (Physicians Tc.), kontakta oss direkt s\u00e5 levereras din best\u00e4llning. Best\u00e4ll nu!","robots":{"index":"index","follow":"follow","max-snippet":"max-snippet:-1","max-image-preview":"max-image-preview:large","max-video-preview":"max-video-preview:-1"},"canonical":"https:\/\/buy-prescriptionz.com\/sv\/produkt\/kop-oxycodon-apap-wattson-labs-online\/","og_locale":"sv_SE","og_type":"article","og_title":"Buy Oxycodone Apap (Physicians Tc.) Online - Oxycodone Apap (Physicians Tc.) for Sale","og_description":"We are the leading store available with Oxycodone for sale. If you wish to buy Oxycodone Apap (Physicians Tc.), contact us right away and get the order delivered. Order Now!","og_url":"https:\/\/buy-prescriptionz.com\/sv\/produkt\/kop-oxycodon-apap-wattson-labs-online\/","og_site_name":"Buy Prescriptionz","article_modified_time":"2025-09-24T14:12:05+00:00","og_image":[{"width":400,"height":300,"url":"https:\/\/buy-prescriptionz.com\/wp-content\/uploads\/2025\/09\/oxycodone-apap-wattson-labs.jpg","type":"image\/jpeg"}],"twitter_card":"summary_large_image","twitter_misc":{"Ber\u00e4knad l\u00e4stid":"5 minuter"},"schema":{"@context":"https:\/\/schema.org","@graph":[{"@type":"WebPage","@id":"https:\/\/buy-prescriptionz.com\/product\/buy-oxycodone-apap-wattson-labs-online\/","url":"https:\/\/buy-prescriptionz.com\/product\/buy-oxycodone-apap-wattson-labs-online\/","name":"K\u00f6p Oxycodone Apap (Physicians Tc.) Online - Oxycodone Apap (Physicians Tc.) till salu","isPartOf":{"@id":"https:\/\/buy-prescriptionz.com\/#website"},"primaryImageOfPage":{"@id":"https:\/\/buy-prescriptionz.com\/product\/buy-oxycodone-apap-wattson-labs-online\/#primaryimage"},"image":{"@id":"https:\/\/buy-prescriptionz.com\/product\/buy-oxycodone-apap-wattson-labs-online\/#primaryimage"},"thumbnailUrl":"https:\/\/buy-prescriptionz.com\/wp-content\/uploads\/2025\/09\/oxycodone-apap-wattson-labs.jpg","datePublished":"2025-09-16T08:56:10+00:00","dateModified":"2025-09-24T14:12:05+00:00","description":"Vi \u00e4r den ledande butiken f\u00f6r oxykodon till salu. Om du vill k\u00f6pa Oxycodone Apap (Physicians Tc.), kontakta oss direkt s\u00e5 levereras din best\u00e4llning. Best\u00e4ll nu!","breadcrumb":{"@id":"https:\/\/buy-prescriptionz.com\/product\/buy-oxycodone-apap-wattson-labs-online\/#breadcrumb"},"inLanguage":"sv-SE","potentialAction":[{"@type":"ReadAction","target":["https:\/\/buy-prescriptionz.com\/product\/buy-oxycodone-apap-wattson-labs-online\/"]}]},{"@type":"ImageObject","inLanguage":"sv-SE","@id":"https:\/\/buy-prescriptionz.com\/product\/buy-oxycodone-apap-wattson-labs-online\/#primaryimage","url":"https:\/\/buy-prescriptionz.com\/wp-content\/uploads\/2025\/09\/oxycodone-apap-wattson-labs.jpg","contentUrl":"https:\/\/buy-prescriptionz.com\/wp-content\/uploads\/2025\/09\/oxycodone-apap-wattson-labs.jpg","width":400,"height":300},{"@type":"BreadcrumbList","@id":"https:\/\/buy-prescriptionz.com\/product\/buy-oxycodone-apap-wattson-labs-online\/#breadcrumb","itemListElement":[{"@type":"ListItem","position":1,"name":"Home","item":"https:\/\/buy-prescriptionz.com\/"},{"@type":"ListItem","position":2,"name":"Shop Painkillers Online","item":"https:\/\/buy-prescriptionz.com\/shop-painkillers-online\/"},{"@type":"ListItem","position":3,"name":"Buy Oxycodone &#8211; Apap (Wattson Labs) Online"}]},{"@type":"WebSite","@id":"https:\/\/buy-prescriptionz.com\/#website","url":"https:\/\/buy-prescriptionz.com\/","name":"Buy Prescriptionz","description":"Droger p\u00e5 n\u00e4tet","publisher":{"@id":"https:\/\/buy-prescriptionz.com\/#organization"},"potentialAction":[{"@type":"SearchAction","target":{"@type":"EntryPoint","urlTemplate":"https:\/\/buy-prescriptionz.com\/?s={search_term_string}"},"query-input":{"@type":"PropertyValueSpecification","valueRequired":true,"valueName":"search_term_string"}}],"inLanguage":"sv-SE"},{"@type":"Organization","@id":"https:\/\/buy-prescriptionz.com\/#organization","name":"Buy Prescriptionz","url":"https:\/\/buy-prescriptionz.com\/","logo":{"@type":"ImageObject","inLanguage":"sv-SE","@id":"https:\/\/buy-prescriptionz.com\/#\/schema\/logo\/image\/","url":"https:\/\/buy-prescriptionz.com\/wp-content\/uploads\/2023\/09\/logo.png","contentUrl":"https:\/\/buy-prescriptionz.com\/wp-content\/uploads\/2023\/09\/logo.png","width":350,"height":64,"caption":"Buy Prescriptionz"},"image":{"@id":"https:\/\/buy-prescriptionz.com\/#\/schema\/logo\/image\/"}}]}},"_links":{"self":[{"href":"https:\/\/buy-prescriptionz.com\/sv\/wp-json\/wp\/v2\/product\/3061","targetHints":{"allow":["GET"]}}],"collection":[{"href":"https:\/\/buy-prescriptionz.com\/sv\/wp-json\/wp\/v2\/product"}],"about":[{"href":"https:\/\/buy-prescriptionz.com\/sv\/wp-json\/wp\/v2\/types\/product"}],"replies":[{"embeddable":true,"href":"https:\/\/buy-prescriptionz.com\/sv\/wp-json\/wp\/v2\/comments?post=3061"}],"wp:featuredmedia":[{"embeddable":true,"href":"https:\/\/buy-prescriptionz.com\/sv\/wp-json\/wp\/v2\/media\/3091"}],"wp:attachment":[{"href":"https:\/\/buy-prescriptionz.com\/sv\/wp-json\/wp\/v2\/media?parent=3061"}],"wp:term":[{"taxonomy":"product_brand","embeddable":true,"href":"https:\/\/buy-prescriptionz.com\/sv\/wp-json\/wp\/v2\/product_brand?post=3061"},{"taxonomy":"product_cat","embeddable":true,"href":"https:\/\/buy-prescriptionz.com\/sv\/wp-json\/wp\/v2\/product_cat?post=3061"},{"taxonomy":"product_tag","embeddable":true,"href":"https:\/\/buy-prescriptionz.com\/sv\/wp-json\/wp\/v2\/product_tag?post=3061"}],"curies":[{"name":"wp","href":"https:\/\/api.w.org\/{rel}","templated":true}]}}