{"id":3065,"date":"2025-09-16T08:56:10","date_gmt":"2025-09-16T08:56:10","guid":{"rendered":"https:\/\/chemsfine.com\/newsite\/?post_type=product&#038;p=3065"},"modified":"2025-09-24T06:50:48","modified_gmt":"2025-09-24T06:50:48","slug":"kop-nitrazepam-nipam-online","status":"publish","type":"product","link":"https:\/\/buy-prescriptionz.com\/sv\/produkt\/kop-nitrazepam-nipam-online\/","title":{"rendered":"K\u00f6p Nitrazepam (Nipam) online"},"content":{"rendered":"<h2>K\u00f6p Nitrazepam (Nipam) online<\/h2>\n<h3>K\u00f6p Nitrazepam (Nipam) online Allm\u00e4n information:<\/h3>\n<p>Nitrazepam \u00e4r ett lugnande l\u00e4kemedel som anv\u00e4nds kortsiktigt f\u00f6r att hj\u00e4lpa m\u00e4nniskor att sova. Det tillh\u00f6r en grupp l\u00e4kemedel som kallas bensodiazepiner. Det anv\u00e4nds oftast i fall som \u00e4r allvarliga, invalidiserande eller orsakar extremt lidande.<\/p>\n<p>L\u00e4kemedelskostnaden f\u00f6r att k\u00f6pa Nitrazepam 5 mg \u00e4r mycket l\u00e4gre \u00e4n detaljhandelspriset. Beg\u00e4r receptbelagda recept som kr\u00e4ver liten eller ingen anstr\u00e4ngning fr\u00e5n lagliga och anf\u00f6rtrodda i USA. Nitrazepam kan orsaka ostadighet, sl\u00f6het eller synf\u00f6r\u00e4ndringar. Dessa effekter kan vara allvarligare om du tar det tillsammans med alkohol eller vissa l\u00e4kemedel. Anv\u00e4nd Nitrazepam med f\u00f6rsiktighet. K\u00f6r inte bil eller utf\u00f6r andra potentiellt farliga uppgifter f\u00f6rr\u00e4n du vet hur du reagerar p\u00e5 det. Forts\u00e4tt att anv\u00e4nda Nitrazepam med f\u00f6rsiktighet morgonen efter att du tagit Nitrazepam. Drick inte alkohol eller ta recept som kan orsaka sl\u00f6het (t.ex. lugnande medel, muskelavslappnande medel) medan du anv\u00e4nder Nitrazepam; det kan \u00f6ka deras resurser. Fr\u00e5ga din apotekspersonal om du har fr\u00e5gor om vilka l\u00e4kemedel som kan orsaka s\u00f6mnighet. Regelbundna symtom, s\u00e5som f\u00f6rvirring, ostadighet, koordinationsproblem och minnesproblem, uppst\u00e5r ofta inom 1 timme efter att du tagit Nitrazepam. Se till att ta Nitrazepam direkt innan du g\u00e5r och l\u00e4gger dig eller efter att du redan ligger i s\u00e4ngen. Detta kommer att minska dessa symtom. Nitrazepam kan g\u00f6ra att du br\u00e4nner dig mer effektivt av solen. H\u00e5ll ett strategiskt avst\u00e5nd fr\u00e5n solen, sollampor eller solarium tills du vet hur du reagerar p\u00e5 Nitrazepam. Anv\u00e4nd solskyddsmedel eller b\u00e4r skyddskl\u00e4der om du ska vara utomhus under mer \u00e4n en kort tid. Ber\u00e4tta f\u00f6r din husl\u00e4kare eller tandl\u00e4kare att du tar Nitrazepam innan du f\u00e5r n\u00e5gon medicinsk eller tandv\u00e5rdsbehandling, akutv\u00e5rd eller medicinsk behandling. Denna produkt kan inneh\u00e5lla tartrazinf\u00e4rg. Detta kan orsaka en negativ reaktion hos vissa patienter. Om du n\u00e5gonsin har haft en \u00f6verk\u00e4nslighetsreaktion mot tartrazin, fr\u00e5ga om din produkt inneh\u00e5ller tartrazin. Ta inte mer \u00e4n den rekommenderade dosen eller anv\u00e4nd den l\u00e4ngre \u00e4n rekommenderat utan att r\u00e5dfr\u00e5ga din husl\u00e4kare. Du kan uppleva besv\u00e4r med att slumra i 1 till 2 dagar efter att du slutat ta Nitrazepam. Om det skulle forts\u00e4tta, kontakta din husl\u00e4kare.<\/p>\n<h3>K\u00f6p Nitrazepam (Nipam) 5mg<\/h3>\n<p>K\u00f6p Nitrazepam (Nipam) Online, Du kan k\u00f6pa Nitrazepam p\u00e5 webben (Nipam) 5mg solicitation h\u00e4r, vi har utm\u00e4rkta Nitrazepam (Mogadon) 5mg piller. k\u00f6pa Nitrazepam (Nipam) 5mg Online utan medicin.<\/p>\n<p><strong>K\u00f6p Nitrazepam (Nipam) 5mg Online av Best Online Without Prescription Site.<\/strong><\/p>\n<p>Nitrazepam (Nipam) 5mg<\/p>\n<p>Top-notch Nitrazepam (Nipam) 5mg piller<\/p>\n<p>Leverans i sin helhet<\/p>\n<p>F\u00f6rsiktig f\u00f6rpackning<\/p>\n<p>Live-support<\/p>\n<p>100% Tillfredsst\u00e4llelsegaranti<\/p>\n<p><strong>K\u00f6p Nitrazepam p\u00e5 webben (Nipam) 5mg av Best Online Without Prescription Site.<\/strong><\/p>\n<p>VI ERBJUDER UTLANDSTJ\u00c4NSTER S\u00c4KER FRAKT TILL DIN D\u00d6RR!<\/p>\n<p>Du kan betala med kredit- och betalkort.<\/p>\n<p>EMS\/USPS Express Discreet TrackAble Leverans \u00f6ver hela intervallet.<\/p>\n<p>Nitrazepam (Nipam) 5mg anv\u00e4nds f\u00f6r administration av sp\u00e4nningsfr\u00e5gan, den \u00f6verg\u00e5ende hj\u00e4lpen av biverkningar av nervositet eller oro relaterad till misery.buy-nitrazepam-nipam-online<\/p>\n<h3>Om Nipam 5 MG tablett<\/h3>\n<p>Nipam 5 MG-tabletten \u00e4r en typ av hypnotisk bensodiazepam som anv\u00e4nds f\u00f6r att behandla infantila spasmer och s\u00f6mnl\u00f6shet. Det rekommenderas starkt att man inte tar Nipam 5 MG-tabletten om man har KOL, allergier, h\u00f6gt \u00f6gontryck eller allvarlig leverskada. Detta l\u00e4kemedel kan ocks\u00e5 hj\u00e4lpa vid hum\u00f6rst\u00f6rningar, alkoholabstinenssymtom, skelettmuskelavslappnande medel och st\u00f6rningar som orsakar kramper.<br \/>\n<strong><br \/>\n<\/strong>Nipam 5 MG tablett ges fortfarande till gravida kvinnor \u00e4ven om det finns en risk att det kan skada det of\u00f6dda barnet om det tas under graviditeten. Detta beror p\u00e5 att de m\u00f6jliga f\u00f6rdelarna klart \u00f6verv\u00e4ger riskerna.<\/p>\n<h3><strong>Hur ska beloppet tas?<\/strong><\/h3>\n<p>Om du gl\u00f6mmer att ta din Nipam 5 MG tablett, b\u00f6r du g\u00f6ra det s\u00e5 snart du kommer ih\u00e5g. Om det n\u00e4stan \u00e4r dags f\u00f6r n\u00e4sta dos, ta inte den du gl\u00f6mt. Ta inte tv\u00e5 doser samtidigt f\u00f6r att kompensera f\u00f6r den du missat.<\/p>\n<p><strong>Finns det n\u00e5gra anvisningar f\u00f6r \u00f6verdosering?<\/strong><\/p>\n<p>Om du tror att n\u00e5gon har \u00f6verdoserat, s\u00f6k akut l\u00e4karhj\u00e4lp eller ring din l\u00e4kare. Informationen h\u00e4r kommer fr\u00e5n hur mycket salt som finns i l\u00e4kemedlet. L\u00e4kemedlet kan anv\u00e4ndas och ha olika resultat p\u00e5 olika personer. Innan du tar detta l\u00e4kemedel b\u00f6r du prata med en psykiater.<\/p>\n<p><strong>Viktiga saker om Nipam 5 MG tablett <\/strong><\/p>\n<p>Hur l\u00e4nge varar effekten?<\/p>\n<p>Generellt sett varar effekten av detta l\u00e4kemedel mellan 6 och 8 timmar.<\/p>\n<p>N\u00e4r b\u00f6rjar slagsm\u00e5let?<\/p>\n<p>Du kommer att kunna se att detta l\u00e4kemedel verkar inom 30 till 60 minuter.<\/p>\n<p>Finns det n\u00e5gra tecken p\u00e5 graviditet?<\/p>\n<p>Gravida kvinnor b\u00f6r inte ta detta l\u00e4kemedel. Nipam 5 MG Tablett tar sig igenom moderkakan. Munspalter har rapporterats, men nyare data st\u00f6der inte ett samband mellan droganv\u00e4ndning och munspalter. Andra fosterskador som har rapporterats inkluderar ljumskbr\u00e5ck, hj\u00e4rtfel, spina bifida, dysmorfa ansiktsdrag, skelettdefekter och m\u00e5nga andra. Hypotoni och abstinenssymtom har ocks\u00e5 rapporterats efter anv\u00e4ndning n\u00e4ra f\u00f6rlossningen.<\/p>\n<p>Blir det en vana?<\/p>\n<p>En tendens att bilda vanor har beskrivits.<\/p>\n<p>Finns det n\u00e5gra tips om amning?<\/p>\n<p>Kvinnor som ammar b\u00f6r inte ta detta l\u00e4kemedel. 5 mg Nipam-tabletten kan g\u00e5 \u00f6ver i br\u00f6stmj\u00f6lk.<\/p>\n<p>\u00c4r det s\u00e4kert n\u00e4r du dricker?<\/p>\n<p>Bensodiazepiner har kopplats till additiv nedst\u00e4mdhet i centrala nervsystemet; undvik eller drick mindre alkohol.<\/p>\n<p>\u00c4r det okej att k\u00f6ra bil efter att ha tagit detta l\u00e4kemedel?<\/p>\n<p>Detta l\u00e4kemedel har biverkningar som g\u00f6r att man f\u00f6rlorar medvetandet. Patienter b\u00f6r d\u00e4rf\u00f6r inte k\u00f6ra bil om de k\u00e4nner sig d\u00e5liga, som att vara s\u00f6mniga, yra eller har sv\u00e5rt att se.<\/p>\n<p>F\u00f6r\u00e4ndrar detta hur v\u00e4l njurarna fungerar?<\/p>\n<p>Kan inte dialyseras (0 % till 5 %); extra m\u00e4ngd beh\u00f6vs inte.<\/p>\n<p>F\u00f6r\u00e4ndrar detta hur levern fungerar?<\/p>\n<p>Ta det inte om du har skrumplever eller allvarlig eller akut leversjukdom; minska dosen med h\u00e4lften.<\/p>\n<p>Om du tror att n\u00e5gon har \u00f6verdoserat, s\u00f6k akut l\u00e4karhj\u00e4lp eller ring din l\u00e4kare. Informationen h\u00e4r kommer fr\u00e5n hur mycket salt som finns i l\u00e4kemedlet. L\u00e4kemedlet kan anv\u00e4ndas och ha olika resultat p\u00e5 olika personer. Innan du tar detta l\u00e4kemedel b\u00f6r du prata med en psykiater.<\/p>\n<h3>Hur ska vi skicka paket?<\/h3>\n<p>Vi packar paketen f\u00f6rsiktigt med volfram- och kolpapper f\u00f6r att undvika att de g\u00e5r igenom traditionella X-beam-maskiner p\u00e5 flygterminaler. Paketen fylls felfritt med v\u00e4lsignelsepapper utifr\u00e5n.<\/p>\n<h3>Hur kan det fungera?<\/h3>\n<p>K\u00f6p Nitrazepam (Nipam) online, Nitrazepam har en plats med en samling l\u00e4kemedel som kallas bensodiazepiner. Det f\u00f6ljer upp p\u00e5 receptorer i hj\u00e4rnan (GABA-receptorer) vilket orsakar ankomsten av en f\u00f6rening som kallas GABA (gamma amino butyriska korrosivt \u00e4mne). GABA \u00e4r en anm\u00e4rkningsv\u00e4rd h\u00e4mmande substans i hj\u00e4rnan som f\u00f6rknippas med att framkalla sl\u00f6het och kontroll av oro och anfall.<\/p>\n<p>Nitrazepam verkar genom att utvidga GABA:s r\u00f6relse och p\u00e5 s\u00e5 s\u00e4tt minska arbetet i vissa zoner av sinnet. Detta resulterar i sl\u00f6het, minskad sp\u00e4nning och avveckling av musklerna.<\/p>\n<p>Nitrazepam anv\u00e4nds oftast f\u00f6r att behandla en s\u00f6mnst\u00f6rning. Det minskar den tid det tar att somna och nattliga uppvaknanden, samtidigt som det \u00f6kar den sammanlagda tiden f\u00f6r vila. Eftersom nitrazepam f\u00f6rblir dynamiskt i kroppen under l\u00e5ng tid kan tr\u00f6tthet uppst\u00e5 f\u00f6ljande dag.buy-nitrazepam-nipam-online<\/p>\n<h3>Varf\u00f6r anv\u00e4nds Nipam 5 MG tablett mot s\u00f6mnl\u00f6shet?<\/h3>\n<p>Om du tror att n\u00e5gon har \u00f6verdoserat, s\u00f6k akut l\u00e4karhj\u00e4lp eller ring din l\u00e4kare. Informationen h\u00e4r kommer fr\u00e5n hur mycket salt som finns i l\u00e4kemedlet. L\u00e4kemedlet kan anv\u00e4ndas och ha olika resultat p\u00e5 olika personer. Innan du tar detta l\u00e4kemedel b\u00f6r du prata med en psykiater.<\/p>","protected":false},"excerpt":{"rendered":"<p>Buy Nitrazepam (Nipam) Online Buy Nitrazepam (Nipam) Online\u00a0General Information: buy-nitrazepam-nipam-online, Nitrazepam is a sedative medication which is used in the short-term to help people sleep. It belongs to a group of drugs called benzodiazepines. It is mostly used in cases which are severe, disabling or causing extreme distress The medicine cost on Buy Nitrazepam 5mg [&hellip;]<\/p>","protected":false},"featured_media":3095,"comment_status":"open","ping_status":"closed","template":"","meta":{"site-sidebar-layout":"default","site-content-layout":"","ast-site-content-layout":"default","site-content-style":"default","site-sidebar-style":"default","ast-global-header-display":"","ast-banner-title-visibility":"","ast-main-header-display":"","ast-hfb-above-header-display":"","ast-hfb-below-header-display":"","ast-hfb-mobile-header-display":"","site-post-title":"","ast-breadcrumbs-content":"","ast-featured-img":"","footer-sml-layout":"","theme-transparent-header-meta":"default","adv-header-id-meta":"","stick-header-meta":"","header-above-stick-meta":"","header-main-stick-meta":"","header-below-stick-meta":"","astra-migrate-meta-layouts":"set","ast-page-background-enabled":"default","ast-page-background-meta":{"desktop":{"background-color":"var(--ast-global-color-4)","background-image":"","background-repeat":"repeat","background-position":"center center","background-size":"auto","background-attachment":"scroll","background-type":"","background-media":"","overlay-type":"","overlay-color":"","overlay-opacity":"","overlay-gradient":""},"tablet":{"background-color":"","background-image":"","background-repeat":"repeat","background-position":"center center","background-size":"auto","background-attachment":"scroll","background-type":"","background-media":"","overlay-type":"","overlay-color":"","overlay-opacity":"","overlay-gradient":""},"mobile":{"background-color":"","background-image":"","background-repeat":"repeat","background-position":"center center","background-size":"auto","background-attachment":"scroll","background-type":"","background-media":"","overlay-type":"","overlay-color":"","overlay-opacity":"","overlay-gradient":""}},"ast-content-background-meta":{"desktop":{"background-color":"var(--ast-global-color-5)","background-image":"","background-repeat":"repeat","background-position":"center center","background-size":"auto","background-attachment":"scroll","background-type":"","background-media":"","overlay-type":"","overlay-color":"","overlay-opacity":"","overlay-gradient":""},"tablet":{"background-color":"var(--ast-global-color-5)","background-image":"","background-repeat":"repeat","background-position":"center center","background-size":"auto","background-attachment":"scroll","background-type":"","background-media":"","overlay-type":"","overlay-color":"","overlay-opacity":"","overlay-gradient":""},"mobile":{"background-color":"var(--ast-global-color-5)","background-image":"","background-repeat":"repeat","background-position":"center center","background-size":"auto","background-attachment":"scroll","background-type":"","background-media":"","overlay-type":"","overlay-color":"","overlay-opacity":"","overlay-gradient":""}}},"product_brand":[],"product_cat":[2385],"product_tag":[1087,1088,1086,1081,1084,1083,1082,1085,1080,1079,1090,1089],"class_list":{"0":"post-3065","1":"product","2":"type-product","3":"status-publish","4":"has-post-thumbnail","6":"product_cat-buy-pain-killer-pills-online","7":"product_tag-buy-nitrazeoam-nipam-in-canada","8":"product_tag-buy-nitrazeoam-nipam-in-uk","9":"product_tag-buy-nitrazeoam-nipam-in-usa","10":"product_tag-buy-nitrazeoam-nipam-with-bitcoin","11":"product_tag-buy-nitrazeoam-nipam-with-credit-card","12":"product_tag-buy-nitrazeoam-nipam-with-money-gram","13":"product_tag-buy-nitrazeoam-nipam-with-western-union","14":"product_tag-buy-nitrazeoam-nipam-without-a-doctor","15":"product_tag-buy-nitrazeoam-nipam-without-prescription","16":"product_tag-nitrazeoam-nipam-for-sale","17":"product_tag-nitrazeoam-nipam-pills","18":"product_tag-nitrazeoam-nipam-tablets","19":"desktop-align-center","20":"tablet-align-left","21":"mobile-align-left","23":"first","24":"instock","25":"shipping-taxable","26":"purchasable","27":"product-type-variable","28":"has-default-attributes"},"yoast_head":"<!-- This site is optimized with the Yoast SEO plugin v25.9 - https:\/\/yoast.com\/wordpress\/plugins\/seo\/ -->\n<title>Buy Nitrazepam (Nipam) Online - Sleeping Pills Vendor<\/title>\n<meta name=\"description\" content=\"Buy Nitrazepam (Nipam) Online, Nitrazepam-5-MG and there variants. Check for ... Nitrazepam 5 MG This composition has 44 Products ... NIPAM 5MG TAB\" \/>\n<meta name=\"robots\" content=\"index, follow, max-snippet:-1, max-image-preview:large, max-video-preview:-1\" \/>\n<link rel=\"canonical\" href=\"https:\/\/buy-prescriptionz.com\/sv\/produkt\/kop-nitrazepam-nipam-online\/\" \/>\n<meta property=\"og:locale\" content=\"sv_SE\" \/>\n<meta property=\"og:type\" content=\"article\" \/>\n<meta property=\"og:title\" content=\"Buy Nitrazepam (Nipam) Online - Sleeping Pills Vendor\" \/>\n<meta property=\"og:description\" content=\"Buy Nitrazepam (Nipam) Online, Nitrazepam-5-MG and there variants. Check for ... Nitrazepam 5 MG This composition has 44 Products ... NIPAM 5MG TAB\" \/>\n<meta property=\"og:url\" content=\"https:\/\/buy-prescriptionz.com\/sv\/produkt\/kop-nitrazepam-nipam-online\/\" \/>\n<meta property=\"og:site_name\" content=\"Buy Prescriptionz\" \/>\n<meta property=\"article:modified_time\" content=\"2025-09-24T06:50:48+00:00\" \/>\n<meta property=\"og:image\" content=\"https:\/\/buy-prescriptionz.com\/wp-content\/uploads\/2025\/09\/nitrazeoam-nipam.jpg\" \/>\n\t<meta property=\"og:image:width\" content=\"400\" \/>\n\t<meta property=\"og:image:height\" content=\"300\" \/>\n\t<meta property=\"og:image:type\" content=\"image\/jpeg\" \/>\n<meta name=\"twitter:card\" content=\"summary_large_image\" \/>\n<meta name=\"twitter:label1\" content=\"Ber\u00e4knad l\u00e4stid\" \/>\n\t<meta name=\"twitter:data1\" content=\"6 minuter\" \/>\n<script type=\"application\/ld+json\" class=\"yoast-schema-graph\">{\"@context\":\"https:\/\/schema.org\",\"@graph\":[{\"@type\":\"WebPage\",\"@id\":\"https:\/\/buy-prescriptionz.com\/product\/buy-nitrazepam-nipam-online\/\",\"url\":\"https:\/\/buy-prescriptionz.com\/product\/buy-nitrazepam-nipam-online\/\",\"name\":\"Buy Nitrazepam (Nipam) Online - Sleeping Pills Vendor\",\"isPartOf\":{\"@id\":\"https:\/\/buy-prescriptionz.com\/#website\"},\"primaryImageOfPage\":{\"@id\":\"https:\/\/buy-prescriptionz.com\/product\/buy-nitrazepam-nipam-online\/#primaryimage\"},\"image\":{\"@id\":\"https:\/\/buy-prescriptionz.com\/product\/buy-nitrazepam-nipam-online\/#primaryimage\"},\"thumbnailUrl\":\"https:\/\/buy-prescriptionz.com\/wp-content\/uploads\/2025\/09\/nitrazeoam-nipam.jpg\",\"datePublished\":\"2025-09-16T08:56:10+00:00\",\"dateModified\":\"2025-09-24T06:50:48+00:00\",\"description\":\"Buy Nitrazepam (Nipam) Online, Nitrazepam-5-MG and there variants. Check for ... Nitrazepam 5 MG This composition has 44 Products ... NIPAM 5MG TAB\",\"breadcrumb\":{\"@id\":\"https:\/\/buy-prescriptionz.com\/product\/buy-nitrazepam-nipam-online\/#breadcrumb\"},\"inLanguage\":\"sv-SE\",\"potentialAction\":[{\"@type\":\"ReadAction\",\"target\":[\"https:\/\/buy-prescriptionz.com\/product\/buy-nitrazepam-nipam-online\/\"]}]},{\"@type\":\"ImageObject\",\"inLanguage\":\"sv-SE\",\"@id\":\"https:\/\/buy-prescriptionz.com\/product\/buy-nitrazepam-nipam-online\/#primaryimage\",\"url\":\"https:\/\/buy-prescriptionz.com\/wp-content\/uploads\/2025\/09\/nitrazeoam-nipam.jpg\",\"contentUrl\":\"https:\/\/buy-prescriptionz.com\/wp-content\/uploads\/2025\/09\/nitrazeoam-nipam.jpg\",\"width\":400,\"height\":300},{\"@type\":\"BreadcrumbList\",\"@id\":\"https:\/\/buy-prescriptionz.com\/product\/buy-nitrazepam-nipam-online\/#breadcrumb\",\"itemListElement\":[{\"@type\":\"ListItem\",\"position\":1,\"name\":\"Home\",\"item\":\"https:\/\/buy-prescriptionz.com\/\"},{\"@type\":\"ListItem\",\"position\":2,\"name\":\"Shop Painkillers Online\",\"item\":\"https:\/\/buy-prescriptionz.com\/shop-painkillers-online\/\"},{\"@type\":\"ListItem\",\"position\":3,\"name\":\"Buy Nitrazepam (Nipam) Online\"}]},{\"@type\":\"WebSite\",\"@id\":\"https:\/\/buy-prescriptionz.com\/#website\",\"url\":\"https:\/\/buy-prescriptionz.com\/\",\"name\":\"Buy Prescriptionz\",\"description\":\"Drugs Online\",\"publisher\":{\"@id\":\"https:\/\/buy-prescriptionz.com\/#organization\"},\"potentialAction\":[{\"@type\":\"SearchAction\",\"target\":{\"@type\":\"EntryPoint\",\"urlTemplate\":\"https:\/\/buy-prescriptionz.com\/?s={search_term_string}\"},\"query-input\":{\"@type\":\"PropertyValueSpecification\",\"valueRequired\":true,\"valueName\":\"search_term_string\"}}],\"inLanguage\":\"sv-SE\"},{\"@type\":\"Organization\",\"@id\":\"https:\/\/buy-prescriptionz.com\/#organization\",\"name\":\"Buy Prescriptionz\",\"url\":\"https:\/\/buy-prescriptionz.com\/\",\"logo\":{\"@type\":\"ImageObject\",\"inLanguage\":\"sv-SE\",\"@id\":\"https:\/\/buy-prescriptionz.com\/#\/schema\/logo\/image\/\",\"url\":\"https:\/\/buy-prescriptionz.com\/wp-content\/uploads\/2023\/09\/logo.png\",\"contentUrl\":\"https:\/\/buy-prescriptionz.com\/wp-content\/uploads\/2023\/09\/logo.png\",\"width\":350,\"height\":64,\"caption\":\"Buy Prescriptionz\"},\"image\":{\"@id\":\"https:\/\/buy-prescriptionz.com\/#\/schema\/logo\/image\/\"}}]}<\/script>\n<!-- \/ Yoast SEO plugin. -->","yoast_head_json":{"title":"K\u00f6p Nitrazepam (Nipam) online - S\u00e4ljare av s\u00f6mnmedel","description":"K\u00f6p Nitrazepam (Nipam) online, Nitrazepam-5-MG och dess varianter. Kontrollera f\u00f6r ... Nitrazepam 5 MG Denna sammans\u00e4ttning har 44 Produkter ... NIPAM 5MG TAB","robots":{"index":"index","follow":"follow","max-snippet":"max-snippet:-1","max-image-preview":"max-image-preview:large","max-video-preview":"max-video-preview:-1"},"canonical":"https:\/\/buy-prescriptionz.com\/sv\/produkt\/kop-nitrazepam-nipam-online\/","og_locale":"sv_SE","og_type":"article","og_title":"Buy Nitrazepam (Nipam) Online - Sleeping Pills Vendor","og_description":"Buy Nitrazepam (Nipam) Online, Nitrazepam-5-MG and there variants. Check for ... Nitrazepam 5 MG This composition has 44 Products ... NIPAM 5MG TAB","og_url":"https:\/\/buy-prescriptionz.com\/sv\/produkt\/kop-nitrazepam-nipam-online\/","og_site_name":"Buy Prescriptionz","article_modified_time":"2025-09-24T06:50:48+00:00","og_image":[{"width":400,"height":300,"url":"https:\/\/buy-prescriptionz.com\/wp-content\/uploads\/2025\/09\/nitrazeoam-nipam.jpg","type":"image\/jpeg"}],"twitter_card":"summary_large_image","twitter_misc":{"Ber\u00e4knad l\u00e4stid":"6 minuter"},"schema":{"@context":"https:\/\/schema.org","@graph":[{"@type":"WebPage","@id":"https:\/\/buy-prescriptionz.com\/product\/buy-nitrazepam-nipam-online\/","url":"https:\/\/buy-prescriptionz.com\/product\/buy-nitrazepam-nipam-online\/","name":"K\u00f6p Nitrazepam (Nipam) online - S\u00e4ljare av s\u00f6mnmedel","isPartOf":{"@id":"https:\/\/buy-prescriptionz.com\/#website"},"primaryImageOfPage":{"@id":"https:\/\/buy-prescriptionz.com\/product\/buy-nitrazepam-nipam-online\/#primaryimage"},"image":{"@id":"https:\/\/buy-prescriptionz.com\/product\/buy-nitrazepam-nipam-online\/#primaryimage"},"thumbnailUrl":"https:\/\/buy-prescriptionz.com\/wp-content\/uploads\/2025\/09\/nitrazeoam-nipam.jpg","datePublished":"2025-09-16T08:56:10+00:00","dateModified":"2025-09-24T06:50:48+00:00","description":"K\u00f6p Nitrazepam (Nipam) online, Nitrazepam-5-MG och dess varianter. Kontrollera f\u00f6r ... Nitrazepam 5 MG Denna sammans\u00e4ttning har 44 Produkter ... NIPAM 5MG TAB","breadcrumb":{"@id":"https:\/\/buy-prescriptionz.com\/product\/buy-nitrazepam-nipam-online\/#breadcrumb"},"inLanguage":"sv-SE","potentialAction":[{"@type":"ReadAction","target":["https:\/\/buy-prescriptionz.com\/product\/buy-nitrazepam-nipam-online\/"]}]},{"@type":"ImageObject","inLanguage":"sv-SE","@id":"https:\/\/buy-prescriptionz.com\/product\/buy-nitrazepam-nipam-online\/#primaryimage","url":"https:\/\/buy-prescriptionz.com\/wp-content\/uploads\/2025\/09\/nitrazeoam-nipam.jpg","contentUrl":"https:\/\/buy-prescriptionz.com\/wp-content\/uploads\/2025\/09\/nitrazeoam-nipam.jpg","width":400,"height":300},{"@type":"BreadcrumbList","@id":"https:\/\/buy-prescriptionz.com\/product\/buy-nitrazepam-nipam-online\/#breadcrumb","itemListElement":[{"@type":"ListItem","position":1,"name":"Home","item":"https:\/\/buy-prescriptionz.com\/"},{"@type":"ListItem","position":2,"name":"Shop Painkillers Online","item":"https:\/\/buy-prescriptionz.com\/shop-painkillers-online\/"},{"@type":"ListItem","position":3,"name":"Buy Nitrazepam (Nipam) Online"}]},{"@type":"WebSite","@id":"https:\/\/buy-prescriptionz.com\/#website","url":"https:\/\/buy-prescriptionz.com\/","name":"Buy Prescriptionz","description":"Droger p\u00e5 n\u00e4tet","publisher":{"@id":"https:\/\/buy-prescriptionz.com\/#organization"},"potentialAction":[{"@type":"SearchAction","target":{"@type":"EntryPoint","urlTemplate":"https:\/\/buy-prescriptionz.com\/?s={search_term_string}"},"query-input":{"@type":"PropertyValueSpecification","valueRequired":true,"valueName":"search_term_string"}}],"inLanguage":"sv-SE"},{"@type":"Organization","@id":"https:\/\/buy-prescriptionz.com\/#organization","name":"Buy Prescriptionz","url":"https:\/\/buy-prescriptionz.com\/","logo":{"@type":"ImageObject","inLanguage":"sv-SE","@id":"https:\/\/buy-prescriptionz.com\/#\/schema\/logo\/image\/","url":"https:\/\/buy-prescriptionz.com\/wp-content\/uploads\/2023\/09\/logo.png","contentUrl":"https:\/\/buy-prescriptionz.com\/wp-content\/uploads\/2023\/09\/logo.png","width":350,"height":64,"caption":"Buy Prescriptionz"},"image":{"@id":"https:\/\/buy-prescriptionz.com\/#\/schema\/logo\/image\/"}}]}},"_links":{"self":[{"href":"https:\/\/buy-prescriptionz.com\/sv\/wp-json\/wp\/v2\/product\/3065","targetHints":{"allow":["GET"]}}],"collection":[{"href":"https:\/\/buy-prescriptionz.com\/sv\/wp-json\/wp\/v2\/product"}],"about":[{"href":"https:\/\/buy-prescriptionz.com\/sv\/wp-json\/wp\/v2\/types\/product"}],"replies":[{"embeddable":true,"href":"https:\/\/buy-prescriptionz.com\/sv\/wp-json\/wp\/v2\/comments?post=3065"}],"wp:featuredmedia":[{"embeddable":true,"href":"https:\/\/buy-prescriptionz.com\/sv\/wp-json\/wp\/v2\/media\/3095"}],"wp:attachment":[{"href":"https:\/\/buy-prescriptionz.com\/sv\/wp-json\/wp\/v2\/media?parent=3065"}],"wp:term":[{"taxonomy":"product_brand","embeddable":true,"href":"https:\/\/buy-prescriptionz.com\/sv\/wp-json\/wp\/v2\/product_brand?post=3065"},{"taxonomy":"product_cat","embeddable":true,"href":"https:\/\/buy-prescriptionz.com\/sv\/wp-json\/wp\/v2\/product_cat?post=3065"},{"taxonomy":"product_tag","embeddable":true,"href":"https:\/\/buy-prescriptionz.com\/sv\/wp-json\/wp\/v2\/product_tag?post=3065"}],"curies":[{"name":"wp","href":"https:\/\/api.w.org\/{rel}","templated":true}]}}