{"id":3070,"date":"2025-09-16T08:56:11","date_gmt":"2025-09-16T08:56:11","guid":{"rendered":"https:\/\/chemsfine.com\/newsite\/?post_type=product&#038;p=3070"},"modified":"2025-09-22T08:46:34","modified_gmt":"2025-09-22T08:46:34","slug":"kop-flexeril-online-cyklobensaprin","status":"publish","type":"product","link":"https:\/\/buy-prescriptionz.com\/sv\/produkt\/kop-flexeril-online-cyklobensaprin\/","title":{"rendered":"K\u00f6p Flexeril online (Cyclobenzaprine)"},"content":{"rendered":"<h2>K\u00f6p Flexeril (Cyclobenzaprine) online<\/h2>\n<h3>Vad \u00e4r Flexeril? Varf\u00f6r anv\u00e4nds det?<\/h3>\n<p>Vad \u00e4r Flexeril? Varf\u00f6r anv\u00e4nds det? K\u00f6p Flexeril online (Cyclobenzaprine), Flexeril \u00e4r ett l\u00e4kemedel, allm\u00e4nt k\u00e4nt under varum\u00e4rket Cyclobenzaprine. Detta l\u00e4kemedel (Flexeril) \u00e4r en CNS (centrala nervsystemet) muskelavslappnande vilket inneb\u00e4r att det hj\u00e4lper till att f\u00e5 musklerna att slappna av. Flexiril anv\u00e4nds f\u00f6r viss sjukgymnastik samt p\u00e5 recept av l\u00e4karen och ...<\/p>\n<p>Flexeril, allm\u00e4nt k\u00e4nt som cyklobensaprin, \u00e4r ett muskelavslappnande medel som ofta f\u00f6rskrivs f\u00f6r att behandla muskelspasmer. Det anv\u00e4nds ofta i samband med vila och sjukgymnastik f\u00f6r att lindra obehag orsakat av akuta muskuloskeletala tillst\u00e5nd. N\u00e4r du anv\u00e4nder Flexeril som en del av medicinering f\u00f6r muskelavslappningsprocessen kommer du att se vissa f\u00f6r\u00e4ndringar i din kropp. De extremt sp\u00e4nda musklerna kommer att avslappnas vilket hj\u00e4lper din fysiska aktivitet att g\u00e5 snabbare. Du kan k\u00f6pa Flexeril online fr\u00e5n v\u00e5r webbplats till rimliga priser.<\/p>\n<h3>Vilka andra saker b\u00f6r inte anv\u00e4ndas med Flexeril?<\/h3>\n<p>K\u00f6p Flexeril online (Cyclobenzaprine), Det finns vissa f\u00f6rem\u00e5l och l\u00e4kemedel som inte b\u00f6r tas tillsammans med Flexeril. Det \u00e4r s\u00e5 eftersom vissa CNS-depressiva medel kan ha negativa effekter om de anv\u00e4nds tillsammans med Flexeril. Om en person n\u00e5gonsin vill k\u00f6pa Flexeril online b\u00f6r han\/hon k\u00e4nna till dessa termer som kan orsaka problem. Dessa depressiva medel \u00e4r - droger som bensodiazepiner och barbiturater och alkohol.<\/p>\n<p>Vi har redan n\u00e4mnt att det inte kommer att skada dig att ta Flexeril enligt den f\u00f6reskrivna dosen. Men att ta det i riklig m\u00e4ngd och utan att r\u00e5dfr\u00e5ga en l\u00e4kare kommer att leda till skadliga effekter.<\/p>\n<h3>Hur man anv\u00e4nder Flexeril<strong><br \/>\n<\/strong><\/h3>\n<p>Dosering: F\u00f6lj din l\u00e4kares ordination noggrant. Den typiska startdosen \u00e4r 5 mg tre g\u00e5nger dagligen, vilken kan justeras baserat p\u00e5 din respons och ditt medicinska tillst\u00e5nd.<\/p>\n<p>Administrering: Flexeril tas vanligtvis oralt, med eller utan mat. Det \u00e4r f\u00f6rdelaktigt att medicinen tas vid samma tidpunkter varje dag.<\/p>\n<p>Varaktighet: F\u00f6rskrivs generellt f\u00f6r kortvarig anv\u00e4ndning, upp till 2\u20133 veckor, om inte annat ordinerats av v\u00e5rdgivare.<\/p>\n<p>Flexeril (cyklobensaprin) \u00e4r ett effektivt muskelavslappnande medel som anv\u00e4nds f\u00f6r att lindra muskelspasmer och tillh\u00f6rande sm\u00e4rta. N\u00e4r du \u00f6verv\u00e4ger att k\u00f6pa Flexeril online, prioritera s\u00e4kerheten genom att r\u00e5dfr\u00e5ga en v\u00e5rdgivare, anv\u00e4nda v\u00e4lrenommerade och verifierade onlineapotek, t.ex. buy-prescriptionz.com, och f\u00f6lja f\u00f6reskrivna riktlinjer. Var alltid medveten om potentiella biverkningar och l\u00e4kemedelsinteraktioner och anv\u00e4nd l\u00e4kemedlet ansvarsfullt f\u00f6r kortsiktig lindring.<\/p>\n<h3>Anv\u00e4ndningsomr\u00e5den f\u00f6r Flexeril<\/h3>\n<p>\u808c\u8089\u75c9\u631b\uff1aFlexeril \u4e3b\u8981\u7528\u4e8e\u6cbb\u7597\u7531\u6025\u6027\u808c\u8089\u9aa8\u9abc\u75be\u75c5\uff08\u5982\u62c9\u4f24\u548c\u626d\u4f24\uff09\u5f15\u8d77\u7684\u808c\u8089\u75c9\u631b\u3002<\/p>\n<p>Sm\u00e4rtlindring: Det anv\u00e4nds ofta i kombination med vila och sjukgymnastik f\u00f6r att lindra muskelsm\u00e4rta och f\u00f6rb\u00e4ttra r\u00f6rligheten.<\/p>\n<p>Off-label-anv\u00e4ndning: \u00c4ven om det inte \u00e4r vanligt kan det ibland anv\u00e4ndas off-label f\u00f6r tillst\u00e5nd som fibromyalgi eller kroniska sm\u00e4rtsyndrom, under \u00f6verinseende av en v\u00e5rdgivare.<\/p>\n<h3>Viktiga \u00f6verv\u00e4ganden<\/h3>\n<p>Dosering och anv\u00e4ndning: F\u00f6lj doseringsanvisningarna fr\u00e5n din l\u00e4kare. Sj\u00e4lvmedicinera inte och justera inte dosen utan l\u00e4kares inr\u00e5dan.<\/p>\n<p>Potentiella biverkningar: Var medveten om m\u00f6jliga biverkningar s\u00e5som d\u00e5sighet, muntorrhet eller yrsel. Kontakta din l\u00e4kare om du upplever n\u00e5gra biverkningar.<\/p>\n<p>F\u00f6rvaring: F\u00f6rvara den b\u00e4sta Flexeril-behandlingen i rumstemperatur, borta fr\u00e5n fukt och v\u00e4rme.<\/p>\n<h3>Biverkningar av Flexeril<\/h3>\n<p>Om du k\u00f6per Flexeril online f\u00e5r du ett receptbelagt l\u00e4kemedel som tas f\u00f6r korttidsbehandling av kritiska fall av muskelskador med fysisk tr\u00e4ning och vila. Du m\u00e5ste dock vara medveten om att oavsett hur mycket ett receptbelagt l\u00e4kemedel som f\u00f6rskrivs \u00e4r det aldrig fritt fr\u00e5n en av dess aspekter, n\u00e4mligen biverkningar. Det kan uppst\u00e5 eller inte uppst\u00e5 beroende p\u00e5 ditt intag och kan p\u00e5verka dig eller inte beroende p\u00e5 ditt immunf\u00f6rsvar.<\/p>\n<p><strong>D\u00e4rf\u00f6r \u00e4r det b\u00e4st att k\u00e4nna till biverkningarna av Flexeril innan du k\u00f6per det och b\u00f6rjar ta det:-<\/strong><\/p>\n<p>\u00d6kad hj\u00e4rtfrekvens<br \/>\nIllam\u00e5ende<br \/>\nYrsel<br \/>\nMunnen b\u00f6rjar torka upprepade g\u00e5nger<br \/>\nHuvudv\u00e4rk<br \/>\nF\u00f6rvirring<\/p>\n<p>Om du tar l\u00e4kemedlet samtidigt som du forts\u00e4tter att dricka alkohol eller andra droger, \u00e4ven om du k\u00f6per Flexeril online och b\u00f6rjar ta medicinen utan recept. D\u00e5 kan du ocks\u00e5 bli ett offer f\u00f6r l\u00e4kemedlets allvarliga biverkningar som:-<\/p>","protected":false},"excerpt":{"rendered":"<p>Buy Flexeril (Cyclobenzaprine) Online What is Flexeril? Why is it used? Buy Flexeril Online(Cyclobenzaprine), Flexeril is a medication, commonly known by its brand name Cyclobenzaprine. This drug (Flexeril) is a CNS (central nervous system) muscle soothing which means that it helps to get relax your muscles. Flexiril used for some physiotherapy as well as prescribed [&hellip;]<\/p>","protected":false},"featured_media":3100,"comment_status":"open","ping_status":"closed","template":"","meta":{"site-sidebar-layout":"default","site-content-layout":"","ast-site-content-layout":"default","site-content-style":"default","site-sidebar-style":"default","ast-global-header-display":"","ast-banner-title-visibility":"","ast-main-header-display":"","ast-hfb-above-header-display":"","ast-hfb-below-header-display":"","ast-hfb-mobile-header-display":"","site-post-title":"","ast-breadcrumbs-content":"","ast-featured-img":"","footer-sml-layout":"","theme-transparent-header-meta":"default","adv-header-id-meta":"","stick-header-meta":"","header-above-stick-meta":"","header-main-stick-meta":"","header-below-stick-meta":"","astra-migrate-meta-layouts":"set","ast-page-background-enabled":"default","ast-page-background-meta":{"desktop":{"background-color":"var(--ast-global-color-4)","background-image":"","background-repeat":"repeat","background-position":"center center","background-size":"auto","background-attachment":"scroll","background-type":"","background-media":"","overlay-type":"","overlay-color":"","overlay-opacity":"","overlay-gradient":""},"tablet":{"background-color":"","background-image":"","background-repeat":"repeat","background-position":"center center","background-size":"auto","background-attachment":"scroll","background-type":"","background-media":"","overlay-type":"","overlay-color":"","overlay-opacity":"","overlay-gradient":""},"mobile":{"background-color":"","background-image":"","background-repeat":"repeat","background-position":"center center","background-size":"auto","background-attachment":"scroll","background-type":"","background-media":"","overlay-type":"","overlay-color":"","overlay-opacity":"","overlay-gradient":""}},"ast-content-background-meta":{"desktop":{"background-color":"var(--ast-global-color-5)","background-image":"","background-repeat":"repeat","background-position":"center center","background-size":"auto","background-attachment":"scroll","background-type":"","background-media":"","overlay-type":"","overlay-color":"","overlay-opacity":"","overlay-gradient":""},"tablet":{"background-color":"var(--ast-global-color-5)","background-image":"","background-repeat":"repeat","background-position":"center center","background-size":"auto","background-attachment":"scroll","background-type":"","background-media":"","overlay-type":"","overlay-color":"","overlay-opacity":"","overlay-gradient":""},"mobile":{"background-color":"var(--ast-global-color-5)","background-image":"","background-repeat":"repeat","background-position":"center center","background-size":"auto","background-attachment":"scroll","background-type":"","background-media":"","overlay-type":"","overlay-color":"","overlay-opacity":"","overlay-gradient":""}}},"product_brand":[],"product_cat":[2385],"product_tag":[1051,1052,1050,1045,1048,1047,1046,1049,1044,1043,1054,1053],"class_list":{"0":"post-3070","1":"product","2":"type-product","3":"status-publish","4":"has-post-thumbnail","6":"product_cat-buy-pain-killer-pills-online","7":"product_tag-buy-flexeril-cyclobenzaprine-in-canada","8":"product_tag-buy-flexeril-cyclobenzaprine-in-uk","9":"product_tag-buy-flexeril-cyclobenzaprine-in-usa","10":"product_tag-buy-flexeril-cyclobenzaprine-with-bitcoin","11":"product_tag-buy-flexeril-cyclobenzaprine-with-credit-card","12":"product_tag-buy-flexeril-cyclobenzaprine-with-money-gram","13":"product_tag-buy-flexeril-cyclobenzaprine-with-western-union","14":"product_tag-buy-flexeril-cyclobenzaprine-without-a-doctor","15":"product_tag-buy-flexeril-cyclobenzaprine-without-prescription","16":"product_tag-flexeril-cyclobenzaprine-for-sale","17":"product_tag-flexeril-cyclobenzaprine-pills","18":"product_tag-flexeril-cyclobenzaprine-tablets","19":"desktop-align-center","20":"tablet-align-left","21":"mobile-align-left","23":"first","24":"instock","25":"shipping-taxable","26":"purchasable","27":"product-type-variable","28":"has-default-attributes"},"yoast_head":"<!-- This site is optimized with the Yoast SEO plugin v25.9 - https:\/\/yoast.com\/wordpress\/plugins\/seo\/ -->\n<title>Buy Flexeril Online - Flexeril for Sale - Order Flexeril<\/title>\n<meta name=\"description\" content=\"Our online Buy-Prescriptionz store has the best quality Flexeril for sale. If you want to buy Flexeril online, then we can help you from all ends. Order today!\" \/>\n<meta name=\"robots\" content=\"index, follow, max-snippet:-1, max-image-preview:large, max-video-preview:-1\" \/>\n<link rel=\"canonical\" href=\"https:\/\/buy-prescriptionz.com\/sv\/produkt\/kop-flexeril-online-cyklobensaprin\/\" \/>\n<meta property=\"og:locale\" content=\"sv_SE\" \/>\n<meta property=\"og:type\" content=\"article\" \/>\n<meta property=\"og:title\" content=\"Buy Flexeril Online - Flexeril for Sale - Order Flexeril\" \/>\n<meta property=\"og:description\" content=\"Our online Buy-Prescriptionz store has the best quality Flexeril for sale. If you want to buy Flexeril online, then we can help you from all ends. Order today!\" \/>\n<meta property=\"og:url\" content=\"https:\/\/buy-prescriptionz.com\/sv\/produkt\/kop-flexeril-online-cyklobensaprin\/\" \/>\n<meta property=\"og:site_name\" content=\"Buy Prescriptionz\" \/>\n<meta property=\"article:modified_time\" content=\"2025-09-22T08:46:34+00:00\" \/>\n<meta property=\"og:image\" content=\"https:\/\/buy-prescriptionz.com\/wp-content\/uploads\/2025\/09\/flexeril-cyclobenzaprine.jpeg\" \/>\n\t<meta property=\"og:image:width\" content=\"400\" \/>\n\t<meta property=\"og:image:height\" content=\"300\" \/>\n\t<meta property=\"og:image:type\" content=\"image\/jpeg\" \/>\n<meta name=\"twitter:card\" content=\"summary_large_image\" \/>\n<meta name=\"twitter:label1\" content=\"Ber\u00e4knad l\u00e4stid\" \/>\n\t<meta name=\"twitter:data1\" content=\"4 minuter\" \/>\n<script type=\"application\/ld+json\" class=\"yoast-schema-graph\">{\"@context\":\"https:\/\/schema.org\",\"@graph\":[{\"@type\":\"WebPage\",\"@id\":\"https:\/\/buy-prescriptionz.com\/product\/buy-flexeril-onlinecyclobenzaprine\/\",\"url\":\"https:\/\/buy-prescriptionz.com\/product\/buy-flexeril-onlinecyclobenzaprine\/\",\"name\":\"Buy Flexeril Online - Flexeril for Sale - Order Flexeril\",\"isPartOf\":{\"@id\":\"https:\/\/buy-prescriptionz.com\/#website\"},\"primaryImageOfPage\":{\"@id\":\"https:\/\/buy-prescriptionz.com\/product\/buy-flexeril-onlinecyclobenzaprine\/#primaryimage\"},\"image\":{\"@id\":\"https:\/\/buy-prescriptionz.com\/product\/buy-flexeril-onlinecyclobenzaprine\/#primaryimage\"},\"thumbnailUrl\":\"https:\/\/buy-prescriptionz.com\/wp-content\/uploads\/2025\/09\/flexeril-cyclobenzaprine.jpeg\",\"datePublished\":\"2025-09-16T08:56:11+00:00\",\"dateModified\":\"2025-09-22T08:46:34+00:00\",\"description\":\"Our online Buy-Prescriptionz store has the best quality Flexeril for sale. If you want to buy Flexeril online, then we can help you from all ends. Order today!\",\"breadcrumb\":{\"@id\":\"https:\/\/buy-prescriptionz.com\/product\/buy-flexeril-onlinecyclobenzaprine\/#breadcrumb\"},\"inLanguage\":\"sv-SE\",\"potentialAction\":[{\"@type\":\"ReadAction\",\"target\":[\"https:\/\/buy-prescriptionz.com\/product\/buy-flexeril-onlinecyclobenzaprine\/\"]}]},{\"@type\":\"ImageObject\",\"inLanguage\":\"sv-SE\",\"@id\":\"https:\/\/buy-prescriptionz.com\/product\/buy-flexeril-onlinecyclobenzaprine\/#primaryimage\",\"url\":\"https:\/\/buy-prescriptionz.com\/wp-content\/uploads\/2025\/09\/flexeril-cyclobenzaprine.jpeg\",\"contentUrl\":\"https:\/\/buy-prescriptionz.com\/wp-content\/uploads\/2025\/09\/flexeril-cyclobenzaprine.jpeg\",\"width\":400,\"height\":300},{\"@type\":\"BreadcrumbList\",\"@id\":\"https:\/\/buy-prescriptionz.com\/product\/buy-flexeril-onlinecyclobenzaprine\/#breadcrumb\",\"itemListElement\":[{\"@type\":\"ListItem\",\"position\":1,\"name\":\"Home\",\"item\":\"https:\/\/buy-prescriptionz.com\/\"},{\"@type\":\"ListItem\",\"position\":2,\"name\":\"Shop Painkillers Online\",\"item\":\"https:\/\/buy-prescriptionz.com\/shop-painkillers-online\/\"},{\"@type\":\"ListItem\",\"position\":3,\"name\":\"Buy Flexeril Online(Cyclobenzaprine)\"}]},{\"@type\":\"WebSite\",\"@id\":\"https:\/\/buy-prescriptionz.com\/#website\",\"url\":\"https:\/\/buy-prescriptionz.com\/\",\"name\":\"Buy Prescriptionz\",\"description\":\"Drugs Online\",\"publisher\":{\"@id\":\"https:\/\/buy-prescriptionz.com\/#organization\"},\"potentialAction\":[{\"@type\":\"SearchAction\",\"target\":{\"@type\":\"EntryPoint\",\"urlTemplate\":\"https:\/\/buy-prescriptionz.com\/?s={search_term_string}\"},\"query-input\":{\"@type\":\"PropertyValueSpecification\",\"valueRequired\":true,\"valueName\":\"search_term_string\"}}],\"inLanguage\":\"sv-SE\"},{\"@type\":\"Organization\",\"@id\":\"https:\/\/buy-prescriptionz.com\/#organization\",\"name\":\"Buy Prescriptionz\",\"url\":\"https:\/\/buy-prescriptionz.com\/\",\"logo\":{\"@type\":\"ImageObject\",\"inLanguage\":\"sv-SE\",\"@id\":\"https:\/\/buy-prescriptionz.com\/#\/schema\/logo\/image\/\",\"url\":\"https:\/\/buy-prescriptionz.com\/wp-content\/uploads\/2023\/09\/logo.png\",\"contentUrl\":\"https:\/\/buy-prescriptionz.com\/wp-content\/uploads\/2023\/09\/logo.png\",\"width\":350,\"height\":64,\"caption\":\"Buy Prescriptionz\"},\"image\":{\"@id\":\"https:\/\/buy-prescriptionz.com\/#\/schema\/logo\/image\/\"}}]}<\/script>\n<!-- \/ Yoast SEO plugin. -->","yoast_head_json":{"title":"K\u00f6p Flexeril Online - Flexeril till salu - Best\u00e4ll Flexeril","description":"V\u00e5r onlinebutik Buy-Prescriptionz har Flexeril av b\u00e4sta kvalitet till salu. Om du vill k\u00f6pa Flexeril online kan vi hj\u00e4lpa dig med allt. Best\u00e4ll idag!","robots":{"index":"index","follow":"follow","max-snippet":"max-snippet:-1","max-image-preview":"max-image-preview:large","max-video-preview":"max-video-preview:-1"},"canonical":"https:\/\/buy-prescriptionz.com\/sv\/produkt\/kop-flexeril-online-cyklobensaprin\/","og_locale":"sv_SE","og_type":"article","og_title":"Buy Flexeril Online - Flexeril for Sale - Order Flexeril","og_description":"Our online Buy-Prescriptionz store has the best quality Flexeril for sale. If you want to buy Flexeril online, then we can help you from all ends. Order today!","og_url":"https:\/\/buy-prescriptionz.com\/sv\/produkt\/kop-flexeril-online-cyklobensaprin\/","og_site_name":"Buy Prescriptionz","article_modified_time":"2025-09-22T08:46:34+00:00","og_image":[{"width":400,"height":300,"url":"https:\/\/buy-prescriptionz.com\/wp-content\/uploads\/2025\/09\/flexeril-cyclobenzaprine.jpeg","type":"image\/jpeg"}],"twitter_card":"summary_large_image","twitter_misc":{"Ber\u00e4knad l\u00e4stid":"4 minuter"},"schema":{"@context":"https:\/\/schema.org","@graph":[{"@type":"WebPage","@id":"https:\/\/buy-prescriptionz.com\/product\/buy-flexeril-onlinecyclobenzaprine\/","url":"https:\/\/buy-prescriptionz.com\/product\/buy-flexeril-onlinecyclobenzaprine\/","name":"K\u00f6p Flexeril Online - Flexeril till salu - Best\u00e4ll Flexeril","isPartOf":{"@id":"https:\/\/buy-prescriptionz.com\/#website"},"primaryImageOfPage":{"@id":"https:\/\/buy-prescriptionz.com\/product\/buy-flexeril-onlinecyclobenzaprine\/#primaryimage"},"image":{"@id":"https:\/\/buy-prescriptionz.com\/product\/buy-flexeril-onlinecyclobenzaprine\/#primaryimage"},"thumbnailUrl":"https:\/\/buy-prescriptionz.com\/wp-content\/uploads\/2025\/09\/flexeril-cyclobenzaprine.jpeg","datePublished":"2025-09-16T08:56:11+00:00","dateModified":"2025-09-22T08:46:34+00:00","description":"V\u00e5r onlinebutik Buy-Prescriptionz har Flexeril av b\u00e4sta kvalitet till salu. Om du vill k\u00f6pa Flexeril online kan vi hj\u00e4lpa dig med allt. Best\u00e4ll idag!","breadcrumb":{"@id":"https:\/\/buy-prescriptionz.com\/product\/buy-flexeril-onlinecyclobenzaprine\/#breadcrumb"},"inLanguage":"sv-SE","potentialAction":[{"@type":"ReadAction","target":["https:\/\/buy-prescriptionz.com\/product\/buy-flexeril-onlinecyclobenzaprine\/"]}]},{"@type":"ImageObject","inLanguage":"sv-SE","@id":"https:\/\/buy-prescriptionz.com\/product\/buy-flexeril-onlinecyclobenzaprine\/#primaryimage","url":"https:\/\/buy-prescriptionz.com\/wp-content\/uploads\/2025\/09\/flexeril-cyclobenzaprine.jpeg","contentUrl":"https:\/\/buy-prescriptionz.com\/wp-content\/uploads\/2025\/09\/flexeril-cyclobenzaprine.jpeg","width":400,"height":300},{"@type":"BreadcrumbList","@id":"https:\/\/buy-prescriptionz.com\/product\/buy-flexeril-onlinecyclobenzaprine\/#breadcrumb","itemListElement":[{"@type":"ListItem","position":1,"name":"Home","item":"https:\/\/buy-prescriptionz.com\/"},{"@type":"ListItem","position":2,"name":"Shop Painkillers Online","item":"https:\/\/buy-prescriptionz.com\/shop-painkillers-online\/"},{"@type":"ListItem","position":3,"name":"Buy Flexeril Online(Cyclobenzaprine)"}]},{"@type":"WebSite","@id":"https:\/\/buy-prescriptionz.com\/#website","url":"https:\/\/buy-prescriptionz.com\/","name":"Buy Prescriptionz","description":"Droger p\u00e5 n\u00e4tet","publisher":{"@id":"https:\/\/buy-prescriptionz.com\/#organization"},"potentialAction":[{"@type":"SearchAction","target":{"@type":"EntryPoint","urlTemplate":"https:\/\/buy-prescriptionz.com\/?s={search_term_string}"},"query-input":{"@type":"PropertyValueSpecification","valueRequired":true,"valueName":"search_term_string"}}],"inLanguage":"sv-SE"},{"@type":"Organization","@id":"https:\/\/buy-prescriptionz.com\/#organization","name":"Buy Prescriptionz","url":"https:\/\/buy-prescriptionz.com\/","logo":{"@type":"ImageObject","inLanguage":"sv-SE","@id":"https:\/\/buy-prescriptionz.com\/#\/schema\/logo\/image\/","url":"https:\/\/buy-prescriptionz.com\/wp-content\/uploads\/2023\/09\/logo.png","contentUrl":"https:\/\/buy-prescriptionz.com\/wp-content\/uploads\/2023\/09\/logo.png","width":350,"height":64,"caption":"Buy Prescriptionz"},"image":{"@id":"https:\/\/buy-prescriptionz.com\/#\/schema\/logo\/image\/"}}]}},"_links":{"self":[{"href":"https:\/\/buy-prescriptionz.com\/sv\/wp-json\/wp\/v2\/product\/3070","targetHints":{"allow":["GET"]}}],"collection":[{"href":"https:\/\/buy-prescriptionz.com\/sv\/wp-json\/wp\/v2\/product"}],"about":[{"href":"https:\/\/buy-prescriptionz.com\/sv\/wp-json\/wp\/v2\/types\/product"}],"replies":[{"embeddable":true,"href":"https:\/\/buy-prescriptionz.com\/sv\/wp-json\/wp\/v2\/comments?post=3070"}],"wp:featuredmedia":[{"embeddable":true,"href":"https:\/\/buy-prescriptionz.com\/sv\/wp-json\/wp\/v2\/media\/3100"}],"wp:attachment":[{"href":"https:\/\/buy-prescriptionz.com\/sv\/wp-json\/wp\/v2\/media?parent=3070"}],"wp:term":[{"taxonomy":"product_brand","embeddable":true,"href":"https:\/\/buy-prescriptionz.com\/sv\/wp-json\/wp\/v2\/product_brand?post=3070"},{"taxonomy":"product_cat","embeddable":true,"href":"https:\/\/buy-prescriptionz.com\/sv\/wp-json\/wp\/v2\/product_cat?post=3070"},{"taxonomy":"product_tag","embeddable":true,"href":"https:\/\/buy-prescriptionz.com\/sv\/wp-json\/wp\/v2\/product_tag?post=3070"}],"curies":[{"name":"wp","href":"https:\/\/api.w.org\/{rel}","templated":true}]}}