{"id":3102,"date":"2025-09-16T08:56:24","date_gmt":"2025-09-16T08:56:24","guid":{"rendered":"https:\/\/chemsfine.com\/newsite\/?post_type=product&#038;p=3102"},"modified":"2025-09-16T08:58:25","modified_gmt":"2025-09-16T08:58:25","slug":"kop-dormicum-online","status":"publish","type":"product","link":"https:\/\/buy-prescriptionz.com\/sv\/produkt\/kop-dormicum-online\/","title":{"rendered":"K\u00f6p Dormicum online"},"content":{"rendered":"<h2>K\u00f6p sovsalar online | sovsal till salu<\/h2>\n<p>Dormicum is a drug that contains the active ingredient midazolam. It&#8217;s one of a class of drugs known as benzodiazepines. It is used to treat insomnia and to help patients prepare for surgery. It&#8217;s a fast-acting hypnotic with a short biological half-life, and it comes in two dosages (Dormicum 15mg and Dormicum 7.5mg). The tablets successfully reduced sleep onset time in many controlled trials as well as in the sleep lab. It means that by taking the proper Dormicum dosage for sleep, you can extend your sleep time without compromising your REM sleep. As a result, sleep efficiency improves.<\/p>\n<p>You may fall asleep within 20 minutes after taking Dormicum, and the duration of your sleep will automatically adjust to match your age-related sleep patterns. Because Midazolam, the active ingredient in Dormicum, has anxiolytic, anticonvulsant, muscle relaxant, and sedative characteristics, you won&#8217;t notice any performance impairments when you wake up.<\/p>\n<h3>Dormicum online<\/h3>\n<p>Buy dormicum online |dormicum on sale | dormicum , Midazolam is a sleep aid with a rapid start of action, a short half-life in the body, and effective, consistent, and simple administration. DORMICUM has also been found in clinical studies and laboratory tests to abbreviate sleep onset and prolong sleep duration without causing quantitative alterations in paradoxical sleep (REM). In typically, the time between taking Dormicum and falling asleep is less than 20 minutes, and the sleep returns to normal after that. The patient feels refreshed and rested when he or she wakes up.<br \/>\nSecond, you can order Midazolam (Dormicum) 15mg pills online from us; we have high-quality Midazolam (Dormicum) 15mg pills. Without a prescription, buy Midazolam (Dormicum) 15mg online.<br \/>\nBest Online Without Prescription Site sells Midazolam (Lorazepam) 15mg.<br \/>\n15mg Midazolam (Dormicum)<br \/>\nMidazolam (Dormicum) 15mg Pills of Superior Quality<br \/>\nDelivery to any country in the world<br \/>\nPackaging that is unobtrusive<br \/>\nSupport is available 24\/7.<br \/>\nGuaranteed 100% Customer Satisfaction<br \/>\nK\u00f6p Midazolam online (Dormicum) 15 mg fr\u00e5n Best Online Without Recept Site.<\/p>\n<div>\n<div class=\"b_factrow\">Propofol<\/div>\n<\/div>\n<div>\n<div class=\"b_factrow\">Lorazepam<\/div>\n<\/div>\n<div>\n<div class=\"b_factrow\">Fentanyl<\/div>\n<\/div>\n<div>\n<div class=\"b_factrow\">Diazepam<\/div>\n<\/div>\n<div>\n<div class=\"b_factrow\">Ketamin<\/div>\n<div>\n<h3>\u00d6versikt<\/h3>\n<p>Dormicum 15 mg \u00e4r ett effektivt l\u00e4kemedel f\u00f6r korttidsbehandling av sv\u00e5r s\u00f6mnl\u00f6shet och \u00e5ngest inf\u00f6r operationer. Det b\u00f6r anv\u00e4ndas under medicinsk \u00f6vervakning p\u00e5 grund av dess styrka och potentiella biverkningar.<\/p>\n<p>Midazolammaleat finns i Dormicum-tabletter, medan midazolamhydroklorid finns i ampuller.<br \/>\nSom hj\u00e4lp\u00e4mnen inneh\u00e5ller varje ampull \u00e4ven natriumhydroxid, saltsyra, natriumklorid och injektionsvatten.<br \/>\nMidazolam \u00e4r 8-klor-6-(2-fluorofenyl)-1-metyl-4H-imidazo[1,5-a][1,4]bensodiazepin.<\/p>\n<h3><strong>Tecken och anv\u00e4ndningsomr\u00e5den <\/strong><\/h3>\n<p>Tablett: Som ett tillf\u00e4lligt s\u00f6mnmedel. Endast allvarliga sjukdomar som g\u00f6r en person funktionsnedsatt eller lider mycket b\u00f6r behandlas med bensodiazepiner. F\u00f6re kirurgi eller diagnostiska behandlingar anv\u00e4nds sedering som premedicinering.<br \/>\nAmpoule: Inducing conscious sedation, either with or without local anesthetic (IV injection), prior to diagnostic or therapeutic treatments.<br \/>\nPremedication prior to anesthetic induction (intranasal or rectal in youngsters).<br \/>\nAnestesiinduktion och underh\u00e5ll: antingen som sederande medel vid blandad anestesi, s\u00e5som fullst\u00e4ndig IV-anestesi (IV-injektion, IV-infusion), eller som induktionsl\u00e4kemedel vid inhalationsanestesi.<br \/>\nHos ungdomar, ataralgesi i kombination med ketamin (im administrering).<br \/>\nl\u00e5ngvarig sederad behandling p\u00e5 intensivv\u00e5rdsavdelningar (IV givet som kontinuerlig infusion eller som bolusinjektion).<\/p>\n<p>F\u00f6r en p\u00e5litlig k\u00e4lla, \u00f6verv\u00e4g att k\u00f6pa Dormicum 15 mg fr\u00e5n Buy-Prescriptionz.com. De erbjuder \u00e4kta l\u00e4kemedel med snabb leverans och utm\u00e4rkt kundservice. S\u00e4kerst\u00e4ll s\u00e4ker och effektiv behandling genom att v\u00e4lja det b\u00e4sta apoteket som Buy-Prescriptionz.com.<\/p>\n<\/div>\n<\/div>\n<h2>Syssels\u00e4ttning<\/h2>\n<p>This medicine is utilized as a part of kids before a methodology or anesthesia to cause sleepiness, diminish tension, and reason distraction of the surgery or method. It ought to be utilized while the kid is under the consideration of a wellbeing proficient. It is not for home or long haul use. midazolam has a place with a class of drugs called benzodiazepines, which process a quieting impact on the cerebrum and nerves (focal sensory system). It is thought to work by expanding the impact of a certain regular concoction (GABA) in the brain. This pill might likewise be utilized fleeting for slumber issues (e.g., inconvenience resting, \u201cnight dread\u201d)<\/p>\n<p><strong>VI ERBJUDER UTLANDSTJ\u00c4NSTER S\u00c4KER FRAKT TILL DIN D\u00d6RR!<\/strong><\/p>\n<p>Furthermore, You Can Make Payment Via Credit &amp; Debit Card.<br \/>\nEMS\/USPS Express Discreet Trackable Delivery worldwide Range.<br \/>\nHow do we send packages?<br \/>\nMoreover, We pack the packages carefully with tungsten and carbon papers to skip through customs x-ray machines at airports.<br \/>\nFinally, you can<\/p>\n<p>Buy Dormicum Online, you can purchase Dormicum 15mg online here without portrayal at shoddy rate. we are the best USA online solid pharmacy.<\/p>\n<p>can i buy midazolam<br \/>\ndormicum where to buy<\/p>\n<h3>To relax before operation, take 15mg of Domicum Midazolam.<\/h3>\n<p><strong>Introduction<\/strong>:<\/p>\n<p>Dormicum Midazolam 15 mg \u00e4r ett muskelavslappnande och lugnande l\u00e4kemedel som anv\u00e4nds av barn f\u00f6re en procedur eller anestesi f\u00f6r att fr\u00e4mja s\u00f6mnighet, minska \u00e5ngest och g\u00f6ra operationen eller ingreppet l\u00e4tt att gl\u00f6mma. Det \u00e4r ett narkotiskt l\u00e4kemedel med minnesf\u00f6rlustegenskaper. Detta l\u00e4kemedel \u00e4r unikt i denna grupp eftersom dess effekter \u00e4r korta och omedelbara. Detta unika l\u00e4kemedel kan anv\u00e4ndas i en m\u00e4ngd olika biomedicinska milj\u00f6er, inklusive kardiovaskul\u00e4ra medicinska procedurer, tandv\u00e5rd och endoskopiska system. Det b\u00f6r anv\u00e4ndas medan barnet \u00e4r under \u00f6verinseende av en l\u00e4kare. Det \u00e4r inte avsett f\u00f6r anv\u00e4ndning hemma eller under en l\u00e4ngre tid. Midazolam tillh\u00f6r bensodiazepinklassen av l\u00e4kemedel, vilka har en lugnande effekt p\u00e5 hj\u00e4rnan och nerverna, \u00e4ven k\u00e4nt som centrala nervsystemet. Det anses fungera genom att f\u00f6rst\u00e4rka effekterna av en naturlig kemikalie i hj\u00e4rnan.<\/p>\n<p>&nbsp;<\/p>","protected":false},"excerpt":{"rendered":"<p><strong>Dormicum<\/strong>\u00a0(Midazolam) 7,5 mg piller\/tabletter:\u00a0<strong>Dormicum<\/strong>\u00a0(Midazolam) Anv\u00e4nds f\u00f6re kirurgi eller vissa\u00a0<strong>medicinsk<\/strong>\u00a0tester f\u00f6r att g\u00f6ra dig s\u00f6mnig, d\u00f6sig eller avslappnad. Tillh\u00f6r en klass av l\u00e4kemedel som kallas bensodiazepiner. PRIS\/TABLETT.\u00a0<strong>Dormicum<\/strong>\u00a0(Midazolam) 15 mg m\u00e4ngd.<\/p>","protected":false},"featured_media":3132,"comment_status":"open","ping_status":"closed","template":"","meta":{"site-sidebar-layout":"default","site-content-layout":"","ast-site-content-layout":"default","site-content-style":"default","site-sidebar-style":"default","ast-global-header-display":"","ast-banner-title-visibility":"","ast-main-header-display":"","ast-hfb-above-header-display":"","ast-hfb-below-header-display":"","ast-hfb-mobile-header-display":"","site-post-title":"","ast-breadcrumbs-content":"","ast-featured-img":"","footer-sml-layout":"","theme-transparent-header-meta":"default","adv-header-id-meta":"","stick-header-meta":"","header-above-stick-meta":"","header-main-stick-meta":"","header-below-stick-meta":"","astra-migrate-meta-layouts":"","ast-page-background-enabled":"default","ast-page-background-meta":{"desktop":{"background-color":"var(--ast-global-color-4)","background-image":"","background-repeat":"repeat","background-position":"center center","background-size":"auto","background-attachment":"scroll","background-type":"","background-media":"","overlay-type":"","overlay-color":"","overlay-opacity":"","overlay-gradient":""},"tablet":{"background-color":"","background-image":"","background-repeat":"repeat","background-position":"center center","background-size":"auto","background-attachment":"scroll","background-type":"","background-media":"","overlay-type":"","overlay-color":"","overlay-opacity":"","overlay-gradient":""},"mobile":{"background-color":"","background-image":"","background-repeat":"repeat","background-position":"center center","background-size":"auto","background-attachment":"scroll","background-type":"","background-media":"","overlay-type":"","overlay-color":"","overlay-opacity":"","overlay-gradient":""}},"ast-content-background-meta":{"desktop":{"background-color":"var(--ast-global-color-5)","background-image":"","background-repeat":"repeat","background-position":"center center","background-size":"auto","background-attachment":"scroll","background-type":"","background-media":"","overlay-type":"","overlay-color":"","overlay-opacity":"","overlay-gradient":""},"tablet":{"background-color":"var(--ast-global-color-5)","background-image":"","background-repeat":"repeat","background-position":"center center","background-size":"auto","background-attachment":"scroll","background-type":"","background-media":"","overlay-type":"","overlay-color":"","overlay-opacity":"","overlay-gradient":""},"mobile":{"background-color":"var(--ast-global-color-5)","background-image":"","background-repeat":"repeat","background-position":"center center","background-size":"auto","background-attachment":"scroll","background-type":"","background-media":"","overlay-type":"","overlay-color":"","overlay-opacity":"","overlay-gradient":""}}},"product_brand":[],"product_cat":[2385],"product_tag":[2313,1015,1016,1014,1009,1012,1011,1010,1013,1008,2314,2312,1007,1018,1017],"class_list":{"0":"post-3102","1":"product","2":"type-product","3":"status-publish","4":"has-post-thumbnail","6":"product_cat-buy-pain-killer-pills-online","7":"product_tag-buy-dormicum","8":"product_tag-buy-dormicum-in-canada","9":"product_tag-buy-dormicum-in-uk","10":"product_tag-buy-dormicum-in-usa","11":"product_tag-buy-dormicum-with-bitcoin","12":"product_tag-buy-dormicum-with-credit-card","13":"product_tag-buy-dormicum-with-money-gram","14":"product_tag-buy-dormicum-with-western-union","15":"product_tag-buy-dormicum-without-a-doctor","16":"product_tag-buy-dormicum-without-prescription","17":"product_tag-dormicum-15mg-price","18":"product_tag-dormicum-15mg-sleeping-tablets","19":"product_tag-dormicum-for-sale","20":"product_tag-dormicum-pills","21":"product_tag-dormicum-tablets","22":"desktop-align-center","23":"tablet-align-left","24":"mobile-align-left","26":"first","27":"instock","28":"shipping-taxable","29":"purchasable","30":"product-type-variable","31":"has-default-attributes"},"yoast_head":"<!-- This site is optimized with the Yoast SEO plugin v25.9 - https:\/\/yoast.com\/wordpress\/plugins\/seo\/ -->\n<title>Buy Dormicum Online - Dormicum for Sale<\/title>\n<meta name=\"description\" content=\"If you want to buy Dormicum online, then visit our online store buy-prescriptionz. We have high-quality products like Dormicum for sale. Place your order now!\" \/>\n<meta name=\"robots\" content=\"index, follow, max-snippet:-1, max-image-preview:large, max-video-preview:-1\" \/>\n<link rel=\"canonical\" href=\"https:\/\/buy-prescriptionz.com\/sv\/produkt\/kop-dormicum-online\/\" \/>\n<meta property=\"og:locale\" content=\"sv_SE\" \/>\n<meta property=\"og:type\" content=\"article\" \/>\n<meta property=\"og:title\" content=\"Buy Dormicum Online - Dormicum for Sale\" \/>\n<meta property=\"og:description\" content=\"If you want to buy Dormicum online, then visit our online store buy-prescriptionz. We have high-quality products like Dormicum for sale. Place your order now!\" \/>\n<meta property=\"og:url\" content=\"https:\/\/buy-prescriptionz.com\/sv\/produkt\/kop-dormicum-online\/\" \/>\n<meta property=\"og:site_name\" content=\"Buy Prescriptionz\" \/>\n<meta property=\"article:modified_time\" content=\"2025-09-16T08:58:25+00:00\" \/>\n<meta property=\"og:image\" content=\"https:\/\/buy-prescriptionz.com\/wp-content\/uploads\/2025\/09\/dormicum.jpg\" \/>\n\t<meta property=\"og:image:width\" content=\"400\" \/>\n\t<meta property=\"og:image:height\" content=\"300\" \/>\n\t<meta property=\"og:image:type\" content=\"image\/jpeg\" \/>\n<meta name=\"twitter:card\" content=\"summary_large_image\" \/>\n<meta name=\"twitter:label1\" content=\"Ber\u00e4knad l\u00e4stid\" \/>\n\t<meta name=\"twitter:data1\" content=\"5 minuter\" \/>\n<script type=\"application\/ld+json\" class=\"yoast-schema-graph\">{\"@context\":\"https:\/\/schema.org\",\"@graph\":[{\"@type\":\"WebPage\",\"@id\":\"https:\/\/buy-prescriptionz.com\/product\/buy-dormicum-online\/\",\"url\":\"https:\/\/buy-prescriptionz.com\/product\/buy-dormicum-online\/\",\"name\":\"Buy Dormicum Online - Dormicum for Sale\",\"isPartOf\":{\"@id\":\"https:\/\/buy-prescriptionz.com\/#website\"},\"primaryImageOfPage\":{\"@id\":\"https:\/\/buy-prescriptionz.com\/product\/buy-dormicum-online\/#primaryimage\"},\"image\":{\"@id\":\"https:\/\/buy-prescriptionz.com\/product\/buy-dormicum-online\/#primaryimage\"},\"thumbnailUrl\":\"https:\/\/buy-prescriptionz.com\/wp-content\/uploads\/2025\/09\/dormicum.jpg\",\"datePublished\":\"2025-09-16T08:56:24+00:00\",\"dateModified\":\"2025-09-16T08:58:25+00:00\",\"description\":\"If you want to buy Dormicum online, then visit our online store buy-prescriptionz. We have high-quality products like Dormicum for sale. Place your order now!\",\"breadcrumb\":{\"@id\":\"https:\/\/buy-prescriptionz.com\/product\/buy-dormicum-online\/#breadcrumb\"},\"inLanguage\":\"sv-SE\",\"potentialAction\":[{\"@type\":\"ReadAction\",\"target\":[\"https:\/\/buy-prescriptionz.com\/product\/buy-dormicum-online\/\"]}]},{\"@type\":\"ImageObject\",\"inLanguage\":\"sv-SE\",\"@id\":\"https:\/\/buy-prescriptionz.com\/product\/buy-dormicum-online\/#primaryimage\",\"url\":\"https:\/\/buy-prescriptionz.com\/wp-content\/uploads\/2025\/09\/dormicum.jpg\",\"contentUrl\":\"https:\/\/buy-prescriptionz.com\/wp-content\/uploads\/2025\/09\/dormicum.jpg\",\"width\":400,\"height\":300},{\"@type\":\"BreadcrumbList\",\"@id\":\"https:\/\/buy-prescriptionz.com\/product\/buy-dormicum-online\/#breadcrumb\",\"itemListElement\":[{\"@type\":\"ListItem\",\"position\":1,\"name\":\"Home\",\"item\":\"https:\/\/buy-prescriptionz.com\/\"},{\"@type\":\"ListItem\",\"position\":2,\"name\":\"Shop Painkillers Online\",\"item\":\"https:\/\/buy-prescriptionz.com\/shop-painkillers-online\/\"},{\"@type\":\"ListItem\",\"position\":3,\"name\":\"Buy Dormicum Online\"}]},{\"@type\":\"WebSite\",\"@id\":\"https:\/\/buy-prescriptionz.com\/#website\",\"url\":\"https:\/\/buy-prescriptionz.com\/\",\"name\":\"Buy Prescriptionz\",\"description\":\"Drugs Online\",\"publisher\":{\"@id\":\"https:\/\/buy-prescriptionz.com\/#organization\"},\"potentialAction\":[{\"@type\":\"SearchAction\",\"target\":{\"@type\":\"EntryPoint\",\"urlTemplate\":\"https:\/\/buy-prescriptionz.com\/?s={search_term_string}\"},\"query-input\":{\"@type\":\"PropertyValueSpecification\",\"valueRequired\":true,\"valueName\":\"search_term_string\"}}],\"inLanguage\":\"sv-SE\"},{\"@type\":\"Organization\",\"@id\":\"https:\/\/buy-prescriptionz.com\/#organization\",\"name\":\"Buy Prescriptionz\",\"url\":\"https:\/\/buy-prescriptionz.com\/\",\"logo\":{\"@type\":\"ImageObject\",\"inLanguage\":\"sv-SE\",\"@id\":\"https:\/\/buy-prescriptionz.com\/#\/schema\/logo\/image\/\",\"url\":\"https:\/\/buy-prescriptionz.com\/wp-content\/uploads\/2023\/09\/logo.png\",\"contentUrl\":\"https:\/\/buy-prescriptionz.com\/wp-content\/uploads\/2023\/09\/logo.png\",\"width\":350,\"height\":64,\"caption\":\"Buy Prescriptionz\"},\"image\":{\"@id\":\"https:\/\/buy-prescriptionz.com\/#\/schema\/logo\/image\/\"}}]}<\/script>\n<!-- \/ Yoast SEO plugin. -->","yoast_head_json":{"title":"K\u00f6p Dormicum Online - Dormicum till salu","description":"Om du vill k\u00f6pa Dormicum online, bes\u00f6k v\u00e5r webbutik buy-prescriptionz. Vi har h\u00f6gkvalitativa produkter som Dormicum till salu. L\u00e4gg din best\u00e4llning nu!","robots":{"index":"index","follow":"follow","max-snippet":"max-snippet:-1","max-image-preview":"max-image-preview:large","max-video-preview":"max-video-preview:-1"},"canonical":"https:\/\/buy-prescriptionz.com\/sv\/produkt\/kop-dormicum-online\/","og_locale":"sv_SE","og_type":"article","og_title":"Buy Dormicum Online - Dormicum for Sale","og_description":"If you want to buy Dormicum online, then visit our online store buy-prescriptionz. We have high-quality products like Dormicum for sale. Place your order now!","og_url":"https:\/\/buy-prescriptionz.com\/sv\/produkt\/kop-dormicum-online\/","og_site_name":"Buy Prescriptionz","article_modified_time":"2025-09-16T08:58:25+00:00","og_image":[{"width":400,"height":300,"url":"https:\/\/buy-prescriptionz.com\/wp-content\/uploads\/2025\/09\/dormicum.jpg","type":"image\/jpeg"}],"twitter_card":"summary_large_image","twitter_misc":{"Ber\u00e4knad l\u00e4stid":"5 minuter"},"schema":{"@context":"https:\/\/schema.org","@graph":[{"@type":"WebPage","@id":"https:\/\/buy-prescriptionz.com\/product\/buy-dormicum-online\/","url":"https:\/\/buy-prescriptionz.com\/product\/buy-dormicum-online\/","name":"K\u00f6p Dormicum Online - Dormicum till salu","isPartOf":{"@id":"https:\/\/buy-prescriptionz.com\/#website"},"primaryImageOfPage":{"@id":"https:\/\/buy-prescriptionz.com\/product\/buy-dormicum-online\/#primaryimage"},"image":{"@id":"https:\/\/buy-prescriptionz.com\/product\/buy-dormicum-online\/#primaryimage"},"thumbnailUrl":"https:\/\/buy-prescriptionz.com\/wp-content\/uploads\/2025\/09\/dormicum.jpg","datePublished":"2025-09-16T08:56:24+00:00","dateModified":"2025-09-16T08:58:25+00:00","description":"Om du vill k\u00f6pa Dormicum online, bes\u00f6k v\u00e5r webbutik buy-prescriptionz. Vi har h\u00f6gkvalitativa produkter som Dormicum till salu. L\u00e4gg din best\u00e4llning nu!","breadcrumb":{"@id":"https:\/\/buy-prescriptionz.com\/product\/buy-dormicum-online\/#breadcrumb"},"inLanguage":"sv-SE","potentialAction":[{"@type":"ReadAction","target":["https:\/\/buy-prescriptionz.com\/product\/buy-dormicum-online\/"]}]},{"@type":"ImageObject","inLanguage":"sv-SE","@id":"https:\/\/buy-prescriptionz.com\/product\/buy-dormicum-online\/#primaryimage","url":"https:\/\/buy-prescriptionz.com\/wp-content\/uploads\/2025\/09\/dormicum.jpg","contentUrl":"https:\/\/buy-prescriptionz.com\/wp-content\/uploads\/2025\/09\/dormicum.jpg","width":400,"height":300},{"@type":"BreadcrumbList","@id":"https:\/\/buy-prescriptionz.com\/product\/buy-dormicum-online\/#breadcrumb","itemListElement":[{"@type":"ListItem","position":1,"name":"Home","item":"https:\/\/buy-prescriptionz.com\/"},{"@type":"ListItem","position":2,"name":"Shop Painkillers Online","item":"https:\/\/buy-prescriptionz.com\/shop-painkillers-online\/"},{"@type":"ListItem","position":3,"name":"Buy Dormicum Online"}]},{"@type":"WebSite","@id":"https:\/\/buy-prescriptionz.com\/#website","url":"https:\/\/buy-prescriptionz.com\/","name":"Buy Prescriptionz","description":"Droger p\u00e5 n\u00e4tet","publisher":{"@id":"https:\/\/buy-prescriptionz.com\/#organization"},"potentialAction":[{"@type":"SearchAction","target":{"@type":"EntryPoint","urlTemplate":"https:\/\/buy-prescriptionz.com\/?s={search_term_string}"},"query-input":{"@type":"PropertyValueSpecification","valueRequired":true,"valueName":"search_term_string"}}],"inLanguage":"sv-SE"},{"@type":"Organization","@id":"https:\/\/buy-prescriptionz.com\/#organization","name":"Buy Prescriptionz","url":"https:\/\/buy-prescriptionz.com\/","logo":{"@type":"ImageObject","inLanguage":"sv-SE","@id":"https:\/\/buy-prescriptionz.com\/#\/schema\/logo\/image\/","url":"https:\/\/buy-prescriptionz.com\/wp-content\/uploads\/2023\/09\/logo.png","contentUrl":"https:\/\/buy-prescriptionz.com\/wp-content\/uploads\/2023\/09\/logo.png","width":350,"height":64,"caption":"Buy Prescriptionz"},"image":{"@id":"https:\/\/buy-prescriptionz.com\/#\/schema\/logo\/image\/"}}]}},"_links":{"self":[{"href":"https:\/\/buy-prescriptionz.com\/sv\/wp-json\/wp\/v2\/product\/3102","targetHints":{"allow":["GET"]}}],"collection":[{"href":"https:\/\/buy-prescriptionz.com\/sv\/wp-json\/wp\/v2\/product"}],"about":[{"href":"https:\/\/buy-prescriptionz.com\/sv\/wp-json\/wp\/v2\/types\/product"}],"replies":[{"embeddable":true,"href":"https:\/\/buy-prescriptionz.com\/sv\/wp-json\/wp\/v2\/comments?post=3102"}],"wp:featuredmedia":[{"embeddable":true,"href":"https:\/\/buy-prescriptionz.com\/sv\/wp-json\/wp\/v2\/media\/3132"}],"wp:attachment":[{"href":"https:\/\/buy-prescriptionz.com\/sv\/wp-json\/wp\/v2\/media?parent=3102"}],"wp:term":[{"taxonomy":"product_brand","embeddable":true,"href":"https:\/\/buy-prescriptionz.com\/sv\/wp-json\/wp\/v2\/product_brand?post=3102"},{"taxonomy":"product_cat","embeddable":true,"href":"https:\/\/buy-prescriptionz.com\/sv\/wp-json\/wp\/v2\/product_cat?post=3102"},{"taxonomy":"product_tag","embeddable":true,"href":"https:\/\/buy-prescriptionz.com\/sv\/wp-json\/wp\/v2\/product_tag?post=3102"}],"curies":[{"name":"wp","href":"https:\/\/api.w.org\/{rel}","templated":true}]}}