{"id":3108,"date":"2025-09-16T08:56:25","date_gmt":"2025-09-16T08:56:25","guid":{"rendered":"https:\/\/chemsfine.com\/newsite\/?post_type=product&#038;p=3108"},"modified":"2025-09-17T05:04:07","modified_gmt":"2025-09-17T05:04:07","slug":"kop-dexarace-20-ml-till-forsaljning","status":"publish","type":"product","link":"https:\/\/buy-prescriptionz.com\/sv\/produkt\/kop-dexarace-20-ml-till-forsaljning\/","title":{"rendered":"K\u00f6p Dexarace 20 ml till salu"},"content":{"rendered":"<h2>K\u00f6p Dexacortyl 20ml online<\/h2>\n<p>Upplev f\u00f6rdelarna med Dexarace Plus och bekv\u00e4mligheten med Buy-Prescriptionz.com idag. \u00d6ka din prestation, f\u00f6rb\u00e4ttra din \u00e5terh\u00e4mtning och fr\u00e4mja ditt allm\u00e4nna v\u00e4lbefinnande med Dexarace Plus. Tveka inte att kontakta oss om du beh\u00f6ver mer information eller en skr\u00e4ddarsydd offert.<\/p>\n<h3>Vad \u00e4r Dexarace Plus?<\/h3>\n<p>Dexarace Plus \u00e4r ett kosttillskott utformat f\u00f6r att f\u00f6rb\u00e4ttra fysisk prestation, st\u00f6dja muskeltillv\u00e4xt, \u00f6ka energiniv\u00e5erna och fr\u00e4mja den allm\u00e4nna h\u00e4lsan. Det anv\u00e4nds ofta av idrottare, fitnessentusiaster och individer som vill f\u00f6rb\u00e4ttra sin uth\u00e5llighet och \u00e5terh\u00e4mtning efter intensiva fysiska aktiviteter. F\u00f6rutom fysiska f\u00f6rdelar kan Dexarace Plus ocks\u00e5 hj\u00e4lpa till med mental klarhet och fokus, vilket g\u00f6r det till ett m\u00e5ngsidigt tillskott f\u00f6r b\u00e5de kropp och sj\u00e4l. Dess ingredienser inneh\u00e5ller vanligtvis en blandning av vitaminer, mineraler, aminosyror och andra n\u00e4rings\u00e4mnen som arbetar tillsammans f\u00f6r att st\u00f6dja olika aspekter av h\u00e4lsa och prestation.<\/p>\n<h3><strong>K\u00f6p Dexarace 20 ml till salu<\/strong><strong>\u00a0<\/strong><\/h3>\n<p>Upplev f\u00f6rdelarna med Dexarace Plus och bekv\u00e4mligheten med Buy-Prescriptionz.com idag. \u00d6ka din prestation, f\u00f6rb\u00e4ttra din \u00e5terh\u00e4mtning och fr\u00e4mja ditt allm\u00e4nna v\u00e4lbefinnande med Dexarace Plus. Tveka inte att kontakta oss om du beh\u00f6ver mer information eller en skr\u00e4ddarsydd offert.<\/p>\n<h3><strong>Vad \u00e4r Dexarace Plus?<\/strong><\/h3>\n<p>Dexarace Plus \u00e4r ett kosttillskott utformat f\u00f6r att f\u00f6rb\u00e4ttra fysisk prestation, st\u00f6dja muskeltillv\u00e4xt, \u00f6ka energiniv\u00e5erna och fr\u00e4mja den allm\u00e4nna h\u00e4lsan. Det anv\u00e4nds ofta av idrottare, fitnessentusiaster och individer som vill f\u00f6rb\u00e4ttra sin uth\u00e5llighet och \u00e5terh\u00e4mtning efter intensiva fysiska aktiviteter. F\u00f6rutom fysiska f\u00f6rdelar kan Dexarace Plus ocks\u00e5 hj\u00e4lpa till med mental klarhet och fokus, vilket g\u00f6r det till ett m\u00e5ngsidigt tillskott f\u00f6r b\u00e5de kropp och sj\u00e4l. Dess ingredienser inneh\u00e5ller vanligtvis en blandning av vitaminer, mineraler, aminosyror och andra n\u00e4rings\u00e4mnen som arbetar tillsammans f\u00f6r att st\u00f6dja olika aspekter av h\u00e4lsa och prestation.<\/p>\n<p><strong>Varf\u00f6r ska du k\u00f6pa Dexarace Plus?<\/strong><br \/>\nDen inneh\u00e5ller cyanokobalamin, vilket fungerar som en muskelbooster och fungerar b\u00e4ttre med dexa n\u00e4r det anv\u00e4nds sex timmar f\u00f6re loppet. Det \u00e4r en dexa som \u00e4r avsedd att anv\u00e4ndas f\u00f6re ett lopp, och dess farmakokinetik inneb\u00e4r att den kan spolas ut ur kroppen p\u00e5 6 timmar via urin och blod.<\/p>\n<p>Buy-Prescriptionz.com, ett av de b\u00e4sta apoteken, erbjuder mycket l\u00e5ga priser n\u00e4r du k\u00f6per Dexarace Plus 20ml online fr\u00e5n oss. Vi \u00e4r en legitim och effektiv leverant\u00f6r av fitnessl\u00e4kemedel f\u00f6r h\u00e4stsport. Vi har de b\u00e4sta priserna p\u00e5 marknaden och en stor rabatt f\u00f6r de som k\u00f6per i bulk. Frakt och f\u00f6rpackning \u00e4r mycket diskret och hindras inte av tullen eller polisen. Leverans med vanlig och snabb flygpost inom tv\u00e5 till tre arbetsdagar efter att paketet skickats.<\/p>\n<p><strong>K\u00f6p Dexarace 20 ml Till salu, K\u00f6p Dexacortyl 100 ml <\/strong><strong>Klinisk information<\/strong><br \/>\nTarget species:<br \/>\nEquine, Camel, cattle, goats and pigs.<br \/>\nIndications for use, specifying the target species:<br \/>\nHos h\u00e4star, n\u00f6tkreatur, getter, grisar, hundar och katter:<br \/>\n- Behandling av inflammatoriska, allergiska eller chocktillst\u00e5nd.<br \/>\nHos n\u00f6tkreatur och getter:<br \/>\n- Behandling av prim\u00e4r ketos (acetonemi, graviditetstoxemi).<br \/>\n- Framkallande av f\u00f6dseln.<br \/>\n- Behandling av osteoartikul\u00e4ra inflammatoriska tillst\u00e5nd.<\/p>\n<p><strong>Mot-indikationer<\/strong><\/p>\n<p>Anv\u00e4nd inte till djur som lider av diabetes mellitus, hyperadrenokorticism, njurinsufficiens och hj\u00e4rtsvikt eller som lider av mags\u00e5r.<br \/>\nAnv\u00e4nd inte till djur med infektionssjukdomar, om inte l\u00e4mplig antiinfekti\u00f6s behandling ges samtidigt.<\/p>\n<p><strong>S\u00e4rskilda varningar f\u00f6r varje m\u00e5lart<\/strong><\/p>\n<p>Hos h\u00e4star och kameler b\u00f6r dexametason endast anv\u00e4ndas i b\u00f6rjan av sjukdomen under f\u00e5ng. Se avsnittet \u201dAnv\u00e4ndning vid dr\u00e4ktighet, laktation eller \u00e4ggl\u00e4ggning\u201d.<\/p>\n<h3>Varf\u00f6r ska du k\u00f6pa Dexarace Plus?<\/h3>\n<p>Den inneh\u00e5ller cyanokobalamin, vilket fungerar som en muskelbooster och fungerar b\u00e4ttre med dexa n\u00e4r det anv\u00e4nds sex timmar f\u00f6re loppet. Det \u00e4r en dexa som \u00e4r avsedd att anv\u00e4ndas f\u00f6re ett lopp, och dess farmakokinetik inneb\u00e4r att den kan spolas ut ur kroppen p\u00e5 6 timmar via urin och blod.<\/p>\n<p>Buy-Prescriptionz.com, ett av de b\u00e4sta apoteken, erbjuder mycket l\u00e5ga priser n\u00e4r du k\u00f6per Dexarace Plus 20ml online fr\u00e5n oss. Vi \u00e4r en legitim och effektiv leverant\u00f6r av fitnessl\u00e4kemedel f\u00f6r h\u00e4stsport. Vi har de b\u00e4sta priserna p\u00e5 marknaden och en stor rabatt f\u00f6r de som k\u00f6per i bulk. Frakt och f\u00f6rpackning \u00e4r mycket diskret och hindras inte av tullen eller polisen. Leverans med vanlig och snabb flygpost inom tv\u00e5 till tre arbetsdagar efter att paketet skickats.<\/p>\n<h6><strong>K\u00f6p Dexarace 20 ml till salu<\/strong><\/h6>\n<p>#Dexacortyl 100ml \/ #Vetacortyl 5ml \/ #Fluvet 50ml \/ #Synedem 25ml \/ #Edemax 30ml\/ #Dexametasona 10ml \/ #Abhayrab 0.5ml \/ #Equicistan 100ml \/ #Fructosa C 100ml \/ #Overxicam 50ml\/ #Fatrocortin 100ml \/ #Chromactiv 100ml \/ #ATP -2 50ml \/ #Atox Prix 50ml \/ #Niglumine 50ml<\/p>\n<h5>K\u00f6p Dexarace 20 ml till salu<\/h5>\n<p>#Caliercortin 50ml \/ #Fructosa 50R 100ml \/ #Dexa 2 100ml \/ #Kortamethason 50ml \/ #Hepagen 100ml \/ #Ornitil 100ml \/ #Coromin 20ml \/ #Genixine 100ml \/ #ITPP 60ml \/ #Pentosan Platinum 18ml \/ #Pentosan Gold 50ml \/ #Pentosan 50ml \/ #Ozone 100ml \/ #Ketoprofen 50ml \/ #Jurosenic 100ml \/ #DMG 100ml \/ #Clenbuterol 50ml \/ #Binjurebarken 100ml \/ #Pentosan Platinum 18ml \/ #F.A.F 100ml \/ #Mitokondrie 100ml \/ #Bronkialdilatator 60ml \/ #Enerselen 100ml \/ #Blast Off Red 10ml \/ #Blast Off Extreme 30ml \/ #Python 10ml \/ #Dexacare 50ml \/ #Super Shot 10ml \/ #Predef 2X 100ml \/ #Binjurebarken 50ml<\/p>\n<p>&nbsp;<\/p>","protected":false},"excerpt":{"rendered":"<p>Buy Dexacortyl 20ml online The best place to buy Dexarace Plus online Experience the benefits of Dexarace Plus and the convenience of Buy-Prescriptionz.com today. Boost your performance, enhance your recovery, and promote your overall wellness with Dexarace Plus. Do not be afraid to get in touch with us if you need more information or a [&hellip;]<\/p>","protected":false},"featured_media":3138,"comment_status":"open","ping_status":"closed","template":"","meta":{"site-sidebar-layout":"default","site-content-layout":"","ast-site-content-layout":"default","site-content-style":"default","site-sidebar-style":"default","ast-global-header-display":"","ast-banner-title-visibility":"","ast-main-header-display":"","ast-hfb-above-header-display":"","ast-hfb-below-header-display":"","ast-hfb-mobile-header-display":"","site-post-title":"","ast-breadcrumbs-content":"","ast-featured-img":"","footer-sml-layout":"","theme-transparent-header-meta":"default","adv-header-id-meta":"","stick-header-meta":"","header-above-stick-meta":"","header-main-stick-meta":"","header-below-stick-meta":"","astra-migrate-meta-layouts":"set","ast-page-background-enabled":"default","ast-page-background-meta":{"desktop":{"background-color":"var(--ast-global-color-4)","background-image":"","background-repeat":"repeat","background-position":"center center","background-size":"auto","background-attachment":"scroll","background-type":"","background-media":"","overlay-type":"","overlay-color":"","overlay-opacity":"","overlay-gradient":""},"tablet":{"background-color":"","background-image":"","background-repeat":"repeat","background-position":"center center","background-size":"auto","background-attachment":"scroll","background-type":"","background-media":"","overlay-type":"","overlay-color":"","overlay-opacity":"","overlay-gradient":""},"mobile":{"background-color":"","background-image":"","background-repeat":"repeat","background-position":"center center","background-size":"auto","background-attachment":"scroll","background-type":"","background-media":"","overlay-type":"","overlay-color":"","overlay-opacity":"","overlay-gradient":""}},"ast-content-background-meta":{"desktop":{"background-color":"var(--ast-global-color-5)","background-image":"","background-repeat":"repeat","background-position":"center center","background-size":"auto","background-attachment":"scroll","background-type":"","background-media":"","overlay-type":"","overlay-color":"","overlay-opacity":"","overlay-gradient":""},"tablet":{"background-color":"var(--ast-global-color-5)","background-image":"","background-repeat":"repeat","background-position":"center center","background-size":"auto","background-attachment":"scroll","background-type":"","background-media":"","overlay-type":"","overlay-color":"","overlay-opacity":"","overlay-gradient":""},"mobile":{"background-color":"var(--ast-global-color-5)","background-image":"","background-repeat":"repeat","background-position":"center center","background-size":"auto","background-attachment":"scroll","background-type":"","background-media":"","overlay-type":"","overlay-color":"","overlay-opacity":"","overlay-gradient":""}}},"product_brand":[],"product_cat":[2146],"product_tag":[2168,2218,2228,2224,2223,2221,2217,2166,2209,2208,2225,2222,2220,2207,2167,2164,2210,2211,2216,2215,2165,2214,2213,2219,2212,2227,2226,2161,2160,2162,2155,2170,2206,2163,2169,2159,2158],"class_list":{"0":"post-3108","1":"product","2":"type-product","3":"status-publish","4":"has-post-thumbnail","6":"product_cat-buy-cortamethasone-50ml-online","7":"product_tag-dexacortyl-for-sale","8":"product_tag-adrenal-cortex-100ml","9":"product_tag-adrenal-cortex-50ml","10":"product_tag-blast-off-extreme-30ml-python-10ml","11":"product_tag-blast-off-red-10ml","12":"product_tag-bronchial-dilator-60ml","13":"product_tag-clenbuterol-50ml","14":"product_tag-coromin-20ml","15":"product_tag-cortamethasone-50ml","16":"product_tag-dexa-2-100ml","17":"product_tag-dexacare-50ml","18":"product_tag-enerselen-100ml","19":"product_tag-f-a-f-100ml-mitachondral-100ml","20":"product_tag-fructosa-50r-100ml","21":"product_tag-genixine-100ml","22":"product_tag-hepagen-100m","23":"product_tag-hepagen-100ml-ornitil-100ml","24":"product_tag-itpp-60ml","25":"product_tag-jurosenic-100ml-dmg-100ml","26":"product_tag-ketoprofen-50ml","27":"product_tag-ornitil-100ml","28":"product_tag-ozone-100ml","29":"product_tag-pentosan-50ml","30":"product_tag-pentosan-platinum-18ml","31":"product_tag-pentosan-platinum-18ml-pentosan-gold-50ml","32":"product_tag-predef-2x-100ml","33":"product_tag-super-shot-10ml","34":"product_tag-10-ml-for-sale","35":"product_tag-buy-12p15-nort-lab","36":"product_tag-buy-dexaphenylarthrite-online","37":"product_tag-buy-dexarace-20-ml-for-sale","38":"product_tag-buy-dexarace-plus","39":"product_tag-caliercortin-50ml","40":"product_tag-dexaphenylarthrite-for-sale","41":"product_tag-green-speed-for-sale","42":"product_tag-shop-to-buy-dexarace-20-ml-for-sale-online","43":"product_tag-where-to-buy-dexarace-20-ml-for-sale","44":"desktop-align-center","45":"tablet-align-left","46":"mobile-align-left","48":"first","49":"instock","50":"shipping-taxable","51":"purchasable","52":"product-type-variable","53":"has-default-attributes"},"yoast_head":"<!-- This site is optimized with the Yoast SEO plugin v25.9 - https:\/\/yoast.com\/wordpress\/plugins\/seo\/ -->\n<title>Buy Dexarace 20ml Online - Dexarace 20ml for Sale<\/title>\n<meta name=\"description\" content=\"Dexarace 20ml for sale is now easily available at our online store. You can connect directly with our chemicals store and buy Dexarace 20ml Online Dexarace 20ml online at the best prices.\" \/>\n<meta name=\"robots\" content=\"index, follow, max-snippet:-1, max-image-preview:large, max-video-preview:-1\" \/>\n<link rel=\"canonical\" href=\"https:\/\/buy-prescriptionz.com\/sv\/produkt\/kop-dexarace-20-ml-till-forsaljning\/\" \/>\n<meta property=\"og:locale\" content=\"sv_SE\" \/>\n<meta property=\"og:type\" content=\"article\" \/>\n<meta property=\"og:title\" content=\"Buy Dexarace 20ml Online - Dexarace 20ml for Sale\" \/>\n<meta property=\"og:description\" content=\"Dexarace 20ml for sale is now easily available at our online store. You can connect directly with our chemicals store and buy Dexarace 20ml Online Dexarace 20ml online at the best prices.\" \/>\n<meta property=\"og:url\" content=\"https:\/\/buy-prescriptionz.com\/sv\/produkt\/kop-dexarace-20-ml-till-forsaljning\/\" \/>\n<meta property=\"og:site_name\" content=\"Buy Prescriptionz\" \/>\n<meta property=\"article:modified_time\" content=\"2025-09-17T05:04:07+00:00\" \/>\n<meta property=\"og:image\" content=\"https:\/\/buy-prescriptionz.com\/wp-content\/uploads\/2025\/09\/dexa.jpg\" \/>\n\t<meta property=\"og:image:width\" content=\"225\" \/>\n\t<meta property=\"og:image:height\" content=\"225\" \/>\n\t<meta property=\"og:image:type\" content=\"image\/jpeg\" \/>\n<meta name=\"twitter:card\" content=\"summary_large_image\" \/>\n<meta name=\"twitter:label1\" content=\"Ber\u00e4knad l\u00e4stid\" \/>\n\t<meta name=\"twitter:data1\" content=\"4 minuter\" \/>\n<script type=\"application\/ld+json\" class=\"yoast-schema-graph\">{\"@context\":\"https:\/\/schema.org\",\"@graph\":[{\"@type\":\"WebPage\",\"@id\":\"https:\/\/buy-prescriptionz.com\/product\/buy-dexarace-20-ml-for-sale\/\",\"url\":\"https:\/\/buy-prescriptionz.com\/product\/buy-dexarace-20-ml-for-sale\/\",\"name\":\"Buy Dexarace 20ml Online - Dexarace 20ml for Sale\",\"isPartOf\":{\"@id\":\"https:\/\/buy-prescriptionz.com\/#website\"},\"primaryImageOfPage\":{\"@id\":\"https:\/\/buy-prescriptionz.com\/product\/buy-dexarace-20-ml-for-sale\/#primaryimage\"},\"image\":{\"@id\":\"https:\/\/buy-prescriptionz.com\/product\/buy-dexarace-20-ml-for-sale\/#primaryimage\"},\"thumbnailUrl\":\"https:\/\/buy-prescriptionz.com\/wp-content\/uploads\/2025\/09\/dexa.jpg\",\"datePublished\":\"2025-09-16T08:56:25+00:00\",\"dateModified\":\"2025-09-17T05:04:07+00:00\",\"description\":\"Dexarace 20ml for sale is now easily available at our online store. You can connect directly with our chemicals store and buy Dexarace 20ml Online Dexarace 20ml online at the best prices.\",\"breadcrumb\":{\"@id\":\"https:\/\/buy-prescriptionz.com\/product\/buy-dexarace-20-ml-for-sale\/#breadcrumb\"},\"inLanguage\":\"sv-SE\",\"potentialAction\":[{\"@type\":\"ReadAction\",\"target\":[\"https:\/\/buy-prescriptionz.com\/product\/buy-dexarace-20-ml-for-sale\/\"]}]},{\"@type\":\"ImageObject\",\"inLanguage\":\"sv-SE\",\"@id\":\"https:\/\/buy-prescriptionz.com\/product\/buy-dexarace-20-ml-for-sale\/#primaryimage\",\"url\":\"https:\/\/buy-prescriptionz.com\/wp-content\/uploads\/2025\/09\/dexa.jpg\",\"contentUrl\":\"https:\/\/buy-prescriptionz.com\/wp-content\/uploads\/2025\/09\/dexa.jpg\",\"width\":225,\"height\":225},{\"@type\":\"BreadcrumbList\",\"@id\":\"https:\/\/buy-prescriptionz.com\/product\/buy-dexarace-20-ml-for-sale\/#breadcrumb\",\"itemListElement\":[{\"@type\":\"ListItem\",\"position\":1,\"name\":\"Home\",\"item\":\"https:\/\/buy-prescriptionz.com\/\"},{\"@type\":\"ListItem\",\"position\":2,\"name\":\"Shop Painkillers Online\",\"item\":\"https:\/\/buy-prescriptionz.com\/shop-painkillers-online\/\"},{\"@type\":\"ListItem\",\"position\":3,\"name\":\"Buy Dexarace 20 ml For Sale\"}]},{\"@type\":\"WebSite\",\"@id\":\"https:\/\/buy-prescriptionz.com\/#website\",\"url\":\"https:\/\/buy-prescriptionz.com\/\",\"name\":\"Buy Prescriptionz\",\"description\":\"Drugs Online\",\"publisher\":{\"@id\":\"https:\/\/buy-prescriptionz.com\/#organization\"},\"potentialAction\":[{\"@type\":\"SearchAction\",\"target\":{\"@type\":\"EntryPoint\",\"urlTemplate\":\"https:\/\/buy-prescriptionz.com\/?s={search_term_string}\"},\"query-input\":{\"@type\":\"PropertyValueSpecification\",\"valueRequired\":true,\"valueName\":\"search_term_string\"}}],\"inLanguage\":\"sv-SE\"},{\"@type\":\"Organization\",\"@id\":\"https:\/\/buy-prescriptionz.com\/#organization\",\"name\":\"Buy Prescriptionz\",\"url\":\"https:\/\/buy-prescriptionz.com\/\",\"logo\":{\"@type\":\"ImageObject\",\"inLanguage\":\"sv-SE\",\"@id\":\"https:\/\/buy-prescriptionz.com\/#\/schema\/logo\/image\/\",\"url\":\"https:\/\/buy-prescriptionz.com\/wp-content\/uploads\/2023\/09\/logo.png\",\"contentUrl\":\"https:\/\/buy-prescriptionz.com\/wp-content\/uploads\/2023\/09\/logo.png\",\"width\":350,\"height\":64,\"caption\":\"Buy Prescriptionz\"},\"image\":{\"@id\":\"https:\/\/buy-prescriptionz.com\/#\/schema\/logo\/image\/\"}}]}<\/script>\n<!-- \/ Yoast SEO plugin. -->","yoast_head_json":{"title":"K\u00f6p Dexarace 20ml Online - Dexarace 20ml till salu","description":"Dexarace 20ml till salu finns nu l\u00e4tt tillg\u00e4ngligt i v\u00e5r webbutik. Du kan kontakta v\u00e5r kemikaliebutik direkt och k\u00f6pa Dexarace 20ml online till de b\u00e4sta priserna.","robots":{"index":"index","follow":"follow","max-snippet":"max-snippet:-1","max-image-preview":"max-image-preview:large","max-video-preview":"max-video-preview:-1"},"canonical":"https:\/\/buy-prescriptionz.com\/sv\/produkt\/kop-dexarace-20-ml-till-forsaljning\/","og_locale":"sv_SE","og_type":"article","og_title":"Buy Dexarace 20ml Online - Dexarace 20ml for Sale","og_description":"Dexarace 20ml for sale is now easily available at our online store. You can connect directly with our chemicals store and buy Dexarace 20ml Online Dexarace 20ml online at the best prices.","og_url":"https:\/\/buy-prescriptionz.com\/sv\/produkt\/kop-dexarace-20-ml-till-forsaljning\/","og_site_name":"Buy Prescriptionz","article_modified_time":"2025-09-17T05:04:07+00:00","og_image":[{"width":225,"height":225,"url":"https:\/\/buy-prescriptionz.com\/wp-content\/uploads\/2025\/09\/dexa.jpg","type":"image\/jpeg"}],"twitter_card":"summary_large_image","twitter_misc":{"Ber\u00e4knad l\u00e4stid":"4 minuter"},"schema":{"@context":"https:\/\/schema.org","@graph":[{"@type":"WebPage","@id":"https:\/\/buy-prescriptionz.com\/product\/buy-dexarace-20-ml-for-sale\/","url":"https:\/\/buy-prescriptionz.com\/product\/buy-dexarace-20-ml-for-sale\/","name":"K\u00f6p Dexarace 20ml Online - Dexarace 20ml till salu","isPartOf":{"@id":"https:\/\/buy-prescriptionz.com\/#website"},"primaryImageOfPage":{"@id":"https:\/\/buy-prescriptionz.com\/product\/buy-dexarace-20-ml-for-sale\/#primaryimage"},"image":{"@id":"https:\/\/buy-prescriptionz.com\/product\/buy-dexarace-20-ml-for-sale\/#primaryimage"},"thumbnailUrl":"https:\/\/buy-prescriptionz.com\/wp-content\/uploads\/2025\/09\/dexa.jpg","datePublished":"2025-09-16T08:56:25+00:00","dateModified":"2025-09-17T05:04:07+00:00","description":"Dexarace 20ml till salu finns nu l\u00e4tt tillg\u00e4ngligt i v\u00e5r webbutik. Du kan kontakta v\u00e5r kemikaliebutik direkt och k\u00f6pa Dexarace 20ml online till de b\u00e4sta priserna.","breadcrumb":{"@id":"https:\/\/buy-prescriptionz.com\/product\/buy-dexarace-20-ml-for-sale\/#breadcrumb"},"inLanguage":"sv-SE","potentialAction":[{"@type":"ReadAction","target":["https:\/\/buy-prescriptionz.com\/product\/buy-dexarace-20-ml-for-sale\/"]}]},{"@type":"ImageObject","inLanguage":"sv-SE","@id":"https:\/\/buy-prescriptionz.com\/product\/buy-dexarace-20-ml-for-sale\/#primaryimage","url":"https:\/\/buy-prescriptionz.com\/wp-content\/uploads\/2025\/09\/dexa.jpg","contentUrl":"https:\/\/buy-prescriptionz.com\/wp-content\/uploads\/2025\/09\/dexa.jpg","width":225,"height":225},{"@type":"BreadcrumbList","@id":"https:\/\/buy-prescriptionz.com\/product\/buy-dexarace-20-ml-for-sale\/#breadcrumb","itemListElement":[{"@type":"ListItem","position":1,"name":"Home","item":"https:\/\/buy-prescriptionz.com\/"},{"@type":"ListItem","position":2,"name":"Shop Painkillers Online","item":"https:\/\/buy-prescriptionz.com\/shop-painkillers-online\/"},{"@type":"ListItem","position":3,"name":"Buy Dexarace 20 ml For Sale"}]},{"@type":"WebSite","@id":"https:\/\/buy-prescriptionz.com\/#website","url":"https:\/\/buy-prescriptionz.com\/","name":"Buy Prescriptionz","description":"Droger p\u00e5 n\u00e4tet","publisher":{"@id":"https:\/\/buy-prescriptionz.com\/#organization"},"potentialAction":[{"@type":"SearchAction","target":{"@type":"EntryPoint","urlTemplate":"https:\/\/buy-prescriptionz.com\/?s={search_term_string}"},"query-input":{"@type":"PropertyValueSpecification","valueRequired":true,"valueName":"search_term_string"}}],"inLanguage":"sv-SE"},{"@type":"Organization","@id":"https:\/\/buy-prescriptionz.com\/#organization","name":"Buy Prescriptionz","url":"https:\/\/buy-prescriptionz.com\/","logo":{"@type":"ImageObject","inLanguage":"sv-SE","@id":"https:\/\/buy-prescriptionz.com\/#\/schema\/logo\/image\/","url":"https:\/\/buy-prescriptionz.com\/wp-content\/uploads\/2023\/09\/logo.png","contentUrl":"https:\/\/buy-prescriptionz.com\/wp-content\/uploads\/2023\/09\/logo.png","width":350,"height":64,"caption":"Buy Prescriptionz"},"image":{"@id":"https:\/\/buy-prescriptionz.com\/#\/schema\/logo\/image\/"}}]}},"_links":{"self":[{"href":"https:\/\/buy-prescriptionz.com\/sv\/wp-json\/wp\/v2\/product\/3108","targetHints":{"allow":["GET"]}}],"collection":[{"href":"https:\/\/buy-prescriptionz.com\/sv\/wp-json\/wp\/v2\/product"}],"about":[{"href":"https:\/\/buy-prescriptionz.com\/sv\/wp-json\/wp\/v2\/types\/product"}],"replies":[{"embeddable":true,"href":"https:\/\/buy-prescriptionz.com\/sv\/wp-json\/wp\/v2\/comments?post=3108"}],"wp:featuredmedia":[{"embeddable":true,"href":"https:\/\/buy-prescriptionz.com\/sv\/wp-json\/wp\/v2\/media\/3138"}],"wp:attachment":[{"href":"https:\/\/buy-prescriptionz.com\/sv\/wp-json\/wp\/v2\/media?parent=3108"}],"wp:term":[{"taxonomy":"product_brand","embeddable":true,"href":"https:\/\/buy-prescriptionz.com\/sv\/wp-json\/wp\/v2\/product_brand?post=3108"},{"taxonomy":"product_cat","embeddable":true,"href":"https:\/\/buy-prescriptionz.com\/sv\/wp-json\/wp\/v2\/product_cat?post=3108"},{"taxonomy":"product_tag","embeddable":true,"href":"https:\/\/buy-prescriptionz.com\/sv\/wp-json\/wp\/v2\/product_tag?post=3108"}],"curies":[{"name":"wp","href":"https:\/\/api.w.org\/{rel}","templated":true}]}}