{"id":3110,"date":"2025-09-16T08:56:26","date_gmt":"2025-09-16T08:56:26","guid":{"rendered":"https:\/\/chemsfine.com\/newsite\/?post_type=product&#038;p=3110"},"modified":"2025-09-29T12:06:32","modified_gmt":"2025-09-29T12:06:32","slug":"nembutal-pulver","status":"publish","type":"product","link":"https:\/\/buy-prescriptionz.com\/sv\/produkt\/nembutal-pulver\/","title":{"rendered":"Nembutal pulver"},"content":{"rendered":"<h2>Buy Nembutal Online<\/h2>\n<p>K\u00f6p Nembutal online, K\u00f6p Nembutal online sverige, K\u00f6p Nembutal uk, K\u00f6p Nembutal i berlin. K\u00f6p laglig Nembutal utan recept och i Europa. Vi erbjuder vi har god kvalitet Nembutal i pulver, v\u00e4tska och tabletter till m\u00e5ttliga priser och utan recept. F\u00f6rpackning och frakt \u00e4r diskret medan leverans \u00e4r 100% garanterad.<\/p>\n<p>Vi tillhandah\u00e5ller ren och h\u00f6gkvalitativ Nembutal till f\u00f6rs\u00e4ljning utan recept. Vi har levererat v\u00e5ra produkter under de senaste \u00e5ren och har kundomd\u00f6men som kan verifieras p\u00e5 google. Vi h\u00e5ller ett register \u00f6ver ditt k\u00f6p, s\u00e5 att vi kan garantera leverans av produkten och kundn\u00f6jdhet.<\/p>\n<p>Om du letar efter Nembutal har du kommit till r\u00e4tt st\u00e4lle. Vi erbjuder den b\u00e4sta kvaliteten p\u00e5 Nembutal till billiga priser tillsammans med snabb leverans. V\u00e5ra villkor \u00e4r mycket rimliga s\u00e5 g\u00f6r din best\u00e4llning idag!<\/p>\n<p>Vi erbjuder produkter till konkurrenskraftiga priser och med 100 % leveransgaranti. Flaskorna levereras i f\u00f6rpackningar om 10 000 mg styck och allt vi ber om \u00e4r att du l\u00e4mnar en recension.<\/p>\n<p><a href=\"https:\/\/buy-prescriptionz.com\/sv\/\">Nembutal pulver till salu<\/a><\/p>\n<h2>Nembutal pulver till salu<\/h2>\n<p>Om du gillar att l\u00e4sa b\u00f6cker eller artiklar om d\u00f6dshj\u00e4lp finns det en chans att du har st\u00f6tt p\u00e5 ordet Nembutal. Nembutalpulver \u00e4r ett l\u00e4kemedel som tillh\u00f6r klassen barbiturater. Tidigare var l\u00e4kemedlet popul\u00e4rt eftersom det var mycket effektivt f\u00f6r att behandla s\u00f6mnst\u00f6rningar eller \u00e5ngest. Du m\u00e5ste dock veta att Nembutal \u00e4r mycket d\u00f6dligt vid \u00f6verdosering. Av denna anledning anv\u00e4nder de flesta m\u00e4nniskor det f\u00f6r eutanasi och f\u00f6r att beg\u00e5 sj\u00e4lvmord.<\/p>\n<p>Eftersom det var l\u00e4tt att \u00f6verdosera med Nembutal-pulver (antingen avsiktligt eller oavsiktligt) \u00e4r det s\u00e4llsynt att hitta l\u00e4kemedlet numera eftersom de flesta l\u00e4nder har ersatt det med s\u00e4krare s\u00f6mntabletter. Den anv\u00e4nds dock fortfarande av veterin\u00e4rer f\u00f6r att hj\u00e4lpa till att avliva st\u00f6rre djur. De flesta m\u00e4nniskor kan fortfarande f\u00e5 tag p\u00e5<\/p>\n<p>John S Lundy myntade varum\u00e4rket Nembutal. Han b\u00f6rjade anv\u00e4nda namnet 1930.<\/p>\n<p><strong>K\u00f6p Nembutalpulver online endast p\u00e5 buy-prescriptionz.com<\/strong><\/p>\n<p>Nembutalpulver \u00e4r ett v\u00e4lk\u00e4nt lugnande medel som ofta anv\u00e4nds f\u00f6r medicinska \u00e4ndam\u00e5l. P\u00e5 buy-prescriptionz.com kan du tryggt och bekv\u00e4mt k\u00f6pa Nembutalpulver online. V\u00e5r plattform garanterar en smidig k\u00f6pupplevelse med p\u00e5litlig service och kvalitetsprodukter.<\/p>\n<p><strong>Sk\u00e4l att k\u00f6pa Nembutalpulver fr\u00e5n buy-prescriptionz.com?<\/strong><\/p>\n<p>Betrodd k\u00e4lla f\u00f6r Nembutal: P\u00e5 buy-prescriptionz.com \u00e4r vi stolta \u00f6ver att vara en betrodd k\u00e4lla f\u00f6r Nembutalpulver. Vi s\u00e4kerst\u00e4ller att v\u00e5ra produkter \u00e4r \u00e4kta och uppfyller h\u00f6gsta m\u00f6jliga standard f\u00f6r kvalitet och s\u00e4kerhet.<\/p>\n<p>S\u00e4kert onlinek\u00f6p: Att k\u00f6pa Nembutalpulver online p\u00e5 buy-prescriptionz.com \u00e4r s\u00e4kert och enkelt. V\u00e5r webbplats anv\u00e4nder avancerade s\u00e4kerhets\u00e5tg\u00e4rder f\u00f6r att skydda din personliga information och s\u00e4kerst\u00e4lla en s\u00e4ker transaktionsprocess.<\/p>\n<p>Snabb och diskret leverans: Vi f\u00f6rst\u00e5r vikten av punktliga leveranser, s\u00e4rskilt f\u00f6r medicinska behov. V\u00e5r leveransprocess \u00e4r b\u00e5de snabb och diskret, vilket garanterar din integritet och bekv\u00e4mlighet.<\/p>\n<p>Enkel best\u00e4llningsprocess: Best\u00e4llningsprocessen p\u00e5 buy-prescriptionz.com \u00e4r utformad f\u00f6r att vara anv\u00e4ndarv\u00e4nlig. V\u00e4lj bara \u00f6nskad m\u00e4ngd av det b\u00e4sta Nembutal-pulvret, l\u00e4gg det i din varukorg och forts\u00e4tt till kassan.<\/p>\n<p>Kundsupport: Om du har n\u00e5gra fr\u00e5gor eller beh\u00f6ver hj\u00e4lp finns v\u00e5r kundsupport tillg\u00e4nglig f\u00f6r att hj\u00e4lpa dig. Vi \u00e4r dedikerade till att ge utm\u00e4rkt service och se till att du \u00e4r n\u00f6jd med varje k\u00f6p.<\/p>\n<p>Effektivt och tillf\u00f6rlitligt: \u200b\u200bNembutalpulver \u00e4r k\u00e4nt f\u00f6r sin effektivitet och tillf\u00f6rlitlighet som lugnande medel och bed\u00f6vningsmedel. Det anv\u00e4nds flitigt inom olika medicinska omr\u00e5den tack vare sina bevisade resultat.<\/p>\n<p>Professionell konsultation: Innan du k\u00f6per rekommenderar vi att du r\u00e5dg\u00f6r med en sjukv\u00e5rdspersonal f\u00f6r att s\u00e4kerst\u00e4lla att Nembutal-pulver \u00e4r l\u00e4mpligt f\u00f6r dina behov.<\/p>\n<p><strong>F\u00f6rdelar med Nembutalpulver<\/strong><\/p>\n<p>Nembutalpulver har flera terapeutiska f\u00f6rdelar, inklusive:<\/p>\n<ol>\n<li>Sedering: Anv\u00e4nds f\u00f6r dess lugnande effekter.<\/li>\n<li>Anestesi: Anv\u00e4nds ofta som anestesimedel i medicinska milj\u00f6er.<\/li>\n<li>Avlivning: Anv\u00e4nds ibland inom veterin\u00e4rmedicin f\u00f6r human avlivning.<\/li>\n<\/ol>\n<p>F\u00f6r ett s\u00e4kert, p\u00e5litligt och diskret s\u00e4tt att k\u00f6pa Nembutalpulver online, v\u00e4lj buy-prescriptionz.com, ett av de b\u00e4sta apoteken. V\u00e5rt engagemang f\u00f6r kvalitet och kundn\u00f6jdhet g\u00f6r oss till det b\u00e4sta valet f\u00f6r dina medicinska behov. Utforska v\u00e5r webbplats idag och upplev bekv\u00e4mligheten med att k\u00f6pa \u00e4kta Nembutalpulver fr\u00e5n en p\u00e5litlig k\u00e4lla.<\/p>\n<h3>Viktig information att notera om Nembutal-pulver<\/h3>\n<p>Personer som \u00e4r allergiska mot Nembutal eller relaterade l\u00e4kemedel b\u00f6r inte anv\u00e4nda detta l\u00e4kemedel. Dessutom b\u00f6r du undvika detta l\u00e4kemedel om du har porfyri. Porfyri \u00e4r ett genetiskt enzymtillst\u00e5nd som p\u00e5verkar nervsystemet och huden.<\/p>\n<p>Nembutal \u00e4r vanebildande och beroendeframkallande och endast receptbelagda personer b\u00f6r anv\u00e4nda det. L\u00e4kemedlet b\u00f6r aldrig delas med andra, s\u00e4rskilt inte de som har missbrukat droger eller anamneser p\u00e5 beroende. Nembutal kan orsaka biverkningar som kan f\u00f6rs\u00e4mra ditt resonemang eller dina reaktioner, s\u00e5 du b\u00f6r undvika uppgifter som kr\u00e4ver att du \u00e4r uppm\u00e4rksam och vaken. Du b\u00f6r aldrig ta Nembutal tillsammans med alkoholhaltiga drycker.<\/p>\n<p>Nembutal g\u00f6r p-piller mindre effektiva. Du b\u00f6r anv\u00e4nda icke-hormonella preventivmedel som kondomer n\u00e4r du anv\u00e4nder pentobarbital f\u00f6r att s\u00e4kerst\u00e4lla att du inte blir gravid.<\/p>\n<h3>Vilka \u00e4r anv\u00e4ndningsomr\u00e5dena f\u00f6r Nembutal-pulver?<\/h3>\n<p>Tidigare anv\u00e4nde man mest Nembutal-pulver f\u00f6r att behandla s\u00f6mnst\u00f6rningar. Eftersom de flesta l\u00e4nder har f\u00f6rbjudit det och ersatt det med s\u00f6mntabletter har l\u00e4kemedlet blivit mycket s\u00e4llsynt. I m\u00e5nga delar av v\u00e4rlden anv\u00e4nds dock fortfarande Nembutal. De flesta laboratorier runt om i v\u00e4rlden anv\u00e4nder det och andra besl\u00e4ktade barbiturater av strikt medicinska sk\u00e4l, t.ex. f\u00f6r att s\u00f6va djur, bed\u00f6vningsmedel av veterin\u00e4rer och andra n\u00f6dfall. I r\u00e4tt doser kan man anv\u00e4nda Nembutal f\u00f6r djur och human avlivning. Nembutal \u00e4r mest k\u00e4nt f\u00f6r sin anv\u00e4ndning vid sm\u00e4rtfritt sj\u00e4lvmord eller fredligt slut.<\/p>\n<h3>Kontraindikationer<\/h3>\n<p>Specialister kontraindicerar Nembutal hos personer som \u00e4r k\u00e4nda f\u00f6r att vara k\u00e4nsliga f\u00f6r barbiturater och patienter med latent porfyri.<\/p>\n<h3>Vad h\u00e4nder vid \u00f6verdosering?<\/h3>\n<p>S\u00f6k akut medicinsk hj\u00e4lp om du tror att de har tagit f\u00f6r mycket av detta l\u00e4kemedel. \u00d6verdosering av Nembutal kan vara allvarlig. Du vet att du kan ha \u00f6verdoserat om du m\u00e4rker vidgade pupiller, slapphet eller svaghet, utebliven eller mindre urinering, l\u00e5ngsam eller snabb hj\u00e4rtfrekvens, svimning, svag puls, l\u00e5ngsam andning. \u00d6verdosering av Nembutal kan ocks\u00e5 leda till d\u00f6dsfall eller fysiska skador p\u00e5 hj\u00e4rnan och andra viktiga kroppsdelar som njurarna.<\/p>\n<p>Den d\u00f6dliga dosen Nembutalpulver varierar mellan 17 gram och 50 gram beroende p\u00e5 anv\u00e4ndarens \u00e5lder, vikt och h\u00e4lsotillst\u00e5nd.Du m\u00e5ste blanda det med 50 ml till 100 ml vatten och dricka, s\u00f6mnen intr\u00e4ffar efter konsumtionen. Konsumtionen av den d\u00f6dliga dosen leder till sm\u00e4rtfri d\u00f6d inom en timme.<\/p>\n<p>De Lethals-\u00f6verdoser som experimenterats efter konsumtion \u00e4r f\u00f6ljande:<\/p>\n<p>20 grams lethal for a human 50kg \u2013 125kg<\/p>\n<p>35 grams lethal for a human 130kg \u2013 295kg<\/p>\n<p>50 grams lethal for a human 300kg \u2013 500kg<\/p>\n<h3>Vad h\u00e4nder n\u00e4r n\u00e5gon missar en dos av Nembutal?<\/h3>\n<p>Eftersom de flesta tar Nembutal n\u00e4r det beh\u00f6vs, \u00e4r risken att missa en dos mindre. Men om du anv\u00e4nder l\u00e4kemedlet regelbundet och missar behandlingen, b\u00f6r du ta den erforderliga dosen omedelbart. Hoppa \u00f6ver dosen om det n\u00e4stan \u00e4r dags f\u00f6r n\u00e4sta dos. Ta aldrig en extra dos f\u00f6r att kompensera f\u00f6r den missade dosen eftersom du riskerar att \u00f6verdosera.<\/p>\n<h3>Vilka \u00e4r biverkningarna av Nembutal?<\/h3>\n<p>Alla barbiturater har biverkningar. Den vanligaste \u00e4r beroende och vanebildning. De som har tagit Nembutal under en l\u00e4ngre tid utvecklar ofta abstinensbesv\u00e4r om de inte tar Nembutal. Dessutom b\u00f6r anv\u00e4ndare s\u00f6ka l\u00e4karv\u00e5rd om de m\u00e4rker dessa allergiska reaktioner: andningssv\u00e5righeter, n\u00e4sselutslag, svullnad i ansikte, tunga, l\u00e4ppar, hals eller tunga. Andra effekter kan vara hallucinationer, f\u00f6rvirring, ytlig eller svag andning, svag puls, l\u00e5ngsam hj\u00e4rtfrekvens och en k\u00e4nsla av att man vill svimma.<\/p>\n<h3>Saker att undvika n\u00e4r du tar Nembutal<\/h3>\n<p>Anv\u00e4nd inte maskiner som kr\u00e4ver att du \u00e4r uppm\u00e4rksam eftersom Nembutal kan f\u00f6rs\u00e4mra dina reaktioner eller ditt t\u00e4nkande. K\u00f6r inte bil efter att du tagit Nembutal eftersom du m\u00e5ste vara uppm\u00e4rksam. Alkohol \u00f6kar s\u00f6mnigheten, vilket kan vara mycket farligt, s\u00e5 du b\u00f6r undvika alkohol till varje pris.<\/p>\n<p>Att hitta Nembutal i dagens v\u00e4rld \u00e4r inte lika l\u00e4tt som det brukade vara. De flesta multinationella l\u00e4kemedelsf\u00f6retag i utvecklade l\u00e4nder tillverkade Nembutal-pulver i bulk. Produktionen har dock minskat drastiskt eftersom andra lugnande och \u00e5ngestl\u00e4kemedel med f\u00e4rre biverkningar har ersatt Nembutal. F\u00f6r att k\u00f6pa Nembutal i USA m\u00e5ste du f\u00e5 ett recept fr\u00e5n en l\u00e4kare. Vi finns dock p\u00e5 marknaden f\u00f6r att bespara dig allt detta besv\u00e4r. Vi \u00e4r de ledande Nembutal-onlines\u00e4ljarna som levererar Nembutal-pulver av h\u00f6g kvalitet som \u00e4r v\u00e4rt valuta f\u00f6r pengarna.<\/p>\n<h3>Varf\u00f6r k\u00f6pa Nembutal fr\u00e5n oss?<\/h3>\n<p>Vi har varit verksamma inom Nembutal-branschen i m\u00e5nga \u00e5r och f\u00f6rst\u00e5r exakt vad du beh\u00f6ver som kund. Vi levererar \u00e4ven andra barbiturater diskret runt om i v\u00e4rlden. Att k\u00f6pa Nembutalpulver fr\u00e5n oss \u00e4r att s\u00e4tta sig sj\u00e4lv f\u00f6re andra. Kontakta oss redan idag och f\u00e5 veta mer.<\/p>","protected":false},"excerpt":{"rendered":"<p>Nembutal Powder till salu, \u00e4r en kortverkande barbiturat, kemiskt betecknat som natrium-5-etyl-5-(1-metylbutyl)-barbiturat. Detta \u00e4r en av anledningarna till att det \u00e4r mer l\u00e4mpligt f\u00f6r sj\u00e4lvmord \u00e4n l\u00e4ngre verkande barbiturater som fenobarbital.<\/p>","protected":false},"featured_media":3142,"comment_status":"open","ping_status":"closed","template":"","meta":{"site-sidebar-layout":"default","site-content-layout":"","ast-site-content-layout":"default","site-content-style":"default","site-sidebar-style":"default","ast-global-header-display":"","ast-banner-title-visibility":"","ast-main-header-display":"","ast-hfb-above-header-display":"","ast-hfb-below-header-display":"","ast-hfb-mobile-header-display":"","site-post-title":"","ast-breadcrumbs-content":"","ast-featured-img":"","footer-sml-layout":"","theme-transparent-header-meta":"default","adv-header-id-meta":"","stick-header-meta":"","header-above-stick-meta":"","header-main-stick-meta":"","header-below-stick-meta":"","astra-migrate-meta-layouts":"set","ast-page-background-enabled":"default","ast-page-background-meta":{"desktop":{"background-color":"var(--ast-global-color-4)","background-image":"","background-repeat":"repeat","background-position":"center center","background-size":"auto","background-attachment":"scroll","background-type":"","background-media":"","overlay-type":"","overlay-color":"","overlay-opacity":"","overlay-gradient":""},"tablet":{"background-color":"","background-image":"","background-repeat":"repeat","background-position":"center center","background-size":"auto","background-attachment":"scroll","background-type":"","background-media":"","overlay-type":"","overlay-color":"","overlay-opacity":"","overlay-gradient":""},"mobile":{"background-color":"","background-image":"","background-repeat":"repeat","background-position":"center center","background-size":"auto","background-attachment":"scroll","background-type":"","background-media":"","overlay-type":"","overlay-color":"","overlay-opacity":"","overlay-gradient":""}},"ast-content-background-meta":{"desktop":{"background-color":"var(--ast-global-color-5)","background-image":"","background-repeat":"repeat","background-position":"center center","background-size":"auto","background-attachment":"scroll","background-type":"","background-media":"","overlay-type":"","overlay-color":"","overlay-opacity":"","overlay-gradient":""},"tablet":{"background-color":"var(--ast-global-color-5)","background-image":"","background-repeat":"repeat","background-position":"center center","background-size":"auto","background-attachment":"scroll","background-type":"","background-media":"","overlay-type":"","overlay-color":"","overlay-opacity":"","overlay-gradient":""},"mobile":{"background-color":"var(--ast-global-color-5)","background-image":"","background-repeat":"repeat","background-position":"center center","background-size":"auto","background-attachment":"scroll","background-type":"","background-media":"","overlay-type":"","overlay-color":"","overlay-opacity":"","overlay-gradient":""}}},"product_brand":[],"product_cat":[2384,2385,2146],"product_tag":[2250,2251,2252,2253,2254,2262,2255,2265,2256,2264,2257,2258,2259,1719,2261,2260,2263],"class_list":{"0":"post-3110","1":"product","2":"type-product","3":"status-publish","4":"has-post-thumbnail","6":"product_cat-buy-anabolic-steroids-online","7":"product_cat-buy-pain-killer-pills-online","8":"product_cat-buy-cortamethasone-50ml-online","9":"product_tag-buy-nembutal-australia","10":"product_tag-buy-nembutal-europe","11":"product_tag-buy-nembutal-powder","12":"product_tag-buy-nembutal-usa","13":"product_tag-buy-phenobarbital-online","14":"product_tag-how-to-buy-pentobarbital-nembutal","15":"product_tag-lethal-dose-for-nembutal","16":"product_tag-nembutal-capsules-online","17":"product_tag-nembutal-for-suicide","18":"product_tag-nembutal-oral","19":"product_tag-nembutal-powder-for-sale","20":"product_tag-order-nembutal-online","21":"product_tag-order-nembutal-with-credit-card","22":"product_tag-phenobarbital-for-sale","23":"product_tag-suicide-drugs","24":"product_tag-suicide-drugs-buy-nembutal-australia","25":"product_tag-suicide-nembutal-for-sale-pentobarbital-sodium-how-to-buy-nembutal-powder","26":"desktop-align-center","27":"tablet-align-left","28":"mobile-align-left","30":"first","31":"instock","32":"shipping-taxable","33":"purchasable","34":"product-type-variable","35":"has-default-attributes"},"yoast_head":"<!-- This site is optimized with the Yoast SEO plugin v25.9 - https:\/\/yoast.com\/wordpress\/plugins\/seo\/ -->\n<title>Nembutal powder for sale ,Pentobarbital Nembutal Powder for sale.<\/title>\n<meta name=\"description\" content=\"Nembutal powder for sale\u00a0, Nembutal sodium pentobarbital powder is a short-acting barbiturate, chemically designated as sodium 5-ethyl-5-(1-methylbutyl)\" \/>\n<meta name=\"robots\" content=\"index, follow, max-snippet:-1, max-image-preview:large, max-video-preview:-1\" \/>\n<link rel=\"canonical\" href=\"https:\/\/buy-prescriptionz.com\/sv\/produkt\/nembutal-pulver\/\" \/>\n<meta property=\"og:locale\" content=\"sv_SE\" \/>\n<meta property=\"og:type\" content=\"article\" \/>\n<meta property=\"og:title\" content=\"Nembutal powder for sale ,Pentobarbital Nembutal Powder for sale.\" \/>\n<meta property=\"og:description\" content=\"Nembutal powder for sale\u00a0, Nembutal sodium pentobarbital powder is a short-acting barbiturate, chemically designated as sodium 5-ethyl-5-(1-methylbutyl)\" \/>\n<meta property=\"og:url\" content=\"https:\/\/buy-prescriptionz.com\/sv\/produkt\/nembutal-pulver\/\" \/>\n<meta property=\"og:site_name\" content=\"Buy Prescriptionz\" \/>\n<meta property=\"article:modified_time\" content=\"2025-09-29T12:06:32+00:00\" \/>\n<meta property=\"og:image\" content=\"https:\/\/buy-prescriptionz.com\/wp-content\/uploads\/2025\/09\/buy-nembutal-powder.jpg\" \/>\n\t<meta property=\"og:image:width\" content=\"400\" \/>\n\t<meta property=\"og:image:height\" content=\"400\" \/>\n\t<meta property=\"og:image:type\" content=\"image\/jpeg\" \/>\n<meta name=\"twitter:card\" content=\"summary_large_image\" \/>\n<meta name=\"twitter:label1\" content=\"Ber\u00e4knad l\u00e4stid\" \/>\n\t<meta name=\"twitter:data1\" content=\"7 minuter\" \/>\n<script type=\"application\/ld+json\" class=\"yoast-schema-graph\">{\"@context\":\"https:\/\/schema.org\",\"@graph\":[{\"@type\":\"WebPage\",\"@id\":\"https:\/\/buy-prescriptionz.com\/product\/nembutal-powder\/\",\"url\":\"https:\/\/buy-prescriptionz.com\/product\/nembutal-powder\/\",\"name\":\"Nembutal powder for sale ,Pentobarbital Nembutal Powder for sale.\",\"isPartOf\":{\"@id\":\"https:\/\/buy-prescriptionz.com\/#website\"},\"primaryImageOfPage\":{\"@id\":\"https:\/\/buy-prescriptionz.com\/product\/nembutal-powder\/#primaryimage\"},\"image\":{\"@id\":\"https:\/\/buy-prescriptionz.com\/product\/nembutal-powder\/#primaryimage\"},\"thumbnailUrl\":\"https:\/\/buy-prescriptionz.com\/wp-content\/uploads\/2025\/09\/buy-nembutal-powder.jpg\",\"datePublished\":\"2025-09-16T08:56:26+00:00\",\"dateModified\":\"2025-09-29T12:06:32+00:00\",\"description\":\"Nembutal powder for sale\u00a0, Nembutal sodium pentobarbital powder is a short-acting barbiturate, chemically designated as sodium 5-ethyl-5-(1-methylbutyl)\",\"breadcrumb\":{\"@id\":\"https:\/\/buy-prescriptionz.com\/product\/nembutal-powder\/#breadcrumb\"},\"inLanguage\":\"sv-SE\",\"potentialAction\":[{\"@type\":\"ReadAction\",\"target\":[\"https:\/\/buy-prescriptionz.com\/product\/nembutal-powder\/\"]}]},{\"@type\":\"ImageObject\",\"inLanguage\":\"sv-SE\",\"@id\":\"https:\/\/buy-prescriptionz.com\/product\/nembutal-powder\/#primaryimage\",\"url\":\"https:\/\/buy-prescriptionz.com\/wp-content\/uploads\/2025\/09\/buy-nembutal-powder.jpg\",\"contentUrl\":\"https:\/\/buy-prescriptionz.com\/wp-content\/uploads\/2025\/09\/buy-nembutal-powder.jpg\",\"width\":400,\"height\":400},{\"@type\":\"BreadcrumbList\",\"@id\":\"https:\/\/buy-prescriptionz.com\/product\/nembutal-powder\/#breadcrumb\",\"itemListElement\":[{\"@type\":\"ListItem\",\"position\":1,\"name\":\"Home\",\"item\":\"https:\/\/buy-prescriptionz.com\/\"},{\"@type\":\"ListItem\",\"position\":2,\"name\":\"Shop Painkillers Online\",\"item\":\"https:\/\/buy-prescriptionz.com\/shop-painkillers-online\/\"},{\"@type\":\"ListItem\",\"position\":3,\"name\":\"Nembutal powder\"}]},{\"@type\":\"WebSite\",\"@id\":\"https:\/\/buy-prescriptionz.com\/#website\",\"url\":\"https:\/\/buy-prescriptionz.com\/\",\"name\":\"Buy Prescriptionz\",\"description\":\"Drugs Online\",\"publisher\":{\"@id\":\"https:\/\/buy-prescriptionz.com\/#organization\"},\"potentialAction\":[{\"@type\":\"SearchAction\",\"target\":{\"@type\":\"EntryPoint\",\"urlTemplate\":\"https:\/\/buy-prescriptionz.com\/?s={search_term_string}\"},\"query-input\":{\"@type\":\"PropertyValueSpecification\",\"valueRequired\":true,\"valueName\":\"search_term_string\"}}],\"inLanguage\":\"sv-SE\"},{\"@type\":\"Organization\",\"@id\":\"https:\/\/buy-prescriptionz.com\/#organization\",\"name\":\"Buy Prescriptionz\",\"url\":\"https:\/\/buy-prescriptionz.com\/\",\"logo\":{\"@type\":\"ImageObject\",\"inLanguage\":\"sv-SE\",\"@id\":\"https:\/\/buy-prescriptionz.com\/#\/schema\/logo\/image\/\",\"url\":\"https:\/\/buy-prescriptionz.com\/wp-content\/uploads\/2023\/09\/logo.png\",\"contentUrl\":\"https:\/\/buy-prescriptionz.com\/wp-content\/uploads\/2023\/09\/logo.png\",\"width\":350,\"height\":64,\"caption\":\"Buy Prescriptionz\"},\"image\":{\"@id\":\"https:\/\/buy-prescriptionz.com\/#\/schema\/logo\/image\/\"}}]}<\/script>\n<!-- \/ Yoast SEO plugin. -->","yoast_head_json":{"title":"Nembutal pulver till salu, pentobarbital nembutal pulver till salu.","description":"Nembutalpulver till salu, Nembutalnatriumpentobarbitalpulver \u00e4r ett kortverkande barbiturat, kemiskt betecknat som natrium 5-etyl-5-(1-metylbutyl)","robots":{"index":"index","follow":"follow","max-snippet":"max-snippet:-1","max-image-preview":"max-image-preview:large","max-video-preview":"max-video-preview:-1"},"canonical":"https:\/\/buy-prescriptionz.com\/sv\/produkt\/nembutal-pulver\/","og_locale":"sv_SE","og_type":"article","og_title":"Nembutal powder for sale ,Pentobarbital Nembutal Powder for sale.","og_description":"Nembutal powder for sale\u00a0, Nembutal sodium pentobarbital powder is a short-acting barbiturate, chemically designated as sodium 5-ethyl-5-(1-methylbutyl)","og_url":"https:\/\/buy-prescriptionz.com\/sv\/produkt\/nembutal-pulver\/","og_site_name":"Buy Prescriptionz","article_modified_time":"2025-09-29T12:06:32+00:00","og_image":[{"width":400,"height":400,"url":"https:\/\/buy-prescriptionz.com\/wp-content\/uploads\/2025\/09\/buy-nembutal-powder.jpg","type":"image\/jpeg"}],"twitter_card":"summary_large_image","twitter_misc":{"Ber\u00e4knad l\u00e4stid":"7 minuter"},"schema":{"@context":"https:\/\/schema.org","@graph":[{"@type":"WebPage","@id":"https:\/\/buy-prescriptionz.com\/product\/nembutal-powder\/","url":"https:\/\/buy-prescriptionz.com\/product\/nembutal-powder\/","name":"Nembutal pulver till salu, pentobarbital nembutal pulver till salu.","isPartOf":{"@id":"https:\/\/buy-prescriptionz.com\/#website"},"primaryImageOfPage":{"@id":"https:\/\/buy-prescriptionz.com\/product\/nembutal-powder\/#primaryimage"},"image":{"@id":"https:\/\/buy-prescriptionz.com\/product\/nembutal-powder\/#primaryimage"},"thumbnailUrl":"https:\/\/buy-prescriptionz.com\/wp-content\/uploads\/2025\/09\/buy-nembutal-powder.jpg","datePublished":"2025-09-16T08:56:26+00:00","dateModified":"2025-09-29T12:06:32+00:00","description":"Nembutalpulver till salu, Nembutalnatriumpentobarbitalpulver \u00e4r ett kortverkande barbiturat, kemiskt betecknat som natrium 5-etyl-5-(1-metylbutyl)","breadcrumb":{"@id":"https:\/\/buy-prescriptionz.com\/product\/nembutal-powder\/#breadcrumb"},"inLanguage":"sv-SE","potentialAction":[{"@type":"ReadAction","target":["https:\/\/buy-prescriptionz.com\/product\/nembutal-powder\/"]}]},{"@type":"ImageObject","inLanguage":"sv-SE","@id":"https:\/\/buy-prescriptionz.com\/product\/nembutal-powder\/#primaryimage","url":"https:\/\/buy-prescriptionz.com\/wp-content\/uploads\/2025\/09\/buy-nembutal-powder.jpg","contentUrl":"https:\/\/buy-prescriptionz.com\/wp-content\/uploads\/2025\/09\/buy-nembutal-powder.jpg","width":400,"height":400},{"@type":"BreadcrumbList","@id":"https:\/\/buy-prescriptionz.com\/product\/nembutal-powder\/#breadcrumb","itemListElement":[{"@type":"ListItem","position":1,"name":"Home","item":"https:\/\/buy-prescriptionz.com\/"},{"@type":"ListItem","position":2,"name":"Shop Painkillers Online","item":"https:\/\/buy-prescriptionz.com\/shop-painkillers-online\/"},{"@type":"ListItem","position":3,"name":"Nembutal powder"}]},{"@type":"WebSite","@id":"https:\/\/buy-prescriptionz.com\/#website","url":"https:\/\/buy-prescriptionz.com\/","name":"Buy Prescriptionz","description":"Droger p\u00e5 n\u00e4tet","publisher":{"@id":"https:\/\/buy-prescriptionz.com\/#organization"},"potentialAction":[{"@type":"SearchAction","target":{"@type":"EntryPoint","urlTemplate":"https:\/\/buy-prescriptionz.com\/?s={search_term_string}"},"query-input":{"@type":"PropertyValueSpecification","valueRequired":true,"valueName":"search_term_string"}}],"inLanguage":"sv-SE"},{"@type":"Organization","@id":"https:\/\/buy-prescriptionz.com\/#organization","name":"Buy Prescriptionz","url":"https:\/\/buy-prescriptionz.com\/","logo":{"@type":"ImageObject","inLanguage":"sv-SE","@id":"https:\/\/buy-prescriptionz.com\/#\/schema\/logo\/image\/","url":"https:\/\/buy-prescriptionz.com\/wp-content\/uploads\/2023\/09\/logo.png","contentUrl":"https:\/\/buy-prescriptionz.com\/wp-content\/uploads\/2023\/09\/logo.png","width":350,"height":64,"caption":"Buy Prescriptionz"},"image":{"@id":"https:\/\/buy-prescriptionz.com\/#\/schema\/logo\/image\/"}}]}},"_links":{"self":[{"href":"https:\/\/buy-prescriptionz.com\/sv\/wp-json\/wp\/v2\/product\/3110","targetHints":{"allow":["GET"]}}],"collection":[{"href":"https:\/\/buy-prescriptionz.com\/sv\/wp-json\/wp\/v2\/product"}],"about":[{"href":"https:\/\/buy-prescriptionz.com\/sv\/wp-json\/wp\/v2\/types\/product"}],"replies":[{"embeddable":true,"href":"https:\/\/buy-prescriptionz.com\/sv\/wp-json\/wp\/v2\/comments?post=3110"}],"wp:featuredmedia":[{"embeddable":true,"href":"https:\/\/buy-prescriptionz.com\/sv\/wp-json\/wp\/v2\/media\/3142"}],"wp:attachment":[{"href":"https:\/\/buy-prescriptionz.com\/sv\/wp-json\/wp\/v2\/media?parent=3110"}],"wp:term":[{"taxonomy":"product_brand","embeddable":true,"href":"https:\/\/buy-prescriptionz.com\/sv\/wp-json\/wp\/v2\/product_brand?post=3110"},{"taxonomy":"product_cat","embeddable":true,"href":"https:\/\/buy-prescriptionz.com\/sv\/wp-json\/wp\/v2\/product_cat?post=3110"},{"taxonomy":"product_tag","embeddable":true,"href":"https:\/\/buy-prescriptionz.com\/sv\/wp-json\/wp\/v2\/product_tag?post=3110"}],"curies":[{"name":"wp","href":"https:\/\/api.w.org\/{rel}","templated":true}]}}