{"id":3111,"date":"2025-09-16T08:56:26","date_gmt":"2025-09-16T08:56:26","guid":{"rendered":"https:\/\/chemsfine.com\/newsite\/?post_type=product&#038;p=3111"},"modified":"2025-09-23T07:05:30","modified_gmt":"2025-09-23T07:05:30","slug":"kop-naproxen-tabletter-online","status":"publish","type":"product","link":"https:\/\/buy-prescriptionz.com\/sv\/produkt\/kop-naproxen-tabletter-online\/","title":{"rendered":"K\u00f6p Naproxen Tabletter online"},"content":{"rendered":"<h2>K\u00f6p Naproxen Tabletter online<\/h2>\n<p>K\u00f6p Naproxen Tabletter online, Naproxen Tabletter kan k\u00f6pas online fr\u00e5n ett v\u00e4lrenommerat apotek. Det \u00e4r enkelt att f\u00f6rnya ditt Naproxen-recept med v\u00e5r privata recepttj\u00e4nst online. Du beh\u00f6ver bara fylla i v\u00e5rt fr\u00e5geformul\u00e4r online som kommer att granskas av v\u00e5r online l\u00e4kare. Om Naproxen \u00e4r l\u00e4mpligt f\u00f6r dig kommer v\u00e5r online l\u00e4kare att skriva ut ett recept \u00e5t dig som v\u00e5rt apotek kommer att fylla i. Alla produkter skickas fr\u00e5n v\u00e5rt lager i frankrike .<\/p>\n<p>Naproxen \u00e4r ett sm\u00e4rtstillande medel som ocks\u00e5 verkar antiinflammatoriskt. Det anv\u00e4nds ofta f\u00f6r att lindra ledv\u00e4rk, till exempel vid reumatoid artrit, artros eller gikt.<\/p>\n<p>Naproxen 250mg och Naproxen 500mg finns att k\u00f6pa online fr\u00e5n v\u00e5rt onlineapotek. Om du \u00e4r os\u00e4ker p\u00e5 vilken dos som \u00e4r l\u00e4mpligast f\u00f6r dig kan v\u00e5r n\u00e4tl\u00e4kare best\u00e4mma en l\u00e4mplig dos.<\/p>\n<h3>Hur fungerar Naproxen?<\/h3>\n<p>Naproxen tillh\u00f6r en klass av l\u00e4kemedel som kallas icke-steroida antiinflammatoriska l\u00e4kemedel (NSAID). Dessa l\u00e4kemedel anv\u00e4nds f\u00f6r att lindra sm\u00e4rta och inflammation i hela kroppen.<\/p>\n<p>Naproxen fungerar genom att h\u00e4mma ett enzym i kroppen som producerar \u00e4mnen som kallas prostaglandiner. Prostaglandiner produceras som svar p\u00e5 v\u00e4vnadsskador och orsakar sm\u00e4rta och inflammation n\u00e4r de \u00e4r f\u00f6r h\u00f6ga.<a href=\"https:\/\/buy-prescriptionz.com\/sv\/\">e<\/a>sent.<\/p>\n<p>Syntesen av prostaglandiner i kroppen s\u00e4nks genom att blockera ett visst enzym som kallas cyklooxygenas (COX), vilket minskar sm\u00e4rta och inflammation.<\/p>\n<p>\u00c4ven om du kan k\u00e4nna dig b\u00e4ttre inom en timme efter att du tagit naproxen, kan det ta flera dagar att n\u00e5 maximal effekt om du tar det dagligen.<\/p>\n<p>Op zoek naar een gemakkelijke manier om pijn en ontstekingen te behandelen? Naproxentabletten zijn een populaire keuze voor de behandeling van aandoeningen zoals artritis, spierpijn en menstruatiekrampen. Op buy-prescriptionz.com bieden we een gemakkelijke en veilige manier om naproxentabletten online te kopen.<\/p>\n<p><strong>Varf\u00f6r ska man v\u00e4lja Naproxen-tabletter?<\/strong><br \/>\nNaproxen \u00e4r ett icke-steroidalt antiinflammatoriskt l\u00e4kemedel (NSAID) som hj\u00e4lper till att minska inflammation och sm\u00e4rta. Det anv\u00e4nds ofta f\u00f6r:<br \/>\nLindring av artrit<br \/>\nMuscle pain<br \/>\nRyggv\u00e4rk<br \/>\nMensv\u00e4rk<br \/>\nHuvudv\u00e4rk<br \/>\nTandv\u00e4rk<\/p>\n<p>F\u00f6rdelar med att k\u00f6pa Naproxen-tabletter online<br \/>\nBekv\u00e4mlighet: Att k\u00f6pa de b\u00e4sta Naproxen-tabletterna online sparar tid och besv\u00e4r. Du kan best\u00e4lla bekv\u00e4mt hemifr\u00e5n och f\u00e5 medicinen levererad direkt till din d\u00f6rr.<\/p>\n<p>Enkel best\u00e4llningsprocess: V\u00e5r webbplats \u00e4r anv\u00e4ndarv\u00e4nlig, vilket g\u00f6r det enkelt att hitta den medicin du beh\u00f6ver och l\u00e4gga en best\u00e4llning. L\u00e4gg bara till \u00f6nskad produkt i din varukorg, slutf\u00f6r kassan och v\u00e4nta p\u00e5 din leverans.<\/p>\n<p>Konkurrenskraftiga priser: P\u00e5 buy-prescriptionz.com erbjuder de b\u00e4sta apoteken konkurrenskraftiga priser p\u00e5 Naproxen-tabletter. Du kan hitta olika doseringar som passar dina behov, allt till \u00f6verkomliga priser.<\/p>\n<p>Detaljerad produktinformation: Var kan jag k\u00f6pa Naproxen-tabletter? Du kan hitta de b\u00e4sta onlineapoteken som buy-prescriptionz.com och ge omfattande produktinformation, inklusive doseringsinformation, biverkningar och bruksanvisningar, vilket hj\u00e4lper dig att fatta v\u00e4lgrundade beslut om ditt k\u00f6p.<\/p>\n<p>Discreet Packaging<\/p>\n<p>Din integritet \u00e4r viktig. Vi ser till att alla best\u00e4llningar skickas i diskreta f\u00f6rpackningar, s\u00e5 att du kan f\u00e5 din medicin utan att beh\u00f6va bli f\u00f6rl\u00e4gen eller bli nyfiken.<\/p>\n<p>Onlineapotek har ofta ett st\u00f6rre lager \u00e4n lokala butiker, vilket s\u00e4kerst\u00e4ller att Best Naproxen Tablets finns i lager n\u00e4r du beh\u00f6ver det, vilket f\u00f6rhindrar f\u00f6rseningar i din behandling.<\/p>\n<p>24\/7 Availability<br \/>\nTill skillnad fr\u00e5n traditionella apotek \u00e4r onlineapotek \u00f6ppna dygnet runt. Det betyder att du kan g\u00f6ra en best\u00e4llning n\u00e4r som helst som passar dig, \u00e4ven utanf\u00f6r ordinarie \u00f6ppettider.<\/p>\n<h3 id=\"desc-content-2\" class=\"arrow-right-xs arrow-down-xs\">Hur tar jag Naproxen?<\/h3>\n<p>Naproxen tabletter tas tv\u00e5 g\u00e5nger dagligen, med eller efter en m\u00e5ltid eller ett mellanm\u00e5l. Varje tablett ska tas med ett glas vatten och sv\u00e4ljas hel.<\/p>\n<p>Ta s\u00e5 lite naproxen som m\u00f6jligt under s\u00e5 kort tid som m\u00f6jligt. Under ditt m\u00f6te kommer v\u00e5r online-l\u00e4kare att ordinera den dos som \u00e4r l\u00e4mpligast f\u00f6r dig. K\u00f6p Naproxen tabletter online<\/p>\n<h3>Kan jag ta Naproxen tillsammans med andra l\u00e4kemedel?<\/h3>\n<p>Du b\u00f6r inte anv\u00e4nda naproxen tillsammans med andra sm\u00e4rtstillande l\u00e4kemedel som ibuprofen, men du kan ta det tillsammans med paracetamol eller en receptfri opioid som tramadol under en begr\u00e4nsad tid.<\/p>\n<p>Fr\u00e5ga din l\u00e4kare eller apotekspersonal om du \u00e4r os\u00e4ker p\u00e5 vad du kan ta tillsammans med Naproxen. V\u00e4nligen informera v\u00e5r onlinel\u00e4kare om alla l\u00e4kemedel du tar f\u00f6r n\u00e4rvarande, inklusive de som ordinerats av din l\u00e4kare eller finns tillg\u00e4ngliga receptfritt, samt h\u00e4lso- och naturl\u00e4kemedel, innan du k\u00f6per naproxen online via v\u00e5r privata recepttj\u00e4nst.<\/p>\n<h2 id=\"desc-content-3\" class=\"arrow-right-xs arrow-down-xs\">Side effects and cautions<\/h2>\n<pre class=\"arrow-right-xs arrow-down-xs\">Naproxen, liksom alla andra l\u00e4kemedel, kan orsaka negativa biverkningar. Dessutom kan Naproxen vara l\u00e4mpligt f\u00f6r dig eller din situation. Innan du best\u00e4ller Naproxen fr\u00e5n en l\u00e4kare, r\u00e5dfr\u00e5ga din l\u00e4kare f\u00f6r att s\u00e4kerst\u00e4lla att det \u00e4r s\u00e4kert f\u00f6r dig att ta det.<\/pre>\n<p>Innan du b\u00f6rjar ta naproxen, se till att l\u00e4sa bipacksedeln som medf\u00f6ljer ditt recept. Denna bipacksedel inneh\u00e5ller viktig information om hur du anv\u00e4nder naproxen, hur du f\u00f6rvarar naproxen p\u00e5 ett s\u00e4kert s\u00e4tt, en fullst\u00e4ndig lista \u00f6ver biverkningar, ingredienser och kontraindikationer, och vad du ska g\u00f6ra om du f\u00e5r en biverkning av naproxen.<\/p>\n<p>Du kan l\u00e4sa bipacksedeln f\u00f6r Naproxen online h\u00e4r.<\/p>\n<h3>Vem ska inte ta Naproxen?<\/h3>\n<p>Naproxen \u00e4r inte l\u00e4mpligt f\u00f6r alla. Om du \u00e4r os\u00e4ker p\u00e5 om det \u00e4r s\u00e4kert f\u00f6r dig, tala med din l\u00e4kare innan du k\u00f6per Naproxen online.<\/p>\n<p>Ta inte Naproxen om du:<\/p>\n<ul>\n<li>\u00e4r allergiska mot aspirin eller andra NSAID-l\u00e4kemedel<\/li>\n<li>\u00e4r allergisk mot naproxen eller n\u00e5got av de andra inneh\u00e5lls\u00e4mnena som anges i bipacksedeln<\/li>\n<li>haft tv\u00e5 eller fler fall av mags\u00e5r, bl\u00f6dning eller perforation av magen<\/li>\n<li>har eller har haft mags\u00e5r, tolvfingertarms\u00e5r, bl\u00f6dning i mage eller tarmar<\/li>\n<\/ul>\n<p>Om du \u00e4r os\u00e4ker p\u00e5 om n\u00e5got av ovanst\u00e5ende g\u00e4ller dig, tala med din l\u00e4kare.<\/p>","protected":false},"excerpt":{"rendered":"<p>Buy Naproxen Tablets Online Buy Naproxen Tablets Online, Naproxen Tablets can be bought online from a reputable UK pharmacy. Renewing your Naproxen prescription is easy with our online private prescription service. Simply complete our online questionnaire which will be reviewed by our online doctor. If Naproxen is suitable for you, our online doctor will write [&hellip;]<\/p>","protected":false},"featured_media":3143,"comment_status":"open","ping_status":"closed","template":"","meta":{"site-sidebar-layout":"default","site-content-layout":"","ast-site-content-layout":"default","site-content-style":"default","site-sidebar-style":"default","ast-global-header-display":"","ast-banner-title-visibility":"","ast-main-header-display":"","ast-hfb-above-header-display":"","ast-hfb-below-header-display":"","ast-hfb-mobile-header-display":"","site-post-title":"","ast-breadcrumbs-content":"","ast-featured-img":"","footer-sml-layout":"","theme-transparent-header-meta":"default","adv-header-id-meta":"","stick-header-meta":"","header-above-stick-meta":"","header-main-stick-meta":"","header-below-stick-meta":"","astra-migrate-meta-layouts":"set","ast-page-background-enabled":"default","ast-page-background-meta":{"desktop":{"background-color":"var(--ast-global-color-4)","background-image":"","background-repeat":"repeat","background-position":"center center","background-size":"auto","background-attachment":"scroll","background-type":"","background-media":"","overlay-type":"","overlay-color":"","overlay-opacity":"","overlay-gradient":""},"tablet":{"background-color":"","background-image":"","background-repeat":"repeat","background-position":"center center","background-size":"auto","background-attachment":"scroll","background-type":"","background-media":"","overlay-type":"","overlay-color":"","overlay-opacity":"","overlay-gradient":""},"mobile":{"background-color":"","background-image":"","background-repeat":"repeat","background-position":"center center","background-size":"auto","background-attachment":"scroll","background-type":"","background-media":"","overlay-type":"","overlay-color":"","overlay-opacity":"","overlay-gradient":""}},"ast-content-background-meta":{"desktop":{"background-color":"var(--ast-global-color-5)","background-image":"","background-repeat":"repeat","background-position":"center center","background-size":"auto","background-attachment":"scroll","background-type":"","background-media":"","overlay-type":"","overlay-color":"","overlay-opacity":"","overlay-gradient":""},"tablet":{"background-color":"var(--ast-global-color-5)","background-image":"","background-repeat":"repeat","background-position":"center center","background-size":"auto","background-attachment":"scroll","background-type":"","background-media":"","overlay-type":"","overlay-color":"","overlay-opacity":"","overlay-gradient":""},"mobile":{"background-color":"var(--ast-global-color-5)","background-image":"","background-repeat":"repeat","background-position":"center center","background-size":"auto","background-attachment":"scroll","background-type":"","background-media":"","overlay-type":"","overlay-color":"","overlay-opacity":"","overlay-gradient":""}}},"product_brand":[],"product_cat":[15,2385,2146],"product_tag":[2268,2274,2267,2266,2277,2276,2272,2269,2275,2270,2278,2273,2271],"class_list":{"0":"post-3111","1":"product","2":"type-product","3":"status-publish","4":"has-post-thumbnail","6":"product_cat-buy-prescription-drugs","7":"product_cat-buy-pain-killer-pills-online","8":"product_cat-buy-cortamethasone-50ml-online","9":"product_tag-28-naproxen-500-mg-asda-naproxen","10":"product_tag-buy-naproxen-500-mg","11":"product_tag-buy-naproxen-boots","12":"product_tag-cheap-naproxen-500-mg","13":"product_tag-naproxen-220-mg","14":"product_tag-naproxen-500-mg-price","15":"product_tag-naproxen-500-mg-tablet-price","16":"product_tag-naproxen-amazon-uk","17":"product_tag-naproxen-for-sale","18":"product_tag-naproxen-price-uk","19":"product_tag-prescription-strength-naproxe","20":"product_tag-where-can-i-buy-naproxen","21":"product_tag-wockhardt-naproxen-500-mg","22":"desktop-align-center","23":"tablet-align-left","24":"mobile-align-left","26":"first","27":"instock","28":"shipping-taxable","29":"purchasable","30":"product-type-variable","31":"has-default-attributes"},"yoast_head":"<!-- This site is optimized with the Yoast SEO plugin v25.9 - https:\/\/yoast.com\/wordpress\/plugins\/seo\/ -->\n<title>Naproxen Tablets for Sale - Buy Naproxen Tablets Online<\/title>\n<meta name=\"description\" content=\"You can get Naproxen Tablets for sale at the best rates from our online store. We are here to help you buy Naproxen Tablets online. Connect with best store in town today!\" \/>\n<meta name=\"robots\" content=\"index, follow, max-snippet:-1, max-image-preview:large, max-video-preview:-1\" \/>\n<link rel=\"canonical\" href=\"https:\/\/buy-prescriptionz.com\/sv\/produkt\/kop-naproxen-tabletter-online\/\" \/>\n<meta property=\"og:locale\" content=\"sv_SE\" \/>\n<meta property=\"og:type\" content=\"article\" \/>\n<meta property=\"og:title\" content=\"Naproxen Tablets for Sale - Buy Naproxen Tablets Online\" \/>\n<meta property=\"og:description\" content=\"You can get Naproxen Tablets for sale at the best rates from our online store. We are here to help you buy Naproxen Tablets online. Connect with best store in town today!\" \/>\n<meta property=\"og:url\" content=\"https:\/\/buy-prescriptionz.com\/sv\/produkt\/kop-naproxen-tabletter-online\/\" \/>\n<meta property=\"og:site_name\" content=\"Buy Prescriptionz\" \/>\n<meta property=\"article:modified_time\" content=\"2025-09-23T07:05:30+00:00\" \/>\n<meta property=\"og:image\" content=\"https:\/\/buy-prescriptionz.com\/wp-content\/uploads\/2025\/09\/nnm.jpg\" \/>\n\t<meta property=\"og:image:width\" content=\"330\" \/>\n\t<meta property=\"og:image:height\" content=\"330\" \/>\n\t<meta property=\"og:image:type\" content=\"image\/jpeg\" \/>\n<meta name=\"twitter:card\" content=\"summary_large_image\" \/>\n<meta name=\"twitter:label1\" content=\"Ber\u00e4knad l\u00e4stid\" \/>\n\t<meta name=\"twitter:data1\" content=\"4 minuter\" \/>\n<script type=\"application\/ld+json\" class=\"yoast-schema-graph\">{\"@context\":\"https:\/\/schema.org\",\"@graph\":[{\"@type\":\"WebPage\",\"@id\":\"https:\/\/buy-prescriptionz.com\/product\/buy-naproxen-tablets-online\/\",\"url\":\"https:\/\/buy-prescriptionz.com\/product\/buy-naproxen-tablets-online\/\",\"name\":\"Naproxen Tablets for Sale - Buy Naproxen Tablets Online\",\"isPartOf\":{\"@id\":\"https:\/\/buy-prescriptionz.com\/#website\"},\"primaryImageOfPage\":{\"@id\":\"https:\/\/buy-prescriptionz.com\/product\/buy-naproxen-tablets-online\/#primaryimage\"},\"image\":{\"@id\":\"https:\/\/buy-prescriptionz.com\/product\/buy-naproxen-tablets-online\/#primaryimage\"},\"thumbnailUrl\":\"https:\/\/buy-prescriptionz.com\/wp-content\/uploads\/2025\/09\/nnm.jpg\",\"datePublished\":\"2025-09-16T08:56:26+00:00\",\"dateModified\":\"2025-09-23T07:05:30+00:00\",\"description\":\"You can get Naproxen Tablets for sale at the best rates from our online store. We are here to help you buy Naproxen Tablets online. Connect with best store in town today!\",\"breadcrumb\":{\"@id\":\"https:\/\/buy-prescriptionz.com\/product\/buy-naproxen-tablets-online\/#breadcrumb\"},\"inLanguage\":\"sv-SE\",\"potentialAction\":[{\"@type\":\"ReadAction\",\"target\":[\"https:\/\/buy-prescriptionz.com\/product\/buy-naproxen-tablets-online\/\"]}]},{\"@type\":\"ImageObject\",\"inLanguage\":\"sv-SE\",\"@id\":\"https:\/\/buy-prescriptionz.com\/product\/buy-naproxen-tablets-online\/#primaryimage\",\"url\":\"https:\/\/buy-prescriptionz.com\/wp-content\/uploads\/2025\/09\/nnm.jpg\",\"contentUrl\":\"https:\/\/buy-prescriptionz.com\/wp-content\/uploads\/2025\/09\/nnm.jpg\",\"width\":330,\"height\":330},{\"@type\":\"BreadcrumbList\",\"@id\":\"https:\/\/buy-prescriptionz.com\/product\/buy-naproxen-tablets-online\/#breadcrumb\",\"itemListElement\":[{\"@type\":\"ListItem\",\"position\":1,\"name\":\"Home\",\"item\":\"https:\/\/buy-prescriptionz.com\/\"},{\"@type\":\"ListItem\",\"position\":2,\"name\":\"Shop Painkillers Online\",\"item\":\"https:\/\/buy-prescriptionz.com\/shop-painkillers-online\/\"},{\"@type\":\"ListItem\",\"position\":3,\"name\":\"Buy Naproxen Tablets Online\"}]},{\"@type\":\"WebSite\",\"@id\":\"https:\/\/buy-prescriptionz.com\/#website\",\"url\":\"https:\/\/buy-prescriptionz.com\/\",\"name\":\"Buy Prescriptionz\",\"description\":\"Drugs Online\",\"publisher\":{\"@id\":\"https:\/\/buy-prescriptionz.com\/#organization\"},\"potentialAction\":[{\"@type\":\"SearchAction\",\"target\":{\"@type\":\"EntryPoint\",\"urlTemplate\":\"https:\/\/buy-prescriptionz.com\/?s={search_term_string}\"},\"query-input\":{\"@type\":\"PropertyValueSpecification\",\"valueRequired\":true,\"valueName\":\"search_term_string\"}}],\"inLanguage\":\"sv-SE\"},{\"@type\":\"Organization\",\"@id\":\"https:\/\/buy-prescriptionz.com\/#organization\",\"name\":\"Buy Prescriptionz\",\"url\":\"https:\/\/buy-prescriptionz.com\/\",\"logo\":{\"@type\":\"ImageObject\",\"inLanguage\":\"sv-SE\",\"@id\":\"https:\/\/buy-prescriptionz.com\/#\/schema\/logo\/image\/\",\"url\":\"https:\/\/buy-prescriptionz.com\/wp-content\/uploads\/2023\/09\/logo.png\",\"contentUrl\":\"https:\/\/buy-prescriptionz.com\/wp-content\/uploads\/2023\/09\/logo.png\",\"width\":350,\"height\":64,\"caption\":\"Buy Prescriptionz\"},\"image\":{\"@id\":\"https:\/\/buy-prescriptionz.com\/#\/schema\/logo\/image\/\"}}]}<\/script>\n<!-- \/ Yoast SEO plugin. -->","yoast_head_json":{"title":"Naproxentabletter till salu - K\u00f6p Naproxentabletter online","description":"Du kan k\u00f6pa Naproxen-tabletter till de b\u00e4sta priserna i v\u00e5r webbutik. Vi \u00e4r h\u00e4r f\u00f6r att hj\u00e4lpa dig k\u00f6pa Naproxen-tabletter online. Kontakta den b\u00e4sta butiken i stan idag!","robots":{"index":"index","follow":"follow","max-snippet":"max-snippet:-1","max-image-preview":"max-image-preview:large","max-video-preview":"max-video-preview:-1"},"canonical":"https:\/\/buy-prescriptionz.com\/sv\/produkt\/kop-naproxen-tabletter-online\/","og_locale":"sv_SE","og_type":"article","og_title":"Naproxen Tablets for Sale - Buy Naproxen Tablets Online","og_description":"You can get Naproxen Tablets for sale at the best rates from our online store. We are here to help you buy Naproxen Tablets online. Connect with best store in town today!","og_url":"https:\/\/buy-prescriptionz.com\/sv\/produkt\/kop-naproxen-tabletter-online\/","og_site_name":"Buy Prescriptionz","article_modified_time":"2025-09-23T07:05:30+00:00","og_image":[{"width":330,"height":330,"url":"https:\/\/buy-prescriptionz.com\/wp-content\/uploads\/2025\/09\/nnm.jpg","type":"image\/jpeg"}],"twitter_card":"summary_large_image","twitter_misc":{"Ber\u00e4knad l\u00e4stid":"4 minuter"},"schema":{"@context":"https:\/\/schema.org","@graph":[{"@type":"WebPage","@id":"https:\/\/buy-prescriptionz.com\/product\/buy-naproxen-tablets-online\/","url":"https:\/\/buy-prescriptionz.com\/product\/buy-naproxen-tablets-online\/","name":"Naproxentabletter till salu - K\u00f6p Naproxentabletter online","isPartOf":{"@id":"https:\/\/buy-prescriptionz.com\/#website"},"primaryImageOfPage":{"@id":"https:\/\/buy-prescriptionz.com\/product\/buy-naproxen-tablets-online\/#primaryimage"},"image":{"@id":"https:\/\/buy-prescriptionz.com\/product\/buy-naproxen-tablets-online\/#primaryimage"},"thumbnailUrl":"https:\/\/buy-prescriptionz.com\/wp-content\/uploads\/2025\/09\/nnm.jpg","datePublished":"2025-09-16T08:56:26+00:00","dateModified":"2025-09-23T07:05:30+00:00","description":"Du kan k\u00f6pa Naproxen-tabletter till de b\u00e4sta priserna i v\u00e5r webbutik. Vi \u00e4r h\u00e4r f\u00f6r att hj\u00e4lpa dig k\u00f6pa Naproxen-tabletter online. Kontakta den b\u00e4sta butiken i stan idag!","breadcrumb":{"@id":"https:\/\/buy-prescriptionz.com\/product\/buy-naproxen-tablets-online\/#breadcrumb"},"inLanguage":"sv-SE","potentialAction":[{"@type":"ReadAction","target":["https:\/\/buy-prescriptionz.com\/product\/buy-naproxen-tablets-online\/"]}]},{"@type":"ImageObject","inLanguage":"sv-SE","@id":"https:\/\/buy-prescriptionz.com\/product\/buy-naproxen-tablets-online\/#primaryimage","url":"https:\/\/buy-prescriptionz.com\/wp-content\/uploads\/2025\/09\/nnm.jpg","contentUrl":"https:\/\/buy-prescriptionz.com\/wp-content\/uploads\/2025\/09\/nnm.jpg","width":330,"height":330},{"@type":"BreadcrumbList","@id":"https:\/\/buy-prescriptionz.com\/product\/buy-naproxen-tablets-online\/#breadcrumb","itemListElement":[{"@type":"ListItem","position":1,"name":"Home","item":"https:\/\/buy-prescriptionz.com\/"},{"@type":"ListItem","position":2,"name":"Shop Painkillers Online","item":"https:\/\/buy-prescriptionz.com\/shop-painkillers-online\/"},{"@type":"ListItem","position":3,"name":"Buy Naproxen Tablets Online"}]},{"@type":"WebSite","@id":"https:\/\/buy-prescriptionz.com\/#website","url":"https:\/\/buy-prescriptionz.com\/","name":"Buy Prescriptionz","description":"Droger p\u00e5 n\u00e4tet","publisher":{"@id":"https:\/\/buy-prescriptionz.com\/#organization"},"potentialAction":[{"@type":"SearchAction","target":{"@type":"EntryPoint","urlTemplate":"https:\/\/buy-prescriptionz.com\/?s={search_term_string}"},"query-input":{"@type":"PropertyValueSpecification","valueRequired":true,"valueName":"search_term_string"}}],"inLanguage":"sv-SE"},{"@type":"Organization","@id":"https:\/\/buy-prescriptionz.com\/#organization","name":"Buy Prescriptionz","url":"https:\/\/buy-prescriptionz.com\/","logo":{"@type":"ImageObject","inLanguage":"sv-SE","@id":"https:\/\/buy-prescriptionz.com\/#\/schema\/logo\/image\/","url":"https:\/\/buy-prescriptionz.com\/wp-content\/uploads\/2023\/09\/logo.png","contentUrl":"https:\/\/buy-prescriptionz.com\/wp-content\/uploads\/2023\/09\/logo.png","width":350,"height":64,"caption":"Buy Prescriptionz"},"image":{"@id":"https:\/\/buy-prescriptionz.com\/#\/schema\/logo\/image\/"}}]}},"_links":{"self":[{"href":"https:\/\/buy-prescriptionz.com\/sv\/wp-json\/wp\/v2\/product\/3111","targetHints":{"allow":["GET"]}}],"collection":[{"href":"https:\/\/buy-prescriptionz.com\/sv\/wp-json\/wp\/v2\/product"}],"about":[{"href":"https:\/\/buy-prescriptionz.com\/sv\/wp-json\/wp\/v2\/types\/product"}],"replies":[{"embeddable":true,"href":"https:\/\/buy-prescriptionz.com\/sv\/wp-json\/wp\/v2\/comments?post=3111"}],"wp:featuredmedia":[{"embeddable":true,"href":"https:\/\/buy-prescriptionz.com\/sv\/wp-json\/wp\/v2\/media\/3143"}],"wp:attachment":[{"href":"https:\/\/buy-prescriptionz.com\/sv\/wp-json\/wp\/v2\/media?parent=3111"}],"wp:term":[{"taxonomy":"product_brand","embeddable":true,"href":"https:\/\/buy-prescriptionz.com\/sv\/wp-json\/wp\/v2\/product_brand?post=3111"},{"taxonomy":"product_cat","embeddable":true,"href":"https:\/\/buy-prescriptionz.com\/sv\/wp-json\/wp\/v2\/product_cat?post=3111"},{"taxonomy":"product_tag","embeddable":true,"href":"https:\/\/buy-prescriptionz.com\/sv\/wp-json\/wp\/v2\/product_tag?post=3111"}],"curies":[{"name":"wp","href":"https:\/\/api.w.org\/{rel}","templated":true}]}}