{"id":988,"date":"2019-05-08T05:55:38","date_gmt":"2019-05-08T05:55:38","guid":{"rendered":"https:\/\/buyprescriptionz.com\/?page_id=988"},"modified":"2019-10-08T10:25:46","modified_gmt":"2019-10-08T10:25:46","slug":"shipping-policy","status":"publish","type":"page","link":"https:\/\/buy-prescriptionz.com\/zh_cn\/shipping-policy\/","title":{"rendered":"\u8fd0\u8f93\u653f\u7b56"},"content":{"rendered":"<h1>\u5728\u7ebf\u8d2d\u4e70\u6b62\u75db\u836f<\/h1>\n<p style=\"text-align: justify;\">Buyprescriptionz Pharmacy \u4e3a\u60a8\u7684\u5728\u7ebf\u8ba2\u5355\u63d0\u4f9b\u7a7a\u90ae\u5feb\u9012\u670d\u52a1\u3001DHL\u3001USPS\u3001EMS \u8fd0\u8f93\u670d\u52a1\u548c FedEx\uff0c\u5e76\u63d0\u4f9b\u5feb\u901f\u5b89\u5168\u7684\u9001\u8d27\u670d\u52a1\u3002<\/p>\n<p style=\"text-align: justify;\">\u76ee\u524d\uff0c\u6211\u4eec\u63d0\u4f9b\u4e24\u79cd\u4e0d\u540c\u7684\u9001\u8d27\u65b9\u5f0f\uff0c\u5373\u5feb\u9012\u548c\u666e\u901a\u9001\u8d27\uff0c\u4f9b\u60a8\u5728\u7ebf\u8d2d\u4e70\u3002<\/p>\n<p style=\"text-align: justify;\">\u5728 Express Delivery \u4e2d\uff0c\u5305\u88f9\u53ea\u6709\u5728\u786e\u8ba4\u4ed8\u6b3e\u540e\u624d\u80fd\u5728 24 \u5c0f\u65f6\u5185\u5728\u7f8e\u56fd\u8fd0\u9001\uff0c\u5e76\u4e14\u5b83\u4f4d\u4e8e\u6602\u8d35\u7684\u9012\u9001\u69fd\u4e2d\u3002<\/p>\n<p style=\"text-align: justify;\">\u5728 Regular Delivery \u4e2d\uff0c\u5305\u88f9\u4f1a\u5728\u6807\u51c6\u65f6\u9650\u5185\u4ea4\u4ed8\uff0c\u5e76\u4e14\u5bf9\u60a8\u7684\u8ba2\u5355\u6765\u8bf4\u5f88\u4fbf\u5b9c\u3002<\/p>\n<p style=\"text-align: justify;\">\u6211\u4eec\u786e\u4fdd\u901a\u8fc7 USPS \u548c Fedex\uff0c\u7f8e\u56fd\u7684\u4ea4\u8d27\u65f6\u9650\u4e3a 1-3 \u5929\uff0c\u82f1\u56fd\u4e3a 3-5 \u5929\uff0c\u4e16\u754c\u5176\u4ed6\u5730\u533a\u4e3a 4-7 \u5929\u3002<\/p>\n<h3 style=\"text-align: justify;\">\u4ea4\u4ed8\u72b6\u6001\u548c\u5ef6\u8fdf<\/h3>\n<p style=\"text-align: justify;\">Buyprescriptionz Pharmacy \u5411\u60a8\u4fdd\u8bc1\uff0c\u8bb8\u591a\u56e0\u7d20\u90fd\u4f1a\u5f71\u54cd\u60a8\u8ba2\u5355\u7684\u4ea4\u4ed8\u3002 \u4e00\u4e9b\u56e0\u7d20\u662f\u56fd\u5185\u6216\u56fd\u9645\u5047\u671f\u3001\u6d77\u5173\u548c\u90ae\u653f\u670d\u52a1\u6280\u672f\u95ee\u9898\u3002 \u6211\u4eec\u4e00\u76f4\u5728\u8ddf\u8e2a\u60a8\u7684\u8ba2\u5355\u3002<\/p>\n<h3 style=\"text-align: justify;\">\u6263\u62bc\u548c\u8f6c\u8fd0\u60c5\u51b5<\/h3>\n<p style=\"text-align: justify;\">\u76ee\u524d\uff0c\u6211\u4eec\u7684\u4ea4\u4ed8\u6210\u529f\u7387\u5f88\u9ad8\uff0c\u8fbe\u523098%\u3002 \u800c\u4e14\uff0c\u5269\u4e0b\u7684\u767e\u5206\u4e4b\u4e8c\u662f\u7528\u4e8e\u5305\u88f9\u88ab\u6d77\u5173\u6263\u7559\u7b49\u4e0d\u53ef\u9884\u89c1\u7684\u4e8b\u4ef6\uff0c\u8fd9\u79cd\u60c5\u51b5\u5f88\u5c11\u53d1\u751f\u3002 \u5982\u679c\u60a8\u7684\u8ba2\u5355\u5728\u4ea4\u4ed8\u8fc7\u7a0b\u4e2d\u4ee5\u67d0\u79cd\u65b9\u5f0f\u88ab\u6263\u62bc\uff0c\u6211\u4eec\u5c06\u5728\u786e\u8ba4\u6263\u62bc\u540e\u91cd\u65b0\u8fd0\u9001\u60a8\u7684\u5168\u90e8\u8ba2\u5355\u3002<\/p>\n<p style=\"text-align: justify;\">\u5728\u8fd9\u79cd\u60c5\u51b5\u4e0b\uff0c\u5ba2\u6237\u6709\u8d23\u4efb\u5411\u6211\u4eec\u53d1\u9001\u6536\u5230\u7684\u6263\u62bc\u6587\u4ef6\u7684\u539f\u59cb\u626b\u63cf\u4ef6\u3002 Buyprescriptionz \u9700\u8981\u5ba2\u6237\u540d\u4e0b\u8fdb\u53e3\u8bb8\u53ef\u8bc1\u7684\u626b\u63cf\u4ef6\uff0c\u4ee5\u4fbf\u6211\u4eec\u53ef\u4ee5\u4ece\u6d77\u5173\u653e\u884c\u6263\u62bc\u7684\u5305\u88f9\u3002<\/p>\n<h3 style=\"text-align: justify;\">\u8fd0\u8f93\u9014\u4e2d\u635f\u574f\u7684\u7269\u54c1<\/h3>\n<p style=\"text-align: justify;\">\u8fd9\u79cd\u60c5\u51b5\u5bf9\u6211\u4eec\u6765\u8bf4\u5f88\u5c11\u89c1\uff0c\u56e0\u4e3a\u6211\u4eec\u6709\u4e00\u79cd\u72ec\u7279\u7684\u8c28\u614e\u5305\u88c5\u65b9\u6cd5\uff0c\u53ef\u4ee5\u901a\u8fc7\u8fd0\u8f93\u6d41\u7a0b\u5b89\u5168\u5904\u7406\u3002 \u5982\u679c\u60a8\u6536\u5230\u635f\u574f\u7684\u8ba2\u5355\uff0c\u60a8\u53ef\u4ee5\u8054\u7cfb\u6211\u4eec\u3002<\/p>\n<h3 style=\"text-align: justify;\">\u514d\u8d23\u58f0\u660e<\/h3>\n<p style=\"text-align: justify;\">Hiermit m\u00f6chten wir Sie dar\u00fcber informieren, dass Buyprescriptionz Online Pharmacy keine der Produkte bef\u00fcrwortet, besitzt, f\u00f6rdert oder versucht, eines der Produkte zu erhalten, und nicht f\u00fcr die Handlungen unserer Kunden haftbar ist\u3002 Die auf dieser Website angebotenen Beschreibungen und Meinungen sind nicht medizinisch empfohlen und haben spekulativen und subjektiven Wert\u3002<\/p>","protected":false},"excerpt":{"rendered":"<p>Buy Painkillers Online Buyprescriptionz Pharmacy offers Airmail Express Mailing Service, DHL, USPS, EMS Shipping Service and FedEx for your online order with fast and secure delivery service. Presently, we are offering two different shipping methods, and that\u2019s Express Delivery and Regular Delivery for your purchase online. In Express Delivery, the package is in limitations to [&hellip;]<\/p>","protected":false},"author":1,"featured_media":0,"parent":0,"menu_order":0,"comment_status":"open","ping_status":"open","template":"","meta":{"site-sidebar-layout":"default","site-content-layout":"","ast-site-content-layout":"default","site-content-style":"default","site-sidebar-style":"default","ast-global-header-display":"","ast-banner-title-visibility":"","ast-main-header-display":"","ast-hfb-above-header-display":"","ast-hfb-below-header-display":"","ast-hfb-mobile-header-display":"","site-post-title":"","ast-breadcrumbs-content":"","ast-featured-img":"","footer-sml-layout":"","theme-transparent-header-meta":"","adv-header-id-meta":"","stick-header-meta":"","header-above-stick-meta":"","header-main-stick-meta":"","header-below-stick-meta":"","astra-migrate-meta-layouts":"default","ast-page-background-enabled":"default","ast-page-background-meta":{"desktop":{"background-color":"var(--ast-global-color-4)","background-image":"","background-repeat":"repeat","background-position":"center center","background-size":"auto","background-attachment":"scroll","background-type":"","background-media":"","overlay-type":"","overlay-color":"","overlay-opacity":"","overlay-gradient":""},"tablet":{"background-color":"","background-image":"","background-repeat":"repeat","background-position":"center center","background-size":"auto","background-attachment":"scroll","background-type":"","background-media":"","overlay-type":"","overlay-color":"","overlay-opacity":"","overlay-gradient":""},"mobile":{"background-color":"","background-image":"","background-repeat":"repeat","background-position":"center center","background-size":"auto","background-attachment":"scroll","background-type":"","background-media":"","overlay-type":"","overlay-color":"","overlay-opacity":"","overlay-gradient":""}},"ast-content-background-meta":{"desktop":{"background-color":"var(--ast-global-color-5)","background-image":"","background-repeat":"repeat","background-position":"center center","background-size":"auto","background-attachment":"scroll","background-type":"","background-media":"","overlay-type":"","overlay-color":"","overlay-opacity":"","overlay-gradient":""},"tablet":{"background-color":"var(--ast-global-color-5)","background-image":"","background-repeat":"repeat","background-position":"center center","background-size":"auto","background-attachment":"scroll","background-type":"","background-media":"","overlay-type":"","overlay-color":"","overlay-opacity":"","overlay-gradient":""},"mobile":{"background-color":"var(--ast-global-color-5)","background-image":"","background-repeat":"repeat","background-position":"center center","background-size":"auto","background-attachment":"scroll","background-type":"","background-media":"","overlay-type":"","overlay-color":"","overlay-opacity":"","overlay-gradient":""}},"footnotes":""},"class_list":["post-988","page","type-page","status-publish","hentry"],"yoast_head":"<!-- This site is optimized with the Yoast SEO plugin v25.9 - https:\/\/yoast.com\/wordpress\/plugins\/seo\/ -->\n<title>Shipping Policy - Buy Prescriptionz<\/title>\n<meta name=\"robots\" content=\"index, follow, max-snippet:-1, max-image-preview:large, max-video-preview:-1\" \/>\n<link rel=\"canonical\" href=\"https:\/\/buy-prescriptionz.com\/zh_cn\/shipping-policy\/\" \/>\n<meta property=\"og:locale\" content=\"zh_CN\" \/>\n<meta property=\"og:type\" content=\"article\" \/>\n<meta property=\"og:title\" content=\"Shipping Policy - Buy Prescriptionz\" \/>\n<meta property=\"og:description\" content=\"Buy Painkillers Online Buyprescriptionz Pharmacy offers Airmail Express Mailing Service, DHL, USPS, EMS Shipping Service and FedEx for your online order with fast and secure delivery service. Presently, we are offering two different shipping methods, and that\u2019s Express Delivery and Regular Delivery for your purchase online. In Express Delivery, the package is in limitations to [&hellip;]\" \/>\n<meta property=\"og:url\" content=\"https:\/\/buy-prescriptionz.com\/zh_cn\/shipping-policy\/\" \/>\n<meta property=\"og:site_name\" content=\"Buy Prescriptionz\" \/>\n<meta property=\"article:modified_time\" content=\"2019-10-08T10:25:46+00:00\" \/>\n<meta name=\"twitter:card\" content=\"summary_large_image\" \/>\n<meta name=\"twitter:label1\" content=\"\u9884\u8ba1\u9605\u8bfb\u65f6\u95f4\" \/>\n\t<meta name=\"twitter:data1\" content=\"2 \u5206\" \/>\n<script type=\"application\/ld+json\" class=\"yoast-schema-graph\">{\"@context\":\"https:\/\/schema.org\",\"@graph\":[{\"@type\":\"WebPage\",\"@id\":\"https:\/\/buy-prescriptionz.com\/shipping-policy\/\",\"url\":\"https:\/\/buy-prescriptionz.com\/shipping-policy\/\",\"name\":\"Shipping Policy - Buy Prescriptionz\",\"isPartOf\":{\"@id\":\"https:\/\/buy-prescriptionz.com\/#website\"},\"datePublished\":\"2019-05-08T05:55:38+00:00\",\"dateModified\":\"2019-10-08T10:25:46+00:00\",\"breadcrumb\":{\"@id\":\"https:\/\/buy-prescriptionz.com\/shipping-policy\/#breadcrumb\"},\"inLanguage\":\"zh-Hans\",\"potentialAction\":[{\"@type\":\"ReadAction\",\"target\":[\"https:\/\/buy-prescriptionz.com\/shipping-policy\/\"]}]},{\"@type\":\"BreadcrumbList\",\"@id\":\"https:\/\/buy-prescriptionz.com\/shipping-policy\/#breadcrumb\",\"itemListElement\":[{\"@type\":\"ListItem\",\"position\":1,\"name\":\"Home\",\"item\":\"https:\/\/buy-prescriptionz.com\/\"},{\"@type\":\"ListItem\",\"position\":2,\"name\":\"Shipping Policy\"}]},{\"@type\":\"WebSite\",\"@id\":\"https:\/\/buy-prescriptionz.com\/#website\",\"url\":\"https:\/\/buy-prescriptionz.com\/\",\"name\":\"Buy Prescriptionz\",\"description\":\"Drugs Online\",\"publisher\":{\"@id\":\"https:\/\/buy-prescriptionz.com\/#organization\"},\"potentialAction\":[{\"@type\":\"SearchAction\",\"target\":{\"@type\":\"EntryPoint\",\"urlTemplate\":\"https:\/\/buy-prescriptionz.com\/?s={search_term_string}\"},\"query-input\":{\"@type\":\"PropertyValueSpecification\",\"valueRequired\":true,\"valueName\":\"search_term_string\"}}],\"inLanguage\":\"zh-Hans\"},{\"@type\":\"Organization\",\"@id\":\"https:\/\/buy-prescriptionz.com\/#organization\",\"name\":\"Buy Prescriptionz\",\"url\":\"https:\/\/buy-prescriptionz.com\/\",\"logo\":{\"@type\":\"ImageObject\",\"inLanguage\":\"zh-Hans\",\"@id\":\"https:\/\/buy-prescriptionz.com\/#\/schema\/logo\/image\/\",\"url\":\"https:\/\/buy-prescriptionz.com\/wp-content\/uploads\/2023\/09\/logo.png\",\"contentUrl\":\"https:\/\/buy-prescriptionz.com\/wp-content\/uploads\/2023\/09\/logo.png\",\"width\":350,\"height\":64,\"caption\":\"Buy Prescriptionz\"},\"image\":{\"@id\":\"https:\/\/buy-prescriptionz.com\/#\/schema\/logo\/image\/\"}}]}<\/script>\n<!-- \/ Yoast SEO plugin. -->","yoast_head_json":{"title":"Shipping Policy - Buy Prescriptionz","robots":{"index":"index","follow":"follow","max-snippet":"max-snippet:-1","max-image-preview":"max-image-preview:large","max-video-preview":"max-video-preview:-1"},"canonical":"https:\/\/buy-prescriptionz.com\/zh_cn\/shipping-policy\/","og_locale":"zh_CN","og_type":"article","og_title":"Shipping Policy - Buy Prescriptionz","og_description":"Buy Painkillers Online Buyprescriptionz Pharmacy offers Airmail Express Mailing Service, DHL, USPS, EMS Shipping Service and FedEx for your online order with fast and secure delivery service. Presently, we are offering two different shipping methods, and that\u2019s Express Delivery and Regular Delivery for your purchase online. In Express Delivery, the package is in limitations to [&hellip;]","og_url":"https:\/\/buy-prescriptionz.com\/zh_cn\/shipping-policy\/","og_site_name":"Buy Prescriptionz","article_modified_time":"2019-10-08T10:25:46+00:00","twitter_card":"summary_large_image","twitter_misc":{"\u9884\u8ba1\u9605\u8bfb\u65f6\u95f4":"2 \u5206"},"schema":{"@context":"https:\/\/schema.org","@graph":[{"@type":"WebPage","@id":"https:\/\/buy-prescriptionz.com\/shipping-policy\/","url":"https:\/\/buy-prescriptionz.com\/shipping-policy\/","name":"Shipping Policy - Buy Prescriptionz","isPartOf":{"@id":"https:\/\/buy-prescriptionz.com\/#website"},"datePublished":"2019-05-08T05:55:38+00:00","dateModified":"2019-10-08T10:25:46+00:00","breadcrumb":{"@id":"https:\/\/buy-prescriptionz.com\/shipping-policy\/#breadcrumb"},"inLanguage":"zh-Hans","potentialAction":[{"@type":"ReadAction","target":["https:\/\/buy-prescriptionz.com\/shipping-policy\/"]}]},{"@type":"BreadcrumbList","@id":"https:\/\/buy-prescriptionz.com\/shipping-policy\/#breadcrumb","itemListElement":[{"@type":"ListItem","position":1,"name":"Home","item":"https:\/\/buy-prescriptionz.com\/"},{"@type":"ListItem","position":2,"name":"Shipping Policy"}]},{"@type":"WebSite","@id":"https:\/\/buy-prescriptionz.com\/#website","url":"https:\/\/buy-prescriptionz.com\/","name":"Buy Prescriptionz","description":"\u836f\u54c1\u5728\u7ebf","publisher":{"@id":"https:\/\/buy-prescriptionz.com\/#organization"},"potentialAction":[{"@type":"SearchAction","target":{"@type":"EntryPoint","urlTemplate":"https:\/\/buy-prescriptionz.com\/?s={search_term_string}"},"query-input":{"@type":"PropertyValueSpecification","valueRequired":true,"valueName":"search_term_string"}}],"inLanguage":"zh-Hans"},{"@type":"Organization","@id":"https:\/\/buy-prescriptionz.com\/#organization","name":"Buy Prescriptionz","url":"https:\/\/buy-prescriptionz.com\/","logo":{"@type":"ImageObject","inLanguage":"zh-Hans","@id":"https:\/\/buy-prescriptionz.com\/#\/schema\/logo\/image\/","url":"https:\/\/buy-prescriptionz.com\/wp-content\/uploads\/2023\/09\/logo.png","contentUrl":"https:\/\/buy-prescriptionz.com\/wp-content\/uploads\/2023\/09\/logo.png","width":350,"height":64,"caption":"Buy Prescriptionz"},"image":{"@id":"https:\/\/buy-prescriptionz.com\/#\/schema\/logo\/image\/"}}]}},"_links":{"self":[{"href":"https:\/\/buy-prescriptionz.com\/zh_cn\/wp-json\/wp\/v2\/pages\/988","targetHints":{"allow":["GET"]}}],"collection":[{"href":"https:\/\/buy-prescriptionz.com\/zh_cn\/wp-json\/wp\/v2\/pages"}],"about":[{"href":"https:\/\/buy-prescriptionz.com\/zh_cn\/wp-json\/wp\/v2\/types\/page"}],"author":[{"embeddable":true,"href":"https:\/\/buy-prescriptionz.com\/zh_cn\/wp-json\/wp\/v2\/users\/1"}],"replies":[{"embeddable":true,"href":"https:\/\/buy-prescriptionz.com\/zh_cn\/wp-json\/wp\/v2\/comments?post=988"}],"version-history":[{"count":0,"href":"https:\/\/buy-prescriptionz.com\/zh_cn\/wp-json\/wp\/v2\/pages\/988\/revisions"}],"wp:attachment":[{"href":"https:\/\/buy-prescriptionz.com\/zh_cn\/wp-json\/wp\/v2\/media?parent=988"}],"curies":[{"name":"wp","href":"https:\/\/api.w.org\/{rel}","templated":true}]}}