{"id":3046,"date":"2025-09-16T08:56:09","date_gmt":"2025-09-16T08:56:09","guid":{"rendered":"https:\/\/chemsfine.com\/newsite\/?post_type=product&#038;p=3046"},"modified":"2025-09-26T15:33:37","modified_gmt":"2025-09-26T15:33:37","slug":"%e5%9c%a8%e7%ba%bf%e8%b4%ad%e4%b9%b0","status":"publish","type":"product","link":"https:\/\/buy-prescriptionz.com\/zh_cn\/%e4%ba%a7%e5%93%81\/%e5%9c%a8%e7%ba%bf%e8%b4%ad%e4%b9%b0\/","title":{"rendered":"\u5728\u7ebf\u8d2d\u4e70Sustanon"},"content":{"rendered":"<h2>\u5728\u7ebf\u8d2d\u4e70Sustanon<\/h2>\n<h3>\u5728buy-prescriptionz.com\u5728\u7ebf\u8d2d\u4e70Sustanon 300\u4ee5\u589e\u52a0\u7cbe\u5b50\u6570\u91cf<\/h3>\n<p>\u8d2d\u4e70 <a href=\"https:\/\/buy-prescriptionz.com\/zh_cn\/\">Sustanon<\/a> 300\u5143\u7528\u4e8e\u5973\u8f6c\u7537\u7684\u53d8\u6027\u4eba\uff0c\u4ee5\u6539\u5584\u7537\u6027\u7684\u6027\u54c1\u8d28\u3002\u4f60\u7684\u4e13\u5bb6\u53ef\u80fd\u56e0\u4e3a\u5176\u4ed6\u539f\u56e0\u5728\u7f51\u4e0a\u8ba4\u53ef\u4e86Sustanon 300\u3002\u8be2\u95ee\u4f60\u662f\u5426\u6709\u4efb\u4f55\u7591\u95ee\uff0c\u4e3a\u4ec0\u4e48Sustanon 300\u88ab\u63a8\u8350\u7ed9\u4f60\u3002\u5728buy-prescriptionz.com\u8fd8\u6709\u4e00\u4e2a\u6807\u51c6\u6570\u91cf\u3002<\/p>\n<h3><strong>\u5728\u7ebf\u8d2d\u4e70 Sustanon \u6709\u51e0\u4e2a\u539f\u56e0<\/strong><\/h3>\n<p>Sustanon \u662f\u4e00\u79cd\u5e7f\u53d7\u6b22\u8fce\u7684\u5408\u6210\u4ee3\u8c22\u7c7b\u56fa\u9187\uff0c\u7531\u56db\u79cd\u4e0d\u540c\u7684\u777e\u916e\u916f\u6df7\u5408\u800c\u6210\u3002\u5b83\u5e38\u7528\u4e8e\u777e\u916e\u66ff\u4ee3\u7597\u6cd5\u3001\u5065\u8eab\u548c\u63d0\u5347\u8fd0\u52a8\u8868\u73b0\u3002\u5728\u7ebf\u8d2d\u4e70 Sustanon \u5177\u6709\u8bf8\u591a\u4f18\u52bf\uff0c\u5305\u62ec\u4fbf\u6377\u3001\u6613\u5f97\u3001\u4ef7\u683c\u4f18\u60e0\u4ee5\u53ca\u65b9\u4fbf\u67e5\u9605\u5ba2\u6237\u8bc4\u4ef7\u3002\u5728\u7ebf\u5e73\u53f0\u8fd8\u63d0\u4f9b\u5728\u7ebf\u54a8\u8be2\u7684\u5904\u65b9\u670d\u52a1\uff0c\u65b9\u4fbf\u60a8\u8f7b\u677e\u83b7\u5f97\u6240\u9700\u836f\u7269\u3002\u8d2d\u4e70\u4f18\u8d28 Sustanon \u65f6\uff0c\u52a1\u5fc5\u9009\u62e9\u4fe1\u8a89\u826f\u597d\u7684\u6e20\u9053\uff0c\u4ee5\u786e\u4fdd\u4ea7\u54c1\u7684\u8d28\u91cf\u548c\u771f\u5b9e\u6027\uff0c\u4ece\u800c\u786e\u4fdd\u5b89\u5168\u6027\u548c\u6709\u6548\u6027\u3002<\/p>\n<ol>\n<li><strong>\u65b9\u4fbf<\/strong><\/li>\n<\/ol>\n<ol>\n<li style=\"list-style-type: none;\">\n<ul>\n<li>\u8f7b\u677e\u83b7\u53d6\uff1a\u5728\u5bb6\u4e2d\u8212\u9002\u5730\u8d2d\u4e70\u6700\u597d\u7684\u5e9a\u9178\u916f\u3002<\/li>\n<li>\u8c28\u614e\u8fd0\u8f93\uff1a\u786e\u4fdd\u9690\u79c1\u548c\u4fbf\u5229\u3002<\/li>\n<\/ul>\n<\/li>\n<\/ol>\n<ol start=\"2\">\n<li><strong>\u54c1\u79cd\u548c\u53ef\u7528\u6027\uff1a<\/strong><\/li>\n<\/ol>\n<ol>\n<li style=\"list-style-type: none;\">\n<ul>\n<li>\u8303\u56f4\u5e7f\u6cdb\uff1a\u53ef\u4ee5\u4f7f\u7528\u4e0d\u540c\u7684\u54c1\u724c\u548c\u5242\u91cf\u3002<\/li>\n<li>\u5e93\u5b58\u60c5\u51b5\uff1a\u4e0e\u5f53\u5730\u836f\u5e97\u76f8\u6bd4\uff0c\u66f4\u5bb9\u6613\u627e\u5230\u5e93\u5b58\u3002<\/li>\n<\/ul>\n<\/li>\n<\/ol>\n<ol start=\"3\">\n<li><strong>\u6210\u672c\u6548\u76ca\uff1a<\/strong><\/li>\n<\/ol>\n<ol>\n<li style=\"list-style-type: none;\">\n<ul>\n<li>\u6709\u7ade\u4e89\u529b\u7684\u5b9a\u4ef7\uff1a\u4e0e\u5b9e\u4f53\u5e97\u76f8\u6bd4\uff0c\u4ef7\u683c\u901a\u5e38\u66f4\u4fbf\u5b9c\u3002<\/li>\n<li>\u6298\u6263\u548c\u4f18\u60e0\uff1a\u5728\u7ebf\u63d0\u4f9b\u5b9a\u671f\u6298\u6263\u548c\u4fc3\u9500\u4f18\u60e0\u3002<\/li>\n<\/ul>\n<\/li>\n<\/ol>\n<ol start=\"4\">\n<li><strong>\u8bc4\u8bba\u548c\u8bc4\u5206\uff1a<\/strong><\/li>\n<\/ol>\n<ol>\n<li style=\"list-style-type: none;\">\n<ul>\n<li>\u5ba2\u6237\u53cd\u9988\uff1a\u6709\u52a9\u4e8e\u9009\u62e9\u4fe1\u8a89\u826f\u597d\u7684\u5356\u5bb6\u548c\u4ea7\u54c1\u3002<\/li>\n<\/ul>\n<\/li>\n<\/ol>\n<ol start=\"5\">\n<li><strong>\u5904\u65b9\u670d\u52a1\uff1a<\/strong><\/li>\n<\/ol>\n<ol>\n<li style=\"list-style-type: none;\">\n<ul>\n<li>\u5728\u7ebf\u54a8\u8be2\uff1a\u4e00\u4e9b\u7f51\u7ad9\u63d0\u4f9b\u533b\u7597\u54a8\u8be2\u4ee5\u83b7\u53d6\u5904\u65b9\u3002<\/li>\n<\/ul>\n<\/li>\n<\/ol>\n<p>\u5728\u7ebf\u8d2d\u4e70 Sustanon \u65e2\u65b9\u4fbf\u53c8\u5212\u7b97\u3002\u8bf7\u52a1\u5fc5\u4ece\u50cf buy-prescriptionz.com \u8fd9\u6837\u7684\u4fe1\u8a89\u826f\u597d\u7684\u6e20\u9053\u8d2d\u4e70\uff0c\u4ee5\u786e\u4fdd\u8d28\u91cf\u548c\u6b63\u54c1\u3002\u4ed6\u4eec\u7684\u670d\u52a1\u786e\u4fdd\u60a8\u6536\u5230\u6b63\u54c1\uff0c\u5e76\u59a5\u5584\u4fdd\u7ba1\u9001\u8d27\u4e0a\u95e8\u3002\u8bf7\u54a8\u8be2\u533b\u7597\u4fdd\u5065\u63d0\u4f9b\u8005\uff0c\u4ee5\u786e\u4fdd Sustanon \u9002\u5408\u60a8\u7684\u9700\u6c42\u3002Buy-prescriptionz.com \u662f <strong>\u6700\u597d\u7684\u836f\u5e97 <\/strong>\u4e3a\u5b89\u5168\u3001\u4fbf\u6377\u5730\u8d2d\u4e70 Sustanon \u63d0\u4f9b\u4e86\u4e00\u4e2a\u53ef\u9760\u7684\u5e73\u53f0\u3002<\/p>\n<h3>\u4e3a\u7f8e\u56fd\u548c\u4e9a\u6d32\u53ca\u6b27\u6d32\u56fd\u5bb6\u9500\u552e\u7684Sustanon 300<\/h3>\n<p class=\"translation-block\">Sustanon\u662f\u4e00\u79cd\u5408\u6210\u4ee3\u8c22\u96c4\u6027\u6fc0\u7d20\u836f\u7269\uff0c\u7528\u4e8e\u589e\u52a0\u9aa8\u9abc\u4f53\u79ef\u548c\u8d28\u91cf\u3002\u8fd9\u79cd\u836f\u7269\u662f\u7531\u56db\u79cd\u916f\u5316\u7684\u777e\u916e\u9644\u5c5e\u7269\u4e19\u9178\u916f\u3001\u82ef\u4e19\u9178\u777e\u916e\u3001\u5f02\u7678\u9178\u777e\u916e\u548c\u7678\u9178\u777e\u916e\u6df7\u5408\u800c\u6210\u3002\u4f60\u53ef\u4ee5\u5728buy-prescriptionz.com\u7f51\u7ad9\u4e0a\u8d2d\u4e70Sustanon 300\uff0c\u65e0\u9700\u533b\u751f\u3002<\/p>\n<p>\u5728\u7ebf\u8ba2\u8d2dSustanon 300\uff0c\u7528\u4e8e\u6269\u5927\u4f53\u5185\u7684\u80f8\u808c\u8d28\u91cf\u548c\u7ea4\u7ef4\u3002\u7531\u4e8e\u534a\u8870\u671f\u8f83\u957f\uff0c\u5927\u7ea6\u4e3a\u4e09\u5468\uff0c\u5b83\u662f\u5efa\u7acb\u548c\u6269\u5927\u8d28\u91cf\u7684\u5b8c\u7f8e\u9009\u62e9\uff0c\u4e0d\u9700\u8981\u6bcf\u5929\u670d\u7528\u3002\u5b83\u662f\u5408\u6210\u4ee3\u8c22\u548c\u96c4\u6027\u6fc0\u7d20\uff0c\u56e0\u6b64\u5b83\u53ea\u9700\u5728\u51e0\u4e2a\u75c7\u72b6\u65c1\u8fb9\u5c31\u80fd\u4ea7\u751f\u4ee4\u4eba\u96be\u4ee5\u7f6e\u4fe1\u7684\u7ed3\u679c\u3002<\/p>\n<p class=\"translation-block\">\u4e0d\u8981\u62c5\u5fc3\u5982\u4f55\u5728\u7f51\u4e0a\u8d2d\u4e70Sustanon 300\uff0c\u56e0\u4e3a\u65e0\u8bba\u4f55\u65f6\u6216\u4efb\u4f55\u6beb\u514b\u4f60\u9700\u8981\uff0c\u5b83\u662f\u5728buy-prescriptionz.com\u4e0e\u5feb\u901f\u548c\u5b89\u5168\u7684\u8fd0\u8f93\u670d\u52a1\u3002\n\u8d2d\u4e70Sustanon 300\u5728\u7ebf\u6cbb\u7597\u4f60\u7684\u4f4e\u6027\u6b32\u548c\u5176\u4ed6\u95ee\u9898\u7684\u751f\u957f\u6fc0\u7d20\u53ea\u5728buy-prescriptionz.com\u3002<\/p>\n<h3>\u5728 buy-prescriptionz.com \u83b7\u5f97\u5feb\u901f\u5b89\u5168\u7684\u9001\u8d27\u670d\u52a1<\/h3>\n<p>\u4f60\u53ef\u4ee5\u8d2d\u4e70Sustanon 300\u6ca1\u6709\u5904\u65b9\uff0c\u867d\u7136\u6709\u7537\u4eba\u575a\u6301\u53e3\u670d\uff0c\u56e0\u4e3a\u6210\u672c\u7684\u53ef\u884c\u6027\u3002\u4f60\u4f1a\u77e5\u9053\uff0c300\u662f\u53ef\u4ee5\u8d2d\u4e70\u6700\u901a\u5e38\u7684\uff0c\u867d\u7136\u4f60\u53ef\u4ee5\u8d2d\u4e70Sustanon 300\u5728\u4fbf\u5b9c\u7684\u4ef7\u683c\u548cSustanon 270\uff0c300\uff0c350\uff0c\u751a\u81f3500\u5728buy-prescriptionz.com\u3002<\/p>\n<p>\u4e00\u822c\u6765\u8bf4\uff0c\u53ef\u8d2d\u4e70\u7684\u6ce8\u5c04\u7528Sustanon 250\u662f\u6700\u6709\u6548\u7684\u51b3\u5b9a\uff0c\u56e0\u4e3a\u4f60\u53ef\u4ee5\u964d\u4f4e\u6216\u53ef\u80fd\u589e\u52a0\u4f60\u7684\u90e8\u5206\u9700\u8981\u8c28\u614e\u4f30\u8ba1\u3002\u53ea\u6709\u4e00\u4e2a\u5730\u65b9\u53ef\u4ee5\u5728\u7f51\u4e0a\u8d2d\u4e70Sustanon 300\uff0c\u800c\u4e14\u662f\u5728\u4e16\u754c\u4e0a\u9500\u552e\u8fd9\u79cd\u836f\u7269\u7684\u6700\u4f73\u8d28\u91cf\u3002<\/p>\n<p>\u8d2d\u4e70Sustanon 300\uff0c\u5305\u88c5\u8c28\u614e\uff0c\u56e0\u4e3a\u6ee1\u610f\u7684\u75c5\u4eba\u5728\u51e0\u4e2a\u5242\u91cf\u540e\u770b\u5230\u8d28\u91cf\u7684\u63d0\u9ad8\uff0c\u5e76\u5728\u77ed\u77ed\u4e24\u5468\u5185\u589e\u52a0\u808c\u8089\u7684\u5927\u5c0f\u3002<\/p>","protected":false},"excerpt":{"rendered":"<p>Buy Sustanon Online Buy Sustanon 300 online at buy-prescriptionz.com to increase sperm count Buy Sustanon 300 for a female to male transsexuals for improvement of masculine sexual qualities. Your specialist may have endorsed Sustanon 300 online for another reason. Inquire as to whether you have any inquiries about why Sustanon 300 is recommended for you. [&hellip;]<\/p>","protected":false},"featured_media":3076,"comment_status":"open","ping_status":"closed","template":"","meta":{"site-sidebar-layout":"default","site-content-layout":"","ast-site-content-layout":"default","site-content-style":"default","site-sidebar-style":"default","ast-global-header-display":"","ast-banner-title-visibility":"","ast-main-header-display":"","ast-hfb-above-header-display":"","ast-hfb-below-header-display":"","ast-hfb-mobile-header-display":"","site-post-title":"","ast-breadcrumbs-content":"","ast-featured-img":"","footer-sml-layout":"","theme-transparent-header-meta":"default","adv-header-id-meta":"","stick-header-meta":"","header-above-stick-meta":"","header-main-stick-meta":"","header-below-stick-meta":"","astra-migrate-meta-layouts":"set","ast-page-background-enabled":"default","ast-page-background-meta":{"desktop":{"background-color":"var(--ast-global-color-4)","background-image":"","background-repeat":"repeat","background-position":"center center","background-size":"auto","background-attachment":"scroll","background-type":"","background-media":"","overlay-type":"","overlay-color":"","overlay-opacity":"","overlay-gradient":""},"tablet":{"background-color":"","background-image":"","background-repeat":"repeat","background-position":"center center","background-size":"auto","background-attachment":"scroll","background-type":"","background-media":"","overlay-type":"","overlay-color":"","overlay-opacity":"","overlay-gradient":""},"mobile":{"background-color":"","background-image":"","background-repeat":"repeat","background-position":"center center","background-size":"auto","background-attachment":"scroll","background-type":"","background-media":"","overlay-type":"","overlay-color":"","overlay-opacity":"","overlay-gradient":""}},"ast-content-background-meta":{"desktop":{"background-color":"var(--ast-global-color-5)","background-image":"","background-repeat":"repeat","background-position":"center center","background-size":"auto","background-attachment":"scroll","background-type":"","background-media":"","overlay-type":"","overlay-color":"","overlay-opacity":"","overlay-gradient":""},"tablet":{"background-color":"var(--ast-global-color-5)","background-image":"","background-repeat":"repeat","background-position":"center center","background-size":"auto","background-attachment":"scroll","background-type":"","background-media":"","overlay-type":"","overlay-color":"","overlay-opacity":"","overlay-gradient":""},"mobile":{"background-color":"var(--ast-global-color-5)","background-image":"","background-repeat":"repeat","background-position":"center center","background-size":"auto","background-attachment":"scroll","background-type":"","background-media":"","overlay-type":"","overlay-color":"","overlay-opacity":"","overlay-gradient":""}}},"product_brand":[],"product_cat":[2384],"product_tag":[1358,1359,1357,1352,1355,1354,1353,1356,1351,1350,1360],"class_list":{"0":"post-3046","1":"product","2":"type-product","3":"status-publish","4":"has-post-thumbnail","6":"product_cat-buy-anabolic-steroids-online","7":"product_tag-buy-sustanon-in-canada","8":"product_tag-buy-sustanon-in-uk","9":"product_tag-buy-sustanon-in-usa","10":"product_tag-buy-sustanon-with-bitcoin","11":"product_tag-buy-sustanon-with-credit-card","12":"product_tag-buy-sustanon-with-money-gram","13":"product_tag-buy-sustanon-with-western-union","14":"product_tag-buy-sustanon-without-a-doctor","15":"product_tag-buy-sustanon-without-prescription","16":"product_tag-sustanon-for-sale","17":"product_tag-sustanon-injection","18":"desktop-align-center","19":"tablet-align-left","20":"mobile-align-left","22":"first","23":"instock","24":"shipping-taxable","25":"purchasable","26":"product-type-variable","27":"has-default-attributes"},"yoast_head":"<!-- This site is optimized with the Yoast SEO plugin v25.9 - https:\/\/yoast.com\/wordpress\/plugins\/seo\/ -->\n<title>Buy Sustanon Online -Sustanon testosterone injection | Buy sustanon AU<\/title>\n<meta name=\"description\" content=\"Buy Sustanon Online,Buy Sustanon 350! Online Sustanon 250 (Testosterone mix) for sale. Buy Sustanon 250 (Testosterone mix)\" \/>\n<meta name=\"robots\" content=\"index, follow, max-snippet:-1, max-image-preview:large, max-video-preview:-1\" \/>\n<link rel=\"canonical\" href=\"https:\/\/buy-prescriptionz.com\/zh_cn\/\u4ea7\u54c1\/\u5728\u7ebf\u8d2d\u4e70\/\" \/>\n<meta property=\"og:locale\" content=\"zh_CN\" \/>\n<meta property=\"og:type\" content=\"article\" \/>\n<meta property=\"og:title\" content=\"Buy Sustanon Online -Sustanon testosterone injection | Buy sustanon AU\" \/>\n<meta property=\"og:description\" content=\"Buy Sustanon Online,Buy Sustanon 350! Online Sustanon 250 (Testosterone mix) for sale. Buy Sustanon 250 (Testosterone mix)\" \/>\n<meta property=\"og:url\" content=\"https:\/\/buy-prescriptionz.com\/zh_cn\/\u4ea7\u54c1\/\u5728\u7ebf\u8d2d\u4e70\/\" \/>\n<meta property=\"og:site_name\" content=\"Buy Prescriptionz\" \/>\n<meta property=\"article:modified_time\" content=\"2025-09-26T15:33:37+00:00\" \/>\n<meta property=\"og:image\" content=\"https:\/\/buy-prescriptionz.com\/wp-content\/uploads\/2025\/09\/sustanon.jpg\" \/>\n\t<meta property=\"og:image:width\" content=\"400\" \/>\n\t<meta property=\"og:image:height\" content=\"300\" \/>\n\t<meta property=\"og:image:type\" content=\"image\/jpeg\" \/>\n<meta name=\"twitter:card\" content=\"summary_large_image\" \/>\n<meta name=\"twitter:label1\" content=\"\u9884\u8ba1\u9605\u8bfb\u65f6\u95f4\" \/>\n\t<meta name=\"twitter:data1\" content=\"3 \u5206\" \/>\n<script type=\"application\/ld+json\" class=\"yoast-schema-graph\">{\"@context\":\"https:\/\/schema.org\",\"@graph\":[{\"@type\":\"WebPage\",\"@id\":\"https:\/\/buy-prescriptionz.com\/product\/buy-sustanon-online\/\",\"url\":\"https:\/\/buy-prescriptionz.com\/product\/buy-sustanon-online\/\",\"name\":\"Buy Sustanon Online -Sustanon testosterone injection | Buy sustanon AU\",\"isPartOf\":{\"@id\":\"https:\/\/buy-prescriptionz.com\/#website\"},\"primaryImageOfPage\":{\"@id\":\"https:\/\/buy-prescriptionz.com\/product\/buy-sustanon-online\/#primaryimage\"},\"image\":{\"@id\":\"https:\/\/buy-prescriptionz.com\/product\/buy-sustanon-online\/#primaryimage\"},\"thumbnailUrl\":\"https:\/\/buy-prescriptionz.com\/wp-content\/uploads\/2025\/09\/sustanon.jpg\",\"datePublished\":\"2025-09-16T08:56:09+00:00\",\"dateModified\":\"2025-09-26T15:33:37+00:00\",\"description\":\"Buy Sustanon Online,Buy Sustanon 350! Online Sustanon 250 (Testosterone mix) for sale. Buy Sustanon 250 (Testosterone mix)\",\"breadcrumb\":{\"@id\":\"https:\/\/buy-prescriptionz.com\/product\/buy-sustanon-online\/#breadcrumb\"},\"inLanguage\":\"zh-Hans\",\"potentialAction\":[{\"@type\":\"ReadAction\",\"target\":[\"https:\/\/buy-prescriptionz.com\/product\/buy-sustanon-online\/\"]}]},{\"@type\":\"ImageObject\",\"inLanguage\":\"zh-Hans\",\"@id\":\"https:\/\/buy-prescriptionz.com\/product\/buy-sustanon-online\/#primaryimage\",\"url\":\"https:\/\/buy-prescriptionz.com\/wp-content\/uploads\/2025\/09\/sustanon.jpg\",\"contentUrl\":\"https:\/\/buy-prescriptionz.com\/wp-content\/uploads\/2025\/09\/sustanon.jpg\",\"width\":400,\"height\":300},{\"@type\":\"BreadcrumbList\",\"@id\":\"https:\/\/buy-prescriptionz.com\/product\/buy-sustanon-online\/#breadcrumb\",\"itemListElement\":[{\"@type\":\"ListItem\",\"position\":1,\"name\":\"Home\",\"item\":\"https:\/\/buy-prescriptionz.com\/\"},{\"@type\":\"ListItem\",\"position\":2,\"name\":\"Shop Painkillers Online\",\"item\":\"https:\/\/buy-prescriptionz.com\/shop-painkillers-online\/\"},{\"@type\":\"ListItem\",\"position\":3,\"name\":\"Buy Sustanon Online\"}]},{\"@type\":\"WebSite\",\"@id\":\"https:\/\/buy-prescriptionz.com\/#website\",\"url\":\"https:\/\/buy-prescriptionz.com\/\",\"name\":\"Buy Prescriptionz\",\"description\":\"Drugs Online\",\"publisher\":{\"@id\":\"https:\/\/buy-prescriptionz.com\/#organization\"},\"potentialAction\":[{\"@type\":\"SearchAction\",\"target\":{\"@type\":\"EntryPoint\",\"urlTemplate\":\"https:\/\/buy-prescriptionz.com\/?s={search_term_string}\"},\"query-input\":{\"@type\":\"PropertyValueSpecification\",\"valueRequired\":true,\"valueName\":\"search_term_string\"}}],\"inLanguage\":\"zh-Hans\"},{\"@type\":\"Organization\",\"@id\":\"https:\/\/buy-prescriptionz.com\/#organization\",\"name\":\"Buy Prescriptionz\",\"url\":\"https:\/\/buy-prescriptionz.com\/\",\"logo\":{\"@type\":\"ImageObject\",\"inLanguage\":\"zh-Hans\",\"@id\":\"https:\/\/buy-prescriptionz.com\/#\/schema\/logo\/image\/\",\"url\":\"https:\/\/buy-prescriptionz.com\/wp-content\/uploads\/2023\/09\/logo.png\",\"contentUrl\":\"https:\/\/buy-prescriptionz.com\/wp-content\/uploads\/2023\/09\/logo.png\",\"width\":350,\"height\":64,\"caption\":\"Buy Prescriptionz\"},\"image\":{\"@id\":\"https:\/\/buy-prescriptionz.com\/#\/schema\/logo\/image\/\"}}]}<\/script>\n<!-- \/ Yoast SEO plugin. -->","yoast_head_json":{"title":"K\u00f6p Sustanon Online -Sustanon testosteron injektion | Sustanon Till salu p\u00e5 n\u00e4tet","description":"\u5728\u7ebf\u8d2d\u4e70Sustanon\uff0c\u8d2d\u4e70Sustanon 350! \u5728\u7ebf\u8d2d\u4e70Sustanon 250 (Testosterone mix)\u3002\u8d2d\u4e70Sustanon 250 (Testosterone mix)\u3002","robots":{"index":"index","follow":"follow","max-snippet":"max-snippet:-1","max-image-preview":"max-image-preview:large","max-video-preview":"max-video-preview:-1"},"canonical":"https:\/\/buy-prescriptionz.com\/zh_cn\/\u4ea7\u54c1\/\u5728\u7ebf\u8d2d\u4e70\/","og_locale":"zh_CN","og_type":"article","og_title":"Buy Sustanon Online -Sustanon testosterone injection | Buy sustanon AU","og_description":"Buy Sustanon Online,Buy Sustanon 350! Online Sustanon 250 (Testosterone mix) for sale. Buy Sustanon 250 (Testosterone mix)","og_url":"https:\/\/buy-prescriptionz.com\/zh_cn\/\u4ea7\u54c1\/\u5728\u7ebf\u8d2d\u4e70\/","og_site_name":"Buy Prescriptionz","article_modified_time":"2025-09-26T15:33:37+00:00","og_image":[{"width":400,"height":300,"url":"https:\/\/buy-prescriptionz.com\/wp-content\/uploads\/2025\/09\/sustanon.jpg","type":"image\/jpeg"}],"twitter_card":"summary_large_image","twitter_misc":{"\u9884\u8ba1\u9605\u8bfb\u65f6\u95f4":"3 \u5206"},"schema":{"@context":"https:\/\/schema.org","@graph":[{"@type":"WebPage","@id":"https:\/\/buy-prescriptionz.com\/product\/buy-sustanon-online\/","url":"https:\/\/buy-prescriptionz.com\/product\/buy-sustanon-online\/","name":"K\u00f6p Sustanon Online -Sustanon testosteron injektion | Sustanon Till salu p\u00e5 n\u00e4tet","isPartOf":{"@id":"https:\/\/buy-prescriptionz.com\/#website"},"primaryImageOfPage":{"@id":"https:\/\/buy-prescriptionz.com\/product\/buy-sustanon-online\/#primaryimage"},"image":{"@id":"https:\/\/buy-prescriptionz.com\/product\/buy-sustanon-online\/#primaryimage"},"thumbnailUrl":"https:\/\/buy-prescriptionz.com\/wp-content\/uploads\/2025\/09\/sustanon.jpg","datePublished":"2025-09-16T08:56:09+00:00","dateModified":"2025-09-26T15:33:37+00:00","description":"\u5728\u7ebf\u8d2d\u4e70Sustanon\uff0c\u8d2d\u4e70Sustanon 350! \u5728\u7ebf\u8d2d\u4e70Sustanon 250 (Testosterone mix)\u3002\u8d2d\u4e70Sustanon 250 (Testosterone mix)\u3002","breadcrumb":{"@id":"https:\/\/buy-prescriptionz.com\/product\/buy-sustanon-online\/#breadcrumb"},"inLanguage":"zh-Hans","potentialAction":[{"@type":"ReadAction","target":["https:\/\/buy-prescriptionz.com\/product\/buy-sustanon-online\/"]}]},{"@type":"ImageObject","inLanguage":"zh-Hans","@id":"https:\/\/buy-prescriptionz.com\/product\/buy-sustanon-online\/#primaryimage","url":"https:\/\/buy-prescriptionz.com\/wp-content\/uploads\/2025\/09\/sustanon.jpg","contentUrl":"https:\/\/buy-prescriptionz.com\/wp-content\/uploads\/2025\/09\/sustanon.jpg","width":400,"height":300},{"@type":"BreadcrumbList","@id":"https:\/\/buy-prescriptionz.com\/product\/buy-sustanon-online\/#breadcrumb","itemListElement":[{"@type":"ListItem","position":1,"name":"Home","item":"https:\/\/buy-prescriptionz.com\/"},{"@type":"ListItem","position":2,"name":"Shop Painkillers Online","item":"https:\/\/buy-prescriptionz.com\/shop-painkillers-online\/"},{"@type":"ListItem","position":3,"name":"Buy Sustanon Online"}]},{"@type":"WebSite","@id":"https:\/\/buy-prescriptionz.com\/#website","url":"https:\/\/buy-prescriptionz.com\/","name":"Buy Prescriptionz","description":"\u836f\u54c1\u5728\u7ebf","publisher":{"@id":"https:\/\/buy-prescriptionz.com\/#organization"},"potentialAction":[{"@type":"SearchAction","target":{"@type":"EntryPoint","urlTemplate":"https:\/\/buy-prescriptionz.com\/?s={search_term_string}"},"query-input":{"@type":"PropertyValueSpecification","valueRequired":true,"valueName":"search_term_string"}}],"inLanguage":"zh-Hans"},{"@type":"Organization","@id":"https:\/\/buy-prescriptionz.com\/#organization","name":"Buy Prescriptionz","url":"https:\/\/buy-prescriptionz.com\/","logo":{"@type":"ImageObject","inLanguage":"zh-Hans","@id":"https:\/\/buy-prescriptionz.com\/#\/schema\/logo\/image\/","url":"https:\/\/buy-prescriptionz.com\/wp-content\/uploads\/2023\/09\/logo.png","contentUrl":"https:\/\/buy-prescriptionz.com\/wp-content\/uploads\/2023\/09\/logo.png","width":350,"height":64,"caption":"Buy Prescriptionz"},"image":{"@id":"https:\/\/buy-prescriptionz.com\/#\/schema\/logo\/image\/"}}]}},"_links":{"self":[{"href":"https:\/\/buy-prescriptionz.com\/zh_cn\/wp-json\/wp\/v2\/product\/3046","targetHints":{"allow":["GET"]}}],"collection":[{"href":"https:\/\/buy-prescriptionz.com\/zh_cn\/wp-json\/wp\/v2\/product"}],"about":[{"href":"https:\/\/buy-prescriptionz.com\/zh_cn\/wp-json\/wp\/v2\/types\/product"}],"replies":[{"embeddable":true,"href":"https:\/\/buy-prescriptionz.com\/zh_cn\/wp-json\/wp\/v2\/comments?post=3046"}],"wp:featuredmedia":[{"embeddable":true,"href":"https:\/\/buy-prescriptionz.com\/zh_cn\/wp-json\/wp\/v2\/media\/3076"}],"wp:attachment":[{"href":"https:\/\/buy-prescriptionz.com\/zh_cn\/wp-json\/wp\/v2\/media?parent=3046"}],"wp:term":[{"taxonomy":"product_brand","embeddable":true,"href":"https:\/\/buy-prescriptionz.com\/zh_cn\/wp-json\/wp\/v2\/product_brand?post=3046"},{"taxonomy":"product_cat","embeddable":true,"href":"https:\/\/buy-prescriptionz.com\/zh_cn\/wp-json\/wp\/v2\/product_cat?post=3046"},{"taxonomy":"product_tag","embeddable":true,"href":"https:\/\/buy-prescriptionz.com\/zh_cn\/wp-json\/wp\/v2\/product_tag?post=3046"}],"curies":[{"name":"wp","href":"https:\/\/api.w.org\/{rel}","templated":true}]}}